{"id":3145,"date":"2025-05-30T09:47:34","date_gmt":"2025-05-30T09:47:34","guid":{"rendered":"https:\/\/akropolis.lt\/vilnius\/reklama-prekybos-centre\/"},"modified":"2026-02-18T12:22:34","modified_gmt":"2026-02-18T12:22:34","slug":"advertising-in-the-shopping-center","status":"publish","type":"page","link":"https:\/\/akropolis.lt\/kaunas\/en\/advertising-in-the-shopping-center\/","title":{"rendered":"Advertising in the shopping center"},"content":{"rendered":"\n    <section id=\"text-sidebar-block-6819f6c20baa4\" class=\"text-sidebar\">\n        <div class=\"container\">\n            <div class=\"wrap hide-nav\">\n                                <div class=\"content-title-side\">\n                                            <h1 class=\"h4\">Prices for advertising positions in Kaunas AKROPOLIS<\/h1>\n                                                                                    <div class=\"content-side \">\n                                                        <div class=\"step-holder \">\n                                                                                            <div class=\"item js-policy-block\" data-target=\"item-0\"\n                                         id=\"item-0\">\n                                                                                                                                            <div class=\"btns-wrap\">\n                                                                                                                    <a rel=\"noopener noreferrer\" class=\"btn dot bg-light-gray\"\n                                                               target=\"_self\"\n                                                               href=\"https:\/\/akropolis.lt\/kaunas\/wp-content\/uploads\/sites\/3\/2026\/02\/Reklaminiu-poziciju-katalogas_AKROPOLIS_Kaunas.pdf\"><span>Full list of advertising positions with prices<\/span><\/a>\n                                                                                                            <\/div>\n                                                                                                                                                                                                                    <\/div>\n                                                            <\/div>\n                                                        <div class=\"step-holder \">\n                                                                                            <div class=\"item js-policy-block\" data-target=\"item-1\"\n                                         id=\"item-1\">\n                                                                                        <div class=\"content-wrap notice-text\">\n                                                    <p><strong>Important:<\/strong> all published prices for advertising positions are indicative and may apply depending on the specific position, advertising period and other individual circumstances. The indicated prices can in no way be considered an obligation to sell advertising positions at these indicative prices. The final price is always negotiated individually, taking into account the specific order.<\/p>\n<p>For accurate pricing and cooperation opportunities, please contact us by e-mail info@mboom.lt<\/p>\n<p>D\u0117l tikslios kainodaros ir bendradarbiavimo galimybi\u0173 kvie\u010diame su mumis el. pa\u0161tu <a href=\"mailto:info@mboom.lt\">info@mboom.lt<\/a><\/p>\n                                                <\/div>\n                                                                                                                                                                    <\/div>\n                                                            <\/div>\n                                                    <\/div>\n                                    <\/div>\n            <\/div>\n        <\/div>\n    <\/section>\n\n<script>window.dispatchEvent( new Event('acf\/loaded\/text-sidebar'));<\/script>\n\n\n<section id=\"contact-information-block-6834cd082437e\" class=\"contact-information light-gray bpt\">\n    <div class=\"container\">\n                    <div class=\"title-block\">\n                <h3 class=\"h4\">Contact information:<\/h3>            <\/div>\n                                    <div class=\"contact-cards white\">\n                                        <div class=\"contact-card\">\n        <div class=\"contact-card-img-block\">\n                                            <img loading=\"lazy\" width=\"225\" height=\"225\" src=\"https:\/\/akropolis.lt\/kaunas\/wp-content\/uploads\/sites\/3\/2025\/06\/images.png\" class=\"contact-card-img force-no-contrast\" alt=\"MBOOM MEDIA\" srcset=\"https:\/\/akropolis.lt\/kaunas\/wp-content\/uploads\/sites\/3\/2025\/06\/images.png 225w, https:\/\/akropolis.lt\/kaunas\/wp-content\/uploads\/sites\/3\/2025\/06\/images-150x150.png 150w\" sizes=\"auto, (max-width: 225px) 100vw, 225px\" \/>                    <\/div>\n        <div class=\"contact-card-content\">\n                            <h6 class=\"contact-card-name\">MBOOM MEDIA<\/h6>\n                                        <p class=\"contact-card-position\">MBOOM MEDIA<\/p>\n                                        <p class=\"contact-card-label\">Working hours<\/p>\n                <p class=\"contact-card-value\">I-V 09:00-18:00<\/p>\n                                                    <p class=\"contact-card-label\">Email<\/p>\n                <a href=\"mailto:info@mboom.lt\" class=\"contact-card-value\">info@mboom.lt<\/a>\n                    <\/div>\n    <\/div>\n                            <\/div>\n            <\/div>\n<\/section>\n\n<script>window.dispatchEvent( new Event('acf\/loaded\/contact-information'));<\/script>","protected":false},"excerpt":{"rendered":"","protected":false},"author":1,"featured_media":0,"parent":0,"menu_order":0,"comment_status":"closed","ping_status":"closed","template":"","meta":{"_acf_changed":false,"footnotes":""},"class_list":["post-3145","page","type-page","status-publish","hentry"],"acf":[],"yoast_head":"<!-- This site is optimized with the Yoast SEO plugin v27.2 - https:\/\/yoast.com\/product\/yoast-seo-wordpress\/ -->\n<title>Advertising in the shopping center - Akropolis Kaunas<\/title>\n<meta name=\"robots\" content=\"index, follow, max-snippet:-1, max-image-preview:large, max-video-preview:-1\" \/>\n<link rel=\"canonical\" href=\"https:\/\/akropolis.lt\/kaunas\/en\/advertising-in-the-shopping-center\/\" \/>\n<meta property=\"og:locale\" content=\"en_US\" \/>\n<meta property=\"og:type\" content=\"article\" \/>\n<meta property=\"og:title\" content=\"Advertising in the shopping center - Akropolis Kaunas\" \/>\n<meta property=\"og:url\" content=\"https:\/\/akropolis.lt\/kaunas\/en\/advertising-in-the-shopping-center\/\" \/>\n<meta property=\"og:site_name\" content=\"Akropolis Kaunas\" \/>\n<meta property=\"article:modified_time\" content=\"2026-02-18T12:22:34+00:00\" \/>\n<meta property=\"og:image\" content=\"https:\/\/akropolis.lt\/kaunas\/wp-content\/uploads\/sites\/3\/2025\/12\/OG-image.png\" \/>\n\t<meta property=\"og:image:width\" content=\"1200\" \/>\n\t<meta property=\"og:image:height\" content=\"630\" \/>\n\t<meta property=\"og:image:type\" content=\"image\/png\" \/>\n<meta name=\"twitter:card\" content=\"summary_large_image\" \/>\n<script type=\"application\/ld+json\" class=\"yoast-schema-graph\">{\"@context\":\"https:\/\/schema.org\",\"@graph\":[{\"@type\":\"WebPage\",\"@id\":\"https:\/\/akropolis.lt\/kaunas\/en\/advertising-in-the-shopping-center\/\",\"url\":\"https:\/\/akropolis.lt\/kaunas\/en\/advertising-in-the-shopping-center\/\",\"name\":\"Advertising in the shopping center - Akropolis Kaunas\",\"isPartOf\":{\"@id\":\"https:\/\/akropolis.lt\/kaunas\/en\/#website\"},\"datePublished\":\"2025-05-30T09:47:34+00:00\",\"dateModified\":\"2026-02-18T12:22:34+00:00\",\"breadcrumb\":{\"@id\":\"https:\/\/akropolis.lt\/kaunas\/en\/advertising-in-the-shopping-center\/#breadcrumb\"},\"inLanguage\":\"en-US\",\"potentialAction\":[{\"@type\":\"ReadAction\",\"target\":[\"https:\/\/akropolis.lt\/kaunas\/en\/advertising-in-the-shopping-center\/\"]}]},{\"@type\":\"BreadcrumbList\",\"@id\":\"https:\/\/akropolis.lt\/kaunas\/en\/advertising-in-the-shopping-center\/#breadcrumb\",\"itemListElement\":[{\"@type\":\"ListItem\",\"position\":1,\"name\":\"Home\",\"item\":\"https:\/\/akropolis.lt\/kaunas\/en\/\"},{\"@type\":\"ListItem\",\"position\":2,\"name\":\"Advertising in the shopping center\"}]},{\"@type\":\"WebSite\",\"@id\":\"https:\/\/akropolis.lt\/kaunas\/en\/#website\",\"url\":\"https:\/\/akropolis.lt\/kaunas\/en\/\",\"name\":\"Akropolis Kaunas\",\"description\":\"\",\"potentialAction\":[{\"@type\":\"SearchAction\",\"target\":{\"@type\":\"EntryPoint\",\"urlTemplate\":\"https:\/\/akropolis.lt\/kaunas\/en\/?s={search_term_string}\"},\"query-input\":{\"@type\":\"PropertyValueSpecification\",\"valueRequired\":true,\"valueName\":\"search_term_string\"}}],\"inLanguage\":\"en-US\"}]}<\/script>\n<!-- \/ Yoast SEO plugin. -->","yoast_head_json":{"title":"Advertising in the shopping center - Akropolis Kaunas","robots":{"index":"index","follow":"follow","max-snippet":"max-snippet:-1","max-image-preview":"max-image-preview:large","max-video-preview":"max-video-preview:-1"},"canonical":"https:\/\/akropolis.lt\/kaunas\/en\/advertising-in-the-shopping-center\/","og_locale":"en_US","og_type":"article","og_title":"Advertising in the shopping center - Akropolis Kaunas","og_url":"https:\/\/akropolis.lt\/kaunas\/en\/advertising-in-the-shopping-center\/","og_site_name":"Akropolis Kaunas","article_modified_time":"2026-02-18T12:22:34+00:00","og_image":[{"width":1200,"height":630,"url":"https:\/\/akropolis.lt\/kaunas\/wp-content\/uploads\/sites\/3\/2025\/12\/OG-image.png","type":"image\/png"}],"twitter_card":"summary_large_image","schema":{"@context":"https:\/\/schema.org","@graph":[{"@type":"WebPage","@id":"https:\/\/akropolis.lt\/kaunas\/en\/advertising-in-the-shopping-center\/","url":"https:\/\/akropolis.lt\/kaunas\/en\/advertising-in-the-shopping-center\/","name":"Advertising in the shopping center - Akropolis Kaunas","isPartOf":{"@id":"https:\/\/akropolis.lt\/kaunas\/en\/#website"},"datePublished":"2025-05-30T09:47:34+00:00","dateModified":"2026-02-18T12:22:34+00:00","breadcrumb":{"@id":"https:\/\/akropolis.lt\/kaunas\/en\/advertising-in-the-shopping-center\/#breadcrumb"},"inLanguage":"en-US","potentialAction":[{"@type":"ReadAction","target":["https:\/\/akropolis.lt\/kaunas\/en\/advertising-in-the-shopping-center\/"]}]},{"@type":"BreadcrumbList","@id":"https:\/\/akropolis.lt\/kaunas\/en\/advertising-in-the-shopping-center\/#breadcrumb","itemListElement":[{"@type":"ListItem","position":1,"name":"Home","item":"https:\/\/akropolis.lt\/kaunas\/en\/"},{"@type":"ListItem","position":2,"name":"Advertising in the shopping center"}]},{"@type":"WebSite","@id":"https:\/\/akropolis.lt\/kaunas\/en\/#website","url":"https:\/\/akropolis.lt\/kaunas\/en\/","name":"Akropolis Kaunas","description":"","potentialAction":[{"@type":"SearchAction","target":{"@type":"EntryPoint","urlTemplate":"https:\/\/akropolis.lt\/kaunas\/en\/?s={search_term_string}"},"query-input":{"@type":"PropertyValueSpecification","valueRequired":true,"valueName":"search_term_string"}}],"inLanguage":"en-US"}]}},"_links":{"self":[{"href":"https:\/\/akropolis.lt\/kaunas\/en\/wp-json\/wp\/v2\/pages\/3145","targetHints":{"allow":["GET"]}}],"collection":[{"href":"https:\/\/akropolis.lt\/kaunas\/en\/wp-json\/wp\/v2\/pages"}],"about":[{"href":"https:\/\/akropolis.lt\/kaunas\/en\/wp-json\/wp\/v2\/types\/page"}],"author":[{"embeddable":true,"href":"https:\/\/akropolis.lt\/kaunas\/en\/wp-json\/wp\/v2\/users\/1"}],"replies":[{"embeddable":true,"href":"https:\/\/akropolis.lt\/kaunas\/en\/wp-json\/wp\/v2\/comments?post=3145"}],"version-history":[{"count":3,"href":"https:\/\/akropolis.lt\/kaunas\/en\/wp-json\/wp\/v2\/pages\/3145\/revisions"}],"predecessor-version":[{"id":5684,"href":"https:\/\/akropolis.lt\/kaunas\/en\/wp-json\/wp\/v2\/pages\/3145\/revisions\/5684"}],"wp:attachment":[{"href":"https:\/\/akropolis.lt\/kaunas\/en\/wp-json\/wp\/v2\/media?parent=3145"}],"curies":[{"name":"wp","href":"https:\/\/api.w.org\/{rel}","templated":true}]}}