{"id":4366,"date":"2025-10-09T14:41:28","date_gmt":"2025-10-09T14:41:28","guid":{"rendered":"https:\/\/akropolis.lt\/kaunas\/?page_id=4366"},"modified":"2025-10-09T14:41:28","modified_gmt":"2025-10-09T14:41:28","slug":"pramogos","status":"publish","type":"page","link":"https:\/\/akropolis.lt\/kaunas\/pramogos\/","title":{"rendered":"Pramogos"},"content":{"rendered":"\n    <section id=\"shops-list-block-68e7c998574a1\" class=\"shops-list js-shops-list\">\n        <div class=\"container\">\n                            <h1 class=\"h4\">Pramogos<\/h1>\n                        <div class=\"form-section\">\n                <form method=\"get\" class=\"form-set js-filter-list-form\">\n                    <div class=\"controls-wrapper\">\n                        <div class=\"input-wrapper\">\n                            \n\n    <div class=\"form-field search group-btn\" data-name=\"Paie\u0161ka\">\n        <label>\n            <svg width=\"24\" class=\"icon\" height=\"24\" viewBox=\"0 0 24 24\" fill=\"none\" xmlns=\"http:\/\/www.w3.org\/2000\/svg\">\n                <g clip-path=\"url(#clip0_1483_628)\">\n                    <path d=\"M10.6665 17.3329C14.3482 17.3329 17.3329 14.3482 17.3329 10.6665C17.3329 6.98467 14.3482 4 10.6665 4C6.98467 4 4 6.98467 4 10.6665C4 14.3482 6.98467 17.3329 10.6665 17.3329Z\"\n                          stroke=\"black\" stroke-width=\"1.2\" stroke-linecap=\"round\" stroke-linejoin=\"round\"\/>\n                    <path d=\"M15.3806 15.3804L19.9996 19.9994\" stroke=\"black\" stroke-width=\"1.2\" stroke-linecap=\"square\"\n                          stroke-linejoin=\"round\"\/>\n                <\/g>\n                <defs>\n                    <clipPath id=\"clip0_1483_628\">\n                        <rect width=\"24\" height=\"24\" fill=\"white\"\/>\n                    <\/clipPath>\n                <\/defs>\n            <\/svg>\n            <input name=\"Paie\u0161ka\"\n                   id=\"Paie\u0161ka\"\n                   class=\"js-shop-search-input\"\n                   type=\"search\"\n                                   placeholder=\"Paie\u0161ka\" checked>\n        <\/label>\n    <\/div>\n\n                        <\/div>\n                        <div class=\"filter-wrapper\">\n                            <button type=\"button\"\n                                    class=\"btn bg-light-gray with-icon stroke js-filters-button filters-button\">\n                                <span>Filtruoti<\/span>\n                                <span class=\"icon\">\n                                    <svg width=\"16\" height=\"16\" viewBox=\"0 0 16 16\" fill=\"none\"\n                                         xmlns=\"http:\/\/www.w3.org\/2000\/svg\">\n                                        <g id=\"Group 40899\">\n                                            <g id=\"Group 40896\">\n                                                <path id=\"Vector 93\" d=\"M0.5 2H11.5\" stroke=\"black\" stroke-width=\"1.2\"\/>\n                                                <path id=\"Vector 95\" d=\"M13.5 2H16\" stroke=\"black\" stroke-width=\"1.2\"\/>\n                                                <path id=\"Vector 94\" d=\"M11.5 0V4\" stroke=\"black\" stroke-width=\"1.2\"\/>\n                                            <\/g>\n                                            <g id=\"Group 40897\">\n                                                <path id=\"Vector 93_2\" d=\"M16 8H5\" stroke=\"black\" stroke-width=\"1.2\"\/>\n                                                <path id=\"Vector 95_2\" d=\"M3 8H0.5\" stroke=\"black\" stroke-width=\"1.2\"\/>\n                                                <path id=\"Vector 94_2\" d=\"M5 10V6\" stroke=\"black\" stroke-width=\"1.2\"\/>\n                                            <\/g>\n                                            <g id=\"Group 40898\">\n                                                <path id=\"Vector 93_3\" d=\"M0.5 14H11.5\" stroke=\"black\"\n                                                      stroke-width=\"1.2\"\/>\n                                                <path id=\"Vector 95_3\" d=\"M13.5 14H16\" stroke=\"black\"\n                                                      stroke-width=\"1.2\"\/>\n                                                <path id=\"Vector 94_3\" d=\"M11.5 16V12\" stroke=\"black\"\n                                                      stroke-width=\"1.2\"\/>\n                                            <\/g>\n                                        <\/g>\n                                    <\/svg>\n                                <\/span>\n                            <\/button>\n                            <div class=\"filters-modal js-filters-modal\">\n                                <div class=\"modal-wrapper\">\n                                                                            <div class=\"modal-section\">\n                                            <p class=\"label\">Auk\u0161tas<\/p>\n\n                                                                                            <div class=\"inputs-wrapper\">\n                                                                                                            <div class=\"checkbox-wrapper\">\n                                                            \n    <div class=\"form-field checkbox \" data-name=\"1-aukstas-312\">\n        <div class=\"input-control\">\n            <input name=\"1-aukstas-312\"\n                   id=\"1-aukstas-312\"\n                   value=\"312\"\n                   class=\"js-floor-input\"\n                   type=\"checkbox\"\n                   placeholder=\"\" >\n            <label for=\"1-aukstas-312\">\n                1 auk\u0161tas            <\/label>\n        <\/div>\n        <div class=\"msg js-msg\" data-error-name=\"1-aukstas-312\">\n                    <\/div>\n    <\/div>\n\n                                                        <\/div>\n                                                                                                            <div class=\"checkbox-wrapper\">\n                                                            \n    <div class=\"form-field checkbox \" data-name=\"2-aukstas-313\">\n        <div class=\"input-control\">\n            <input name=\"2-aukstas-313\"\n                   id=\"2-aukstas-313\"\n                   value=\"313\"\n                   class=\"js-floor-input\"\n                   type=\"checkbox\"\n                   placeholder=\"\" >\n            <label for=\"2-aukstas-313\">\n                2 auk\u0161tas            <\/label>\n        <\/div>\n        <div class=\"msg js-msg\" data-error-name=\"2-aukstas-313\">\n                    <\/div>\n    <\/div>\n\n                                                        <\/div>\n                                                                                                            <div class=\"checkbox-wrapper\">\n                                                            \n    <div class=\"form-field checkbox \" data-name=\"3-aukstas-314\">\n        <div class=\"input-control\">\n            <input name=\"3-aukstas-314\"\n                   id=\"3-aukstas-314\"\n                   value=\"314\"\n                   class=\"js-floor-input\"\n                   type=\"checkbox\"\n                   placeholder=\"\" >\n            <label for=\"3-aukstas-314\">\n                3 auk\u0161tas            <\/label>\n        <\/div>\n        <div class=\"msg js-msg\" data-error-name=\"3-aukstas-314\">\n                    <\/div>\n    <\/div>\n\n                                                        <\/div>\n                                                                                                            <div class=\"checkbox-wrapper\">\n                                                            \n    <div class=\"form-field checkbox \" data-name=\"4-aukstas-315\">\n        <div class=\"input-control\">\n            <input name=\"4-aukstas-315\"\n                   id=\"4-aukstas-315\"\n                   value=\"315\"\n                   class=\"js-floor-input\"\n                   type=\"checkbox\"\n                   placeholder=\"\" >\n            <label for=\"4-aukstas-315\">\n                4 auk\u0161tas            <\/label>\n        <\/div>\n        <div class=\"msg js-msg\" data-error-name=\"4-aukstas-315\">\n                    <\/div>\n    <\/div>\n\n                                                        <\/div>\n                                                                                                    <\/div>\n                                                                                    <\/div>\n                                                                        <div class=\"modal-section\">\n                                        <p class=\"label\">Draugi\u0161ki gyv\u016bnams<\/p>\n                                        <div class=\"inputs-wrapper\">\n                                            <div class=\"checkbox-wrapper full-width\">\n                                                \n    <div class=\"form-field checkbox \" data-name=\"pet-friendly\">\n        <div class=\"input-control\">\n            <input name=\"pet-friendly\"\n                   id=\"pet-friendly\"\n                   value=\"1\"\n                   class=\"js-pet-friendly-input\"\n                   type=\"checkbox\"\n                   placeholder=\"\" >\n            <label for=\"pet-friendly\">\n                Draugi\u0161ki gyv\u016bnams            <\/label>\n        <\/div>\n        <div class=\"msg js-msg\" data-error-name=\"pet-friendly\">\n                    <\/div>\n    <\/div>\n\n                                            <\/div>\n                                        <\/div>\n                                    <\/div>\n                                    <div class=\"cta-section\">\n                                        <div class=\"btn-wrapper\">\n                                            <button class=\"btn bg-light-gray dot js-clear-btn w-full\">\n                                                <span>I\u0161valyti<\/span>\n                                            <\/button>\n                                        <\/div>\n                                        <div class=\"btn-wrapper\">\n                                            <button class=\"btn bg-red dot js-apply-filter-btn w-full\">\n                                                <span>Taikyti filtrus<\/span>\n                                            <\/button>\n                                        <\/div>\n                                    <\/div>\n                                <\/div>\n                            <\/div>\n                        <\/div>\n                    <\/div>\n                                            <div class=\"groups-wrapper js-groups-wrapper\">\n                            <button class=\"mobile-groups-toggle js-groups-modal-toggle\" type=\"button\">\n                                <input readonly type=\"text\" class=\"js-groups-selected-input\"\n                                       value=\"Visos kategorijos\">\n                            <\/button>\n                            <div class=\"inner js-groups-modal\">\n                                <div class=\"wrapper\">\n                                    <div class=\"form-field group-btn\" data-name=\"all\">\n                                        <div class=\"input-control\">\n                                            <input name=\"group\"\n                                                   data-name=\"Visos kategorijos\"\n                                                   id=\"all\" value=\"\" class=\"js-shop-group\"\n                                                   type=\"radio\" checked>\n                                            <label for=\"all\">Visos kategorijos<\/label>\n                                        <\/div>\n                                    <\/div>\n                                                                            <div class=\"form-field group-btn\" data-name=\"kino-teatras\">\n                                            <div class=\"input-control\">\n                                                <input name=\"group\"\n                                                       data-name=\"Kino teatras\"\n                                                       id=\"kino-teatras\"\n                                                       value=\"16\"\n                                                       class=\"js-shop-group\"\n                                                       type=\"radio\">\n                                                <label for=\"kino-teatras\">\n                                                    Kino teatras                                                <\/label>\n                                            <\/div>\n                                        <\/div>\n                                                                            <div class=\"form-field group-btn\" data-name=\"kitos-pramogos\">\n                                            <div class=\"input-control\">\n                                                <input name=\"group\"\n                                                       data-name=\"Kitos pramogos\"\n                                                       id=\"kitos-pramogos\"\n                                                       value=\"25\"\n                                                       class=\"js-shop-group\"\n                                                       type=\"radio\">\n                                                <label for=\"kitos-pramogos\">\n                                                    Kitos pramogos                                                <\/label>\n                                            <\/div>\n                                        <\/div>\n                                                                            <div class=\"form-field group-btn\" data-name=\"renginiai\">\n                                            <div class=\"input-control\">\n                                                <input name=\"group\"\n                                                       data-name=\"Renginiai\"\n                                                       id=\"renginiai\"\n                                                       value=\"28\"\n                                                       class=\"js-shop-group\"\n                                                       type=\"radio\">\n                                                <label for=\"renginiai\">\n                                                    Renginiai                                                <\/label>\n                                            <\/div>\n                                        <\/div>\n                                                                            <div class=\"form-field group-btn\" data-name=\"zaidimu-aiksteles\">\n                                            <div class=\"input-control\">\n                                                <input name=\"group\"\n                                                       data-name=\"\u017daidim\u0173 aik\u0161tel\u0117s\"\n                                                       id=\"zaidimu-aiksteles\"\n                                                       value=\"31\"\n                                                       class=\"js-shop-group\"\n                                                       type=\"radio\">\n                                                <label for=\"zaidimu-aiksteles\">\n                                                    \u017daidim\u0173 aik\u0161tel\u0117s                                                <\/label>\n                                            <\/div>\n                                        <\/div>\n                                                                    <\/div>\n\n                                <div class=\"cta-section\">\n                                    <div class=\"btn-wrapper\">\n                                        <button class=\"btn bg-light-gray dot js-group-clear-btn w-full\">\n                                            <span>I\u0161valyti<\/span>\n                                        <\/button>\n                                    <\/div>\n\n                                    <div class=\"btn-wrapper\">\n                                        <button class=\"btn bg-red dot js-group-apply-filter-btn w-full\">\n                                            <span>Taikyti<\/span>\n                                        <\/button>\n                                    <\/div>\n                                <\/div>\n                            <\/div>\n                        <\/div>\n                                    <\/form>\n            <\/div>\n            <div class=\"posts-grid js-posts-grid grid-section\">\n                                                            \n<a href=\"https:\/\/akropolis.lt\/kaunas\/parduotuve\/casino-admiral\/\" class=\"shop-card col-span-3 md-col-span-6 sm-col-span-12 js-shop-card \" data-id=\"1526\"\n   data-pet-friendly=\"0\"\n   data-title=\"CASINO ADMIRAL\"\n   data-floors=\" \"\n   data-groups=\"25 13 31\"\n   data-post-type=\"shop\">\n    <div class=\"content-wrapper\">\n                    <p class=\"shop-group\">Kitos pramogos<\/p>\n                <div class=\"image-wrapper\">\n            \n                                                        <img\n                            class=\"force-no-contrast\"\n                            src=\"https:\/\/akropolis.lt\/kaunas\/wp-content\/uploads\/sites\/3\/2025\/05\/shop5c7588d18de09.jpg\"\n                            srcset=\"https:\/\/akropolis.lt\/kaunas\/wp-content\/uploads\/sites\/3\/2025\/05\/shop5c7588d18de09.jpg 219w, https:\/\/akropolis.lt\/kaunas\/wp-content\/uploads\/sites\/3\/2025\/05\/shop5c7588d18de09-150x150.jpg 150w\"\n                            alt=\"CASINO ADMIRAL\"\/>\n\n                \n                    <\/div>\n        <div class=\"overlay\">\n            <p class=\"overlay-title\">Su\u017einoti daugiau<\/p>\n        <\/div>\n    <\/div>\n\n            <h2 class=\"h7 shop-title\">\n            CASINO ADMIRAL        <\/h2>\n    <\/a>\n                                            \n<a href=\"https:\/\/akropolis.lt\/kaunas\/parduotuve\/dziaugsmoteka\/\" class=\"shop-card col-span-3 md-col-span-6 sm-col-span-12 js-shop-card \" data-id=\"1985\"\n   data-pet-friendly=\"0\"\n   data-title=\"D\u017dIAUGSMOTEKA\"\n   data-floors=\" \"\n   data-groups=\"25 32 13 28 47 31\"\n   data-post-type=\"shop\">\n    <div class=\"content-wrapper\">\n                    <p class=\"shop-group\">Kitos pramogos<\/p>\n                <div class=\"image-wrapper\">\n            \n                                                        <img\n                            class=\"force-no-contrast\"\n                            src=\"https:\/\/akropolis.lt\/kaunas\/wp-content\/uploads\/sites\/3\/2025\/05\/16666014053136.jpg\"\n                            srcset=\"https:\/\/akropolis.lt\/kaunas\/wp-content\/uploads\/sites\/3\/2025\/05\/16666014053136-300x300.jpg 300w, https:\/\/akropolis.lt\/kaunas\/wp-content\/uploads\/sites\/3\/2025\/05\/16666014053136-150x150.jpg 150w, https:\/\/akropolis.lt\/kaunas\/wp-content\/uploads\/sites\/3\/2025\/05\/16666014053136.jpg 400w\"\n                            alt=\"D\u017dIAUGSMOTEKA\"\/>\n\n                \n                    <\/div>\n        <div class=\"overlay\">\n            <p class=\"overlay-title\">Su\u017einoti daugiau<\/p>\n        <\/div>\n    <\/div>\n\n            <h2 class=\"h7 shop-title\">\n            D\u017dIAUGSMOTEKA        <\/h2>\n    <\/a>\n                                            \n<a href=\"https:\/\/akropolis.lt\/kaunas\/parduotuve\/forum-cinemas\/\" class=\"shop-card col-span-3 md-col-span-6 sm-col-span-12 js-shop-card \" data-id=\"806\"\n   data-pet-friendly=\"0\"\n   data-title=\"FORUM CINEMAS\"\n   data-floors=\" \"\n   data-groups=\"16 13 31\"\n   data-post-type=\"shop\">\n    <div class=\"content-wrapper\">\n                    <p class=\"shop-group\">Kino teatras<\/p>\n                <div class=\"image-wrapper\">\n            \n                                                        <img\n                            class=\"force-no-contrast\"\n                            src=\"https:\/\/akropolis.lt\/kaunas\/wp-content\/uploads\/sites\/3\/2025\/05\/16757027562173.jpg\"\n                            srcset=\"https:\/\/akropolis.lt\/kaunas\/wp-content\/uploads\/sites\/3\/2025\/05\/16757027562173-300x300.jpg 300w, https:\/\/akropolis.lt\/kaunas\/wp-content\/uploads\/sites\/3\/2025\/05\/16757027562173-150x150.jpg 150w, https:\/\/akropolis.lt\/kaunas\/wp-content\/uploads\/sites\/3\/2025\/05\/16757027562173.jpg 606w\"\n                            alt=\"FORUM CINEMAS\"\/>\n\n                \n                    <\/div>\n        <div class=\"overlay\">\n            <p class=\"overlay-title\">Su\u017einoti daugiau<\/p>\n        <\/div>\n    <\/div>\n\n            <h2 class=\"h7 shop-title\">\n            FORUM CINEMAS        <\/h2>\n    <\/a>\n                                                <\/div>\n            <div class=\"js-no-results no-results-message\">\n                <p>Rezultat\u0173 nerasta.<\/p>\n            <\/div>\n        <\/div>\n    <\/section>\n\n<script>window.dispatchEvent( new Event('acf\/loaded\/shops-list'));<\/script>","protected":false},"excerpt":{"rendered":"","protected":false},"author":1,"featured_media":0,"parent":0,"menu_order":0,"comment_status":"closed","ping_status":"closed","template":"","meta":{"_acf_changed":false,"footnotes":""},"class_list":["post-4366","page","type-page","status-publish","hentry"],"acf":[],"yoast_head":"<!-- This site is optimized with the Yoast SEO plugin v27.2 - https:\/\/yoast.com\/product\/yoast-seo-wordpress\/ -->\n<title>Pramogos - Akropolis Kaunas<\/title>\n<meta name=\"robots\" content=\"index, follow, max-snippet:-1, max-image-preview:large, max-video-preview:-1\" \/>\n<link rel=\"canonical\" href=\"https:\/\/akropolis.lt\/kaunas\/pramogos\/\" \/>\n<meta property=\"og:locale\" content=\"lt_LT\" \/>\n<meta property=\"og:type\" content=\"article\" \/>\n<meta property=\"og:title\" content=\"Pramogos - Akropolis Kaunas\" \/>\n<meta property=\"og:url\" content=\"https:\/\/akropolis.lt\/kaunas\/pramogos\/\" \/>\n<meta property=\"og:site_name\" content=\"Akropolis Kaunas\" \/>\n<meta property=\"og:image\" content=\"https:\/\/akropolis.lt\/kaunas\/wp-content\/uploads\/sites\/3\/2025\/12\/OG-image.png\" \/>\n\t<meta property=\"og:image:width\" content=\"1200\" \/>\n\t<meta property=\"og:image:height\" content=\"630\" \/>\n\t<meta property=\"og:image:type\" content=\"image\/png\" \/>\n<meta name=\"twitter:card\" content=\"summary_large_image\" \/>\n<script type=\"application\/ld+json\" class=\"yoast-schema-graph\">{\"@context\":\"https:\/\/schema.org\",\"@graph\":[{\"@type\":\"WebPage\",\"@id\":\"https:\/\/akropolis.lt\/kaunas\/pramogos\/\",\"url\":\"https:\/\/akropolis.lt\/kaunas\/pramogos\/\",\"name\":\"Pramogos - Akropolis Kaunas\",\"isPartOf\":{\"@id\":\"https:\/\/akropolis.lt\/kaunas\/#website\"},\"datePublished\":\"2025-10-09T14:41:28+00:00\",\"breadcrumb\":{\"@id\":\"https:\/\/akropolis.lt\/kaunas\/pramogos\/#breadcrumb\"},\"inLanguage\":\"lt-LT\",\"potentialAction\":[{\"@type\":\"ReadAction\",\"target\":[\"https:\/\/akropolis.lt\/kaunas\/pramogos\/\"]}]},{\"@type\":\"BreadcrumbList\",\"@id\":\"https:\/\/akropolis.lt\/kaunas\/pramogos\/#breadcrumb\",\"itemListElement\":[{\"@type\":\"ListItem\",\"position\":1,\"name\":\"Home\",\"item\":\"https:\/\/akropolis.lt\/kaunas\/\"},{\"@type\":\"ListItem\",\"position\":2,\"name\":\"Pramogos\"}]},{\"@type\":\"WebSite\",\"@id\":\"https:\/\/akropolis.lt\/kaunas\/#website\",\"url\":\"https:\/\/akropolis.lt\/kaunas\/\",\"name\":\"Akropolis Kaunas\",\"description\":\"\",\"potentialAction\":[{\"@type\":\"SearchAction\",\"target\":{\"@type\":\"EntryPoint\",\"urlTemplate\":\"https:\/\/akropolis.lt\/kaunas\/?s={search_term_string}\"},\"query-input\":{\"@type\":\"PropertyValueSpecification\",\"valueRequired\":true,\"valueName\":\"search_term_string\"}}],\"inLanguage\":\"lt-LT\"}]}<\/script>\n<!-- \/ Yoast SEO plugin. -->","yoast_head_json":{"title":"Pramogos - Akropolis Kaunas","robots":{"index":"index","follow":"follow","max-snippet":"max-snippet:-1","max-image-preview":"max-image-preview:large","max-video-preview":"max-video-preview:-1"},"canonical":"https:\/\/akropolis.lt\/kaunas\/pramogos\/","og_locale":"lt_LT","og_type":"article","og_title":"Pramogos - Akropolis Kaunas","og_url":"https:\/\/akropolis.lt\/kaunas\/pramogos\/","og_site_name":"Akropolis Kaunas","og_image":[{"width":1200,"height":630,"url":"https:\/\/akropolis.lt\/kaunas\/wp-content\/uploads\/sites\/3\/2025\/12\/OG-image.png","type":"image\/png"}],"twitter_card":"summary_large_image","schema":{"@context":"https:\/\/schema.org","@graph":[{"@type":"WebPage","@id":"https:\/\/akropolis.lt\/kaunas\/pramogos\/","url":"https:\/\/akropolis.lt\/kaunas\/pramogos\/","name":"Pramogos - Akropolis Kaunas","isPartOf":{"@id":"https:\/\/akropolis.lt\/kaunas\/#website"},"datePublished":"2025-10-09T14:41:28+00:00","breadcrumb":{"@id":"https:\/\/akropolis.lt\/kaunas\/pramogos\/#breadcrumb"},"inLanguage":"lt-LT","potentialAction":[{"@type":"ReadAction","target":["https:\/\/akropolis.lt\/kaunas\/pramogos\/"]}]},{"@type":"BreadcrumbList","@id":"https:\/\/akropolis.lt\/kaunas\/pramogos\/#breadcrumb","itemListElement":[{"@type":"ListItem","position":1,"name":"Home","item":"https:\/\/akropolis.lt\/kaunas\/"},{"@type":"ListItem","position":2,"name":"Pramogos"}]},{"@type":"WebSite","@id":"https:\/\/akropolis.lt\/kaunas\/#website","url":"https:\/\/akropolis.lt\/kaunas\/","name":"Akropolis Kaunas","description":"","potentialAction":[{"@type":"SearchAction","target":{"@type":"EntryPoint","urlTemplate":"https:\/\/akropolis.lt\/kaunas\/?s={search_term_string}"},"query-input":{"@type":"PropertyValueSpecification","valueRequired":true,"valueName":"search_term_string"}}],"inLanguage":"lt-LT"}]}},"_links":{"self":[{"href":"https:\/\/akropolis.lt\/kaunas\/wp-json\/wp\/v2\/pages\/4366","targetHints":{"allow":["GET"]}}],"collection":[{"href":"https:\/\/akropolis.lt\/kaunas\/wp-json\/wp\/v2\/pages"}],"about":[{"href":"https:\/\/akropolis.lt\/kaunas\/wp-json\/wp\/v2\/types\/page"}],"author":[{"embeddable":true,"href":"https:\/\/akropolis.lt\/kaunas\/wp-json\/wp\/v2\/users\/1"}],"replies":[{"embeddable":true,"href":"https:\/\/akropolis.lt\/kaunas\/wp-json\/wp\/v2\/comments?post=4366"}],"version-history":[{"count":1,"href":"https:\/\/akropolis.lt\/kaunas\/wp-json\/wp\/v2\/pages\/4366\/revisions"}],"predecessor-version":[{"id":4367,"href":"https:\/\/akropolis.lt\/kaunas\/wp-json\/wp\/v2\/pages\/4366\/revisions\/4367"}],"wp:attachment":[{"href":"https:\/\/akropolis.lt\/kaunas\/wp-json\/wp\/v2\/media?parent=4366"}],"curies":[{"name":"wp","href":"https:\/\/api.w.org\/{rel}","templated":true}]}}