{"id":4757,"date":"2025-12-15T13:26:42","date_gmt":"2025-12-15T13:26:42","guid":{"rendered":"https:\/\/akropolis.lt\/kaunas\/?page_id=4757"},"modified":"2025-12-15T13:28:13","modified_gmt":"2025-12-15T13:28:13","slug":"automobiliu-stovejimo-aiksteles-taisykles","status":"publish","type":"page","link":"https:\/\/akropolis.lt\/kaunas\/automobiliu-stovejimo-aiksteles-taisykles\/","title":{"rendered":"Automobili\u0173 stov\u0117jimo aik\u0161tel\u0117s taisykl\u0117s"},"content":{"rendered":"    <section id=\"text-block-69400ced20fd8\" class=\"text\">\n        <div class=\"container medium\">\n            <div class=\"content-wrap\">\n                <h2>Automobili\u0173 stov\u0117jimo aik\u0161tel\u0117s taisykl\u0117s<\/h2>\n<ol>\n<li>Transporto priemon\u0117s pastatymas automobili\u0173 stov\u0117jimo aik\u0161tel\u0117je (toliau \u2013 Stov\u0117jimo aik\u0161tel\u0117) yra sutarties tarp transporto priemon\u0117s vairuotojo, kuris yra transporto priemon\u0117s savininkas ar valdytojas, ir aik\u0161tel\u0119 administruojan\u010dios \u012fmon\u0117s UAB \u201eDK Investicijos\u201c sudarymas toliau nurodytomis standartin\u0117mis s\u0105lygomis.<\/li>\n<li>Stov\u0117jimo aik\u0161tel\u0117je yra sumontuota moderni automatin\u0117 automobili\u0173 valstybini\u0173 numeri\u0173 nuskaitymo sistema, priva\u017eiavus prie u\u017etvaro kameros fiksuoja automobilio valstybin\u012f numer\u012f ir pakeliamas u\u017etvaras. I\u0161va\u017eiuojant sistema veikia taip pat.<\/li>\n<li>Transporto priemoni\u0173 Stov\u0117jimo aik\u0161tel\u0117 yra privati teritorija. Stov\u0117jimas \u0161ioje aik\u0161tel\u0117je yra mokamas 24 val. per par\u0105. Laikas aik\u0161tel\u0117je sumuojamas kiekvienam \u012fva\u017eiavimui per par\u0105. <strong>4 val. stov\u0117jimas Stov\u0117jimo aik\u0161tel\u0117je yra nemokamas, kiekviena papildoma valanda apmokestinama po 2 Eur<\/strong>. Stov\u0117jimo laikas matuojamas sveikomis valandomis, apvalinant \u012f didesn\u0119 pus\u0119.<\/li>\n<li>Fiksuojamas automobilio \u012fva\u017eiavimo laikas apskai\u010diuojamas sistemos.<\/li>\n<li><strong>Stov\u0117jimo aik\u0161tel\u0117je \u012frengta 11 automatini\u0173 kasos aparat\u0173. Juos galima rasti prie \u012f\u0117jimo\/i\u0161\u0117jimo \u012f\/i\u0161 prekybos centro ir prie vis\u0173 i\u0161va\u017eiavim\u0173 i\u0161 Stov\u0117jimo aik\u0161tel\u0117s bei bekontakt\u0117s kasos ties i\u0161va\u017eiavimais.<\/strong><\/li>\n<li><strong>Apmok\u0117ti galima:<\/strong><br \/>\n<strong>\u2013\u00a0\u00a0ADC parking program\u0117le,<\/strong><br \/>\n<strong>\u2013\u00a0 Kasoje grynais (banknotais ir monetomis) bei kreditine kortele.<\/strong><br \/>\n<strong>Ekrane paspausti: Prad\u0117ti mok\u0117jim\u0105 \u2013 Suvesti savo automobilio<\/strong><br \/>\n<strong>valstybin\u012f numer\u012f \u2013 Paspausti ekrane nuotrauk\u0105 \u2013 Sumok\u0117ti.<\/strong><\/li>\n<li><strong>U\u017etvarui nepakilus, jei vir\u0161ytas nemokamas stov\u0117jimo laikas, pra\u0161ome susimok\u0117ti bekontakt\u0117je kasoje ties i\u0161va\u017eiavimu, arba patraukti automobil\u012f nuo prava\u017eiuojamosios dalies ir susimok\u0117ti \u0161alia esan\u010dioje kasoje.<\/strong><\/li>\n<li>Kilus kitiems klausimams, pasteb\u0117jus gedimus, skambinti bendru pagalbos telefonu nr. <a href=\"http:\/\/+370 5 233 0011\">+370 5 233 0011<\/a><\/li>\n<li>Transporto priemon\u0117s Stov\u0117jimo aik\u0161tel\u0117je turi b\u016bti statomos vadovaujantis keli\u0173 \u017eenklinimu ir kelio \u017eenklais. Transporto priemon\u0117s vairuotojas yra atsakingas u\u017e tinkam\u0105 transporto priemon\u0117s pastatym\u0105. D\u0117l netinkamo \u012fva\u017eiavimo ar i\u0161va\u017eiavimo ir mok\u0117jimo \u012frangos naudojimo visa atsiradusi \u017eala bus i\u0161ie\u0161kota i\u0161 asmens, d\u0117l kurio veiksm\u0173 \u012franga buvo sugadinta.<\/li>\n<li>Transporto priemoni\u0173 valdytojai ir savininkai patys atsako u\u017e Stov\u0117jimo aik\u0161tel\u0117je pastatyt\u0173 transporto priemoni\u0173 saugum\u0105.<\/li>\n<li>Netinkamai pasta\u010dius transporto priemon\u0119, t. y. nesivadovaujant keli\u0173 \u017eenklinimu, u\u017eimant dvi stov\u0117jimo vietas, lengvajam automobiliui i\u0161va\u017eiavus i\u0161 Stov\u0117jimo aik\u0161tel\u0117s nesusimok\u0117jus, laikoma, kad stov\u0117jimo aik\u0161tel\u0117s taisykl\u0117s yra pa\u017eeistos. Transporto priemon\u0117s savininkas prival\u0117s sumok\u0117ti mokest\u012f u\u017e jam suteiktas paslaugas (naudojim\u0105si Stov\u0117jimo aik\u0161tele), o u\u017e \u012fsipareigojim\u0173 nevykdym\u0105 prival\u0117s sumok\u0117ti 30 Eur kompensacij\u0105 u\u017e kiekvien\u0105 pa\u017eeidimo atvej\u012f, kad atlygint\u0173 UAB \u201eDK Investicijos\u201c i\u0161laidas, susijusias su taisykli\u0173 pa\u017eeidimo kontrole.<\/li>\n<li>Stov\u0117jimo aik\u0161tel\u0117s taisykli\u0173 pa\u017eeidimas fiksuojamas filmuota med\u017eiaga arba nuotraukomis, apie pa\u017eeidim\u0105 informuojant transporto priemon\u0117s valdytoj\u0105 ar savinink\u0105 lai\u0161ku. Transporto priemon\u0117s valdytojas ar savininkas lai\u0161ke nurodyt\u0105 mokest\u012f u\u017e paslaugas bei kompensacij\u0105 u\u017e \u012fsipareigojim\u0173 nevykdym\u0105 privalo sumok\u0117ti ne v\u0117liau kaip per 7 (septynias) dienas nuo lai\u0161ko gavimo dienos \u012f lai\u0161ke nurodyt\u0105 s\u0105skait\u0105. Jei mokestis ir kompensacija nebus sumok\u0117ti laiku, j\u0173 i\u0161ie\u0161kojimas kartu su visa informacija be atskiro prane\u0161imo bus perduotas vykdyti tretiesiems asmenims.<\/li>\n<li>U\u017e mokes\u010dio sumok\u0117jim\u0105 yra atsakingas transporto priemon\u0117s savininkas, i\u0161skyrus atvejus, kai jis \u012frodo, kad transporto priemon\u0119 aik\u0161tel\u0117je pastat\u0117 kitas asmuo.<\/li>\n<li>Automobili\u0173 stov\u0117jimo aik\u0161tel\u0117s taisykl\u0117s \u012fsigalioja nuo 2025-01-02 ir galioja iki kol bus panaikintos arba pakeistos \u012fmon\u0117s vadovo \u012fsakymu.<\/li>\n<\/ol>\n            <\/div>\n                    <\/div>\n    <\/section>\n\n<script>window.dispatchEvent( new Event('acf\/loaded\/text'));<\/script>","protected":false},"excerpt":{"rendered":"","protected":false},"author":1,"featured_media":0,"parent":0,"menu_order":0,"comment_status":"closed","ping_status":"closed","template":"","meta":{"_acf_changed":false,"footnotes":""},"class_list":["post-4757","page","type-page","status-publish","hentry"],"acf":[],"yoast_head":"<!-- This site is optimized with the Yoast SEO plugin v27.2 - https:\/\/yoast.com\/product\/yoast-seo-wordpress\/ -->\n<title>Automobili\u0173 stov\u0117jimo aik\u0161tel\u0117s taisykl\u0117s - Akropolis Kaunas<\/title>\n<meta name=\"robots\" content=\"index, follow, max-snippet:-1, max-image-preview:large, max-video-preview:-1\" \/>\n<link rel=\"canonical\" href=\"https:\/\/akropolis.lt\/kaunas\/automobiliu-stovejimo-aiksteles-taisykles\/\" \/>\n<meta property=\"og:locale\" content=\"lt_LT\" \/>\n<meta property=\"og:type\" content=\"article\" \/>\n<meta property=\"og:title\" content=\"Automobili\u0173 stov\u0117jimo aik\u0161tel\u0117s taisykl\u0117s - Akropolis Kaunas\" \/>\n<meta property=\"og:url\" content=\"https:\/\/akropolis.lt\/kaunas\/automobiliu-stovejimo-aiksteles-taisykles\/\" \/>\n<meta property=\"og:site_name\" content=\"Akropolis Kaunas\" \/>\n<meta property=\"article:modified_time\" content=\"2025-12-15T13:28:13+00:00\" \/>\n<meta property=\"og:image\" content=\"https:\/\/akropolis.lt\/kaunas\/wp-content\/uploads\/sites\/3\/2025\/12\/OG-image.png\" \/>\n\t<meta property=\"og:image:width\" content=\"1200\" \/>\n\t<meta property=\"og:image:height\" content=\"630\" \/>\n\t<meta property=\"og:image:type\" content=\"image\/png\" \/>\n<meta name=\"twitter:card\" content=\"summary_large_image\" \/>\n<script type=\"application\/ld+json\" class=\"yoast-schema-graph\">{\"@context\":\"https:\/\/schema.org\",\"@graph\":[{\"@type\":\"WebPage\",\"@id\":\"https:\/\/akropolis.lt\/kaunas\/automobiliu-stovejimo-aiksteles-taisykles\/\",\"url\":\"https:\/\/akropolis.lt\/kaunas\/automobiliu-stovejimo-aiksteles-taisykles\/\",\"name\":\"Automobili\u0173 stov\u0117jimo aik\u0161tel\u0117s taisykl\u0117s - Akropolis Kaunas\",\"isPartOf\":{\"@id\":\"https:\/\/akropolis.lt\/kaunas\/#website\"},\"datePublished\":\"2025-12-15T13:26:42+00:00\",\"dateModified\":\"2025-12-15T13:28:13+00:00\",\"breadcrumb\":{\"@id\":\"https:\/\/akropolis.lt\/kaunas\/automobiliu-stovejimo-aiksteles-taisykles\/#breadcrumb\"},\"inLanguage\":\"lt-LT\",\"potentialAction\":[{\"@type\":\"ReadAction\",\"target\":[\"https:\/\/akropolis.lt\/kaunas\/automobiliu-stovejimo-aiksteles-taisykles\/\"]}]},{\"@type\":\"BreadcrumbList\",\"@id\":\"https:\/\/akropolis.lt\/kaunas\/automobiliu-stovejimo-aiksteles-taisykles\/#breadcrumb\",\"itemListElement\":[{\"@type\":\"ListItem\",\"position\":1,\"name\":\"Home\",\"item\":\"https:\/\/akropolis.lt\/kaunas\/\"},{\"@type\":\"ListItem\",\"position\":2,\"name\":\"Automobili\u0173 stov\u0117jimo aik\u0161tel\u0117s taisykl\u0117s\"}]},{\"@type\":\"WebSite\",\"@id\":\"https:\/\/akropolis.lt\/kaunas\/#website\",\"url\":\"https:\/\/akropolis.lt\/kaunas\/\",\"name\":\"Akropolis Kaunas\",\"description\":\"\",\"potentialAction\":[{\"@type\":\"SearchAction\",\"target\":{\"@type\":\"EntryPoint\",\"urlTemplate\":\"https:\/\/akropolis.lt\/kaunas\/?s={search_term_string}\"},\"query-input\":{\"@type\":\"PropertyValueSpecification\",\"valueRequired\":true,\"valueName\":\"search_term_string\"}}],\"inLanguage\":\"lt-LT\"}]}<\/script>\n<!-- \/ Yoast SEO plugin. -->","yoast_head_json":{"title":"Automobili\u0173 stov\u0117jimo aik\u0161tel\u0117s taisykl\u0117s - Akropolis Kaunas","robots":{"index":"index","follow":"follow","max-snippet":"max-snippet:-1","max-image-preview":"max-image-preview:large","max-video-preview":"max-video-preview:-1"},"canonical":"https:\/\/akropolis.lt\/kaunas\/automobiliu-stovejimo-aiksteles-taisykles\/","og_locale":"lt_LT","og_type":"article","og_title":"Automobili\u0173 stov\u0117jimo aik\u0161tel\u0117s taisykl\u0117s - Akropolis Kaunas","og_url":"https:\/\/akropolis.lt\/kaunas\/automobiliu-stovejimo-aiksteles-taisykles\/","og_site_name":"Akropolis Kaunas","article_modified_time":"2025-12-15T13:28:13+00:00","og_image":[{"width":1200,"height":630,"url":"https:\/\/akropolis.lt\/kaunas\/wp-content\/uploads\/sites\/3\/2025\/12\/OG-image.png","type":"image\/png"}],"twitter_card":"summary_large_image","schema":{"@context":"https:\/\/schema.org","@graph":[{"@type":"WebPage","@id":"https:\/\/akropolis.lt\/kaunas\/automobiliu-stovejimo-aiksteles-taisykles\/","url":"https:\/\/akropolis.lt\/kaunas\/automobiliu-stovejimo-aiksteles-taisykles\/","name":"Automobili\u0173 stov\u0117jimo aik\u0161tel\u0117s taisykl\u0117s - Akropolis Kaunas","isPartOf":{"@id":"https:\/\/akropolis.lt\/kaunas\/#website"},"datePublished":"2025-12-15T13:26:42+00:00","dateModified":"2025-12-15T13:28:13+00:00","breadcrumb":{"@id":"https:\/\/akropolis.lt\/kaunas\/automobiliu-stovejimo-aiksteles-taisykles\/#breadcrumb"},"inLanguage":"lt-LT","potentialAction":[{"@type":"ReadAction","target":["https:\/\/akropolis.lt\/kaunas\/automobiliu-stovejimo-aiksteles-taisykles\/"]}]},{"@type":"BreadcrumbList","@id":"https:\/\/akropolis.lt\/kaunas\/automobiliu-stovejimo-aiksteles-taisykles\/#breadcrumb","itemListElement":[{"@type":"ListItem","position":1,"name":"Home","item":"https:\/\/akropolis.lt\/kaunas\/"},{"@type":"ListItem","position":2,"name":"Automobili\u0173 stov\u0117jimo aik\u0161tel\u0117s taisykl\u0117s"}]},{"@type":"WebSite","@id":"https:\/\/akropolis.lt\/kaunas\/#website","url":"https:\/\/akropolis.lt\/kaunas\/","name":"Akropolis Kaunas","description":"","potentialAction":[{"@type":"SearchAction","target":{"@type":"EntryPoint","urlTemplate":"https:\/\/akropolis.lt\/kaunas\/?s={search_term_string}"},"query-input":{"@type":"PropertyValueSpecification","valueRequired":true,"valueName":"search_term_string"}}],"inLanguage":"lt-LT"}]}},"_links":{"self":[{"href":"https:\/\/akropolis.lt\/kaunas\/wp-json\/wp\/v2\/pages\/4757","targetHints":{"allow":["GET"]}}],"collection":[{"href":"https:\/\/akropolis.lt\/kaunas\/wp-json\/wp\/v2\/pages"}],"about":[{"href":"https:\/\/akropolis.lt\/kaunas\/wp-json\/wp\/v2\/types\/page"}],"author":[{"embeddable":true,"href":"https:\/\/akropolis.lt\/kaunas\/wp-json\/wp\/v2\/users\/1"}],"replies":[{"embeddable":true,"href":"https:\/\/akropolis.lt\/kaunas\/wp-json\/wp\/v2\/comments?post=4757"}],"version-history":[{"count":3,"href":"https:\/\/akropolis.lt\/kaunas\/wp-json\/wp\/v2\/pages\/4757\/revisions"}],"predecessor-version":[{"id":4761,"href":"https:\/\/akropolis.lt\/kaunas\/wp-json\/wp\/v2\/pages\/4757\/revisions\/4761"}],"wp:attachment":[{"href":"https:\/\/akropolis.lt\/kaunas\/wp-json\/wp\/v2\/media?parent=4757"}],"curies":[{"name":"wp","href":"https:\/\/api.w.org\/{rel}","templated":true}]}}