{"id":3001,"date":"2025-04-27T17:40:40","date_gmt":"2025-04-27T17:40:40","guid":{"rendered":"https:\/\/akropolis.lt\/vilnius\/reklama-prekybos-centre\/"},"modified":"2026-01-08T08:32:46","modified_gmt":"2026-01-08T08:32:46","slug":"advertising-in-the-shopping-center","status":"publish","type":"page","link":"https:\/\/akropolis.lt\/klaipeda\/en\/advertising-in-the-shopping-center\/","title":{"rendered":"Advertising in the shopping center"},"content":{"rendered":"\n    <section id=\"text-sidebar-block-681a0138c8dc3\" class=\"text-sidebar\">\n        <div class=\"container\">\n            <div class=\"wrap hide-nav\">\n                                <div class=\"content-title-side\">\n                                            <h1 class=\"h4\">Advertising in the shopping center<\/h1>\n                                                                                    <div class=\"content-side \">\n                                                        <div class=\"step-holder \">\n                                                                                            <div class=\"item js-policy-block\" data-target=\"item-0\"\n                                         id=\"item-0\">\n                                                                                                                                            <div class=\"btns-wrap\">\n                                                                                                                    <a rel=\"noopener noreferrer\" class=\"btn dot bg-light-gray\"\n                                                               target=\"_blank\"\n                                                               href=\"https:\/\/akropolis.lt\/klaipeda\/wp-content\/uploads\/sites\/2\/2026\/01\/2026-Ikainiu-zurnalas-Klaipeda-2.pdf\"><span>Full price list<\/span><\/a>\n                                                                                                            <\/div>\n                                                                                                                                                                                                                                <div class=\"content-wrap\">\n                                                    <table style=\"border-collapse: collapse; width: 100%; height: 952px;\">\n<thead>\n<tr style=\"height: 100px;\">\n<td style=\"width: 27.9379%; text-align: center; height: 104px;\">Advertising<br \/>\npositions<\/td>\n<td style=\"width: 25.0554%; text-align: center; height: 104px;\">Price per<br \/>\nmonth<\/td>\n<td style=\"width: 25.0555%; text-align: center; height: 104px;\">Number of available<br \/>\npositions<\/td>\n<td style=\"width: 21.5077%; text-align: center; height: 104px;\">Min rent<br \/>\nterm<\/td>\n<\/tr>\n<\/thead>\n<tbody>\n<tr style=\"height: 80px;\">\n<td style=\"width: 27.9379%; height: 80px;\">Advertising Surfaces at Entrances<\/td>\n<td style=\"width: 25.0554%; text-align: center; height: 80px;\"><strong>from 820 \u20ac<\/strong><\/td>\n<td style=\"width: 25.0555%; text-align: center; height: 80px;\">3<\/td>\n<td style=\"width: 21.5077%; text-align: center; height: 80px;\">1 months<\/td>\n<\/tr>\n<tr style=\"height: 104px;\">\n<td style=\"width: 27.9379%; height: 104px;\">Outdoor Advertising Stands<\/td>\n<td style=\"width: 25.0554%; text-align: center; height: 104px;\"><strong>from 290 \u20ac<\/strong><\/td>\n<td style=\"width: 25.0555%; text-align: center; height: 104px;\">16<\/td>\n<td style=\"width: 21.5077%; text-align: center; height: 104px;\">3 month<\/td>\n<\/tr>\n<tr style=\"height: 80px;\">\n<td style=\"width: 27.9379%; height: 80px;\">Advertising Stickers on Revolving Doors<\/td>\n<td style=\"width: 25.0554%; text-align: center; height: 80px;\"><strong>from 500 \u20ac<\/strong><\/td>\n<td style=\"width: 25.0555%; text-align: center; height: 80px;\">1<\/td>\n<td style=\"width: 21.5077%; text-align: center; height: 80px;\">1 month<\/td>\n<\/tr>\n<tr style=\"height: 80px;\">\n<td style=\"width: 27.9379%; height: 80px;\">Advertising Stickers on Sliding Entrance Doors<\/td>\n<td style=\"width: 25.0554%; text-align: center; height: 80px;\"><strong>from 820 \u20ac<\/strong><\/td>\n<td style=\"width: 25.0555%; text-align: center; height: 80px;\">4<\/td>\n<td style=\"width: 21.5077%; text-align: center; height: 80px;\">1 month<\/td>\n<\/tr>\n<tr style=\"height: 104px;\">\n<td style=\"width: 27.9379%; height: 104px;\">Product \/ Car Exhibition<\/td>\n<td style=\"width: 25.0554%; text-align: center; height: 104px;\"><strong>from 750 \u20ac<\/strong><\/td>\n<td style=\"width: 25.0555%; text-align: center; height: 104px;\">5<\/td>\n<td style=\"width: 21.5077%; text-align: center; height: 104px;\">1 month<\/td>\n<\/tr>\n<tr style=\"height: 56px;\">\n<td style=\"width: 27.9379%; height: 56px;\">Radio Advertising<\/td>\n<td style=\"width: 25.0554%; text-align: center; height: 56px;\"><strong>from 60 \u20ac<\/strong><\/td>\n<td style=\"width: 25.0555%; text-align: center; height: 56px;\">max. 4 clips\/hour<\/td>\n<td style=\"width: 21.5077%; text-align: center; height: 56px;\"><\/td>\n<\/tr>\n<tr style=\"height: 80px;\">\n<td style=\"width: 27.9379%; height: 80px;\">Distribution of Advertising Materials \/ Presentations<\/td>\n<td style=\"width: 25.0554%; text-align: center; height: 80px;\"><strong>from 130 \u20ac\/h<\/strong><\/td>\n<td style=\"width: 25.0555%; text-align: center; height: 80px;\">5<\/td>\n<td style=\"width: 21.5077%; text-align: center; height: 80px;\"><\/td>\n<\/tr>\n<\/tbody>\n<\/table>\n<p>&nbsp;<\/p>\n                                                <\/div>\n                                                                                                                                                                                <div class=\"content-wrap notice-text\">\n                                                    <p><strong>Important!<\/strong> For more information regarding prices please contact gintare.sukutyte@akropolis.lt<\/p>\n                                                <\/div>\n                                                                                                                                                                    <\/div>\n                                                            <\/div>\n                                                    <\/div>\n                                    <\/div>\n            <\/div>\n        <\/div>\n    <\/section>\n\n<script>window.dispatchEvent( new Event('acf\/loaded\/text-sidebar'));<\/script>\n\n\n<section id=\"contact-information-block-6834cd082437e\" class=\"contact-information light-gray bpt\">\n    <div class=\"container\">\n                    <div class=\"title-block\">\n                <h3 class=\"h4\">Contact information<\/h3>            <\/div>\n                                    <div class=\"contact-cards white\">\n                                        <div class=\"contact-card\">\n        <div class=\"contact-card-img-block\">\n                                            <img loading=\"lazy\" width=\"650\" height=\"650\" src=\"https:\/\/akropolis.lt\/klaipeda\/wp-content\/uploads\/sites\/2\/2025\/06\/image.png\" class=\"contact-card-img force-no-contrast\" alt=\"Gintar\u0117 \u0160ukutyt\u0117\" srcset=\"https:\/\/akropolis.lt\/klaipeda\/wp-content\/uploads\/sites\/2\/2025\/06\/image.png 650w, https:\/\/akropolis.lt\/klaipeda\/wp-content\/uploads\/sites\/2\/2025\/06\/image-300x300.png 300w, https:\/\/akropolis.lt\/klaipeda\/wp-content\/uploads\/sites\/2\/2025\/06\/image-150x150.png 150w\" sizes=\"auto, (max-width: 650px) 100vw, 650px\" \/>                    <\/div>\n        <div class=\"contact-card-content\">\n                            <h6 class=\"contact-card-name\">Gintar\u0117 \u0160ukutyt\u0117<\/h6>\n                                        <p class=\"contact-card-position\">Marketing Manager<\/p>\n                                        <p class=\"contact-card-label\">Working hours<\/p>\n                <p class=\"contact-card-value\">I-V 08:00-17:00<\/p>\n                                        <p class=\"contact-card-label\">Telephone number<\/p>\n                <a href=\"tel:+370 659 46061\"\n                   class=\"contact-card-value\">+370 659 46061<\/a>\n                                        <p class=\"contact-card-label\">Email<\/p>\n                <a href=\"mailto:gintare.sukutyte@akropolis.lt\" class=\"contact-card-value\">gintare.sukutyte@akropolis.lt<\/a>\n                    <\/div>\n    <\/div>\n                                        <div class=\"contact-card\">\n        <div class=\"contact-card-img-block\">\n                                            <img loading=\"lazy\" width=\"650\" height=\"650\" src=\"https:\/\/akropolis.lt\/klaipeda\/wp-content\/uploads\/sites\/2\/2025\/06\/image.png\" class=\"contact-card-img force-no-contrast\" alt=\"Events\" srcset=\"https:\/\/akropolis.lt\/klaipeda\/wp-content\/uploads\/sites\/2\/2025\/06\/image.png 650w, https:\/\/akropolis.lt\/klaipeda\/wp-content\/uploads\/sites\/2\/2025\/06\/image-300x300.png 300w, https:\/\/akropolis.lt\/klaipeda\/wp-content\/uploads\/sites\/2\/2025\/06\/image-150x150.png 150w\" sizes=\"auto, (max-width: 650px) 100vw, 650px\" \/>                    <\/div>\n        <div class=\"contact-card-content\">\n                            <h6 class=\"contact-card-name\">Events<\/h6>\n                                        <p class=\"contact-card-position\">in the shopping centre<\/p>\n                                        <p class=\"contact-card-label\">Working hours<\/p>\n                <p class=\"contact-card-value\">I-V 09:00-18:00<\/p>\n                                        <p class=\"contact-card-label\">Telephone number<\/p>\n                <a href=\"tel:+370 6833 2123\"\n                   class=\"contact-card-value\">+370 6833 2123<\/a>\n                                        <p class=\"contact-card-label\">Email<\/p>\n                <a href=\"mailto:renginiai@akropolis.lt\" class=\"contact-card-value\">renginiai@akropolis.lt<\/a>\n                    <\/div>\n    <\/div>\n                            <\/div>\n            <\/div>\n<\/section>\n\n<script>window.dispatchEvent( new Event('acf\/loaded\/contact-information'));<\/script>","protected":false},"excerpt":{"rendered":"","protected":false},"author":1,"featured_media":0,"parent":0,"menu_order":0,"comment_status":"closed","ping_status":"closed","template":"","meta":{"_acf_changed":false,"footnotes":""},"class_list":["post-3001","page","type-page","status-publish","hentry"],"acf":[],"yoast_head":"<!-- This site is optimized with the Yoast SEO plugin v27.2 - https:\/\/yoast.com\/product\/yoast-seo-wordpress\/ -->\n<title>Advertising in the shopping center - Akropolis Klaip\u0117da<\/title>\n<meta name=\"robots\" content=\"index, follow, max-snippet:-1, max-image-preview:large, max-video-preview:-1\" \/>\n<link rel=\"canonical\" href=\"https:\/\/akropolis.lt\/klaipeda\/en\/advertising-in-the-shopping-center\/\" \/>\n<meta property=\"og:locale\" content=\"en_US\" \/>\n<meta property=\"og:type\" content=\"article\" \/>\n<meta property=\"og:title\" content=\"Advertising in the shopping center - Akropolis Klaip\u0117da\" \/>\n<meta property=\"og:url\" content=\"https:\/\/akropolis.lt\/klaipeda\/en\/advertising-in-the-shopping-center\/\" \/>\n<meta property=\"og:site_name\" content=\"Akropolis Klaip\u0117da\" \/>\n<meta property=\"article:modified_time\" content=\"2026-01-08T08:32:46+00:00\" \/>\n<meta property=\"og:image\" content=\"https:\/\/akropolis.lt\/klaipeda\/wp-content\/uploads\/sites\/2\/2025\/12\/OG-image.png\" \/>\n\t<meta property=\"og:image:width\" content=\"1200\" \/>\n\t<meta property=\"og:image:height\" content=\"630\" \/>\n\t<meta property=\"og:image:type\" content=\"image\/png\" \/>\n<meta name=\"twitter:card\" content=\"summary_large_image\" \/>\n<script type=\"application\/ld+json\" class=\"yoast-schema-graph\">{\"@context\":\"https:\/\/schema.org\",\"@graph\":[{\"@type\":\"WebPage\",\"@id\":\"https:\/\/akropolis.lt\/klaipeda\/en\/advertising-in-the-shopping-center\/\",\"url\":\"https:\/\/akropolis.lt\/klaipeda\/en\/advertising-in-the-shopping-center\/\",\"name\":\"Advertising in the shopping center - Akropolis Klaip\u0117da\",\"isPartOf\":{\"@id\":\"https:\/\/akropolis.lt\/klaipeda\/en\/#website\"},\"datePublished\":\"2025-04-27T17:40:40+00:00\",\"dateModified\":\"2026-01-08T08:32:46+00:00\",\"breadcrumb\":{\"@id\":\"https:\/\/akropolis.lt\/klaipeda\/en\/advertising-in-the-shopping-center\/#breadcrumb\"},\"inLanguage\":\"en-US\",\"potentialAction\":[{\"@type\":\"ReadAction\",\"target\":[\"https:\/\/akropolis.lt\/klaipeda\/en\/advertising-in-the-shopping-center\/\"]}]},{\"@type\":\"BreadcrumbList\",\"@id\":\"https:\/\/akropolis.lt\/klaipeda\/en\/advertising-in-the-shopping-center\/#breadcrumb\",\"itemListElement\":[{\"@type\":\"ListItem\",\"position\":1,\"name\":\"Home\",\"item\":\"https:\/\/akropolis.lt\/klaipeda\/en\/\"},{\"@type\":\"ListItem\",\"position\":2,\"name\":\"Advertising in the shopping center\"}]},{\"@type\":\"WebSite\",\"@id\":\"https:\/\/akropolis.lt\/klaipeda\/en\/#website\",\"url\":\"https:\/\/akropolis.lt\/klaipeda\/en\/\",\"name\":\"Akropolis Klaip\u0117da\",\"description\":\"\",\"publisher\":{\"@id\":\"https:\/\/akropolis.lt\/klaipeda\/en\/#organization\"},\"potentialAction\":[{\"@type\":\"SearchAction\",\"target\":{\"@type\":\"EntryPoint\",\"urlTemplate\":\"https:\/\/akropolis.lt\/klaipeda\/en\/?s={search_term_string}\"},\"query-input\":{\"@type\":\"PropertyValueSpecification\",\"valueRequired\":true,\"valueName\":\"search_term_string\"}}],\"inLanguage\":\"en-US\"},{\"@type\":\"Organization\",\"@id\":\"https:\/\/akropolis.lt\/klaipeda\/en\/#organization\",\"name\":\"Akropolis Klaip\u0117da\",\"url\":\"https:\/\/akropolis.lt\/klaipeda\/en\/\",\"logo\":{\"@type\":\"ImageObject\",\"inLanguage\":\"en-US\",\"@id\":\"https:\/\/akropolis.lt\/klaipeda\/en\/#\/schema\/logo\/image\/\",\"url\":\"https:\/\/akropolis.lt\/klaipeda\/wp-content\/uploads\/sites\/2\/2025\/06\/image.png\",\"contentUrl\":\"https:\/\/akropolis.lt\/klaipeda\/wp-content\/uploads\/sites\/2\/2025\/06\/image.png\",\"width\":650,\"height\":650,\"caption\":\"Akropolis Klaip\u0117da\"},\"image\":{\"@id\":\"https:\/\/akropolis.lt\/klaipeda\/en\/#\/schema\/logo\/image\/\"}}]}<\/script>\n<!-- \/ Yoast SEO plugin. -->","yoast_head_json":{"title":"Advertising in the shopping center - Akropolis Klaip\u0117da","robots":{"index":"index","follow":"follow","max-snippet":"max-snippet:-1","max-image-preview":"max-image-preview:large","max-video-preview":"max-video-preview:-1"},"canonical":"https:\/\/akropolis.lt\/klaipeda\/en\/advertising-in-the-shopping-center\/","og_locale":"en_US","og_type":"article","og_title":"Advertising in the shopping center - Akropolis Klaip\u0117da","og_url":"https:\/\/akropolis.lt\/klaipeda\/en\/advertising-in-the-shopping-center\/","og_site_name":"Akropolis Klaip\u0117da","article_modified_time":"2026-01-08T08:32:46+00:00","og_image":[{"width":1200,"height":630,"url":"https:\/\/akropolis.lt\/klaipeda\/wp-content\/uploads\/sites\/2\/2025\/12\/OG-image.png","type":"image\/png"}],"twitter_card":"summary_large_image","schema":{"@context":"https:\/\/schema.org","@graph":[{"@type":"WebPage","@id":"https:\/\/akropolis.lt\/klaipeda\/en\/advertising-in-the-shopping-center\/","url":"https:\/\/akropolis.lt\/klaipeda\/en\/advertising-in-the-shopping-center\/","name":"Advertising in the shopping center - Akropolis Klaip\u0117da","isPartOf":{"@id":"https:\/\/akropolis.lt\/klaipeda\/en\/#website"},"datePublished":"2025-04-27T17:40:40+00:00","dateModified":"2026-01-08T08:32:46+00:00","breadcrumb":{"@id":"https:\/\/akropolis.lt\/klaipeda\/en\/advertising-in-the-shopping-center\/#breadcrumb"},"inLanguage":"en-US","potentialAction":[{"@type":"ReadAction","target":["https:\/\/akropolis.lt\/klaipeda\/en\/advertising-in-the-shopping-center\/"]}]},{"@type":"BreadcrumbList","@id":"https:\/\/akropolis.lt\/klaipeda\/en\/advertising-in-the-shopping-center\/#breadcrumb","itemListElement":[{"@type":"ListItem","position":1,"name":"Home","item":"https:\/\/akropolis.lt\/klaipeda\/en\/"},{"@type":"ListItem","position":2,"name":"Advertising in the shopping center"}]},{"@type":"WebSite","@id":"https:\/\/akropolis.lt\/klaipeda\/en\/#website","url":"https:\/\/akropolis.lt\/klaipeda\/en\/","name":"Akropolis Klaip\u0117da","description":"","publisher":{"@id":"https:\/\/akropolis.lt\/klaipeda\/en\/#organization"},"potentialAction":[{"@type":"SearchAction","target":{"@type":"EntryPoint","urlTemplate":"https:\/\/akropolis.lt\/klaipeda\/en\/?s={search_term_string}"},"query-input":{"@type":"PropertyValueSpecification","valueRequired":true,"valueName":"search_term_string"}}],"inLanguage":"en-US"},{"@type":"Organization","@id":"https:\/\/akropolis.lt\/klaipeda\/en\/#organization","name":"Akropolis Klaip\u0117da","url":"https:\/\/akropolis.lt\/klaipeda\/en\/","logo":{"@type":"ImageObject","inLanguage":"en-US","@id":"https:\/\/akropolis.lt\/klaipeda\/en\/#\/schema\/logo\/image\/","url":"https:\/\/akropolis.lt\/klaipeda\/wp-content\/uploads\/sites\/2\/2025\/06\/image.png","contentUrl":"https:\/\/akropolis.lt\/klaipeda\/wp-content\/uploads\/sites\/2\/2025\/06\/image.png","width":650,"height":650,"caption":"Akropolis Klaip\u0117da"},"image":{"@id":"https:\/\/akropolis.lt\/klaipeda\/en\/#\/schema\/logo\/image\/"}}]}},"_links":{"self":[{"href":"https:\/\/akropolis.lt\/klaipeda\/en\/wp-json\/wp\/v2\/pages\/3001","targetHints":{"allow":["GET"]}}],"collection":[{"href":"https:\/\/akropolis.lt\/klaipeda\/en\/wp-json\/wp\/v2\/pages"}],"about":[{"href":"https:\/\/akropolis.lt\/klaipeda\/en\/wp-json\/wp\/v2\/types\/page"}],"author":[{"embeddable":true,"href":"https:\/\/akropolis.lt\/klaipeda\/en\/wp-json\/wp\/v2\/users\/1"}],"replies":[{"embeddable":true,"href":"https:\/\/akropolis.lt\/klaipeda\/en\/wp-json\/wp\/v2\/comments?post=3001"}],"version-history":[{"count":4,"href":"https:\/\/akropolis.lt\/klaipeda\/en\/wp-json\/wp\/v2\/pages\/3001\/revisions"}],"predecessor-version":[{"id":9202,"href":"https:\/\/akropolis.lt\/klaipeda\/en\/wp-json\/wp\/v2\/pages\/3001\/revisions\/9202"}],"wp:attachment":[{"href":"https:\/\/akropolis.lt\/klaipeda\/en\/wp-json\/wp\/v2\/media?parent=3001"}],"curies":[{"name":"wp","href":"https:\/\/api.w.org\/{rel}","templated":true}]}}