{"id":3006,"date":"2025-04-07T10:14:15","date_gmt":"2025-04-07T10:14:15","guid":{"rendered":"https:\/\/akropolis.lt\/vilnius\/nemokami-patogumai\/"},"modified":"2025-09-16T14:27:25","modified_gmt":"2025-09-16T14:27:25","slug":"free-amenities","status":"publish","type":"page","link":"https:\/\/akropolis.lt\/klaipeda\/en\/free-amenities\/","title":{"rendered":"Free amenities"},"content":{"rendered":"\n    <section id=\"post-cards-list-block-68c59219c073b\" class=\"post-cards-list\">\n        <div class=\"container\">\n\n                                                <h1 class=\"h4 title\">Free Amenities<\/h1>\n                \n                                    <div class=\"grid-section\">\n                        <div class=\"text wysiwyg md-col-span-12 col-span-8\">\n                            <p>Below is a filter of amenities in Klaip\u0117da AKROPOLIS. To make your experience simpler and more comfortable.<\/p>\n                        <\/div>\n                    <\/div>\n                            \n                                                <div class=\"cards-list\">\n                        \n<a href=\"https:\/\/akropolis.lt\/klaipeda\/en\/shop\/akropolio-informacija\/\" class=\"service-card card-item sm-col-span-12 md-col-span-6 col-span-4\">\n    <div class=\"content-wrapper\">\n        \n                                            <img\n                        class=\"service-icon force-no-contrast\"\n                        src=\"https:\/\/akropolis.lt\/klaipeda\/wp-content\/uploads\/sites\/2\/2025\/06\/17031612028412.jpg\"\n                        srcset=\"https:\/\/akropolis.lt\/klaipeda\/wp-content\/uploads\/sites\/2\/2025\/06\/17031612028412-300x300.jpg 300w, https:\/\/akropolis.lt\/klaipeda\/wp-content\/uploads\/sites\/2\/2025\/06\/17031612028412-150x150.jpg 150w, https:\/\/akropolis.lt\/klaipeda\/wp-content\/uploads\/sites\/2\/2025\/06\/17031612028412.jpg 431w\"\n                        alt=\"\"\/>\n\n            \n        \n                    <h2 class=\"h7 service-title\">\n                AKROPOLIS INFORMATION DESKS            <\/h2>\n        \n        \n        <div class=\"link service-cta\">\n            <span>Learn more<\/span>\n        <\/div>\n    <\/div>\n<\/a>\n\n<a href=\"https:\/\/akropolis.lt\/klaipeda\/en\/automatic-heart-defibriliator\/\" class=\"service-card card-item sm-col-span-12 md-col-span-6 col-span-4\">\n    <div class=\"content-wrapper\">\n        \n                                            <img\n                        class=\"service-icon force-no-contrast\"\n                        src=\"https:\/\/akropolis.lt\/klaipeda\/wp-content\/uploads\/sites\/2\/2025\/06\/660577a3952c1.jpg\"\n                        srcset=\"https:\/\/akropolis.lt\/klaipeda\/wp-content\/uploads\/sites\/2\/2025\/06\/660577a3952c1-300x300.jpg 300w, https:\/\/akropolis.lt\/klaipeda\/wp-content\/uploads\/sites\/2\/2025\/06\/660577a3952c1-1024x1024.jpg 1024w, https:\/\/akropolis.lt\/klaipeda\/wp-content\/uploads\/sites\/2\/2025\/06\/660577a3952c1-150x150.jpg 150w, https:\/\/akropolis.lt\/klaipeda\/wp-content\/uploads\/sites\/2\/2025\/06\/660577a3952c1-768x768.jpg 768w, https:\/\/akropolis.lt\/klaipeda\/wp-content\/uploads\/sites\/2\/2025\/06\/660577a3952c1-1080x1080.jpg 1080w, https:\/\/akropolis.lt\/klaipeda\/wp-content\/uploads\/sites\/2\/2025\/06\/660577a3952c1.jpg 1202w\"\n                        alt=\"\"\/>\n\n            \n        \n                    <h2 class=\"h7 service-title\">\n                AUTOMATIC HEART DEFIBRILIATORS            <\/h2>\n        \n                    <div class=\"service-description wysiwyg\">\n                <p>In case of heart failure, it is especially important to find the nearest cardiac defibrillator as quickly as possible.<\/p>\n<p>These signs clearly indicate where automated cardiac defibrillators (AEDs) are positioned.<\/p>\n            <\/div>\n        \n        <div class=\"link service-cta\">\n            <span>Learn more<\/span>\n        <\/div>\n    <\/div>\n<\/a>\n\n<a href=\"https:\/\/akropolis.lt\/klaipeda\/en\/self-service-wardrobe-and-goods-storage\/\" class=\"service-card card-item sm-col-span-12 md-col-span-6 col-span-4\">\n    <div class=\"content-wrapper\">\n        \n                                            <img\n                        class=\"service-icon force-no-contrast\"\n                        src=\"https:\/\/akropolis.lt\/klaipeda\/wp-content\/uploads\/sites\/2\/2025\/06\/67038f5d17412.jpg\"\n                        srcset=\"https:\/\/akropolis.lt\/klaipeda\/wp-content\/uploads\/sites\/2\/2025\/06\/67038f5d17412-300x300.jpg 300w, https:\/\/akropolis.lt\/klaipeda\/wp-content\/uploads\/sites\/2\/2025\/06\/67038f5d17412-150x150.jpg 150w, https:\/\/akropolis.lt\/klaipeda\/wp-content\/uploads\/sites\/2\/2025\/06\/67038f5d17412.jpg 431w\"\n                        alt=\"\"\/>\n\n            \n        \n                    <h2 class=\"h7 service-title\">\n                SELF-SERVICE WARDROBES AND GOODS STORAGE            <\/h2>\n        \n                    <div class=\"service-description wysiwyg\">\n                <p>For your convenience, self-service storage rooms are provided where you can put things or outerwear. The service is free.<\/p>\n            <\/div>\n        \n        <div class=\"link service-cta\">\n            <span>Learn more<\/span>\n        <\/div>\n    <\/div>\n<\/a>\n\n<a href=\"https:\/\/akropolis.lt\/klaipeda\/en\/shop\/taros-surinkimas\/\" class=\"service-card card-item sm-col-span-12 md-col-span-6 col-span-4\">\n    <div class=\"content-wrapper\">\n        \n                                            <img\n                        class=\"service-icon force-no-contrast\"\n                        src=\"https:\/\/akropolis.lt\/klaipeda\/wp-content\/uploads\/sites\/2\/2025\/06\/17031624046896.jpg\"\n                        srcset=\"https:\/\/akropolis.lt\/klaipeda\/wp-content\/uploads\/sites\/2\/2025\/06\/17031624046896-300x300.jpg 300w, https:\/\/akropolis.lt\/klaipeda\/wp-content\/uploads\/sites\/2\/2025\/06\/17031624046896-150x150.jpg 150w, https:\/\/akropolis.lt\/klaipeda\/wp-content\/uploads\/sites\/2\/2025\/06\/17031624046896.jpg 431w\"\n                        alt=\"\"\/>\n\n            \n        \n                    <h2 class=\"h7 service-title\">\n                TAROS SURINKIMAS            <\/h2>\n        \n        \n        <div class=\"link service-cta\">\n            <span>Learn more<\/span>\n        <\/div>\n    <\/div>\n<\/a>\n\n<a href=\"https:\/\/akropolis.lt\/klaipeda\/en\/shop\/tekstiles-surinkimo-konteineris\/\" class=\"service-card card-item sm-col-span-12 md-col-span-6 col-span-4\">\n    <div class=\"content-wrapper\">\n        \n                                            <img\n                        class=\"service-icon force-no-contrast\"\n                        src=\"https:\/\/akropolis.lt\/klaipeda\/wp-content\/uploads\/sites\/2\/2025\/06\/17031626000677.jpg\"\n                        srcset=\"https:\/\/akropolis.lt\/klaipeda\/wp-content\/uploads\/sites\/2\/2025\/06\/17031626000677-300x300.jpg 300w, https:\/\/akropolis.lt\/klaipeda\/wp-content\/uploads\/sites\/2\/2025\/06\/17031626000677-150x150.jpg 150w, https:\/\/akropolis.lt\/klaipeda\/wp-content\/uploads\/sites\/2\/2025\/06\/17031626000677.jpg 431w\"\n                        alt=\"\"\/>\n\n            \n        \n                    <h2 class=\"h7 service-title\">\n                TEKSTIL\u0116S SURINKIMO KONTEINERIS            <\/h2>\n        \n        \n        <div class=\"link service-cta\">\n            <span>Learn more<\/span>\n        <\/div>\n    <\/div>\n<\/a>\n\n<a href=\"https:\/\/akropolis.lt\/klaipeda\/en\/wheelchair-point\/\" class=\"service-card card-item sm-col-span-12 md-col-span-6 col-span-4\">\n    <div class=\"content-wrapper\">\n        \n                                            <img\n                        class=\"service-icon force-no-contrast\"\n                        src=\"https:\/\/akropolis.lt\/klaipeda\/wp-content\/uploads\/sites\/2\/2025\/06\/667e4df377013.jpg\"\n                        srcset=\"https:\/\/akropolis.lt\/klaipeda\/wp-content\/uploads\/sites\/2\/2025\/06\/667e4df377013-300x300.jpg 300w, https:\/\/akropolis.lt\/klaipeda\/wp-content\/uploads\/sites\/2\/2025\/06\/667e4df377013-150x150.jpg 150w, https:\/\/akropolis.lt\/klaipeda\/wp-content\/uploads\/sites\/2\/2025\/06\/667e4df377013.jpg 431w\"\n                        alt=\"\"\/>\n\n            \n        \n                    <h2 class=\"h7 service-title\">\n                WHEELCHAIR STOPS            <\/h2>\n        \n                    <div class=\"service-description wysiwyg\">\n                <p>At AKROPOLIS, you will find wheelchairs for people with disabilities, seniors, those who have suffered trauma, or those who have difficulty moving around.<\/p>\n<p>We hope that from now on, your visit to Akropolis will be more comfortable.<\/p>\n            <\/div>\n        \n        <div class=\"link service-cta\">\n            <span>Learn more<\/span>\n        <\/div>\n    <\/div>\n<\/a>\n\n<a href=\"https:\/\/akropolis.lt\/klaipeda\/en\/childrens-playground\/\" class=\"service-card card-item sm-col-span-12 md-col-span-6 col-span-4\">\n    <div class=\"content-wrapper\">\n        \n                                            <img\n                        class=\"service-icon force-no-contrast\"\n                        src=\"https:\/\/akropolis.lt\/klaipeda\/wp-content\/uploads\/sites\/2\/2025\/06\/17132673895306.jpg\"\n                        srcset=\"https:\/\/akropolis.lt\/klaipeda\/wp-content\/uploads\/sites\/2\/2025\/06\/17132673895306-300x300.jpg 300w, https:\/\/akropolis.lt\/klaipeda\/wp-content\/uploads\/sites\/2\/2025\/06\/17132673895306-1024x1024.jpg 1024w, https:\/\/akropolis.lt\/klaipeda\/wp-content\/uploads\/sites\/2\/2025\/06\/17132673895306-150x150.jpg 150w, https:\/\/akropolis.lt\/klaipeda\/wp-content\/uploads\/sites\/2\/2025\/06\/17132673895306-768x768.jpg 768w, https:\/\/akropolis.lt\/klaipeda\/wp-content\/uploads\/sites\/2\/2025\/06\/17132673895306-1080x1080.jpg 1080w, https:\/\/akropolis.lt\/klaipeda\/wp-content\/uploads\/sites\/2\/2025\/06\/17132673895306.jpg 1202w\"\n                        alt=\"\"\/>\n\n            \n        \n                    <h2 class=\"h7 service-title\">\n                CHILDREN&#8217;S PLAYGROUNDS            <\/h2>\n        \n                    <div class=\"service-description wysiwyg\">\n                <p>Parents with small children will find a visit to Klaip\u0117da&#8217;s Akropolis shopping center more convenient and enjoyable. The shopping and entertainment center has two free playgrounds for children aged 1\u20138.<\/p>\n<p>The playgrounds, which cover areas of 34.5 square meters and 44.8 square meters, are decorated with themes of animals from different parts of the world. In one area, children can play among playfully depicted ocean animals, while in the other, they can play among South American animals.<\/p>\n<p>The playgrounds are equipped with modern, safe, colorful climbing and balancing equipment, slides, and educational game boards that reflect the chosen themes with various design elements.<\/p>\n<p>The new playgrounds are located in Lietuvinink\u0173 Square next to the Delano self-service restaurant and on Pranc\u016bz\u0173 Alley next to the Lindex store. They are open during the shopping and entertainment center&#8217;s operating hours, every day from 8 a.m. to 10 p.m.<\/p>\n<p>We wish our little visitors a fun time in the new play areas! We would like to remind their accompanying relatives that no childcare services are provided in these free playgrounds, so parents or guardians are responsible for the safety and proper behavior of their children.<\/p>\n            <\/div>\n        \n        <div class=\"link service-cta\">\n            <span>Learn more<\/span>\n        <\/div>\n    <\/div>\n<\/a>\n\n<a href=\"https:\/\/akropolis.lt\/klaipeda\/en\/child-care-rooms\/\" class=\"service-card card-item sm-col-span-12 md-col-span-6 col-span-4\">\n    <div class=\"content-wrapper\">\n        \n                                            <img\n                        class=\"service-icon force-no-contrast\"\n                        src=\"https:\/\/akropolis.lt\/klaipeda\/wp-content\/uploads\/sites\/2\/2025\/06\/661d263a987ee.jpg\"\n                        srcset=\"https:\/\/akropolis.lt\/klaipeda\/wp-content\/uploads\/sites\/2\/2025\/06\/661d263a987ee-300x300.jpg 300w, https:\/\/akropolis.lt\/klaipeda\/wp-content\/uploads\/sites\/2\/2025\/06\/661d263a987ee-150x150.jpg 150w, https:\/\/akropolis.lt\/klaipeda\/wp-content\/uploads\/sites\/2\/2025\/06\/661d263a987ee.jpg 431w\"\n                        alt=\"\"\/>\n\n            \n        \n                    <h2 class=\"h7 service-title\">\n                CHILDCARE ROOMS            <\/h2>\n        \n                    <div class=\"service-description wysiwyg\">\n                <p>The childcare room is equipped with what parents with babies need most \u2013 a changing\u00a0board, an armchair, a microwave oven.<\/p>\n            <\/div>\n        \n        <div class=\"link service-cta\">\n            <span>Learn more<\/span>\n        <\/div>\n    <\/div>\n<\/a>\n                    <\/div>\n                \n            \n        <\/div>\n    <\/section>\n\n<script>window.dispatchEvent( new Event('acf\/loaded\/post-cards-list'));<\/script>","protected":false},"excerpt":{"rendered":"","protected":false},"author":1,"featured_media":0,"parent":0,"menu_order":0,"comment_status":"closed","ping_status":"closed","template":"","meta":{"_acf_changed":false,"footnotes":""},"class_list":["post-3006","page","type-page","status-publish","hentry"],"acf":[],"yoast_head":"<!-- This site is optimized with the Yoast SEO plugin v27.2 - https:\/\/yoast.com\/product\/yoast-seo-wordpress\/ -->\n<title>Free amenities - Akropolis Klaip\u0117da<\/title>\n<meta name=\"robots\" content=\"index, follow, max-snippet:-1, max-image-preview:large, max-video-preview:-1\" \/>\n<link rel=\"canonical\" href=\"https:\/\/akropolis.lt\/klaipeda\/en\/free-amenities\/\" \/>\n<meta property=\"og:locale\" content=\"en_US\" \/>\n<meta property=\"og:type\" content=\"article\" \/>\n<meta property=\"og:title\" content=\"Free amenities - Akropolis Klaip\u0117da\" \/>\n<meta property=\"og:url\" content=\"https:\/\/akropolis.lt\/klaipeda\/en\/free-amenities\/\" \/>\n<meta property=\"og:site_name\" content=\"Akropolis Klaip\u0117da\" \/>\n<meta property=\"article:modified_time\" content=\"2025-09-16T14:27:25+00:00\" \/>\n<meta property=\"og:image\" content=\"https:\/\/akropolis.lt\/klaipeda\/wp-content\/uploads\/sites\/2\/2025\/12\/OG-image.png\" \/>\n\t<meta property=\"og:image:width\" content=\"1200\" \/>\n\t<meta property=\"og:image:height\" content=\"630\" \/>\n\t<meta property=\"og:image:type\" content=\"image\/png\" \/>\n<meta name=\"twitter:card\" content=\"summary_large_image\" \/>\n<script type=\"application\/ld+json\" class=\"yoast-schema-graph\">{\"@context\":\"https:\/\/schema.org\",\"@graph\":[{\"@type\":\"WebPage\",\"@id\":\"https:\/\/akropolis.lt\/klaipeda\/en\/free-amenities\/\",\"url\":\"https:\/\/akropolis.lt\/klaipeda\/en\/free-amenities\/\",\"name\":\"Free amenities - Akropolis Klaip\u0117da\",\"isPartOf\":{\"@id\":\"https:\/\/akropolis.lt\/klaipeda\/en\/#website\"},\"datePublished\":\"2025-04-07T10:14:15+00:00\",\"dateModified\":\"2025-09-16T14:27:25+00:00\",\"breadcrumb\":{\"@id\":\"https:\/\/akropolis.lt\/klaipeda\/en\/free-amenities\/#breadcrumb\"},\"inLanguage\":\"en-US\",\"potentialAction\":[{\"@type\":\"ReadAction\",\"target\":[\"https:\/\/akropolis.lt\/klaipeda\/en\/free-amenities\/\"]}]},{\"@type\":\"BreadcrumbList\",\"@id\":\"https:\/\/akropolis.lt\/klaipeda\/en\/free-amenities\/#breadcrumb\",\"itemListElement\":[{\"@type\":\"ListItem\",\"position\":1,\"name\":\"Home\",\"item\":\"https:\/\/akropolis.lt\/klaipeda\/en\/\"},{\"@type\":\"ListItem\",\"position\":2,\"name\":\"Free amenities\"}]},{\"@type\":\"WebSite\",\"@id\":\"https:\/\/akropolis.lt\/klaipeda\/en\/#website\",\"url\":\"https:\/\/akropolis.lt\/klaipeda\/en\/\",\"name\":\"Akropolis Klaip\u0117da\",\"description\":\"\",\"publisher\":{\"@id\":\"https:\/\/akropolis.lt\/klaipeda\/en\/#organization\"},\"potentialAction\":[{\"@type\":\"SearchAction\",\"target\":{\"@type\":\"EntryPoint\",\"urlTemplate\":\"https:\/\/akropolis.lt\/klaipeda\/en\/?s={search_term_string}\"},\"query-input\":{\"@type\":\"PropertyValueSpecification\",\"valueRequired\":true,\"valueName\":\"search_term_string\"}}],\"inLanguage\":\"en-US\"},{\"@type\":\"Organization\",\"@id\":\"https:\/\/akropolis.lt\/klaipeda\/en\/#organization\",\"name\":\"Akropolis Klaip\u0117da\",\"url\":\"https:\/\/akropolis.lt\/klaipeda\/en\/\",\"logo\":{\"@type\":\"ImageObject\",\"inLanguage\":\"en-US\",\"@id\":\"https:\/\/akropolis.lt\/klaipeda\/en\/#\/schema\/logo\/image\/\",\"url\":\"https:\/\/akropolis.lt\/klaipeda\/wp-content\/uploads\/sites\/2\/2025\/06\/image.png\",\"contentUrl\":\"https:\/\/akropolis.lt\/klaipeda\/wp-content\/uploads\/sites\/2\/2025\/06\/image.png\",\"width\":650,\"height\":650,\"caption\":\"Akropolis Klaip\u0117da\"},\"image\":{\"@id\":\"https:\/\/akropolis.lt\/klaipeda\/en\/#\/schema\/logo\/image\/\"}}]}<\/script>\n<!-- \/ Yoast SEO plugin. -->","yoast_head_json":{"title":"Free amenities - Akropolis Klaip\u0117da","robots":{"index":"index","follow":"follow","max-snippet":"max-snippet:-1","max-image-preview":"max-image-preview:large","max-video-preview":"max-video-preview:-1"},"canonical":"https:\/\/akropolis.lt\/klaipeda\/en\/free-amenities\/","og_locale":"en_US","og_type":"article","og_title":"Free amenities - Akropolis Klaip\u0117da","og_url":"https:\/\/akropolis.lt\/klaipeda\/en\/free-amenities\/","og_site_name":"Akropolis Klaip\u0117da","article_modified_time":"2025-09-16T14:27:25+00:00","og_image":[{"width":1200,"height":630,"url":"https:\/\/akropolis.lt\/klaipeda\/wp-content\/uploads\/sites\/2\/2025\/12\/OG-image.png","type":"image\/png"}],"twitter_card":"summary_large_image","schema":{"@context":"https:\/\/schema.org","@graph":[{"@type":"WebPage","@id":"https:\/\/akropolis.lt\/klaipeda\/en\/free-amenities\/","url":"https:\/\/akropolis.lt\/klaipeda\/en\/free-amenities\/","name":"Free amenities - Akropolis Klaip\u0117da","isPartOf":{"@id":"https:\/\/akropolis.lt\/klaipeda\/en\/#website"},"datePublished":"2025-04-07T10:14:15+00:00","dateModified":"2025-09-16T14:27:25+00:00","breadcrumb":{"@id":"https:\/\/akropolis.lt\/klaipeda\/en\/free-amenities\/#breadcrumb"},"inLanguage":"en-US","potentialAction":[{"@type":"ReadAction","target":["https:\/\/akropolis.lt\/klaipeda\/en\/free-amenities\/"]}]},{"@type":"BreadcrumbList","@id":"https:\/\/akropolis.lt\/klaipeda\/en\/free-amenities\/#breadcrumb","itemListElement":[{"@type":"ListItem","position":1,"name":"Home","item":"https:\/\/akropolis.lt\/klaipeda\/en\/"},{"@type":"ListItem","position":2,"name":"Free amenities"}]},{"@type":"WebSite","@id":"https:\/\/akropolis.lt\/klaipeda\/en\/#website","url":"https:\/\/akropolis.lt\/klaipeda\/en\/","name":"Akropolis Klaip\u0117da","description":"","publisher":{"@id":"https:\/\/akropolis.lt\/klaipeda\/en\/#organization"},"potentialAction":[{"@type":"SearchAction","target":{"@type":"EntryPoint","urlTemplate":"https:\/\/akropolis.lt\/klaipeda\/en\/?s={search_term_string}"},"query-input":{"@type":"PropertyValueSpecification","valueRequired":true,"valueName":"search_term_string"}}],"inLanguage":"en-US"},{"@type":"Organization","@id":"https:\/\/akropolis.lt\/klaipeda\/en\/#organization","name":"Akropolis Klaip\u0117da","url":"https:\/\/akropolis.lt\/klaipeda\/en\/","logo":{"@type":"ImageObject","inLanguage":"en-US","@id":"https:\/\/akropolis.lt\/klaipeda\/en\/#\/schema\/logo\/image\/","url":"https:\/\/akropolis.lt\/klaipeda\/wp-content\/uploads\/sites\/2\/2025\/06\/image.png","contentUrl":"https:\/\/akropolis.lt\/klaipeda\/wp-content\/uploads\/sites\/2\/2025\/06\/image.png","width":650,"height":650,"caption":"Akropolis Klaip\u0117da"},"image":{"@id":"https:\/\/akropolis.lt\/klaipeda\/en\/#\/schema\/logo\/image\/"}}]}},"_links":{"self":[{"href":"https:\/\/akropolis.lt\/klaipeda\/en\/wp-json\/wp\/v2\/pages\/3006","targetHints":{"allow":["GET"]}}],"collection":[{"href":"https:\/\/akropolis.lt\/klaipeda\/en\/wp-json\/wp\/v2\/pages"}],"about":[{"href":"https:\/\/akropolis.lt\/klaipeda\/en\/wp-json\/wp\/v2\/types\/page"}],"author":[{"embeddable":true,"href":"https:\/\/akropolis.lt\/klaipeda\/en\/wp-json\/wp\/v2\/users\/1"}],"replies":[{"embeddable":true,"href":"https:\/\/akropolis.lt\/klaipeda\/en\/wp-json\/wp\/v2\/comments?post=3006"}],"version-history":[{"count":10,"href":"https:\/\/akropolis.lt\/klaipeda\/en\/wp-json\/wp\/v2\/pages\/3006\/revisions"}],"predecessor-version":[{"id":7904,"href":"https:\/\/akropolis.lt\/klaipeda\/en\/wp-json\/wp\/v2\/pages\/3006\/revisions\/7904"}],"wp:attachment":[{"href":"https:\/\/akropolis.lt\/klaipeda\/en\/wp-json\/wp\/v2\/media?parent=3006"}],"curies":[{"name":"wp","href":"https:\/\/api.w.org\/{rel}","templated":true}]}}