{"id":7820,"date":"2025-09-10T13:14:24","date_gmt":"2025-09-10T13:14:24","guid":{"rendered":"https:\/\/akropolis.lt\/klaipeda\/?page_id=7820"},"modified":"2025-09-15T15:37:10","modified_gmt":"2025-09-15T15:37:10","slug":"childrens-playground","status":"publish","type":"page","link":"https:\/\/akropolis.lt\/klaipeda\/en\/free-amenities\/childrens-playground\/","title":{"rendered":"Children&#8217;s Playgrounds"},"content":{"rendered":"\n    <section id=\"post-cards-list-block-68c5a6eaaf3f7\" class=\"post-cards-list\">\n        <div class=\"container\">\n\n                                                <h1 class=\"h4 title\">Children&#039;s Playgrounds<\/h1>\n                \n                            \n            \n                                    <div class=\"cards-list\">\n                        \n<a href=\"https:\/\/akropolis.lt\/klaipeda\/en\/shop\/vaiku-zaidimu-aikstele-i\/\" class=\"service-card card-item sm-col-span-12 md-col-span-6 col-span-4\">\n    <div class=\"content-wrapper\">\n        \n                                            <img\n                        class=\"service-icon force-no-contrast\"\n                        src=\"https:\/\/akropolis.lt\/klaipeda\/wp-content\/uploads\/sites\/2\/2025\/06\/17132673769816.jpg\"\n                        srcset=\"https:\/\/akropolis.lt\/klaipeda\/wp-content\/uploads\/sites\/2\/2025\/06\/17132673769816-300x300.jpg 300w, https:\/\/akropolis.lt\/klaipeda\/wp-content\/uploads\/sites\/2\/2025\/06\/17132673769816-1024x1024.jpg 1024w, https:\/\/akropolis.lt\/klaipeda\/wp-content\/uploads\/sites\/2\/2025\/06\/17132673769816-150x150.jpg 150w, https:\/\/akropolis.lt\/klaipeda\/wp-content\/uploads\/sites\/2\/2025\/06\/17132673769816-768x768.jpg 768w, https:\/\/akropolis.lt\/klaipeda\/wp-content\/uploads\/sites\/2\/2025\/06\/17132673769816-1080x1080.jpg 1080w, https:\/\/akropolis.lt\/klaipeda\/wp-content\/uploads\/sites\/2\/2025\/06\/17132673769816.jpg 1202w\"\n                        alt=\"\"\/>\n\n            \n        \n                    <h2 class=\"h7 service-title\">\n                VAIK\u0172 \u017dAIDIM\u0172 AIK\u0160TEL\u0116 I            <\/h2>\n        \n                    <div class=\"service-description wysiwyg\">\n                <p>For parents with small children, a visit to Klaip\u0117da&#039;s AKROPOLIS is more convenient and meaningful. There are two free playgrounds on the premises of the shopping and entertainment center for children aged 1-8 years.<br \/>\nPlaygrounds with an area of 34.5 square meters. meters and 44.8 sq. meters, equipped with the theme of animals from different areas of the world. In one space, children will be entertained by playfully depicted ocean animals, and in another, South American animals in the background.<br \/>\nThe playgrounds are equipped with modern, safe, colorful climbing and balancing devices, slides, and educational game boards reflecting the selected themes with various design elements.<br \/>\nThe new playgrounds are located in Lietuvinink\u0173 sq. near the DELANO self-service restaurant and in Pranc\u016bz\u0173 sq. near the LINDEX store. They are open during the working hours of the shopping and entertainment center &#8211; daily from 8:00 a.m. to 10:00 p.m.<br \/>\nWe wish our little visitors a fun time in the new play areas! We remind the relatives accompanying them that childcare services are not provided at these free parking lots, so their parents or guardians are responsible for the children&#039;s safety and proper behavior.<\/p>\n            <\/div>\n        \n        <div class=\"link service-cta\">\n            <span>Learn more<\/span>\n        <\/div>\n    <\/div>\n<\/a>\n\n<a href=\"https:\/\/akropolis.lt\/klaipeda\/en\/shop\/vaiku-zaidimu-aikstele-ii\/\" class=\"service-card card-item sm-col-span-12 md-col-span-6 col-span-4\">\n    <div class=\"content-wrapper\">\n        \n                                            <img\n                        class=\"service-icon force-no-contrast\"\n                        src=\"https:\/\/akropolis.lt\/klaipeda\/wp-content\/uploads\/sites\/2\/2025\/06\/17132673895306.jpg\"\n                        srcset=\"https:\/\/akropolis.lt\/klaipeda\/wp-content\/uploads\/sites\/2\/2025\/06\/17132673895306-300x300.jpg 300w, https:\/\/akropolis.lt\/klaipeda\/wp-content\/uploads\/sites\/2\/2025\/06\/17132673895306-1024x1024.jpg 1024w, https:\/\/akropolis.lt\/klaipeda\/wp-content\/uploads\/sites\/2\/2025\/06\/17132673895306-150x150.jpg 150w, https:\/\/akropolis.lt\/klaipeda\/wp-content\/uploads\/sites\/2\/2025\/06\/17132673895306-768x768.jpg 768w, https:\/\/akropolis.lt\/klaipeda\/wp-content\/uploads\/sites\/2\/2025\/06\/17132673895306-1080x1080.jpg 1080w, https:\/\/akropolis.lt\/klaipeda\/wp-content\/uploads\/sites\/2\/2025\/06\/17132673895306.jpg 1202w\"\n                        alt=\"\"\/>\n\n            \n        \n                    <h2 class=\"h7 service-title\">\n                VAIK\u0172 \u017dAIDIM\u0172 AIK\u0160TEL\u0116 II            <\/h2>\n        \n                    <div class=\"service-description wysiwyg\">\n                <p>For parents with small children, a visit to Klaip\u0117da&#039;s AKROPOLIS is more convenient and meaningful. There are two free playgrounds on the premises of the shopping and entertainment center for children aged 1-8 years.<br \/>\nPlaygrounds with an area of 34.5 square meters. meters and 44.8 sq. meters, equipped with the theme of animals from different areas of the world. In one space, children will be entertained by playfully depicted ocean animals, and in another, South American animals in the background.<br \/>\nThe playgrounds are equipped with modern, safe, colorful climbing and balancing devices, slides, and educational game boards reflecting the selected themes with various design elements.<br \/>\nThe new playgrounds are located in Lietuvinink\u0173 sq. near the DELANO self-service restaurant and in Pranc\u016bz\u0173 sq. near the LINDEX store. They are open during the working hours of the shopping and entertainment center &#8211; daily from 8:00 a.m. to 10:00 p.m.<br \/>\nWe wish our little visitors a fun time in the new play areas! We remind the relatives accompanying them that childcare services are not provided at these free parking lots, so their parents or guardians are responsible for the children&#039;s safety and proper behavior.<\/p>\n            <\/div>\n        \n        <div class=\"link service-cta\">\n            <span>Learn more<\/span>\n        <\/div>\n    <\/div>\n<\/a>\n                    <\/div>\n                \n            \n        <\/div>\n    <\/section>\n\n<script>window.dispatchEvent( new Event('acf\/loaded\/post-cards-list'));<\/script>","protected":false},"excerpt":{"rendered":"","protected":false},"author":1,"featured_media":0,"parent":3006,"menu_order":0,"comment_status":"closed","ping_status":"closed","template":"","meta":{"_acf_changed":false,"footnotes":""},"class_list":["post-7820","page","type-page","status-publish","hentry"],"acf":[],"yoast_head":"<!-- This site is optimized with the Yoast SEO plugin v27.2 - https:\/\/yoast.com\/product\/yoast-seo-wordpress\/ -->\n<title>Children&#039;s Playgrounds - Akropolis Klaip\u0117da<\/title>\n<meta name=\"robots\" content=\"index, follow, max-snippet:-1, max-image-preview:large, max-video-preview:-1\" \/>\n<link rel=\"canonical\" href=\"https:\/\/akropolis.lt\/klaipeda\/en\/free-amenities\/childrens-playground\/\" \/>\n<meta property=\"og:locale\" content=\"en_US\" \/>\n<meta property=\"og:type\" content=\"article\" \/>\n<meta property=\"og:title\" content=\"Children&#039;s Playgrounds - Akropolis Klaip\u0117da\" \/>\n<meta property=\"og:url\" content=\"https:\/\/akropolis.lt\/klaipeda\/en\/free-amenities\/childrens-playground\/\" \/>\n<meta property=\"og:site_name\" content=\"Akropolis Klaip\u0117da\" \/>\n<meta property=\"article:modified_time\" content=\"2025-09-15T15:37:10+00:00\" \/>\n<meta property=\"og:image\" content=\"https:\/\/akropolis.lt\/klaipeda\/wp-content\/uploads\/sites\/2\/2025\/12\/OG-image.png\" \/>\n\t<meta property=\"og:image:width\" content=\"1200\" \/>\n\t<meta property=\"og:image:height\" content=\"630\" \/>\n\t<meta property=\"og:image:type\" content=\"image\/png\" \/>\n<meta name=\"twitter:card\" content=\"summary_large_image\" \/>\n<script type=\"application\/ld+json\" class=\"yoast-schema-graph\">{\"@context\":\"https:\/\/schema.org\",\"@graph\":[{\"@type\":\"WebPage\",\"@id\":\"https:\/\/akropolis.lt\/klaipeda\/en\/free-amenities\/childrens-playground\/\",\"url\":\"https:\/\/akropolis.lt\/klaipeda\/en\/free-amenities\/childrens-playground\/\",\"name\":\"Children's Playgrounds - Akropolis Klaip\u0117da\",\"isPartOf\":{\"@id\":\"https:\/\/akropolis.lt\/klaipeda\/en\/#website\"},\"datePublished\":\"2025-09-10T13:14:24+00:00\",\"dateModified\":\"2025-09-15T15:37:10+00:00\",\"breadcrumb\":{\"@id\":\"https:\/\/akropolis.lt\/klaipeda\/en\/free-amenities\/childrens-playground\/#breadcrumb\"},\"inLanguage\":\"en-US\",\"potentialAction\":[{\"@type\":\"ReadAction\",\"target\":[\"https:\/\/akropolis.lt\/klaipeda\/en\/free-amenities\/childrens-playground\/\"]}]},{\"@type\":\"BreadcrumbList\",\"@id\":\"https:\/\/akropolis.lt\/klaipeda\/en\/free-amenities\/childrens-playground\/#breadcrumb\",\"itemListElement\":[{\"@type\":\"ListItem\",\"position\":1,\"name\":\"Home\",\"item\":\"https:\/\/akropolis.lt\/klaipeda\/en\/\"},{\"@type\":\"ListItem\",\"position\":2,\"name\":\"Free amenities\",\"item\":\"https:\/\/akropolis.lt\/klaipeda\/en\/free-amenities\/\"},{\"@type\":\"ListItem\",\"position\":3,\"name\":\"Children&#8217;s Playgrounds\"}]},{\"@type\":\"WebSite\",\"@id\":\"https:\/\/akropolis.lt\/klaipeda\/en\/#website\",\"url\":\"https:\/\/akropolis.lt\/klaipeda\/en\/\",\"name\":\"Akropolis Klaip\u0117da\",\"description\":\"\",\"publisher\":{\"@id\":\"https:\/\/akropolis.lt\/klaipeda\/en\/#organization\"},\"potentialAction\":[{\"@type\":\"SearchAction\",\"target\":{\"@type\":\"EntryPoint\",\"urlTemplate\":\"https:\/\/akropolis.lt\/klaipeda\/en\/?s={search_term_string}\"},\"query-input\":{\"@type\":\"PropertyValueSpecification\",\"valueRequired\":true,\"valueName\":\"search_term_string\"}}],\"inLanguage\":\"en-US\"},{\"@type\":\"Organization\",\"@id\":\"https:\/\/akropolis.lt\/klaipeda\/en\/#organization\",\"name\":\"Akropolis Klaip\u0117da\",\"url\":\"https:\/\/akropolis.lt\/klaipeda\/en\/\",\"logo\":{\"@type\":\"ImageObject\",\"inLanguage\":\"en-US\",\"@id\":\"https:\/\/akropolis.lt\/klaipeda\/en\/#\/schema\/logo\/image\/\",\"url\":\"https:\/\/akropolis.lt\/klaipeda\/wp-content\/uploads\/sites\/2\/2025\/06\/image.png\",\"contentUrl\":\"https:\/\/akropolis.lt\/klaipeda\/wp-content\/uploads\/sites\/2\/2025\/06\/image.png\",\"width\":650,\"height\":650,\"caption\":\"Akropolis Klaip\u0117da\"},\"image\":{\"@id\":\"https:\/\/akropolis.lt\/klaipeda\/en\/#\/schema\/logo\/image\/\"}}]}<\/script>\n<!-- \/ Yoast SEO plugin. -->","yoast_head_json":{"title":"Children's Playgrounds - Akropolis Klaip\u0117da","robots":{"index":"index","follow":"follow","max-snippet":"max-snippet:-1","max-image-preview":"max-image-preview:large","max-video-preview":"max-video-preview:-1"},"canonical":"https:\/\/akropolis.lt\/klaipeda\/en\/free-amenities\/childrens-playground\/","og_locale":"en_US","og_type":"article","og_title":"Children's Playgrounds - Akropolis Klaip\u0117da","og_url":"https:\/\/akropolis.lt\/klaipeda\/en\/free-amenities\/childrens-playground\/","og_site_name":"Akropolis Klaip\u0117da","article_modified_time":"2025-09-15T15:37:10+00:00","og_image":[{"width":1200,"height":630,"url":"https:\/\/akropolis.lt\/klaipeda\/wp-content\/uploads\/sites\/2\/2025\/12\/OG-image.png","type":"image\/png"}],"twitter_card":"summary_large_image","schema":{"@context":"https:\/\/schema.org","@graph":[{"@type":"WebPage","@id":"https:\/\/akropolis.lt\/klaipeda\/en\/free-amenities\/childrens-playground\/","url":"https:\/\/akropolis.lt\/klaipeda\/en\/free-amenities\/childrens-playground\/","name":"Children's Playgrounds - Akropolis Klaip\u0117da","isPartOf":{"@id":"https:\/\/akropolis.lt\/klaipeda\/en\/#website"},"datePublished":"2025-09-10T13:14:24+00:00","dateModified":"2025-09-15T15:37:10+00:00","breadcrumb":{"@id":"https:\/\/akropolis.lt\/klaipeda\/en\/free-amenities\/childrens-playground\/#breadcrumb"},"inLanguage":"en-US","potentialAction":[{"@type":"ReadAction","target":["https:\/\/akropolis.lt\/klaipeda\/en\/free-amenities\/childrens-playground\/"]}]},{"@type":"BreadcrumbList","@id":"https:\/\/akropolis.lt\/klaipeda\/en\/free-amenities\/childrens-playground\/#breadcrumb","itemListElement":[{"@type":"ListItem","position":1,"name":"Home","item":"https:\/\/akropolis.lt\/klaipeda\/en\/"},{"@type":"ListItem","position":2,"name":"Free amenities","item":"https:\/\/akropolis.lt\/klaipeda\/en\/free-amenities\/"},{"@type":"ListItem","position":3,"name":"Children&#8217;s Playgrounds"}]},{"@type":"WebSite","@id":"https:\/\/akropolis.lt\/klaipeda\/en\/#website","url":"https:\/\/akropolis.lt\/klaipeda\/en\/","name":"Akropolis Klaip\u0117da","description":"","publisher":{"@id":"https:\/\/akropolis.lt\/klaipeda\/en\/#organization"},"potentialAction":[{"@type":"SearchAction","target":{"@type":"EntryPoint","urlTemplate":"https:\/\/akropolis.lt\/klaipeda\/en\/?s={search_term_string}"},"query-input":{"@type":"PropertyValueSpecification","valueRequired":true,"valueName":"search_term_string"}}],"inLanguage":"en-US"},{"@type":"Organization","@id":"https:\/\/akropolis.lt\/klaipeda\/en\/#organization","name":"Akropolis Klaip\u0117da","url":"https:\/\/akropolis.lt\/klaipeda\/en\/","logo":{"@type":"ImageObject","inLanguage":"en-US","@id":"https:\/\/akropolis.lt\/klaipeda\/en\/#\/schema\/logo\/image\/","url":"https:\/\/akropolis.lt\/klaipeda\/wp-content\/uploads\/sites\/2\/2025\/06\/image.png","contentUrl":"https:\/\/akropolis.lt\/klaipeda\/wp-content\/uploads\/sites\/2\/2025\/06\/image.png","width":650,"height":650,"caption":"Akropolis Klaip\u0117da"},"image":{"@id":"https:\/\/akropolis.lt\/klaipeda\/en\/#\/schema\/logo\/image\/"}}]}},"_links":{"self":[{"href":"https:\/\/akropolis.lt\/klaipeda\/en\/wp-json\/wp\/v2\/pages\/7820","targetHints":{"allow":["GET"]}}],"collection":[{"href":"https:\/\/akropolis.lt\/klaipeda\/en\/wp-json\/wp\/v2\/pages"}],"about":[{"href":"https:\/\/akropolis.lt\/klaipeda\/en\/wp-json\/wp\/v2\/types\/page"}],"author":[{"embeddable":true,"href":"https:\/\/akropolis.lt\/klaipeda\/en\/wp-json\/wp\/v2\/users\/1"}],"replies":[{"embeddable":true,"href":"https:\/\/akropolis.lt\/klaipeda\/en\/wp-json\/wp\/v2\/comments?post=7820"}],"version-history":[{"count":2,"href":"https:\/\/akropolis.lt\/klaipeda\/en\/wp-json\/wp\/v2\/pages\/7820\/revisions"}],"predecessor-version":[{"id":7890,"href":"https:\/\/akropolis.lt\/klaipeda\/en\/wp-json\/wp\/v2\/pages\/7820\/revisions\/7890"}],"up":[{"embeddable":true,"href":"https:\/\/akropolis.lt\/klaipeda\/en\/wp-json\/wp\/v2\/pages\/3006"}],"wp:attachment":[{"href":"https:\/\/akropolis.lt\/klaipeda\/en\/wp-json\/wp\/v2\/media?parent=7820"}],"curies":[{"name":"wp","href":"https:\/\/api.w.org\/{rel}","templated":true}]}}