{"id":7808,"date":"2025-09-10T12:46:00","date_gmt":"2025-09-10T12:46:00","guid":{"rendered":"https:\/\/akropolis.lt\/klaipeda\/?page_id=7808"},"modified":"2025-09-15T14:47:55","modified_gmt":"2025-09-15T14:47:55","slug":"%d1%88%d0%ba%d0%b0%d1%84-%d1%81%d0%b0%d0%bc%d0%be%d0%be%d0%b1%d1%81%d0%bb%d1%83%d0%b6%d0%b8%d0%b2%d0%b0%d0%bd%d0%b8%d1%8f-%d0%b8-%d1%85%d1%80%d0%b0%d0%bd%d0%b5%d0%bd%d0%b8%d1%8f-%d1%82%d0%be%d0%b2","status":"publish","type":"page","link":"https:\/\/akropolis.lt\/klaipeda\/ru\/besplatnye-udobstva\/%d1%88%d0%ba%d0%b0%d1%84-%d1%81%d0%b0%d0%bc%d0%be%d0%be%d0%b1%d1%81%d0%bb%d1%83%d0%b6%d0%b8%d0%b2%d0%b0%d0%bd%d0%b8%d1%8f-%d0%b8-%d1%85%d1%80%d0%b0%d0%bd%d0%b5%d0%bd%d0%b8%d1%8f-%d1%82%d0%be%d0%b2\/","title":{"rendered":"\u0428\u043a\u0430\u0444\u044b \u0441\u0430\u043c\u043e\u043e\u0431\u0441\u043b\u0443\u0436\u0438\u0432\u0430\u043d\u0438\u044f \u0438 \u0445\u0440\u0430\u043d\u0435\u043d\u0438\u044f \u0442\u043e\u0432\u0430\u0440\u043e\u0432"},"content":{"rendered":"\n    <section id=\"post-cards-list-block-68c597af02e44\" class=\"post-cards-list\">\n        <div class=\"container\">\n\n                                                <h1 class=\"h4 title\">\u0428\u043a\u0430\u0444\u044b \u0441\u0430\u043c\u043e\u043e\u0431\u0441\u043b\u0443\u0436\u0438\u0432\u0430\u043d\u0438\u044f \u0438 \u0445\u0440\u0430\u043d\u0435\u043d\u0438\u044f \u0442\u043e\u0432\u0430\u0440\u043e\u0432<\/h1>\n                \n                            \n            \n                                    <div class=\"cards-list\">\n                        \n<a href=\"https:\/\/akropolis.lt\/klaipeda\/ru\/magazin\/savitarnos-drabuzine-ir-daiktu-saugojimo-spinta-i\/\" class=\"service-card card-item sm-col-span-12 md-col-span-6 col-span-4\">\n    <div class=\"content-wrapper\">\n        \n                                            <img\n                        class=\"service-icon force-no-contrast\"\n                        src=\"https:\/\/akropolis.lt\/klaipeda\/wp-content\/uploads\/sites\/2\/2025\/06\/67038f5d17412.jpg\"\n                        srcset=\"https:\/\/akropolis.lt\/klaipeda\/wp-content\/uploads\/sites\/2\/2025\/06\/67038f5d17412-300x300.jpg 300w, https:\/\/akropolis.lt\/klaipeda\/wp-content\/uploads\/sites\/2\/2025\/06\/67038f5d17412-150x150.jpg 150w, https:\/\/akropolis.lt\/klaipeda\/wp-content\/uploads\/sites\/2\/2025\/06\/67038f5d17412.jpg 431w\"\n                        alt=\"\"\/>\n\n            \n        \n                    <h2 class=\"h7 service-title\">\n                SAVITARNOS DRABU\u017dIN\u0116 IR DAIKT\u0172 SAUGOJIMO SPINTA I            <\/h2>\n        \n                    <div class=\"service-description wysiwyg\">\n                <p>\u0414\u043b\u044f \u0432\u0430\u0448\u0435\u0433\u043e \u0443\u0434\u043e\u0431\u0441\u0442\u0432\u0430 \u043f\u0440\u0435\u0434\u0443\u0441\u043c\u043e\u0442\u0440\u0435\u043d\u044b \u0441\u0430\u043c\u043e\u043e\u0431\u0441\u043b\u0443\u0436\u0438\u0432\u0430\u0435\u043c\u044b\u0435 \u043a\u0430\u043c\u0435\u0440\u044b \u0445\u0440\u0430\u043d\u0435\u043d\u0438\u044f \u0432\u0435\u0449\u0435\u0439, \u043a\u0443\u0434\u0430 \u043c\u043e\u0436\u043d\u043e \u043f\u043e\u043b\u043e\u0436\u0438\u0442\u044c \u0432\u0435\u0449\u0438 \u0438\u043b\u0438 \u0432\u0435\u0440\u0445\u043d\u044e\u044e \u043e\u0434\u0435\u0436\u0434\u0443. \u0423\u0441\u043b\u0443\u0433\u0430 \u0431\u0435\u0441\u043f\u043b\u0430\u0442\u043d\u0430.<\/p>\n            <\/div>\n        \n        <div class=\"link service-cta\">\n            <span>\u0423\u0437\u043d\u0430\u0442\u044c \u0431\u043e\u043b\u044c\u0448\u0435<\/span>\n        <\/div>\n    <\/div>\n<\/a>\n\n<a href=\"https:\/\/akropolis.lt\/klaipeda\/ru\/magazin\/savitarnos-drabuzine-ir-daiktu-saugojimo-spinta-ii\/\" class=\"service-card card-item sm-col-span-12 md-col-span-6 col-span-4\">\n    <div class=\"content-wrapper\">\n        \n                                            <img\n                        class=\"service-icon force-no-contrast\"\n                        src=\"https:\/\/akropolis.lt\/klaipeda\/wp-content\/uploads\/sites\/2\/2025\/06\/17031621111251.jpg\"\n                        srcset=\"https:\/\/akropolis.lt\/klaipeda\/wp-content\/uploads\/sites\/2\/2025\/06\/17031621111251-300x300.jpg 300w, https:\/\/akropolis.lt\/klaipeda\/wp-content\/uploads\/sites\/2\/2025\/06\/17031621111251-150x150.jpg 150w, https:\/\/akropolis.lt\/klaipeda\/wp-content\/uploads\/sites\/2\/2025\/06\/17031621111251.jpg 431w\"\n                        alt=\"\"\/>\n\n            \n        \n                    <h2 class=\"h7 service-title\">\n                SAVITARNOS DRABU\u017dIN\u0116 IR DAIKT\u0172 SAUGOJIMO SPINTA II            <\/h2>\n        \n                    <div class=\"service-description wysiwyg\">\n                <p>\u0414\u043b\u044f \u0432\u0430\u0448\u0435\u0433\u043e \u0443\u0434\u043e\u0431\u0441\u0442\u0432\u0430 \u043f\u0440\u0435\u0434\u0443\u0441\u043c\u043e\u0442\u0440\u0435\u043d\u044b \u0441\u0430\u043c\u043e\u043e\u0431\u0441\u043b\u0443\u0436\u0438\u0432\u0430\u0435\u043c\u044b\u0435 \u043a\u0430\u043c\u0435\u0440\u044b \u0445\u0440\u0430\u043d\u0435\u043d\u0438\u044f \u0432\u0435\u0449\u0435\u0439, \u043a\u0443\u0434\u0430 \u043c\u043e\u0436\u043d\u043e \u043f\u043e\u043b\u043e\u0436\u0438\u0442\u044c \u0432\u0435\u0449\u0438 \u0438\u043b\u0438 \u0432\u0435\u0440\u0445\u043d\u044e\u044e \u043e\u0434\u0435\u0436\u0434\u0443. \u0423\u0441\u043b\u0443\u0433\u0430 \u0431\u0435\u0441\u043f\u043b\u0430\u0442\u043d\u0430.<\/p>\n            <\/div>\n        \n        <div class=\"link service-cta\">\n            <span>\u0423\u0437\u043d\u0430\u0442\u044c \u0431\u043e\u043b\u044c\u0448\u0435<\/span>\n        <\/div>\n    <\/div>\n<\/a>\n                    <\/div>\n                \n            \n        <\/div>\n    <\/section>\n\n<script>window.dispatchEvent( new Event('acf\/loaded\/post-cards-list'));<\/script>","protected":false},"excerpt":{"rendered":"","protected":false},"author":1,"featured_media":0,"parent":3069,"menu_order":0,"comment_status":"closed","ping_status":"closed","template":"","meta":{"_acf_changed":false,"footnotes":""},"class_list":["post-7808","page","type-page","status-publish","hentry"],"acf":[],"yoast_head":"<!-- This site is optimized with the Yoast SEO plugin v27.2 - https:\/\/yoast.com\/product\/yoast-seo-wordpress\/ -->\n<title>\u0428\u043a\u0430\u0444\u044b \u0441\u0430\u043c\u043e\u043e\u0431\u0441\u043b\u0443\u0436\u0438\u0432\u0430\u043d\u0438\u044f \u0438 \u0445\u0440\u0430\u043d\u0435\u043d\u0438\u044f \u0442\u043e\u0432\u0430\u0440\u043e\u0432 - Akropolis Klaip\u0117da<\/title>\n<meta name=\"robots\" content=\"index, follow, max-snippet:-1, max-image-preview:large, max-video-preview:-1\" \/>\n<link rel=\"canonical\" href=\"https:\/\/akropolis.lt\/klaipeda\/ru\/besplatnye-udobstva\/%d1%88%d0%ba%d0%b0%d1%84-%d1%81%d0%b0%d0%bc%d0%be%d0%be%d0%b1%d1%81%d0%bb%d1%83%d0%b6%d0%b8%d0%b2%d0%b0%d0%bd%d0%b8%d1%8f-%d0%b8-%d1%85%d1%80%d0%b0%d0%bd%d0%b5%d0%bd%d0%b8%d1%8f-%d1%82%d0%be%d0%b2\/\" \/>\n<meta property=\"og:locale\" content=\"ru_RU\" \/>\n<meta property=\"og:type\" content=\"article\" \/>\n<meta property=\"og:title\" content=\"\u0428\u043a\u0430\u0444\u044b \u0441\u0430\u043c\u043e\u043e\u0431\u0441\u043b\u0443\u0436\u0438\u0432\u0430\u043d\u0438\u044f \u0438 \u0445\u0440\u0430\u043d\u0435\u043d\u0438\u044f \u0442\u043e\u0432\u0430\u0440\u043e\u0432 - Akropolis Klaip\u0117da\" \/>\n<meta property=\"og:url\" content=\"https:\/\/akropolis.lt\/klaipeda\/ru\/besplatnye-udobstva\/%d1%88%d0%ba%d0%b0%d1%84-%d1%81%d0%b0%d0%bc%d0%be%d0%be%d0%b1%d1%81%d0%bb%d1%83%d0%b6%d0%b8%d0%b2%d0%b0%d0%bd%d0%b8%d1%8f-%d0%b8-%d1%85%d1%80%d0%b0%d0%bd%d0%b5%d0%bd%d0%b8%d1%8f-%d1%82%d0%be%d0%b2\/\" \/>\n<meta property=\"og:site_name\" content=\"Akropolis Klaip\u0117da\" \/>\n<meta property=\"article:modified_time\" content=\"2025-09-15T14:47:55+00:00\" \/>\n<meta property=\"og:image\" content=\"https:\/\/akropolis.lt\/klaipeda\/wp-content\/uploads\/sites\/2\/2025\/12\/OG-image.png\" \/>\n\t<meta property=\"og:image:width\" content=\"1200\" \/>\n\t<meta property=\"og:image:height\" content=\"630\" \/>\n\t<meta property=\"og:image:type\" content=\"image\/png\" \/>\n<meta name=\"twitter:card\" content=\"summary_large_image\" \/>\n<script type=\"application\/ld+json\" class=\"yoast-schema-graph\">{\"@context\":\"https:\/\/schema.org\",\"@graph\":[{\"@type\":\"WebPage\",\"@id\":\"https:\/\/akropolis.lt\/klaipeda\/ru\/besplatnye-udobstva\/%d1%88%d0%ba%d0%b0%d1%84-%d1%81%d0%b0%d0%bc%d0%be%d0%be%d0%b1%d1%81%d0%bb%d1%83%d0%b6%d0%b8%d0%b2%d0%b0%d0%bd%d0%b8%d1%8f-%d0%b8-%d1%85%d1%80%d0%b0%d0%bd%d0%b5%d0%bd%d0%b8%d1%8f-%d1%82%d0%be%d0%b2\/\",\"url\":\"https:\/\/akropolis.lt\/klaipeda\/ru\/besplatnye-udobstva\/%d1%88%d0%ba%d0%b0%d1%84-%d1%81%d0%b0%d0%bc%d0%be%d0%be%d0%b1%d1%81%d0%bb%d1%83%d0%b6%d0%b8%d0%b2%d0%b0%d0%bd%d0%b8%d1%8f-%d0%b8-%d1%85%d1%80%d0%b0%d0%bd%d0%b5%d0%bd%d0%b8%d1%8f-%d1%82%d0%be%d0%b2\/\",\"name\":\"\u0428\u043a\u0430\u0444\u044b \u0441\u0430\u043c\u043e\u043e\u0431\u0441\u043b\u0443\u0436\u0438\u0432\u0430\u043d\u0438\u044f \u0438 \u0445\u0440\u0430\u043d\u0435\u043d\u0438\u044f \u0442\u043e\u0432\u0430\u0440\u043e\u0432 - Akropolis Klaip\u0117da\",\"isPartOf\":{\"@id\":\"https:\/\/akropolis.lt\/klaipeda\/ru\/#website\"},\"datePublished\":\"2025-09-10T12:46:00+00:00\",\"dateModified\":\"2025-09-15T14:47:55+00:00\",\"breadcrumb\":{\"@id\":\"https:\/\/akropolis.lt\/klaipeda\/ru\/besplatnye-udobstva\/%d1%88%d0%ba%d0%b0%d1%84-%d1%81%d0%b0%d0%bc%d0%be%d0%be%d0%b1%d1%81%d0%bb%d1%83%d0%b6%d0%b8%d0%b2%d0%b0%d0%bd%d0%b8%d1%8f-%d0%b8-%d1%85%d1%80%d0%b0%d0%bd%d0%b5%d0%bd%d0%b8%d1%8f-%d1%82%d0%be%d0%b2\/#breadcrumb\"},\"inLanguage\":\"ru-RU\",\"potentialAction\":[{\"@type\":\"ReadAction\",\"target\":[\"https:\/\/akropolis.lt\/klaipeda\/ru\/besplatnye-udobstva\/%d1%88%d0%ba%d0%b0%d1%84-%d1%81%d0%b0%d0%bc%d0%be%d0%be%d0%b1%d1%81%d0%bb%d1%83%d0%b6%d0%b8%d0%b2%d0%b0%d0%bd%d0%b8%d1%8f-%d0%b8-%d1%85%d1%80%d0%b0%d0%bd%d0%b5%d0%bd%d0%b8%d1%8f-%d1%82%d0%be%d0%b2\/\"]}]},{\"@type\":\"BreadcrumbList\",\"@id\":\"https:\/\/akropolis.lt\/klaipeda\/ru\/besplatnye-udobstva\/%d1%88%d0%ba%d0%b0%d1%84-%d1%81%d0%b0%d0%bc%d0%be%d0%be%d0%b1%d1%81%d0%bb%d1%83%d0%b6%d0%b8%d0%b2%d0%b0%d0%bd%d0%b8%d1%8f-%d0%b8-%d1%85%d1%80%d0%b0%d0%bd%d0%b5%d0%bd%d0%b8%d1%8f-%d1%82%d0%be%d0%b2\/#breadcrumb\",\"itemListElement\":[{\"@type\":\"ListItem\",\"position\":1,\"name\":\"Home\",\"item\":\"https:\/\/akropolis.lt\/klaipeda\/ru\/\"},{\"@type\":\"ListItem\",\"position\":2,\"name\":\"\u0411\u0435\u0441\u043f\u043b\u0430\u0442\u043d\u044b\u0435 \u0443\u0434\u043e\u0431\u0441\u0442\u0432\u0430\",\"item\":\"https:\/\/akropolis.lt\/klaipeda\/ru\/besplatnye-udobstva\/\"},{\"@type\":\"ListItem\",\"position\":3,\"name\":\"\u0428\u043a\u0430\u0444\u044b \u0441\u0430\u043c\u043e\u043e\u0431\u0441\u043b\u0443\u0436\u0438\u0432\u0430\u043d\u0438\u044f \u0438 \u0445\u0440\u0430\u043d\u0435\u043d\u0438\u044f \u0442\u043e\u0432\u0430\u0440\u043e\u0432\"}]},{\"@type\":\"WebSite\",\"@id\":\"https:\/\/akropolis.lt\/klaipeda\/ru\/#website\",\"url\":\"https:\/\/akropolis.lt\/klaipeda\/ru\/\",\"name\":\"Akropolis Klaip\u0117da\",\"description\":\"\",\"publisher\":{\"@id\":\"https:\/\/akropolis.lt\/klaipeda\/ru\/#organization\"},\"potentialAction\":[{\"@type\":\"SearchAction\",\"target\":{\"@type\":\"EntryPoint\",\"urlTemplate\":\"https:\/\/akropolis.lt\/klaipeda\/ru\/?s={search_term_string}\"},\"query-input\":{\"@type\":\"PropertyValueSpecification\",\"valueRequired\":true,\"valueName\":\"search_term_string\"}}],\"inLanguage\":\"ru-RU\"},{\"@type\":\"Organization\",\"@id\":\"https:\/\/akropolis.lt\/klaipeda\/ru\/#organization\",\"name\":\"Akropolis Klaip\u0117da\",\"url\":\"https:\/\/akropolis.lt\/klaipeda\/ru\/\",\"logo\":{\"@type\":\"ImageObject\",\"inLanguage\":\"ru-RU\",\"@id\":\"https:\/\/akropolis.lt\/klaipeda\/ru\/#\/schema\/logo\/image\/\",\"url\":\"https:\/\/akropolis.lt\/klaipeda\/wp-content\/uploads\/sites\/2\/2025\/06\/image.png\",\"contentUrl\":\"https:\/\/akropolis.lt\/klaipeda\/wp-content\/uploads\/sites\/2\/2025\/06\/image.png\",\"width\":650,\"height\":650,\"caption\":\"Akropolis Klaip\u0117da\"},\"image\":{\"@id\":\"https:\/\/akropolis.lt\/klaipeda\/ru\/#\/schema\/logo\/image\/\"}}]}<\/script>\n<!-- \/ Yoast SEO plugin. -->","yoast_head_json":{"title":"\u0428\u043a\u0430\u0444\u044b \u0441\u0430\u043c\u043e\u043e\u0431\u0441\u043b\u0443\u0436\u0438\u0432\u0430\u043d\u0438\u044f \u0438 \u0445\u0440\u0430\u043d\u0435\u043d\u0438\u044f \u0442\u043e\u0432\u0430\u0440\u043e\u0432 - Akropolis Klaip\u0117da","robots":{"index":"index","follow":"follow","max-snippet":"max-snippet:-1","max-image-preview":"max-image-preview:large","max-video-preview":"max-video-preview:-1"},"canonical":"https:\/\/akropolis.lt\/klaipeda\/ru\/besplatnye-udobstva\/%d1%88%d0%ba%d0%b0%d1%84-%d1%81%d0%b0%d0%bc%d0%be%d0%be%d0%b1%d1%81%d0%bb%d1%83%d0%b6%d0%b8%d0%b2%d0%b0%d0%bd%d0%b8%d1%8f-%d0%b8-%d1%85%d1%80%d0%b0%d0%bd%d0%b5%d0%bd%d0%b8%d1%8f-%d1%82%d0%be%d0%b2\/","og_locale":"ru_RU","og_type":"article","og_title":"\u0428\u043a\u0430\u0444\u044b \u0441\u0430\u043c\u043e\u043e\u0431\u0441\u043b\u0443\u0436\u0438\u0432\u0430\u043d\u0438\u044f \u0438 \u0445\u0440\u0430\u043d\u0435\u043d\u0438\u044f \u0442\u043e\u0432\u0430\u0440\u043e\u0432 - Akropolis Klaip\u0117da","og_url":"https:\/\/akropolis.lt\/klaipeda\/ru\/besplatnye-udobstva\/%d1%88%d0%ba%d0%b0%d1%84-%d1%81%d0%b0%d0%bc%d0%be%d0%be%d0%b1%d1%81%d0%bb%d1%83%d0%b6%d0%b8%d0%b2%d0%b0%d0%bd%d0%b8%d1%8f-%d0%b8-%d1%85%d1%80%d0%b0%d0%bd%d0%b5%d0%bd%d0%b8%d1%8f-%d1%82%d0%be%d0%b2\/","og_site_name":"Akropolis Klaip\u0117da","article_modified_time":"2025-09-15T14:47:55+00:00","og_image":[{"width":1200,"height":630,"url":"https:\/\/akropolis.lt\/klaipeda\/wp-content\/uploads\/sites\/2\/2025\/12\/OG-image.png","type":"image\/png"}],"twitter_card":"summary_large_image","schema":{"@context":"https:\/\/schema.org","@graph":[{"@type":"WebPage","@id":"https:\/\/akropolis.lt\/klaipeda\/ru\/besplatnye-udobstva\/%d1%88%d0%ba%d0%b0%d1%84-%d1%81%d0%b0%d0%bc%d0%be%d0%be%d0%b1%d1%81%d0%bb%d1%83%d0%b6%d0%b8%d0%b2%d0%b0%d0%bd%d0%b8%d1%8f-%d0%b8-%d1%85%d1%80%d0%b0%d0%bd%d0%b5%d0%bd%d0%b8%d1%8f-%d1%82%d0%be%d0%b2\/","url":"https:\/\/akropolis.lt\/klaipeda\/ru\/besplatnye-udobstva\/%d1%88%d0%ba%d0%b0%d1%84-%d1%81%d0%b0%d0%bc%d0%be%d0%be%d0%b1%d1%81%d0%bb%d1%83%d0%b6%d0%b8%d0%b2%d0%b0%d0%bd%d0%b8%d1%8f-%d0%b8-%d1%85%d1%80%d0%b0%d0%bd%d0%b5%d0%bd%d0%b8%d1%8f-%d1%82%d0%be%d0%b2\/","name":"\u0428\u043a\u0430\u0444\u044b \u0441\u0430\u043c\u043e\u043e\u0431\u0441\u043b\u0443\u0436\u0438\u0432\u0430\u043d\u0438\u044f \u0438 \u0445\u0440\u0430\u043d\u0435\u043d\u0438\u044f \u0442\u043e\u0432\u0430\u0440\u043e\u0432 - Akropolis Klaip\u0117da","isPartOf":{"@id":"https:\/\/akropolis.lt\/klaipeda\/ru\/#website"},"datePublished":"2025-09-10T12:46:00+00:00","dateModified":"2025-09-15T14:47:55+00:00","breadcrumb":{"@id":"https:\/\/akropolis.lt\/klaipeda\/ru\/besplatnye-udobstva\/%d1%88%d0%ba%d0%b0%d1%84-%d1%81%d0%b0%d0%bc%d0%be%d0%be%d0%b1%d1%81%d0%bb%d1%83%d0%b6%d0%b8%d0%b2%d0%b0%d0%bd%d0%b8%d1%8f-%d0%b8-%d1%85%d1%80%d0%b0%d0%bd%d0%b5%d0%bd%d0%b8%d1%8f-%d1%82%d0%be%d0%b2\/#breadcrumb"},"inLanguage":"ru-RU","potentialAction":[{"@type":"ReadAction","target":["https:\/\/akropolis.lt\/klaipeda\/ru\/besplatnye-udobstva\/%d1%88%d0%ba%d0%b0%d1%84-%d1%81%d0%b0%d0%bc%d0%be%d0%be%d0%b1%d1%81%d0%bb%d1%83%d0%b6%d0%b8%d0%b2%d0%b0%d0%bd%d0%b8%d1%8f-%d0%b8-%d1%85%d1%80%d0%b0%d0%bd%d0%b5%d0%bd%d0%b8%d1%8f-%d1%82%d0%be%d0%b2\/"]}]},{"@type":"BreadcrumbList","@id":"https:\/\/akropolis.lt\/klaipeda\/ru\/besplatnye-udobstva\/%d1%88%d0%ba%d0%b0%d1%84-%d1%81%d0%b0%d0%bc%d0%be%d0%be%d0%b1%d1%81%d0%bb%d1%83%d0%b6%d0%b8%d0%b2%d0%b0%d0%bd%d0%b8%d1%8f-%d0%b8-%d1%85%d1%80%d0%b0%d0%bd%d0%b5%d0%bd%d0%b8%d1%8f-%d1%82%d0%be%d0%b2\/#breadcrumb","itemListElement":[{"@type":"ListItem","position":1,"name":"Home","item":"https:\/\/akropolis.lt\/klaipeda\/ru\/"},{"@type":"ListItem","position":2,"name":"\u0411\u0435\u0441\u043f\u043b\u0430\u0442\u043d\u044b\u0435 \u0443\u0434\u043e\u0431\u0441\u0442\u0432\u0430","item":"https:\/\/akropolis.lt\/klaipeda\/ru\/besplatnye-udobstva\/"},{"@type":"ListItem","position":3,"name":"\u0428\u043a\u0430\u0444\u044b \u0441\u0430\u043c\u043e\u043e\u0431\u0441\u043b\u0443\u0436\u0438\u0432\u0430\u043d\u0438\u044f \u0438 \u0445\u0440\u0430\u043d\u0435\u043d\u0438\u044f \u0442\u043e\u0432\u0430\u0440\u043e\u0432"}]},{"@type":"WebSite","@id":"https:\/\/akropolis.lt\/klaipeda\/ru\/#website","url":"https:\/\/akropolis.lt\/klaipeda\/ru\/","name":"Akropolis Klaip\u0117da","description":"","publisher":{"@id":"https:\/\/akropolis.lt\/klaipeda\/ru\/#organization"},"potentialAction":[{"@type":"SearchAction","target":{"@type":"EntryPoint","urlTemplate":"https:\/\/akropolis.lt\/klaipeda\/ru\/?s={search_term_string}"},"query-input":{"@type":"PropertyValueSpecification","valueRequired":true,"valueName":"search_term_string"}}],"inLanguage":"ru-RU"},{"@type":"Organization","@id":"https:\/\/akropolis.lt\/klaipeda\/ru\/#organization","name":"Akropolis Klaip\u0117da","url":"https:\/\/akropolis.lt\/klaipeda\/ru\/","logo":{"@type":"ImageObject","inLanguage":"ru-RU","@id":"https:\/\/akropolis.lt\/klaipeda\/ru\/#\/schema\/logo\/image\/","url":"https:\/\/akropolis.lt\/klaipeda\/wp-content\/uploads\/sites\/2\/2025\/06\/image.png","contentUrl":"https:\/\/akropolis.lt\/klaipeda\/wp-content\/uploads\/sites\/2\/2025\/06\/image.png","width":650,"height":650,"caption":"Akropolis Klaip\u0117da"},"image":{"@id":"https:\/\/akropolis.lt\/klaipeda\/ru\/#\/schema\/logo\/image\/"}}]}},"_links":{"self":[{"href":"https:\/\/akropolis.lt\/klaipeda\/ru\/wp-json\/wp\/v2\/pages\/7808","targetHints":{"allow":["GET"]}}],"collection":[{"href":"https:\/\/akropolis.lt\/klaipeda\/ru\/wp-json\/wp\/v2\/pages"}],"about":[{"href":"https:\/\/akropolis.lt\/klaipeda\/ru\/wp-json\/wp\/v2\/types\/page"}],"author":[{"embeddable":true,"href":"https:\/\/akropolis.lt\/klaipeda\/ru\/wp-json\/wp\/v2\/users\/1"}],"replies":[{"embeddable":true,"href":"https:\/\/akropolis.lt\/klaipeda\/ru\/wp-json\/wp\/v2\/comments?post=7808"}],"version-history":[{"count":3,"href":"https:\/\/akropolis.lt\/klaipeda\/ru\/wp-json\/wp\/v2\/pages\/7808\/revisions"}],"predecessor-version":[{"id":7871,"href":"https:\/\/akropolis.lt\/klaipeda\/ru\/wp-json\/wp\/v2\/pages\/7808\/revisions\/7871"}],"up":[{"embeddable":true,"href":"https:\/\/akropolis.lt\/klaipeda\/ru\/wp-json\/wp\/v2\/pages\/3069"}],"wp:attachment":[{"href":"https:\/\/akropolis.lt\/klaipeda\/ru\/wp-json\/wp\/v2\/media?parent=7808"}],"curies":[{"name":"wp","href":"https:\/\/api.w.org\/{rel}","templated":true}]}}