{"id":10084,"date":"2026-03-13T09:38:58","date_gmt":"2026-03-13T09:38:58","guid":{"rendered":"https:\/\/akropolis.lt\/klaipeda\/?page_id=10084"},"modified":"2026-03-17T08:00:35","modified_gmt":"2026-03-17T08:00:35","slug":"gaivus-gerimas-dovanu","status":"publish","type":"page","link":"https:\/\/akropolis.lt\/klaipeda\/gaivus-gerimas-dovanu\/","title":{"rendered":"Gaivus g\u0117rimas &#8211; dovan\u0173"},"content":{"rendered":"    <section id=\"hero-block-69b40241a4994\" class=\"hero\">\n        <div class=\"swiper hero-carousel-swiper\">\n            <div class=\"swiper-wrapper\">\n                \n                                        <a href=\"#\" target=\"_self\"\n                       class=\"swiper-slide a11y-underline-link\">\n                                                    <picture>\n                                <source media=\"(min-width: 767px)\"\n                                        srcset=\"https:\/\/akropolis.lt\/klaipeda\/wp-content\/uploads\/sites\/2\/2026\/03\/1920x420.jpg\">\n                                <source media=\"(max-width: 767px)\"\n                                        srcset=\"https:\/\/akropolis.lt\/klaipeda\/wp-content\/uploads\/sites\/2\/2026\/03\/1125x1200.jpg\">\n                                <img width=\"1920\" height=\"420\" src=\"https:\/\/akropolis.lt\/klaipeda\/wp-content\/uploads\/sites\/2\/2026\/03\/1920x420.jpg\" class=\"img-cover no-lazy force-no-contrast\" alt=\"\" fetchpriority=\"high\" srcset=\"https:\/\/akropolis.lt\/klaipeda\/wp-content\/uploads\/sites\/2\/2026\/03\/1920x420.jpg 1920w, https:\/\/akropolis.lt\/klaipeda\/wp-content\/uploads\/sites\/2\/2026\/03\/1920x420-300x66.jpg 300w, https:\/\/akropolis.lt\/klaipeda\/wp-content\/uploads\/sites\/2\/2026\/03\/1920x420-1024x224.jpg 1024w, https:\/\/akropolis.lt\/klaipeda\/wp-content\/uploads\/sites\/2\/2026\/03\/1920x420-768x168.jpg 768w, https:\/\/akropolis.lt\/klaipeda\/wp-content\/uploads\/sites\/2\/2026\/03\/1920x420-1536x336.jpg 1536w\" sizes=\"(max-width: 1920px) 100vw, 1920px\" \/>                            <\/picture>\n                                                <\/a>\n                                            <\/div>\n                    <\/div>\n        <div class=\"video-modal\">\n            <div class=\"video-modal-wrap\">\n                <button class=\"close-button\" aria-label=\"Close video modal\">\n                    <svg width=\"14\" height=\"14\" viewBox=\"0 0 14 14\" fill=\"none\" xmlns=\"http:\/\/www.w3.org\/2000\/svg\">\n                        <path d=\"M2 2L12 12M2 12L12 2\" stroke=\"black\" stroke-width=\"1.5\" stroke-linecap=\"square\"\/>\n                    <\/svg>\n                <\/button>\n                <div class=\"video-content-wrap\"><\/div>\n            <\/div>\n        <\/div>\n    <\/section>\n\n<script>window.dispatchEvent( new Event('acf\/loaded\/hero'));<\/script>\n\n    <section id=\"text-block-69b40241a4c82\" class=\"text\">\n        <div class=\"container medium\">\n            <div class=\"content-wrap\">\n                <p><script>\n(function(a,b,c,d,e,f,g,h){a[e]=a[e]||{};g=b.createElement(c);h=b.getElementsByTagName(c)[0];\ng.async=true;g.src=d+f+'\/spps.js';h.parentNode.insertBefore(g,h);})(window,document,\n'script','https:\/\/ext.spinwheelapp.com\/external\/v1\/','spps','1f3b6d53e4c76ece');\n<\/script><\/p>\n<p><strong>AKCIJOS \u201eGAIVUS G\u0116RIMAS \u2013 DOVAN\u0172\u201c TAISYKL\u0116S<\/strong><\/p>\n<p>\u0160ios taisykl\u0117s (toliau \u2013 <strong>Taisykl\u0117s<\/strong>) nustato akcijos \u201e<strong>GAIVUS G\u0116RIMAS \u2013 DOVAN\u0172<\/strong>\u201c (toliau \u2013 <strong>Akcija<\/strong>) vykdymo tvark\u0105.<\/p>\n<p>Akcijos laikotarpiu prekybos ir pramog\u0173 centr\u0173 <strong>AKROPOLIS Klaip\u0117da<\/strong> ir <strong>AKROPOLIS \u0160iauliai<\/strong> lankytojai turi galimyb\u0119 interneto svetain\u0117je <a href=\"http:\/\/www.akropolis.lt\"><strong>www.akropolis.lt<\/strong><\/a>, <strong>specialiai Akcijai sukurtame polapyje \u017eaisti \u017eaidim\u0105 ir laim\u0117ti pilstom\u0105 0,5 L gaiv\u0173j\u012f g\u0117rim\u0105<\/strong> (toliau \u2013 <strong>Dovana<\/strong>).<\/p>\n<p><strong>1. AKCIJOS S\u0104LYGOS<\/strong><\/p>\n<p><strong>1.1. Akcijos laikotarpis<\/strong> nuo 2026 m. kovo 17 d. 00:00 val. iki 2026 m. kovo 31 d. 23:59 val., kurio metu suteikiama galimyb\u0117 \u017eaisti \u017eaidim\u0105 ir bandyti laim\u0117ti Dovan\u0105. Laim\u0117t\u0105 Dovan\u0105 galima atsiimti per <strong>3 (tris) <\/strong>kalendorines dienas nuo QR kodo \u012fteikimo laim\u0117tojui el. pa\u0161tu dienos (\u012fskaitant el. lai\u0161ko gavimo dien\u0105).<\/p>\n<p><strong>1.2. Vieta <\/strong>\u2013 PPC AKROPOLIS Klaip\u0117da ir \u0160iauliai vykstan\u010diai Akcijai skirtas, specialus internetinis polapis, pasiekiamas adresu [<a href=\"https:\/\/akropolis.lt\/klaipeda\/gaivus-gerimas-dovanu\/\">Gaivus g\u0117rimas &#8211; dovan\u0173 &#8211; Akropolis Klaip\u0117da<\/a>].<\/p>\n<p><strong>1.3. Organizatorius<\/strong> \u2013 AKROPOLIS GROUP, UAB, j. a. k. 302533135 (toliau \u2013 <strong>Organizatorius<\/strong>).<\/p>\n<p><strong>1.4. Partneris<\/strong> \u2013 prekybos ir pramog\u0173 centruose AKROPOLIS Klaip\u0117da ir AKROPOLIS \u0160iauliai veikiantis kino teatras <strong>FORUM CINEMAS<\/strong> (toliau \u2013 <strong>Partneris<\/strong>).<\/p>\n<p><strong>1.5. Akcijos dalyvis<\/strong> \u2013 su \u0161iomis Taisykl\u0117mis susipa\u017ein\u0119s, su jomis sutinkantis bei Akcijoje dalyvauti pageidaujantis ne jaunesnis kaip 16 met\u0173 am\u017eiaus asmuo, kuris Akcijos laikotarpiu Akcijai skirtame interneto svetain\u0117s <a href=\"http:\/\/www.akropolis.lt\">www.akropolis.lt<\/a> polapyje \u017eaid\u017eia \u017eaidim\u0105 ir bando laim\u0117ti Dovan\u0105.<\/p>\n<p><strong>Pastaba:<\/strong> Akcijoje negali dalyvauti Organizatoriaus ir jo dukterini\u0173 \u012fmoni\u0173 (OZO TURTAS, UAB, AIDO TURTAS, UAB ir TAIKOS TURTAS, UAB), taip pat Partnerio darbuotojai bei j\u0173 \u0161eimos nariai.<\/p>\n<p><strong>2. AKCIJOS EIGA<\/strong><\/p>\n<p><strong>2.1.<\/strong> Akcijos laikotarpiu, interneto svetain\u0117je <a href=\"http:\/\/www.akropolis.lt\">www.akropolis.lt<\/a> specialiame Akcijos polapyje dalyviai gali dalyvauti \u017eaidime ir i\u0161 karto su\u017einoti ar laim\u0117jo Dovan\u0105.<\/p>\n<p><strong>2.2.<\/strong> Kiekvien\u0105 Akcijos dien\u0105 burt\u0173 keliu i\u0161renkami 1 500 laim\u0117toj\u0173.<\/p>\n<p><strong>2.3<\/strong>. Dovana \u012fteikiama laim\u0117tojui el. pa\u0161tu, siun\u010diant jam elektronin\u012f lai\u0161k\u0105 su Dovanos QR kodu. Tuo tikslu, i\u0161\u0161okusiame sistemos lange laim\u0117jusio dalyvio pra\u0161oma pateikti savo el. pa\u0161to adres\u0105 ir sutikti prenumeruoti PPC AKROPOLIS naujienlai\u0161k\u012f.<\/p>\n<p><strong>Pastaba<\/strong>: b\u016btina nurodyti teising\u0105 aktyvaus elektroninio pa\u0161to adres\u0105 ir sutikti su Organizatoriaus siun\u010diam\u0173 naujienlai\u0161ki\u0173 gavimu, nes si\u0173sdamas elektronin\u012f lai\u0161k\u0105, Organizatorius susieks su laim\u0117toju bei jam\/jai \u012fteiks laim\u0117t\u0105(-as) Dovan\u0105(-as), o pasibaigus Akcijai (jeigu sutikimas nebus at\u0161auktas) si\u0173s PPC AKROPOLIS naujienas. \u00a0Akcijos laikotarpiu at\u0161aukus sutikim\u0105 gauti PPC AKROPOLIS naujienlai\u0161kius, Dovana laim\u0117tojui negal\u0117s b\u016bti \u012fteikiama.<\/p>\n<p><strong>2.4.<\/strong> Pateikus teising\u0105 el. pa\u0161to adres\u0105, laim\u0117tojui t\u0105 pa\u010di\u0105 dien\u0105 el. lai\u0161ku i\u0161siun\u010diamas <strong>unikalus Dovanos QR kodas<\/strong>, suteikiantis teis\u0119 FORUM CINEMAS kasose vien\u0105 kart\u0105 atsiimti Dovan\u0105.<\/p>\n<p><strong>2.5.<\/strong> Kiekvienas Dovanos QR kodas galioja 3 kalendorines dienas (\u012fskaitant el. lai\u0161ko gavimo dien\u0105) nuo jo \u012fteikimo Akcijos laim\u0117tojui dienos ir suteikia jo laim\u0117tojui teis\u0119 vien\u0105 kart\u0105 i\u0161keisti j\u012f \u012f vien\u0105 i\u0161 3.1. punkte nurodyt\u0173 produkt\u0173 PPC AKROPOLIS Klaip\u0117da arba \u0160iauliai FORUM CINEMAS kasose.<\/p>\n<p><strong>3. DOVANA<\/strong><\/p>\n<p><strong>3.1. Dovana<\/strong> \u2013 1 puodelis 0,5 L pilstomo gaiviojo g\u0117rimo (pasirinktinai):<\/p>\n<ul>\n<li>Coca-Cola; arba<\/li>\n<li>Coca-Cola Zero; arba<\/li>\n<li>Sprite; arba<\/li>\n<li>Fanta<\/li>\n<\/ul>\n<p><strong>3.2. <\/strong>Dovan\u0173 skai\u010dius ribotas. Per vien\u0105 Akcijos dien\u0105 \u012fsteigta ir i\u0161dalinama ne daugiau kaip 1 500 vnt. Dovan\u0173.<\/p>\n<p>Pasiekus konkre\u010dios Akcijos dienos Dovan\u0173 limit\u0105, Dovanos t\u0105 dien\u0105 nebei\u0161duodamos, net ir tuo atveju jeigu turimas QR kodas galioja. Su galiojan\u010diu QR kodu Dovan\u0105 galima atsiimti vien\u0105 kart\u0105 bet kada kodo galiojimo terminu, tol kol yra Dovan\u0173.<\/p>\n<p><strong>3.4.<\/strong> Dovana nekei\u010diama \u012f kit\u0105 Dovan\u0105, pinigus, kitas prekes ar paslaugas, taip pat n\u0117ra gr\u0105\u017einama.<\/p>\n<p><strong>3.5.<\/strong> Organizatorius ir\/ar Partneris neatsako, jeigu Dovanos atsi\u0117mimo metu konkretaus g\u0117rimo r\u016b\u0161ies laikinai n\u0117ra.<\/p>\n<p><strong>4. DOVANOS ATSI\u0116MIMAS<\/strong><\/p>\n<p><strong>4.1.<\/strong> Dovan\u0105 galima atsiimti pateikus galiojant\u012f Dovanos <strong>QR kod\u0105<\/strong> kino teatro FORUM CINEMAS kasose, esan\u010diose PPC AKROPOLIS Klaip\u0117da ir PPC AKROPOLIS \u0160iauliai.<\/p>\n<p><strong>4.2.<\/strong> QR kodas gali b\u016bti panaudotas <strong>tik vien\u0105 kart\u0105<\/strong>.<\/p>\n<p><strong>4.3.<\/strong> Dovanos QR kodo atsiuntimas elektroniniu lai\u0161ku Akcijos dalyvio nurodytu el. pa\u0161to adresu yra laikomas Dovanos perdavimo-pri\u0117mimo aktu. Atskiras aktas nebus sudaromas. Atsiimdamas Dovan\u0105, Akcijos dalyvis patvirtina, jog Dovana yra tinkamai jam perduota ir kad jis d\u0117l Dovanos pretenzij\u0173 neturi.<\/p>\n<p><strong>4.4.<\/strong> Siekiant atsiimti Dovan\u0105, atitinkamai, elektroninio QR kodo faktinis tur\u0117tojas bus laikomas Akcijos laim\u0117toju, neatsi\u017evelgiant \u012f Akcijos metu dalyvio pateikt\u0105 elektroninio pa\u0161to adreso savinink\u0105.<\/p>\n<p><strong>5. BAIGIAMOSIOS NUOSTATOS<\/strong><\/p>\n<p><strong>5.1.<\/strong> Akcijos dalyviai turi teis\u0119 iki <strong>2026 m. baland\u017eio 15 d.<\/strong> teikti pagr\u012fstus skundus d\u0117l Akcijos eigos.<\/p>\n<p>Skundai gali b\u016bti teikiami Organizatoriui ra\u0161tu, adresu Ozo g. 25, LT-07150 Vilnius, arba el. pa\u0161tu info@akropolis.lt. Visi pateikti skundai bus nagrin\u0117jami ir Akcijos dalyviams atsakymai pateikti per 30 kalendorini\u0173 dien\u0173, skai\u010diuojant nuo ra\u0161ti\u0161ko skundo (\u012fskaitant el. pa\u0161tu) gavimo dienos.<\/p>\n<p><strong>5.2.<\/strong> Akcijoje dalyvaujantys asmenys \u012fsipareigoja tinkamai susipa\u017einti su \u0161iomis Taisykl\u0117mis ir sutinka j\u0173 laikytis.<\/p>\n<p><strong>5.3.<\/strong> Organizatorius ir\/ar Partneris, \u012ftar\u0119s Taisykli\u0173 pa\u017eeidim\u0105, turi teis\u0119 laikinai sustabdyti Dovanos atidavim\u0105 iki tyrimo pabaigos. Nusta\u010dius pa\u017eeidim\u0105, Dovana gali b\u016bti ne\u012fteikta.<\/p>\n<p><strong>5.4.<\/strong> Organizatorius pasilieka teis\u0119 keisti Taisykles ir\/ar Akcijos laikotarp\u012f, taip pat Akcij\u0105 nutraukti apie tai i\u0161 anksto informuodamas interneto svetain\u0117je <a href=\"http:\/\/www.akropolis.lt\"><strong>www.akropolis.lt<\/strong><\/a>. Esant Taisykliu\u0328 neatitikim\u0173, galioja www.akropolis.lt paskelbtos Taisykle\u0307s.<\/p>\n<p><strong>5.5.<\/strong> Informacija apie Akcij\u0105 skelbiama <a href=\"http:\/\/www.akropolis.lt\"><strong>www.akropolis.lt<\/strong><\/a>, PPC AKROPOLIS Klaip\u0117da ir \u0160iauliai informacijos centruose bei kitose reklamin\u0117se priemon\u0117se.<\/p>\n<p><strong>5.6. <\/strong>Asmens duomenys. Naujienlai\u0161ki\u0173 siuntimo ir\/ar Dovan\u0173 \u012fteikimo tikslu Organizatorius J\u016bs\u0173 asmens duomenis tvarko PPC AKROPOLIS Privatumo politikoje nustatyta tvarka bei s\u0105lygomis.\u00a0 Pla\u010diau apie tai skaitykite Privatumo politikoje: <a href=\"https:\/\/akropolis.lt\/klaipeda\/privatumo-politika\/\">Privatumo politika &#8211; Akropolis Klaip\u0117da<\/a>.<\/p>\n            <\/div>\n                    <\/div>\n    <\/section>\n\n<script>window.dispatchEvent( new Event('acf\/loaded\/text'));<\/script>","protected":false},"excerpt":{"rendered":"","protected":false},"author":18,"featured_media":0,"parent":0,"menu_order":0,"comment_status":"closed","ping_status":"closed","template":"","meta":{"_acf_changed":false,"footnotes":""},"class_list":["post-10084","page","type-page","status-publish","hentry"],"acf":[],"yoast_head":"<!-- This site is optimized with the Yoast SEO plugin v27.2 - https:\/\/yoast.com\/product\/yoast-seo-wordpress\/ -->\n<title>Gaivus g\u0117rimas - dovan\u0173 - Akropolis Klaip\u0117da<\/title>\n<meta name=\"robots\" content=\"index, follow, max-snippet:-1, max-image-preview:large, max-video-preview:-1\" \/>\n<link rel=\"canonical\" href=\"https:\/\/akropolis.lt\/klaipeda\/gaivus-gerimas-dovanu\/\" \/>\n<meta property=\"og:locale\" content=\"lt_LT\" \/>\n<meta property=\"og:type\" content=\"article\" \/>\n<meta property=\"og:title\" content=\"Gaivus g\u0117rimas - dovan\u0173 - Akropolis Klaip\u0117da\" \/>\n<meta property=\"og:url\" content=\"https:\/\/akropolis.lt\/klaipeda\/gaivus-gerimas-dovanu\/\" \/>\n<meta property=\"og:site_name\" content=\"Akropolis Klaip\u0117da\" \/>\n<meta property=\"article:modified_time\" content=\"2026-03-17T08:00:35+00:00\" \/>\n<meta property=\"og:image\" content=\"https:\/\/akropolis.lt\/klaipeda\/wp-content\/uploads\/sites\/2\/2025\/12\/OG-image.png\" \/>\n\t<meta property=\"og:image:width\" content=\"1200\" \/>\n\t<meta property=\"og:image:height\" content=\"630\" \/>\n\t<meta property=\"og:image:type\" content=\"image\/png\" \/>\n<meta name=\"twitter:card\" content=\"summary_large_image\" \/>\n<script type=\"application\/ld+json\" class=\"yoast-schema-graph\">{\"@context\":\"https:\/\/schema.org\",\"@graph\":[{\"@type\":\"WebPage\",\"@id\":\"https:\/\/akropolis.lt\/klaipeda\/gaivus-gerimas-dovanu\/\",\"url\":\"https:\/\/akropolis.lt\/klaipeda\/gaivus-gerimas-dovanu\/\",\"name\":\"Gaivus g\u0117rimas - dovan\u0173 - Akropolis Klaip\u0117da\",\"isPartOf\":{\"@id\":\"https:\/\/akropolis.lt\/klaipeda\/#website\"},\"datePublished\":\"2026-03-13T09:38:58+00:00\",\"dateModified\":\"2026-03-17T08:00:35+00:00\",\"breadcrumb\":{\"@id\":\"https:\/\/akropolis.lt\/klaipeda\/gaivus-gerimas-dovanu\/#breadcrumb\"},\"inLanguage\":\"lt-LT\",\"potentialAction\":[{\"@type\":\"ReadAction\",\"target\":[\"https:\/\/akropolis.lt\/klaipeda\/gaivus-gerimas-dovanu\/\"]}]},{\"@type\":\"BreadcrumbList\",\"@id\":\"https:\/\/akropolis.lt\/klaipeda\/gaivus-gerimas-dovanu\/#breadcrumb\",\"itemListElement\":[{\"@type\":\"ListItem\",\"position\":1,\"name\":\"Home\",\"item\":\"https:\/\/akropolis.lt\/klaipeda\/\"},{\"@type\":\"ListItem\",\"position\":2,\"name\":\"Gaivus g\u0117rimas &#8211; dovan\u0173\"}]},{\"@type\":\"WebSite\",\"@id\":\"https:\/\/akropolis.lt\/klaipeda\/#website\",\"url\":\"https:\/\/akropolis.lt\/klaipeda\/\",\"name\":\"Akropolis Klaip\u0117da\",\"description\":\"\",\"publisher\":{\"@id\":\"https:\/\/akropolis.lt\/klaipeda\/#organization\"},\"potentialAction\":[{\"@type\":\"SearchAction\",\"target\":{\"@type\":\"EntryPoint\",\"urlTemplate\":\"https:\/\/akropolis.lt\/klaipeda\/?s={search_term_string}\"},\"query-input\":{\"@type\":\"PropertyValueSpecification\",\"valueRequired\":true,\"valueName\":\"search_term_string\"}}],\"inLanguage\":\"lt-LT\"},{\"@type\":\"Organization\",\"@id\":\"https:\/\/akropolis.lt\/klaipeda\/#organization\",\"name\":\"Akropolis Klaip\u0117da\",\"url\":\"https:\/\/akropolis.lt\/klaipeda\/\",\"logo\":{\"@type\":\"ImageObject\",\"inLanguage\":\"lt-LT\",\"@id\":\"https:\/\/akropolis.lt\/klaipeda\/#\/schema\/logo\/image\/\",\"url\":\"https:\/\/akropolis.lt\/klaipeda\/wp-content\/uploads\/sites\/2\/2025\/06\/image.png\",\"contentUrl\":\"https:\/\/akropolis.lt\/klaipeda\/wp-content\/uploads\/sites\/2\/2025\/06\/image.png\",\"width\":650,\"height\":650,\"caption\":\"Akropolis Klaip\u0117da\"},\"image\":{\"@id\":\"https:\/\/akropolis.lt\/klaipeda\/#\/schema\/logo\/image\/\"}}]}<\/script>\n<!-- \/ Yoast SEO plugin. -->","yoast_head_json":{"title":"Gaivus g\u0117rimas - dovan\u0173 - Akropolis Klaip\u0117da","robots":{"index":"index","follow":"follow","max-snippet":"max-snippet:-1","max-image-preview":"max-image-preview:large","max-video-preview":"max-video-preview:-1"},"canonical":"https:\/\/akropolis.lt\/klaipeda\/gaivus-gerimas-dovanu\/","og_locale":"lt_LT","og_type":"article","og_title":"Gaivus g\u0117rimas - dovan\u0173 - Akropolis Klaip\u0117da","og_url":"https:\/\/akropolis.lt\/klaipeda\/gaivus-gerimas-dovanu\/","og_site_name":"Akropolis Klaip\u0117da","article_modified_time":"2026-03-17T08:00:35+00:00","og_image":[{"width":1200,"height":630,"url":"https:\/\/akropolis.lt\/klaipeda\/wp-content\/uploads\/sites\/2\/2025\/12\/OG-image.png","type":"image\/png"}],"twitter_card":"summary_large_image","schema":{"@context":"https:\/\/schema.org","@graph":[{"@type":"WebPage","@id":"https:\/\/akropolis.lt\/klaipeda\/gaivus-gerimas-dovanu\/","url":"https:\/\/akropolis.lt\/klaipeda\/gaivus-gerimas-dovanu\/","name":"Gaivus g\u0117rimas - dovan\u0173 - Akropolis Klaip\u0117da","isPartOf":{"@id":"https:\/\/akropolis.lt\/klaipeda\/#website"},"datePublished":"2026-03-13T09:38:58+00:00","dateModified":"2026-03-17T08:00:35+00:00","breadcrumb":{"@id":"https:\/\/akropolis.lt\/klaipeda\/gaivus-gerimas-dovanu\/#breadcrumb"},"inLanguage":"lt-LT","potentialAction":[{"@type":"ReadAction","target":["https:\/\/akropolis.lt\/klaipeda\/gaivus-gerimas-dovanu\/"]}]},{"@type":"BreadcrumbList","@id":"https:\/\/akropolis.lt\/klaipeda\/gaivus-gerimas-dovanu\/#breadcrumb","itemListElement":[{"@type":"ListItem","position":1,"name":"Home","item":"https:\/\/akropolis.lt\/klaipeda\/"},{"@type":"ListItem","position":2,"name":"Gaivus g\u0117rimas &#8211; dovan\u0173"}]},{"@type":"WebSite","@id":"https:\/\/akropolis.lt\/klaipeda\/#website","url":"https:\/\/akropolis.lt\/klaipeda\/","name":"Akropolis Klaip\u0117da","description":"","publisher":{"@id":"https:\/\/akropolis.lt\/klaipeda\/#organization"},"potentialAction":[{"@type":"SearchAction","target":{"@type":"EntryPoint","urlTemplate":"https:\/\/akropolis.lt\/klaipeda\/?s={search_term_string}"},"query-input":{"@type":"PropertyValueSpecification","valueRequired":true,"valueName":"search_term_string"}}],"inLanguage":"lt-LT"},{"@type":"Organization","@id":"https:\/\/akropolis.lt\/klaipeda\/#organization","name":"Akropolis Klaip\u0117da","url":"https:\/\/akropolis.lt\/klaipeda\/","logo":{"@type":"ImageObject","inLanguage":"lt-LT","@id":"https:\/\/akropolis.lt\/klaipeda\/#\/schema\/logo\/image\/","url":"https:\/\/akropolis.lt\/klaipeda\/wp-content\/uploads\/sites\/2\/2025\/06\/image.png","contentUrl":"https:\/\/akropolis.lt\/klaipeda\/wp-content\/uploads\/sites\/2\/2025\/06\/image.png","width":650,"height":650,"caption":"Akropolis Klaip\u0117da"},"image":{"@id":"https:\/\/akropolis.lt\/klaipeda\/#\/schema\/logo\/image\/"}}]}},"_links":{"self":[{"href":"https:\/\/akropolis.lt\/klaipeda\/wp-json\/wp\/v2\/pages\/10084","targetHints":{"allow":["GET"]}}],"collection":[{"href":"https:\/\/akropolis.lt\/klaipeda\/wp-json\/wp\/v2\/pages"}],"about":[{"href":"https:\/\/akropolis.lt\/klaipeda\/wp-json\/wp\/v2\/types\/page"}],"author":[{"embeddable":true,"href":"https:\/\/akropolis.lt\/klaipeda\/wp-json\/wp\/v2\/users\/18"}],"replies":[{"embeddable":true,"href":"https:\/\/akropolis.lt\/klaipeda\/wp-json\/wp\/v2\/comments?post=10084"}],"version-history":[{"count":13,"href":"https:\/\/akropolis.lt\/klaipeda\/wp-json\/wp\/v2\/pages\/10084\/revisions"}],"predecessor-version":[{"id":10165,"href":"https:\/\/akropolis.lt\/klaipeda\/wp-json\/wp\/v2\/pages\/10084\/revisions\/10165"}],"wp:attachment":[{"href":"https:\/\/akropolis.lt\/klaipeda\/wp-json\/wp\/v2\/media?parent=10084"}],"curies":[{"name":"wp","href":"https:\/\/api.w.org\/{rel}","templated":true}]}}