{"id":2828,"date":"2025-05-30T08:41:20","date_gmt":"2025-05-30T08:41:20","guid":{"rendered":"https:\/\/akropolis.lt\/vilnius\/?page_id=4875"},"modified":"2025-06-03T11:19:28","modified_gmt":"2025-06-03T11:19:28","slug":"tvarumo-politika","status":"publish","type":"page","link":"https:\/\/akropolis.lt\/klaipeda\/tvarumo-politika\/","title":{"rendered":"Tvarumo politika"},"content":{"rendered":"    <section id=\"text-block-6819fc6146ef1\" class=\"text\">\n        <div class=\"container medium\">\n            <div class=\"content-wrap\">\n                <h3><strong>Tvarumo politika<\/strong><\/h3>\n<p>AKROPOLIS GROUP, UAB\u00a0<a href=\"https:\/\/akropolis.lt\/vilnius\/wp-content\/uploads\/sites\/4\/2025\/05\/495_Tvarumo-politika-LT.pdf\">Tvarumo politika<\/a>\u00a0nustato svarbiausius pagrindinius trij\u0173 tvarumo sri\u010di\u0173: aplinkos apsaugos, socialinius ir valdysenos principus, veiklos sritis ir \u012fsipareigojimus. Politika formuoja tvarumo rizik\u0173 ir neigiamo poveikio prevencij\u0105 bei gaires, skirtas u\u017etikrinti, kad veiktume vadovaujantis atsakingos \u012fmon\u0117s principais.<\/p>\n<p><strong>Verslo etikos kodeksas<\/strong><\/p>\n<p>S\u0105\u017einingumas, skaidri veikla, pagarba, socialin\u0117 atsakomyb\u0117 \u2013 principai, kuri\u0173 laikom\u0117s savo veikloje. Drauge su kitomis\u00a0\u201eVilniaus prekybos\u201c grup\u0117s \u012fmon\u0117mis vadovaujam\u0117s bendru\u00a0<a href=\"https:\/\/vilniausprekyba.lt\/verslo-etika\/\" target=\"_blank\" rel=\"noopener\">Verslo etikos kodeksu<\/a>.<\/p>\n<p><strong>Korupcijos prevencija<\/strong><\/p>\n<p>AKROPOLIS GROUP, UAB\u00a0<a href=\"https:\/\/akropolis.lt\/vilnius\/wp-content\/uploads\/sites\/4\/2025\/05\/12861_AG-Korupcijos-prevencijos-politika-20250108.pdf\" target=\"_blank\" rel=\"noopener\">Korupcijos prevencijos politika<\/a>\u00a0apima pagrindinius skaidrumo principus, kuriais vadovaujam\u0117s kasdien\u0117je veikloje.<\/p>\n<p>\u012emon\u0117je veikia pasitik\u0117jimo linija, t. y. elektroninio pa\u0161to adresas\u00a0<a href=\"mailto:pasitikejimolinija@akropolis.lt\">pasitikejimolinija@akropolis.lt<\/a>, kuriuo galite prane\u0161ti apie galimus korupcijos ar kitus nusikalstamos veikos atvejus m\u016bs\u0173 \u012fmon\u0117je.\u00a0<u>Konfidencialum\u0105 garantuojame<\/u>. Prane\u0161imus skatiname pateikti u\u017epildant \u0161i\u0105\u00a0<a href=\"https:\/\/akropolis.lt\/vilnius\/wp-content\/uploads\/sites\/4\/2025\/05\/8393_8350_AG-Korupcijos-prevencijos-politika.Forma_.docx\" target=\"_blank\" rel=\"noopener\">form\u0105<\/a><em>.<\/em><\/p>\n<p><strong>Lygi\u0173 galimybi\u0173 ir \u012fvairov\u0117s politika<\/strong><\/p>\n<p>\u012evairov\u0117 ir lygios galimyb\u0117s yra atviros, progresyvios ir tvariai augan\u010dios visuomen\u0117s pagrindas.\u00a0<a href=\"https:\/\/akropolis.lt\/vilnius\/wp-content\/uploads\/sites\/4\/2025\/05\/8352_AKROPOLIS-GROUP-UAB-LYGIU-GALIMYBIU-IR-IVAIROVES-POLITIKA.pdf\" target=\"_blank\" rel=\"noopener\">Lygi\u0173 galimybi\u0173 ir \u012fvairov\u0117s politika<\/a>\u00a0i\u0161d\u0117sto pagrindinius AKROPOLIS GROUP, UAB ly\u010di\u0173 lygyb\u0117s ir nediskriminavimo kitais pagrindais principus ir reikalavimus kartu su j\u0173 \u012fgyvendinimo gair\u0117mis, kuri\u0173 laikymasis sudaro prielaidas bei s\u0105lygas \u012fgyvendinti auk\u0161\u010diausius verslo etikos standartus.<\/p>\n<p>Asmenys, kurie mano, kad j\u0173 lygios galimyb\u0117s yra pa\u017eeid\u017eiamos, gali ra\u0161tu kreiptis \u012f AKROPOLIS GROUP, UAB personalo vadov\u0105 arba pateikti prane\u0161im\u0105 per pasitik\u0117jimo linij\u0105:\u00a0<a href=\"mailto:pasitikejimolinija@akropolis.lt\">pasitikejimolinija@akropolis.lt<\/a>.\u00a0<u>Konfidencialum\u0105 garantuojame<\/u>. Prane\u0161imus skatiname pateikti u\u017epildant \u0161i\u0105\u00a0<a href=\"https:\/\/akropolis.lt\/vilnius\/wp-content\/uploads\/sites\/4\/2025\/05\/8395_8351_AG-lygiu-galimybiu-politika.Form_.docx\" target=\"_blank\" rel=\"noopener\">form\u0105<\/a>.<\/p>\n            <\/div>\n                    <\/div>\n    <\/section>\n\n<script>window.dispatchEvent( new Event('acf\/loaded\/text'));<\/script>\n\n","protected":false},"excerpt":{"rendered":"","protected":false},"author":13,"featured_media":0,"parent":0,"menu_order":0,"comment_status":"closed","ping_status":"closed","template":"","meta":{"_acf_changed":false,"footnotes":""},"class_list":["post-2828","page","type-page","status-publish","hentry"],"acf":[],"yoast_head":"<!-- This site is optimized with the Yoast SEO plugin v27.2 - https:\/\/yoast.com\/product\/yoast-seo-wordpress\/ -->\n<title>Tvarumo politika - Akropolis Klaip\u0117da<\/title>\n<meta name=\"robots\" content=\"index, follow, max-snippet:-1, max-image-preview:large, max-video-preview:-1\" \/>\n<link rel=\"canonical\" href=\"https:\/\/akropolis.lt\/klaipeda\/tvarumo-politika\/\" \/>\n<meta property=\"og:locale\" content=\"lt_LT\" \/>\n<meta property=\"og:type\" content=\"article\" \/>\n<meta property=\"og:title\" content=\"Tvarumo politika - Akropolis Klaip\u0117da\" \/>\n<meta property=\"og:url\" content=\"https:\/\/akropolis.lt\/klaipeda\/tvarumo-politika\/\" \/>\n<meta property=\"og:site_name\" content=\"Akropolis Klaip\u0117da\" \/>\n<meta property=\"article:modified_time\" content=\"2025-06-03T11:19:28+00:00\" \/>\n<meta property=\"og:image\" content=\"https:\/\/akropolis.lt\/klaipeda\/wp-content\/uploads\/sites\/2\/2025\/12\/OG-image.png\" \/>\n\t<meta property=\"og:image:width\" content=\"1200\" \/>\n\t<meta property=\"og:image:height\" content=\"630\" \/>\n\t<meta property=\"og:image:type\" content=\"image\/png\" \/>\n<meta name=\"twitter:card\" content=\"summary_large_image\" \/>\n<script type=\"application\/ld+json\" class=\"yoast-schema-graph\">{\"@context\":\"https:\/\/schema.org\",\"@graph\":[{\"@type\":\"WebPage\",\"@id\":\"https:\/\/akropolis.lt\/klaipeda\/tvarumo-politika\/\",\"url\":\"https:\/\/akropolis.lt\/klaipeda\/tvarumo-politika\/\",\"name\":\"Tvarumo politika - Akropolis Klaip\u0117da\",\"isPartOf\":{\"@id\":\"https:\/\/akropolis.lt\/klaipeda\/#website\"},\"datePublished\":\"2025-05-30T08:41:20+00:00\",\"dateModified\":\"2025-06-03T11:19:28+00:00\",\"breadcrumb\":{\"@id\":\"https:\/\/akropolis.lt\/klaipeda\/tvarumo-politika\/#breadcrumb\"},\"inLanguage\":\"lt-LT\",\"potentialAction\":[{\"@type\":\"ReadAction\",\"target\":[\"https:\/\/akropolis.lt\/klaipeda\/tvarumo-politika\/\"]}]},{\"@type\":\"BreadcrumbList\",\"@id\":\"https:\/\/akropolis.lt\/klaipeda\/tvarumo-politika\/#breadcrumb\",\"itemListElement\":[{\"@type\":\"ListItem\",\"position\":1,\"name\":\"Home\",\"item\":\"https:\/\/akropolis.lt\/klaipeda\/\"},{\"@type\":\"ListItem\",\"position\":2,\"name\":\"Tvarumo politika\"}]},{\"@type\":\"WebSite\",\"@id\":\"https:\/\/akropolis.lt\/klaipeda\/#website\",\"url\":\"https:\/\/akropolis.lt\/klaipeda\/\",\"name\":\"Akropolis Klaip\u0117da\",\"description\":\"\",\"publisher\":{\"@id\":\"https:\/\/akropolis.lt\/klaipeda\/#organization\"},\"potentialAction\":[{\"@type\":\"SearchAction\",\"target\":{\"@type\":\"EntryPoint\",\"urlTemplate\":\"https:\/\/akropolis.lt\/klaipeda\/?s={search_term_string}\"},\"query-input\":{\"@type\":\"PropertyValueSpecification\",\"valueRequired\":true,\"valueName\":\"search_term_string\"}}],\"inLanguage\":\"lt-LT\"},{\"@type\":\"Organization\",\"@id\":\"https:\/\/akropolis.lt\/klaipeda\/#organization\",\"name\":\"Akropolis Klaip\u0117da\",\"url\":\"https:\/\/akropolis.lt\/klaipeda\/\",\"logo\":{\"@type\":\"ImageObject\",\"inLanguage\":\"lt-LT\",\"@id\":\"https:\/\/akropolis.lt\/klaipeda\/#\/schema\/logo\/image\/\",\"url\":\"https:\/\/akropolis.lt\/klaipeda\/wp-content\/uploads\/sites\/2\/2025\/06\/image.png\",\"contentUrl\":\"https:\/\/akropolis.lt\/klaipeda\/wp-content\/uploads\/sites\/2\/2025\/06\/image.png\",\"width\":650,\"height\":650,\"caption\":\"Akropolis Klaip\u0117da\"},\"image\":{\"@id\":\"https:\/\/akropolis.lt\/klaipeda\/#\/schema\/logo\/image\/\"}}]}<\/script>\n<!-- \/ Yoast SEO plugin. -->","yoast_head_json":{"title":"Tvarumo politika - Akropolis Klaip\u0117da","robots":{"index":"index","follow":"follow","max-snippet":"max-snippet:-1","max-image-preview":"max-image-preview:large","max-video-preview":"max-video-preview:-1"},"canonical":"https:\/\/akropolis.lt\/klaipeda\/tvarumo-politika\/","og_locale":"lt_LT","og_type":"article","og_title":"Tvarumo politika - Akropolis Klaip\u0117da","og_url":"https:\/\/akropolis.lt\/klaipeda\/tvarumo-politika\/","og_site_name":"Akropolis Klaip\u0117da","article_modified_time":"2025-06-03T11:19:28+00:00","og_image":[{"width":1200,"height":630,"url":"https:\/\/akropolis.lt\/klaipeda\/wp-content\/uploads\/sites\/2\/2025\/12\/OG-image.png","type":"image\/png"}],"twitter_card":"summary_large_image","schema":{"@context":"https:\/\/schema.org","@graph":[{"@type":"WebPage","@id":"https:\/\/akropolis.lt\/klaipeda\/tvarumo-politika\/","url":"https:\/\/akropolis.lt\/klaipeda\/tvarumo-politika\/","name":"Tvarumo politika - Akropolis Klaip\u0117da","isPartOf":{"@id":"https:\/\/akropolis.lt\/klaipeda\/#website"},"datePublished":"2025-05-30T08:41:20+00:00","dateModified":"2025-06-03T11:19:28+00:00","breadcrumb":{"@id":"https:\/\/akropolis.lt\/klaipeda\/tvarumo-politika\/#breadcrumb"},"inLanguage":"lt-LT","potentialAction":[{"@type":"ReadAction","target":["https:\/\/akropolis.lt\/klaipeda\/tvarumo-politika\/"]}]},{"@type":"BreadcrumbList","@id":"https:\/\/akropolis.lt\/klaipeda\/tvarumo-politika\/#breadcrumb","itemListElement":[{"@type":"ListItem","position":1,"name":"Home","item":"https:\/\/akropolis.lt\/klaipeda\/"},{"@type":"ListItem","position":2,"name":"Tvarumo politika"}]},{"@type":"WebSite","@id":"https:\/\/akropolis.lt\/klaipeda\/#website","url":"https:\/\/akropolis.lt\/klaipeda\/","name":"Akropolis Klaip\u0117da","description":"","publisher":{"@id":"https:\/\/akropolis.lt\/klaipeda\/#organization"},"potentialAction":[{"@type":"SearchAction","target":{"@type":"EntryPoint","urlTemplate":"https:\/\/akropolis.lt\/klaipeda\/?s={search_term_string}"},"query-input":{"@type":"PropertyValueSpecification","valueRequired":true,"valueName":"search_term_string"}}],"inLanguage":"lt-LT"},{"@type":"Organization","@id":"https:\/\/akropolis.lt\/klaipeda\/#organization","name":"Akropolis Klaip\u0117da","url":"https:\/\/akropolis.lt\/klaipeda\/","logo":{"@type":"ImageObject","inLanguage":"lt-LT","@id":"https:\/\/akropolis.lt\/klaipeda\/#\/schema\/logo\/image\/","url":"https:\/\/akropolis.lt\/klaipeda\/wp-content\/uploads\/sites\/2\/2025\/06\/image.png","contentUrl":"https:\/\/akropolis.lt\/klaipeda\/wp-content\/uploads\/sites\/2\/2025\/06\/image.png","width":650,"height":650,"caption":"Akropolis Klaip\u0117da"},"image":{"@id":"https:\/\/akropolis.lt\/klaipeda\/#\/schema\/logo\/image\/"}}]}},"_links":{"self":[{"href":"https:\/\/akropolis.lt\/klaipeda\/wp-json\/wp\/v2\/pages\/2828","targetHints":{"allow":["GET"]}}],"collection":[{"href":"https:\/\/akropolis.lt\/klaipeda\/wp-json\/wp\/v2\/pages"}],"about":[{"href":"https:\/\/akropolis.lt\/klaipeda\/wp-json\/wp\/v2\/types\/page"}],"author":[{"embeddable":true,"href":"https:\/\/akropolis.lt\/klaipeda\/wp-json\/wp\/v2\/users\/13"}],"replies":[{"embeddable":true,"href":"https:\/\/akropolis.lt\/klaipeda\/wp-json\/wp\/v2\/comments?post=2828"}],"version-history":[{"count":1,"href":"https:\/\/akropolis.lt\/klaipeda\/wp-json\/wp\/v2\/pages\/2828\/revisions"}],"predecessor-version":[{"id":2998,"href":"https:\/\/akropolis.lt\/klaipeda\/wp-json\/wp\/v2\/pages\/2828\/revisions\/2998"}],"wp:attachment":[{"href":"https:\/\/akropolis.lt\/klaipeda\/wp-json\/wp\/v2\/media?parent=2828"}],"curies":[{"name":"wp","href":"https:\/\/api.w.org\/{rel}","templated":true}]}}