{"id":2875,"date":"2025-04-27T17:58:20","date_gmt":"2025-04-27T14:58:20","guid":{"rendered":"https:\/\/akropolis.lt\/vilnius\/?page_id=4708"},"modified":"2026-01-15T11:40:24","modified_gmt":"2026-01-15T11:40:24","slug":"kontaktai","status":"publish","type":"page","link":"https:\/\/akropolis.lt\/klaipeda\/kontaktai\/","title":{"rendered":"Kontaktai"},"content":{"rendered":"\n    <section id=\"contact-tabs-block-6834a14b0168d\" class=\"contact-tabs\">\n        <div class=\"container\">\n            <h1 class=\"h4\">Susisiekite su mumis<\/h1>\n                            <div class=\"tabs-title-wrapper\">\n                                            <button data-title-id=\"tab-0\"\n                             class=\"tab-title helper-btn active\">Informaciniai centrai<\/button>\n                                            <button data-title-id=\"tab-1\"\n                             class=\"tab-title helper-btn \">Administracija<\/button>\n                                    <\/div>\n                                    <div class=\"tabs-content-wrapper active\"\n                         data-content-id=\"tab-0\">\n                                                                                    <div class=\"card\">\n                                                                            <p class=\"title\">AKROPOLIS<\/p>\n                                                                                                                <p>Informacijos centras<\/p>\n                                                                        <div class=\"contact-details\">\n                                                                                    <p>I-VII 09:00-21:00<\/p>\n                                                                                                                            <p><a target=\"_self\"\n                                                  href=\"tel:+370 659 94510\">+370 659 94510<\/a>\n                                            <\/p>\n                                                                                                                        <p><a target=\"_self\"\n                                              href=\"mailto:info.klaipeda@akropolis.lt\">info.klaipeda@akropolis.lt<\/a>\n                                                                                    <\/p>\n                                    <\/div>\n                                <\/div>\n                                                            <div class=\"card\">\n                                                                            <p class=\"title\">Maxima XXXX <\/p>\n                                                                                                                <p>Informacija<\/p>\n                                                                        <div class=\"contact-details\">\n                                                                                    <p>I-VII 08:00-22:00<\/p>\n                                                                                                                            <p><a target=\"_self\"\n                                                  href=\"tel:+370 5 2492851\">+370 5 2492851<\/a>\n                                            <\/p>\n                                                                                                                        <p><a target=\"_self\"\n                                              href=\"mailto:info@maxima.lt\">info@maxima.lt<\/a>\n                                                                                    <\/p>\n                                    <\/div>\n                                <\/div>\n                                                            <div class=\"card\">\n                                                                            <p class=\"title\">AKROPOLIS renginiai<\/p>\n                                                                                                                <p>Renginiai prekybos centre<\/p>\n                                                                        <div class=\"contact-details\">\n                                                                                    <p>I-V 09:00-18:00<\/p>\n                                                                                                                            <p><a target=\"_self\"\n                                                  href=\"tel:+370 683 32123\">+370 683 32123<\/a>\n                                            <\/p>\n                                                                                                                        <p><a target=\"_self\"\n                                              href=\"mailto:renginiai@akropolis.lt\">renginiai@akropolis.lt<\/a>\n                                                                                    <\/p>\n                                    <\/div>\n                                <\/div>\n                                                                        <\/div>\n                                    <div class=\"tabs-content-wrapper \"\n                         data-content-id=\"tab-1\">\n                                                                                    <div class=\"card\">\n                                                                                                            <div class=\"contact-details\">\n                                                                                                                                                                <\/p>\n                                    <\/div>\n                                <\/div>\n                                                            <div class=\"card\">\n                                                                            <p class=\"title\">Gintar\u0117 \u0160ukutyt\u0117<\/p>\n                                                                                                                <p>Rinkodaros vadybinink\u0117<\/p>\n                                                                        <div class=\"contact-details\">\n                                                                                    <p>I-V 08:00-17:00<\/p>\n                                                                                                                            <p><a target=\"_self\"\n                                                  href=\"tel:+370 659 46061\">+370 659 46061<\/a>\n                                            <\/p>\n                                                                                                                        <p><a target=\"_self\"\n                                              href=\"mailto:gintare.sukutyte@akropolis.lt\">gintare.sukutyte@akropolis.lt<\/a>\n                                                                                    <\/p>\n                                    <\/div>\n                                <\/div>\n                                                            <div class=\"card\">\n                                                                            <p class=\"title\">Aist\u0117 Jank\u016bnait\u0117<\/p>\n                                                                                                                <p>Kontaktai \u017einiasklaidai<\/p>\n                                                                        <div class=\"contact-details\">\n                                                                                    <p>I-V 08:00-18:00<\/p>\n                                                                                                                            <p><a target=\"_self\"\n                                                  href=\"tel:+370 614 55468\">+370 614 55468<\/a>\n                                            <\/p>\n                                                                                                                        <p><a target=\"_self\"\n                                              href=\"mailto:aiste@ideaprima.lt\">aiste@ideaprima.lt<\/a>\n                                                                                    <\/p>\n                                    <\/div>\n                                <\/div>\n                                                            <div class=\"card\">\n                                                                            <p class=\"title\">Regina Jakuta<\/p>\n                                                                                                                <p>PC administrator\u0117<\/p>\n                                                                        <div class=\"contact-details\">\n                                                                                    <p>I-V 08:00 &#8211; 17:00<\/p>\n                                                                                                                            <p><a target=\"_self\"\n                                                  href=\"tel:+370 659 25734\">+370 659 25734<\/a>\n                                            <\/p>\n                                                                                                                        <p><a target=\"_self\"\n                                              href=\"mailto:regina.jakuta@akropolis.lt\">regina.jakuta@akropolis.lt<\/a>\n                                                                                    <\/p>\n                                    <\/div>\n                                <\/div>\n                                                            <div class=\"card\">\n                                                                            <p class=\"title\">AKROPOLIS renginiai<\/p>\n                                                                                                                <p>Renginiai prekybos centre<\/p>\n                                                                        <div class=\"contact-details\">\n                                                                                    <p>I-V 09:00-18:00<\/p>\n                                                                                                                            <p><a target=\"_self\"\n                                                  href=\"tel:+370 630 62633\">+370 630 62633<\/a>\n                                            <\/p>\n                                                                                                                        <p><a target=\"_self\"\n                                              href=\"mailto:renginiai@akropolis.lt\">renginiai@akropolis.lt<\/a>\n                                                                                    <\/p>\n                                    <\/div>\n                                <\/div>\n                                                                        <\/div>\n                                    <\/div>\n                    <div class=\"map\" data-address=\"Taikos pr. 61, Klaip\u0117da, Lietuva\" data-btn=\"\" data-lat=\"55.692806243896484\"\n                 data-long=\"21.15694236755371\"><\/div>\n            <\/section>\n\n<script>window.dispatchEvent( new Event('acf\/loaded\/contact-tabs'));<\/script>","protected":false},"excerpt":{"rendered":"","protected":false},"author":1,"featured_media":0,"parent":0,"menu_order":0,"comment_status":"closed","ping_status":"closed","template":"","meta":{"_acf_changed":false,"footnotes":""},"class_list":["post-2875","page","type-page","status-publish","hentry"],"acf":[],"yoast_head":"<!-- This site is optimized with the Yoast SEO plugin v27.2 - https:\/\/yoast.com\/product\/yoast-seo-wordpress\/ -->\n<title>Kontaktai - Akropolis Klaip\u0117da<\/title>\n<meta name=\"robots\" content=\"index, follow, max-snippet:-1, max-image-preview:large, max-video-preview:-1\" \/>\n<link rel=\"canonical\" href=\"https:\/\/akropolis.lt\/klaipeda\/kontaktai\/\" \/>\n<meta property=\"og:locale\" content=\"lt_LT\" \/>\n<meta property=\"og:type\" content=\"article\" \/>\n<meta property=\"og:title\" content=\"Kontaktai - Akropolis Klaip\u0117da\" \/>\n<meta property=\"og:url\" content=\"https:\/\/akropolis.lt\/klaipeda\/kontaktai\/\" \/>\n<meta property=\"og:site_name\" content=\"Akropolis Klaip\u0117da\" \/>\n<meta property=\"article:modified_time\" content=\"2026-01-15T11:40:24+00:00\" \/>\n<meta property=\"og:image\" content=\"https:\/\/akropolis.lt\/klaipeda\/wp-content\/uploads\/sites\/2\/2025\/12\/OG-image.png\" \/>\n\t<meta property=\"og:image:width\" content=\"1200\" \/>\n\t<meta property=\"og:image:height\" content=\"630\" \/>\n\t<meta property=\"og:image:type\" content=\"image\/png\" \/>\n<meta name=\"twitter:card\" content=\"summary_large_image\" \/>\n<script type=\"application\/ld+json\" class=\"yoast-schema-graph\">{\"@context\":\"https:\/\/schema.org\",\"@graph\":[{\"@type\":\"WebPage\",\"@id\":\"https:\/\/akropolis.lt\/klaipeda\/kontaktai\/\",\"url\":\"https:\/\/akropolis.lt\/klaipeda\/kontaktai\/\",\"name\":\"Kontaktai - Akropolis Klaip\u0117da\",\"isPartOf\":{\"@id\":\"https:\/\/akropolis.lt\/klaipeda\/#website\"},\"datePublished\":\"2025-04-27T14:58:20+00:00\",\"dateModified\":\"2026-01-15T11:40:24+00:00\",\"breadcrumb\":{\"@id\":\"https:\/\/akropolis.lt\/klaipeda\/kontaktai\/#breadcrumb\"},\"inLanguage\":\"lt-LT\",\"potentialAction\":[{\"@type\":\"ReadAction\",\"target\":[\"https:\/\/akropolis.lt\/klaipeda\/kontaktai\/\"]}]},{\"@type\":\"BreadcrumbList\",\"@id\":\"https:\/\/akropolis.lt\/klaipeda\/kontaktai\/#breadcrumb\",\"itemListElement\":[{\"@type\":\"ListItem\",\"position\":1,\"name\":\"Home\",\"item\":\"https:\/\/akropolis.lt\/klaipeda\/\"},{\"@type\":\"ListItem\",\"position\":2,\"name\":\"Kontaktai\"}]},{\"@type\":\"WebSite\",\"@id\":\"https:\/\/akropolis.lt\/klaipeda\/#website\",\"url\":\"https:\/\/akropolis.lt\/klaipeda\/\",\"name\":\"Akropolis Klaip\u0117da\",\"description\":\"\",\"publisher\":{\"@id\":\"https:\/\/akropolis.lt\/klaipeda\/#organization\"},\"potentialAction\":[{\"@type\":\"SearchAction\",\"target\":{\"@type\":\"EntryPoint\",\"urlTemplate\":\"https:\/\/akropolis.lt\/klaipeda\/?s={search_term_string}\"},\"query-input\":{\"@type\":\"PropertyValueSpecification\",\"valueRequired\":true,\"valueName\":\"search_term_string\"}}],\"inLanguage\":\"lt-LT\"},{\"@type\":\"Organization\",\"@id\":\"https:\/\/akropolis.lt\/klaipeda\/#organization\",\"name\":\"Akropolis Klaip\u0117da\",\"url\":\"https:\/\/akropolis.lt\/klaipeda\/\",\"logo\":{\"@type\":\"ImageObject\",\"inLanguage\":\"lt-LT\",\"@id\":\"https:\/\/akropolis.lt\/klaipeda\/#\/schema\/logo\/image\/\",\"url\":\"https:\/\/akropolis.lt\/klaipeda\/wp-content\/uploads\/sites\/2\/2025\/06\/image.png\",\"contentUrl\":\"https:\/\/akropolis.lt\/klaipeda\/wp-content\/uploads\/sites\/2\/2025\/06\/image.png\",\"width\":650,\"height\":650,\"caption\":\"Akropolis Klaip\u0117da\"},\"image\":{\"@id\":\"https:\/\/akropolis.lt\/klaipeda\/#\/schema\/logo\/image\/\"}}]}<\/script>\n<!-- \/ Yoast SEO plugin. -->","yoast_head_json":{"title":"Kontaktai - Akropolis Klaip\u0117da","robots":{"index":"index","follow":"follow","max-snippet":"max-snippet:-1","max-image-preview":"max-image-preview:large","max-video-preview":"max-video-preview:-1"},"canonical":"https:\/\/akropolis.lt\/klaipeda\/kontaktai\/","og_locale":"lt_LT","og_type":"article","og_title":"Kontaktai - Akropolis Klaip\u0117da","og_url":"https:\/\/akropolis.lt\/klaipeda\/kontaktai\/","og_site_name":"Akropolis Klaip\u0117da","article_modified_time":"2026-01-15T11:40:24+00:00","og_image":[{"width":1200,"height":630,"url":"https:\/\/akropolis.lt\/klaipeda\/wp-content\/uploads\/sites\/2\/2025\/12\/OG-image.png","type":"image\/png"}],"twitter_card":"summary_large_image","schema":{"@context":"https:\/\/schema.org","@graph":[{"@type":"WebPage","@id":"https:\/\/akropolis.lt\/klaipeda\/kontaktai\/","url":"https:\/\/akropolis.lt\/klaipeda\/kontaktai\/","name":"Kontaktai - Akropolis Klaip\u0117da","isPartOf":{"@id":"https:\/\/akropolis.lt\/klaipeda\/#website"},"datePublished":"2025-04-27T14:58:20+00:00","dateModified":"2026-01-15T11:40:24+00:00","breadcrumb":{"@id":"https:\/\/akropolis.lt\/klaipeda\/kontaktai\/#breadcrumb"},"inLanguage":"lt-LT","potentialAction":[{"@type":"ReadAction","target":["https:\/\/akropolis.lt\/klaipeda\/kontaktai\/"]}]},{"@type":"BreadcrumbList","@id":"https:\/\/akropolis.lt\/klaipeda\/kontaktai\/#breadcrumb","itemListElement":[{"@type":"ListItem","position":1,"name":"Home","item":"https:\/\/akropolis.lt\/klaipeda\/"},{"@type":"ListItem","position":2,"name":"Kontaktai"}]},{"@type":"WebSite","@id":"https:\/\/akropolis.lt\/klaipeda\/#website","url":"https:\/\/akropolis.lt\/klaipeda\/","name":"Akropolis Klaip\u0117da","description":"","publisher":{"@id":"https:\/\/akropolis.lt\/klaipeda\/#organization"},"potentialAction":[{"@type":"SearchAction","target":{"@type":"EntryPoint","urlTemplate":"https:\/\/akropolis.lt\/klaipeda\/?s={search_term_string}"},"query-input":{"@type":"PropertyValueSpecification","valueRequired":true,"valueName":"search_term_string"}}],"inLanguage":"lt-LT"},{"@type":"Organization","@id":"https:\/\/akropolis.lt\/klaipeda\/#organization","name":"Akropolis Klaip\u0117da","url":"https:\/\/akropolis.lt\/klaipeda\/","logo":{"@type":"ImageObject","inLanguage":"lt-LT","@id":"https:\/\/akropolis.lt\/klaipeda\/#\/schema\/logo\/image\/","url":"https:\/\/akropolis.lt\/klaipeda\/wp-content\/uploads\/sites\/2\/2025\/06\/image.png","contentUrl":"https:\/\/akropolis.lt\/klaipeda\/wp-content\/uploads\/sites\/2\/2025\/06\/image.png","width":650,"height":650,"caption":"Akropolis Klaip\u0117da"},"image":{"@id":"https:\/\/akropolis.lt\/klaipeda\/#\/schema\/logo\/image\/"}}]}},"_links":{"self":[{"href":"https:\/\/akropolis.lt\/klaipeda\/wp-json\/wp\/v2\/pages\/2875","targetHints":{"allow":["GET"]}}],"collection":[{"href":"https:\/\/akropolis.lt\/klaipeda\/wp-json\/wp\/v2\/pages"}],"about":[{"href":"https:\/\/akropolis.lt\/klaipeda\/wp-json\/wp\/v2\/types\/page"}],"author":[{"embeddable":true,"href":"https:\/\/akropolis.lt\/klaipeda\/wp-json\/wp\/v2\/users\/1"}],"replies":[{"embeddable":true,"href":"https:\/\/akropolis.lt\/klaipeda\/wp-json\/wp\/v2\/comments?post=2875"}],"version-history":[{"count":10,"href":"https:\/\/akropolis.lt\/klaipeda\/wp-json\/wp\/v2\/pages\/2875\/revisions"}],"predecessor-version":[{"id":9356,"href":"https:\/\/akropolis.lt\/klaipeda\/wp-json\/wp\/v2\/pages\/2875\/revisions\/9356"}],"wp:attachment":[{"href":"https:\/\/akropolis.lt\/klaipeda\/wp-json\/wp\/v2\/media?parent=2875"}],"curies":[{"name":"wp","href":"https:\/\/api.w.org\/{rel}","templated":true}]}}