{"id":2907,"date":"2025-04-27T17:40:40","date_gmt":"2025-04-27T14:40:40","guid":{"rendered":"https:\/\/akropolis.lt\/vilnius\/?page_id=4699"},"modified":"2026-01-08T08:27:32","modified_gmt":"2026-01-08T08:27:32","slug":"reklama-prekybos-centre","status":"publish","type":"page","link":"https:\/\/akropolis.lt\/klaipeda\/reklama-prekybos-centre\/","title":{"rendered":"Reklama prekybos centre"},"content":{"rendered":"\n    <section id=\"text-sidebar-block-6819f6c20baa4\" class=\"text-sidebar\">\n        <div class=\"container\">\n            <div class=\"wrap hide-nav\">\n                                <div class=\"content-title-side\">\n                                            <h1 class=\"h4\">Reklamini\u0173 pozicij\u0173 \u012fkainiai Vilniaus Akropolyje <\/h1>\n                                                                                    <div class=\"content-side \">\n                                                        <div class=\"step-holder \">\n                                                                                            <div class=\"item js-policy-block\" data-target=\"item-0\"\n                                         id=\"item-0\">\n                                                                                                                                            <div class=\"btns-wrap\">\n                                                                                                                    <a rel=\"noopener noreferrer\" class=\"btn dot bg-light-gray\"\n                                                               target=\"_blank\"\n                                                               href=\"https:\/\/akropolis.lt\/klaipeda\/wp-content\/uploads\/sites\/2\/2026\/01\/2026-Ikainiu-zurnalas-Klaipeda-2.pdf\"><span>Pilnas reklamos pozicij\u0173 s\u0105ra\u0161as su kainomis<\/span><\/a>\n                                                                                                            <\/div>\n                                                                                                                                                                                                                                <div class=\"content-wrap\">\n                                                    <table style=\"border-collapse: collapse; width: 100%; height: 415px;\" class=\"mce-item-table\">\n<thead>\n<tr style=\"height: 72px;\" data-mce-style=\"height: 72px;\">\n<td style=\"height: 72px; width: 29.4124%; text-align: center;\">Reklamin\u0117s pozicijos<\/td>\n<td style=\"height: 72px; width: 19.2129%; text-align: center;\">Kaina m\u0117nesiui*<\/td>\n<td style=\"width: 21.6962%; height: 72px; text-align: center;\">Galim\u0173<br \/>pozicij\u0173 kiekis<\/td>\n<td style=\"width: 29.6785%; height: 72px; text-align: center;\">Min. nuomos laikotarpis<\/td>\n<\/tr>\n<\/thead>\n<tbody>\n<tr style=\"height: 72px;\" data-mce-style=\"height: 72px;\">\n<td style=\"width: 29.4124%; height: 72px;\">Reklamin\u0117s plok\u0161tumos \u012f\u0117jimuose<\/td>\n<td style=\"width: 19.2129%; height: 72px; text-align: center;\"><strong>nuo 820 \u20ac <\/strong><\/td>\n<td style=\"width: 21.6962%; height: 72px; text-align: center;\">3<\/td>\n<td style=\"width: 29.6785%; height: 72px; text-align: center;\">1 m\u0117n.<\/td>\n<\/tr>\n<tr style=\"height: 72px;\" data-mce-style=\"height: 72px;\">\n<td style=\"width: 29.4124%; height: 72px;\">Lauko reklaminiai stendai<\/td>\n<td style=\"width: 19.2129%; height: 72px; text-align: center;\"><strong>nuo 290 \u20ac <\/strong><\/td>\n<td style=\"width: 21.6962%; height: 72px; text-align: center;\">16<\/td>\n<td style=\"width: 29.6785%; height: 72px; text-align: center;\">3 m\u0117n.<\/td>\n<\/tr>\n<tr style=\"height: 24px;\" data-mce-style=\"height: 24px;\">\n<td style=\"width: 29.4124%; height: 24px;\">Reklaminiai lipdukai<br \/>ant besisukan\u010di\u0173 dur\u0173<\/td>\n<td style=\"width: 19.2129%; height: 24px; text-align: center;\"><strong>nuo 500 \u20ac<\/strong><\/td>\n<td style=\"width: 21.6962%; height: 24px; text-align: center;\">1<\/td>\n<td style=\"width: 29.6785%; height: 24px; text-align: center;\">1 m\u0117n.<\/td>\n<\/tr>\n<tr style=\"height: 24px;\" data-mce-style=\"height: 24px;\">\n<td style=\"width: 29.4124%; height: 24px;\">Reklaminiai lipdukai ant slankiojan\u010di\u0173 \u012f\u0117jimo dur\u0173<\/td>\n<td style=\"width: 19.2129%; height: 24px; text-align: center;\"><strong>nuo 820 \u20ac<\/strong><\/td>\n<td style=\"width: 21.6962%; height: 24px; text-align: center;\">4<\/td>\n<td style=\"width: 29.6785%; height: 24px; text-align: center;\">1 m\u0117n.<\/td>\n<\/tr>\n<tr style=\"height: 24px;\" data-mce-style=\"height: 24px;\">\n<td style=\"width: 29.4124%; height: 24px;\">Preki\u0173 \/ automobili\u0173 eksponavimas<\/td>\n<td style=\"width: 19.2129%; height: 24px; text-align: center;\"><strong>nuo 750 \u20ac<\/strong><\/td>\n<td style=\"width: 21.6962%; height: 24px; text-align: center;\">5<\/td>\n<td style=\"width: 29.6785%; height: 24px; text-align: center;\">1 m\u0117n.<\/td>\n<\/tr>\n<tr style=\"height: 24px;\" data-mce-style=\"height: 24px;\">\n<td style=\"width: 29.4124%; height: 24px;\">Radijo reklama<\/td>\n<td style=\"width: 19.2129%; height: 24px; text-align: center;\"><strong>nuo 60 \u20ac<\/strong><\/td>\n<td style=\"width: 21.6962%; height: 24px; text-align: center;\">max. 4 klipai\/val.<\/td>\n<td style=\"width: 29.6785%; height: 24px; text-align: center;\"><\/td>\n<\/tr>\n<tr>\n<td style=\"width: 29.4124%;\">Reklamin\u0117s med\u017eiagos platinimas \/ prezentacijos<\/td>\n<td style=\"width: 19.2129%; text-align: center;\"><strong>Nuo 130 \u20ac.\/val<\/strong><\/td>\n<td style=\"width: 21.6962%; text-align: center;\">5<\/td>\n<td style=\"width: 29.6785%; text-align: center;\"><\/td>\n<\/tr>\n<\/tbody>\n<\/table>\n<p><\/p>\n                                                <\/div>\n                                                                                                                                                                                <div class=\"content-wrap notice-text\">\n                                                    <p><strong>Svarbu:<\/strong>&nbsp;visos skelbiamos reklamini\u0173 pozicij\u0173 kainos orientacin\u0117s ir gali b\u016bti taikomos konkre\u010dios pozicijos, reklamos laikotarpio bei kit\u0173 individuali\u0173 aplinkybi\u0173.\u2028Nurodytos kainos jokiu b\u016bdu negali b\u016bti laikomos \u012fsipareigojimu parduoti reklamines pozicijas u\u017e \u0161ias orientacines kainas. Galutin\u0117 kaina visais atvejais derinama individualiai, atsi\u017evelgiant \u012f konkret\u0173 u\u017esakym\u0105.<\/p>\n<p>D\u0117l tikslios kainodaros ir bendradarbiavimo galimybi\u0173 kvie\u010diame su mumis susisiekti el. pa\u0161tu <a href=\"mailto:gintare.sukutyte@akropolis.lt\" data-mce-href=\"mailto:gintare.sukutyte@akropolis.lt\">gintare.sukutyte@akropolis.lt<\/a>.<\/p>\n                                                <\/div>\n                                                                                                                                                                    <\/div>\n                                                            <\/div>\n                                                        <div class=\"step-holder \">\n                                                                                    <\/div>\n                                                    <\/div>\n                                    <\/div>\n            <\/div>\n        <\/div>\n    <\/section>\n\n<script>window.dispatchEvent( new Event('acf\/loaded\/text-sidebar'));<\/script>\n\n\n<section id=\"contact-information-block-6834cd082437e\" class=\"contact-information light-gray bpt\">\n    <div class=\"container\">\n                    <div class=\"title-block\">\n                <h3 class=\"h4\">Kontaktin\u0117 informacija<\/h3>            <\/div>\n                                    <div class=\"contact-cards white\">\n                                        <div class=\"contact-card\">\n        <div class=\"contact-card-img-block\">\n                                            <img loading=\"lazy\" width=\"650\" height=\"650\" src=\"https:\/\/akropolis.lt\/klaipeda\/wp-content\/uploads\/sites\/2\/2025\/06\/image.png\" class=\"contact-card-img force-no-contrast\" alt=\"Gintar\u0117 \u0160ukutyt\u0117\" srcset=\"https:\/\/akropolis.lt\/klaipeda\/wp-content\/uploads\/sites\/2\/2025\/06\/image.png 650w, https:\/\/akropolis.lt\/klaipeda\/wp-content\/uploads\/sites\/2\/2025\/06\/image-300x300.png 300w, https:\/\/akropolis.lt\/klaipeda\/wp-content\/uploads\/sites\/2\/2025\/06\/image-150x150.png 150w\" sizes=\"auto, (max-width: 650px) 100vw, 650px\" \/>                    <\/div>\n        <div class=\"contact-card-content\">\n                            <h6 class=\"contact-card-name\">Gintar\u0117 \u0160ukutyt\u0117<\/h6>\n                                        <p class=\"contact-card-position\">Rinkodaros vadybinink\u0117<\/p>\n                                        <p class=\"contact-card-label\">Darbo valandos<\/p>\n                <p class=\"contact-card-value\">I-V 09:00-17:00<\/p>\n                                        <p class=\"contact-card-label\">Tel. numeris<\/p>\n                <a href=\"tel:+370 659 46061\"\n                   class=\"contact-card-value\">+370 659 46061<\/a>\n                                        <p class=\"contact-card-label\">El. pa\u0161tas<\/p>\n                <a href=\"mailto:gintare.sukutyte@akropolis.lt\" class=\"contact-card-value\">gintare.sukutyte@akropolis.lt<\/a>\n                    <\/div>\n    <\/div>\n                                        <div class=\"contact-card\">\n        <div class=\"contact-card-img-block\">\n                                            <img loading=\"lazy\" width=\"650\" height=\"650\" src=\"https:\/\/akropolis.lt\/klaipeda\/wp-content\/uploads\/sites\/2\/2025\/06\/image.png\" class=\"contact-card-img force-no-contrast\" alt=\"Renginiai\" srcset=\"https:\/\/akropolis.lt\/klaipeda\/wp-content\/uploads\/sites\/2\/2025\/06\/image.png 650w, https:\/\/akropolis.lt\/klaipeda\/wp-content\/uploads\/sites\/2\/2025\/06\/image-300x300.png 300w, https:\/\/akropolis.lt\/klaipeda\/wp-content\/uploads\/sites\/2\/2025\/06\/image-150x150.png 150w\" sizes=\"auto, (max-width: 650px) 100vw, 650px\" \/>                    <\/div>\n        <div class=\"contact-card-content\">\n                            <h6 class=\"contact-card-name\">Renginiai<\/h6>\n                                        <p class=\"contact-card-position\">prekybos centre<\/p>\n                                        <p class=\"contact-card-label\">Darbo valandos<\/p>\n                <p class=\"contact-card-value\">I-V 09:00-18:00<\/p>\n                                        <p class=\"contact-card-label\">Tel. numeris<\/p>\n                <a href=\"tel:+370 6833 2123\"\n                   class=\"contact-card-value\">+370 6833 2123<\/a>\n                                        <p class=\"contact-card-label\">El. pa\u0161tas<\/p>\n                <a href=\"mailto:renginiai@akropolis.lt\" class=\"contact-card-value\">renginiai@akropolis.lt<\/a>\n                    <\/div>\n    <\/div>\n                            <\/div>\n            <\/div>\n<\/section>\n\n<script>window.dispatchEvent( new Event('acf\/loaded\/contact-information'));<\/script>","protected":false},"excerpt":{"rendered":"","protected":false},"author":1,"featured_media":0,"parent":0,"menu_order":0,"comment_status":"closed","ping_status":"closed","template":"","meta":{"_acf_changed":false,"footnotes":""},"class_list":["post-2907","page","type-page","status-publish","hentry"],"acf":[],"yoast_head":"<!-- This site is optimized with the Yoast SEO plugin v27.2 - https:\/\/yoast.com\/product\/yoast-seo-wordpress\/ -->\n<title>Reklama prekybos centre - Akropolis Klaip\u0117da<\/title>\n<meta name=\"robots\" content=\"index, follow, max-snippet:-1, max-image-preview:large, max-video-preview:-1\" \/>\n<link rel=\"canonical\" href=\"https:\/\/akropolis.lt\/klaipeda\/reklama-prekybos-centre\/\" \/>\n<meta property=\"og:locale\" content=\"lt_LT\" \/>\n<meta property=\"og:type\" content=\"article\" \/>\n<meta property=\"og:title\" content=\"Reklama prekybos centre - Akropolis Klaip\u0117da\" \/>\n<meta property=\"og:url\" content=\"https:\/\/akropolis.lt\/klaipeda\/reklama-prekybos-centre\/\" \/>\n<meta property=\"og:site_name\" content=\"Akropolis Klaip\u0117da\" \/>\n<meta property=\"article:modified_time\" content=\"2026-01-08T08:27:32+00:00\" \/>\n<meta property=\"og:image\" content=\"https:\/\/akropolis.lt\/klaipeda\/wp-content\/uploads\/sites\/2\/2025\/12\/OG-image.png\" \/>\n\t<meta property=\"og:image:width\" content=\"1200\" \/>\n\t<meta property=\"og:image:height\" content=\"630\" \/>\n\t<meta property=\"og:image:type\" content=\"image\/png\" \/>\n<meta name=\"twitter:card\" content=\"summary_large_image\" \/>\n<script type=\"application\/ld+json\" class=\"yoast-schema-graph\">{\"@context\":\"https:\/\/schema.org\",\"@graph\":[{\"@type\":\"WebPage\",\"@id\":\"https:\/\/akropolis.lt\/klaipeda\/reklama-prekybos-centre\/\",\"url\":\"https:\/\/akropolis.lt\/klaipeda\/reklama-prekybos-centre\/\",\"name\":\"Reklama prekybos centre - Akropolis Klaip\u0117da\",\"isPartOf\":{\"@id\":\"https:\/\/akropolis.lt\/klaipeda\/#website\"},\"datePublished\":\"2025-04-27T14:40:40+00:00\",\"dateModified\":\"2026-01-08T08:27:32+00:00\",\"breadcrumb\":{\"@id\":\"https:\/\/akropolis.lt\/klaipeda\/reklama-prekybos-centre\/#breadcrumb\"},\"inLanguage\":\"lt-LT\",\"potentialAction\":[{\"@type\":\"ReadAction\",\"target\":[\"https:\/\/akropolis.lt\/klaipeda\/reklama-prekybos-centre\/\"]}]},{\"@type\":\"BreadcrumbList\",\"@id\":\"https:\/\/akropolis.lt\/klaipeda\/reklama-prekybos-centre\/#breadcrumb\",\"itemListElement\":[{\"@type\":\"ListItem\",\"position\":1,\"name\":\"Home\",\"item\":\"https:\/\/akropolis.lt\/klaipeda\/\"},{\"@type\":\"ListItem\",\"position\":2,\"name\":\"Reklama prekybos centre\"}]},{\"@type\":\"WebSite\",\"@id\":\"https:\/\/akropolis.lt\/klaipeda\/#website\",\"url\":\"https:\/\/akropolis.lt\/klaipeda\/\",\"name\":\"Akropolis Klaip\u0117da\",\"description\":\"\",\"publisher\":{\"@id\":\"https:\/\/akropolis.lt\/klaipeda\/#organization\"},\"potentialAction\":[{\"@type\":\"SearchAction\",\"target\":{\"@type\":\"EntryPoint\",\"urlTemplate\":\"https:\/\/akropolis.lt\/klaipeda\/?s={search_term_string}\"},\"query-input\":{\"@type\":\"PropertyValueSpecification\",\"valueRequired\":true,\"valueName\":\"search_term_string\"}}],\"inLanguage\":\"lt-LT\"},{\"@type\":\"Organization\",\"@id\":\"https:\/\/akropolis.lt\/klaipeda\/#organization\",\"name\":\"Akropolis Klaip\u0117da\",\"url\":\"https:\/\/akropolis.lt\/klaipeda\/\",\"logo\":{\"@type\":\"ImageObject\",\"inLanguage\":\"lt-LT\",\"@id\":\"https:\/\/akropolis.lt\/klaipeda\/#\/schema\/logo\/image\/\",\"url\":\"https:\/\/akropolis.lt\/klaipeda\/wp-content\/uploads\/sites\/2\/2025\/06\/image.png\",\"contentUrl\":\"https:\/\/akropolis.lt\/klaipeda\/wp-content\/uploads\/sites\/2\/2025\/06\/image.png\",\"width\":650,\"height\":650,\"caption\":\"Akropolis Klaip\u0117da\"},\"image\":{\"@id\":\"https:\/\/akropolis.lt\/klaipeda\/#\/schema\/logo\/image\/\"}}]}<\/script>\n<!-- \/ Yoast SEO plugin. -->","yoast_head_json":{"title":"Reklama prekybos centre - Akropolis Klaip\u0117da","robots":{"index":"index","follow":"follow","max-snippet":"max-snippet:-1","max-image-preview":"max-image-preview:large","max-video-preview":"max-video-preview:-1"},"canonical":"https:\/\/akropolis.lt\/klaipeda\/reklama-prekybos-centre\/","og_locale":"lt_LT","og_type":"article","og_title":"Reklama prekybos centre - Akropolis Klaip\u0117da","og_url":"https:\/\/akropolis.lt\/klaipeda\/reklama-prekybos-centre\/","og_site_name":"Akropolis Klaip\u0117da","article_modified_time":"2026-01-08T08:27:32+00:00","og_image":[{"width":1200,"height":630,"url":"https:\/\/akropolis.lt\/klaipeda\/wp-content\/uploads\/sites\/2\/2025\/12\/OG-image.png","type":"image\/png"}],"twitter_card":"summary_large_image","schema":{"@context":"https:\/\/schema.org","@graph":[{"@type":"WebPage","@id":"https:\/\/akropolis.lt\/klaipeda\/reklama-prekybos-centre\/","url":"https:\/\/akropolis.lt\/klaipeda\/reklama-prekybos-centre\/","name":"Reklama prekybos centre - Akropolis Klaip\u0117da","isPartOf":{"@id":"https:\/\/akropolis.lt\/klaipeda\/#website"},"datePublished":"2025-04-27T14:40:40+00:00","dateModified":"2026-01-08T08:27:32+00:00","breadcrumb":{"@id":"https:\/\/akropolis.lt\/klaipeda\/reklama-prekybos-centre\/#breadcrumb"},"inLanguage":"lt-LT","potentialAction":[{"@type":"ReadAction","target":["https:\/\/akropolis.lt\/klaipeda\/reklama-prekybos-centre\/"]}]},{"@type":"BreadcrumbList","@id":"https:\/\/akropolis.lt\/klaipeda\/reklama-prekybos-centre\/#breadcrumb","itemListElement":[{"@type":"ListItem","position":1,"name":"Home","item":"https:\/\/akropolis.lt\/klaipeda\/"},{"@type":"ListItem","position":2,"name":"Reklama prekybos centre"}]},{"@type":"WebSite","@id":"https:\/\/akropolis.lt\/klaipeda\/#website","url":"https:\/\/akropolis.lt\/klaipeda\/","name":"Akropolis Klaip\u0117da","description":"","publisher":{"@id":"https:\/\/akropolis.lt\/klaipeda\/#organization"},"potentialAction":[{"@type":"SearchAction","target":{"@type":"EntryPoint","urlTemplate":"https:\/\/akropolis.lt\/klaipeda\/?s={search_term_string}"},"query-input":{"@type":"PropertyValueSpecification","valueRequired":true,"valueName":"search_term_string"}}],"inLanguage":"lt-LT"},{"@type":"Organization","@id":"https:\/\/akropolis.lt\/klaipeda\/#organization","name":"Akropolis Klaip\u0117da","url":"https:\/\/akropolis.lt\/klaipeda\/","logo":{"@type":"ImageObject","inLanguage":"lt-LT","@id":"https:\/\/akropolis.lt\/klaipeda\/#\/schema\/logo\/image\/","url":"https:\/\/akropolis.lt\/klaipeda\/wp-content\/uploads\/sites\/2\/2025\/06\/image.png","contentUrl":"https:\/\/akropolis.lt\/klaipeda\/wp-content\/uploads\/sites\/2\/2025\/06\/image.png","width":650,"height":650,"caption":"Akropolis Klaip\u0117da"},"image":{"@id":"https:\/\/akropolis.lt\/klaipeda\/#\/schema\/logo\/image\/"}}]}},"_links":{"self":[{"href":"https:\/\/akropolis.lt\/klaipeda\/wp-json\/wp\/v2\/pages\/2907","targetHints":{"allow":["GET"]}}],"collection":[{"href":"https:\/\/akropolis.lt\/klaipeda\/wp-json\/wp\/v2\/pages"}],"about":[{"href":"https:\/\/akropolis.lt\/klaipeda\/wp-json\/wp\/v2\/types\/page"}],"author":[{"embeddable":true,"href":"https:\/\/akropolis.lt\/klaipeda\/wp-json\/wp\/v2\/users\/1"}],"replies":[{"embeddable":true,"href":"https:\/\/akropolis.lt\/klaipeda\/wp-json\/wp\/v2\/comments?post=2907"}],"version-history":[{"count":7,"href":"https:\/\/akropolis.lt\/klaipeda\/wp-json\/wp\/v2\/pages\/2907\/revisions"}],"predecessor-version":[{"id":9200,"href":"https:\/\/akropolis.lt\/klaipeda\/wp-json\/wp\/v2\/pages\/2907\/revisions\/9200"}],"wp:attachment":[{"href":"https:\/\/akropolis.lt\/klaipeda\/wp-json\/wp\/v2\/media?parent=2907"}],"curies":[{"name":"wp","href":"https:\/\/api.w.org\/{rel}","templated":true}]}}