{"id":2908,"date":"2025-03-19T14:10:43","date_gmt":"2025-03-19T14:10:43","guid":{"rendered":"https:\/\/akropolis.lt\/vilnius\/?page_id=2767"},"modified":"2026-02-11T09:47:30","modified_gmt":"2026-02-11T09:47:30","slug":"renginiai","status":"publish","type":"page","link":"https:\/\/akropolis.lt\/klaipeda\/renginiai\/","title":{"rendered":"Renginiai"},"content":{"rendered":"\n    <section id=\"event-promo-list-block-6830850727397\" class=\"event-promo-list js-event-promo-list\"\n             data-order=\"pdesc\">\n        <div class=\"container\">\n                            <h1 class=\"h4\">Renginiai<\/h1>\n                        <div class=\"form-section\">\n                <form method=\"get\" class=\"form-set js-filter-form\">\n                    <div class=\"controls-wrapper\">\n                        <div class=\"input-wrapper\">\n                            \n\n    <div class=\"form-field search group-btn\" data-name=\"Paie\u0161ka\">\n        <label>\n            <svg width=\"24\" class=\"icon\" height=\"24\" viewBox=\"0 0 24 24\" fill=\"none\" xmlns=\"http:\/\/www.w3.org\/2000\/svg\">\n                <g clip-path=\"url(#clip0_1483_628)\">\n                    <path d=\"M10.6665 17.3329C14.3482 17.3329 17.3329 14.3482 17.3329 10.6665C17.3329 6.98467 14.3482 4 10.6665 4C6.98467 4 4 6.98467 4 10.6665C4 14.3482 6.98467 17.3329 10.6665 17.3329Z\"\n                          stroke=\"black\" stroke-width=\"1.2\" stroke-linecap=\"round\" stroke-linejoin=\"round\"\/>\n                    <path d=\"M15.3806 15.3804L19.9996 19.9994\" stroke=\"black\" stroke-width=\"1.2\" stroke-linecap=\"square\"\n                          stroke-linejoin=\"round\"\/>\n                <\/g>\n                <defs>\n                    <clipPath id=\"clip0_1483_628\">\n                        <rect width=\"24\" height=\"24\" fill=\"white\"\/>\n                    <\/clipPath>\n                <\/defs>\n            <\/svg>\n            <input name=\"Paie\u0161ka\"\n                   id=\"Paie\u0161ka\"\n                   class=\"js-search-input\"\n                   type=\"search\"\n                                   placeholder=\"Paie\u0161ka\" checked>\n        <\/label>\n    <\/div>\n\n                        <\/div>\n                        <div class=\"filter-wrapper\">\n                            <button type=\"button\"\n                                    class=\"btn bg-light-gray with-icon stroke js-sort-button sort-button\">\n                                <span>R\u016b\u0161iuoti<\/span>\n                                <span class=\"icon\">\n                                    <svg width=\"18\" height=\"16\" viewBox=\"0 0 18 16\" fill=\"none\"\n                                         xmlns=\"http:\/\/www.w3.org\/2000\/svg\">\n                                        <path d=\"M1 8H13M1 4H17M1 12H9\" stroke=\"black\" stroke-width=\"1.2\"\n                                              stroke-miterlimit=\"10\" stroke-linecap=\"square\"\n                                              stroke-linejoin=\"round\"\/>\n                                        <\/svg>\n                                <\/span>\n                            <\/button>\n                            <div class=\"sort-modal js-sort-modal\">\n                                <div class=\"modal-wrapper\">\n                                    <div class=\"modal-section\">\n                                        <div class=\"inputs-wrapper\">\n                                            <div class=\"inputs-wrapper\">\n                                                <label class=\"sort-input input-control\">\n                                                    <input type=\"radio\" name=\"sort\" value=\"tasc\"\/>\n                                                    <span>Pavadinimas A-Z<\/span>\n                                                <\/label>\n                                                <label class=\"sort-input input-control\">\n                                                    <input type=\"radio\" name=\"sort\" value=\"tdesc\"\/>\n                                                    <span>Pavadinimas Z-A<\/span>\n                                                <\/label>\n                                                <label class=\"sort-input input-control\">\n                                                    <input type=\"radio\" name=\"sort\" value=\"dasc\"\/>\n                                                    <span>Galiojimo prad\u017eia ar\u010diausiai<\/span>\n                                                <\/label>\n                                                                                                    <label class=\"sort-input input-control\">\n                                                        <input type=\"radio\" name=\"sort\" value=\"ddesc\"\/>\n                                                        <span>Galiojimo prad\u017eia toliausiai<\/span>\n                                                    <\/label>\n                                                    <label class=\"sort-input input-control\">\n                                                        <input type=\"radio\" name=\"sort\" value=\"pdesc\" checked=\"checked\"\/>\n                                                        <span>Naujausios<\/span>\n                                                    <\/label>\n                                                                                            <\/div>\n                                        <\/div>\n                                    <\/div>\n                                <\/div>\n                            <\/div>\n                        <\/div>\n                    <\/div>\n                                    <\/form>\n            <\/div>\n            <div class=\"list-content-wrapper \">\n                                                    <div class=\"posts-grid-wrapper\">\n                        <div class=\"posts-grid js-posts-grid grid-section\">\n                                                                                                \n<a href=\"https:\/\/akropolis.lt\/klaipeda\/renginys\/velyku-festivalis\/\" class=\"event-card col-span-6 sm-col-span-12 post-card js-post-card \"\n   data-title=\"Velyk\u0173 Festivalis\"\n   data-start=\"2026.03.30\" data-end=\"2026.04.06\"\n   data-time-start=\"\" data-time-end=\"\"\n   data-published=\"2026.03.13\"\n   data-groups=\" \"\n   data-id=\"9984\"\n   data-post-type=\"event\">\n    <div class=\"content-wrapper\">\n        <div class=\"image-wrapper\">\n                            <img class=\"force-no-contrast\" src=\"https:\/\/akropolis.lt\/klaipeda\/wp-content\/uploads\/sites\/2\/2026\/03\/1125x656-Akropolis.png\"\n                     srcset=\"https:\/\/akropolis.lt\/klaipeda\/wp-content\/uploads\/sites\/2\/2026\/03\/1125x656-Akropolis-300x175.png 300w, https:\/\/akropolis.lt\/klaipeda\/wp-content\/uploads\/sites\/2\/2026\/03\/1125x656-Akropolis-1024x597.png 1024w, https:\/\/akropolis.lt\/klaipeda\/wp-content\/uploads\/sites\/2\/2026\/03\/1125x656-Akropolis-768x448.png 768w, https:\/\/akropolis.lt\/klaipeda\/wp-content\/uploads\/sites\/2\/2026\/03\/1125x656-Akropolis.png 1125w\"\n                     alt=\"Velyk\u0173 Festivalis\">\n                    <\/div>\n        <div class=\"overlay\">\n            <p class=\"overlay-title\">Su\u017einoti daugiau<\/p>\n        <\/div>\n    <\/div>\n                <h2 class=\"h7 event-title\">\n            Velyk\u0173 Festivalis        <\/h2>\n    \n            <div class=\"date-wrapper\">\n                                                <p> 2026.03.30 &#8211; 2026.04.06<\/p>\n                                    <\/div>\n    <\/a>\n                                                                    \n<a href=\"https:\/\/akropolis.lt\/klaipeda\/renginys\/mario-galaktikos-pramogas\/\" class=\"event-card col-span-6 sm-col-span-12 post-card js-post-card \"\n   data-title=\"\u00a0MARIO galaktikos pramogos\"\n   data-start=\"2026.04.11\" data-end=\"2026.04.12\"\n   data-time-start=\"\" data-time-end=\"\"\n   data-published=\"2026.03.30\"\n   data-groups=\" \"\n   data-id=\"10274\"\n   data-post-type=\"event\">\n    <div class=\"content-wrapper\">\n        <div class=\"image-wrapper\">\n                            <img class=\"force-no-contrast\" src=\"https:\/\/akropolis.lt\/klaipeda\/wp-content\/uploads\/sites\/2\/2026\/03\/1125x656-Super-Mario.jpg\"\n                     srcset=\"https:\/\/akropolis.lt\/klaipeda\/wp-content\/uploads\/sites\/2\/2026\/03\/1125x656-Super-Mario-300x175.jpg 300w, https:\/\/akropolis.lt\/klaipeda\/wp-content\/uploads\/sites\/2\/2026\/03\/1125x656-Super-Mario-1024x597.jpg 1024w, https:\/\/akropolis.lt\/klaipeda\/wp-content\/uploads\/sites\/2\/2026\/03\/1125x656-Super-Mario-768x448.jpg 768w, https:\/\/akropolis.lt\/klaipeda\/wp-content\/uploads\/sites\/2\/2026\/03\/1125x656-Super-Mario.jpg 1125w\"\n                     alt=\"\u00a0MARIO galaktikos pramogos\">\n                    <\/div>\n        <div class=\"overlay\">\n            <p class=\"overlay-title\">Su\u017einoti daugiau<\/p>\n        <\/div>\n    <\/div>\n                <h2 class=\"h7 event-title\">\n            \u00a0MARIO galaktikos pramogos        <\/h2>\n    \n            <div class=\"date-wrapper\">\n                                                <p> 2026.04.11 &#8211; 2026.04.12<\/p>\n                                    <\/div>\n    <\/a>\n                                                                    \n<a href=\"https:\/\/akropolis.lt\/klaipeda\/renginys\/pamatyk-ateiti-kuriancias-idejas-is-arti-%f0%9f%9a%80\/\" class=\"event-card col-span-6 sm-col-span-12 post-card js-post-card \"\n   data-title=\"Mokom\u0173j\u0173 mokini\u0173 bendrovi\u0173 eXpo\"\n   data-start=\"2026.04.14\" data-end=\"2026.04.14\"\n   data-time-start=\"\" data-time-end=\"\"\n   data-published=\"2026.03.24\"\n   data-groups=\" \"\n   data-id=\"10222\"\n   data-post-type=\"event\">\n    <div class=\"content-wrapper\">\n        <div class=\"image-wrapper\">\n                            <img class=\"force-no-contrast\" src=\"https:\/\/akropolis.lt\/klaipeda\/wp-content\/uploads\/sites\/2\/2026\/03\/1125x656px_Moksleiviu_Muge_2026.png\"\n                     srcset=\"https:\/\/akropolis.lt\/klaipeda\/wp-content\/uploads\/sites\/2\/2026\/03\/1125x656px_Moksleiviu_Muge_2026-300x175.png 300w, https:\/\/akropolis.lt\/klaipeda\/wp-content\/uploads\/sites\/2\/2026\/03\/1125x656px_Moksleiviu_Muge_2026-1024x597.png 1024w, https:\/\/akropolis.lt\/klaipeda\/wp-content\/uploads\/sites\/2\/2026\/03\/1125x656px_Moksleiviu_Muge_2026-768x448.png 768w, https:\/\/akropolis.lt\/klaipeda\/wp-content\/uploads\/sites\/2\/2026\/03\/1125x656px_Moksleiviu_Muge_2026.png 1125w\"\n                     alt=\"Mokom\u0173j\u0173 mokini\u0173 bendrovi\u0173 eXpo\">\n                    <\/div>\n        <div class=\"overlay\">\n            <p class=\"overlay-title\">Su\u017einoti daugiau<\/p>\n        <\/div>\n    <\/div>\n                <h2 class=\"h7 event-title\">\n            Mokom\u0173j\u0173 mokini\u0173 bendrovi\u0173 eXpo        <\/h2>\n    \n            <div class=\"date-wrapper\">\n                                                <p> 2026.04.14 &#8211; 2026.04.14<\/p>\n                                    <\/div>\n    <\/a>\n                                                                    \n<a href=\"https:\/\/akropolis.lt\/klaipeda\/renginys\/vasaros-stovykla\/\" class=\"event-card col-span-6 sm-col-span-12 post-card js-post-card \"\n   data-title=\"Vasaros Stovykla\"\n   data-start=\"2026.06.29\" data-end=\"2026.08.14\"\n   data-time-start=\"\" data-time-end=\"\"\n   data-published=\"2026.02.19\"\n   data-groups=\" \"\n   data-id=\"9785\"\n   data-post-type=\"event\">\n    <div class=\"content-wrapper\">\n        <div class=\"image-wrapper\">\n                            <img class=\"force-no-contrast\" src=\"https:\/\/akropolis.lt\/klaipeda\/wp-content\/uploads\/sites\/2\/2026\/02\/1125x656-Jumpland.jpg\"\n                     srcset=\"https:\/\/akropolis.lt\/klaipeda\/wp-content\/uploads\/sites\/2\/2026\/02\/1125x656-Jumpland-300x175.jpg 300w, https:\/\/akropolis.lt\/klaipeda\/wp-content\/uploads\/sites\/2\/2026\/02\/1125x656-Jumpland-1024x597.jpg 1024w, https:\/\/akropolis.lt\/klaipeda\/wp-content\/uploads\/sites\/2\/2026\/02\/1125x656-Jumpland-768x448.jpg 768w, https:\/\/akropolis.lt\/klaipeda\/wp-content\/uploads\/sites\/2\/2026\/02\/1125x656-Jumpland.jpg 1125w\"\n                     alt=\"Vasaros Stovykla\">\n                    <\/div>\n        <div class=\"overlay\">\n            <p class=\"overlay-title\">Su\u017einoti daugiau<\/p>\n        <\/div>\n    <\/div>\n                <h2 class=\"h7 event-title\">\n            Vasaros Stovykla        <\/h2>\n    \n            <div class=\"date-wrapper\">\n                                                <p> 2026.06.29 &#8211; 2026.08.14<\/p>\n                                    <\/div>\n    <\/a>\n                                                                    \n<a href=\"https:\/\/akropolis.lt\/klaipeda\/renginys\/ukininku-turgus-ieskantiems-naturaliu-ir-sveiku-maisto-produktu\/\" class=\"event-card col-span-6 sm-col-span-12 post-card js-post-card \"\n   data-title=\"\u016akinink\u0173 turgelis\"\n   data-start=\"2025.01.01\" data-end=\"2026.12.31\"\n   data-time-start=\"\" data-time-end=\"\"\n   data-published=\"2025.06.03\"\n   data-groups=\" \"\n   data-id=\"5901\"\n   data-post-type=\"event\">\n    <div class=\"content-wrapper\">\n        <div class=\"image-wrapper\">\n                            <img class=\"force-no-contrast\" src=\"https:\/\/akropolis.lt\/klaipeda\/wp-content\/uploads\/sites\/2\/2025\/06\/1125x656-Ukininku-turgelis.jpg\"\n                     srcset=\"https:\/\/akropolis.lt\/klaipeda\/wp-content\/uploads\/sites\/2\/2025\/06\/1125x656-Ukininku-turgelis-300x175.jpg 300w, https:\/\/akropolis.lt\/klaipeda\/wp-content\/uploads\/sites\/2\/2025\/06\/1125x656-Ukininku-turgelis-1024x597.jpg 1024w, https:\/\/akropolis.lt\/klaipeda\/wp-content\/uploads\/sites\/2\/2025\/06\/1125x656-Ukininku-turgelis-768x448.jpg 768w, https:\/\/akropolis.lt\/klaipeda\/wp-content\/uploads\/sites\/2\/2025\/06\/1125x656-Ukininku-turgelis.jpg 1125w\"\n                     alt=\"\u016akinink\u0173 turgelis\">\n                    <\/div>\n        <div class=\"overlay\">\n            <p class=\"overlay-title\">Su\u017einoti daugiau<\/p>\n        <\/div>\n    <\/div>\n                <h2 class=\"h7 event-title\">\n            \u016akinink\u0173 turgelis        <\/h2>\n    \n            <div class=\"date-wrapper\">\n                                                <p> 2025.01.01 &#8211; 2026.12.31<\/p>\n                                    <\/div>\n    <\/a>\n                                                                                    <\/div>\n                        <div class=\"js-no-results no-results-message\">\n                            <p>Rezultat\u0173 nerasta.<\/p>\n                        <\/div>\n                    <\/div>\n\n                            <\/div>\n        <\/div>\n    <\/section>\n\n<script>window.dispatchEvent( new Event('acf\/loaded\/event-promo-list'));<\/script>","protected":false},"excerpt":{"rendered":"","protected":false},"author":1,"featured_media":0,"parent":0,"menu_order":0,"comment_status":"closed","ping_status":"closed","template":"","meta":{"_acf_changed":false,"footnotes":""},"class_list":["post-2908","page","type-page","status-publish","hentry"],"acf":[],"yoast_head":"<!-- This site is optimized with the Yoast SEO plugin v27.2 - https:\/\/yoast.com\/product\/yoast-seo-wordpress\/ -->\n<title>Renginiai - Akropolis Klaip\u0117da<\/title>\n<meta name=\"robots\" content=\"index, follow, max-snippet:-1, max-image-preview:large, max-video-preview:-1\" \/>\n<link rel=\"canonical\" href=\"https:\/\/akropolis.lt\/klaipeda\/renginiai\/\" \/>\n<meta property=\"og:locale\" content=\"lt_LT\" \/>\n<meta property=\"og:type\" content=\"article\" \/>\n<meta property=\"og:title\" content=\"Renginiai - Akropolis Klaip\u0117da\" \/>\n<meta property=\"og:url\" content=\"https:\/\/akropolis.lt\/klaipeda\/renginiai\/\" \/>\n<meta property=\"og:site_name\" content=\"Akropolis Klaip\u0117da\" \/>\n<meta property=\"article:modified_time\" content=\"2026-02-11T09:47:30+00:00\" \/>\n<meta property=\"og:image\" content=\"https:\/\/akropolis.lt\/klaipeda\/wp-content\/uploads\/sites\/2\/2025\/12\/OG-image.png\" \/>\n\t<meta property=\"og:image:width\" content=\"1200\" \/>\n\t<meta property=\"og:image:height\" content=\"630\" \/>\n\t<meta property=\"og:image:type\" content=\"image\/png\" \/>\n<meta name=\"twitter:card\" content=\"summary_large_image\" \/>\n<script type=\"application\/ld+json\" class=\"yoast-schema-graph\">{\"@context\":\"https:\/\/schema.org\",\"@graph\":[{\"@type\":\"WebPage\",\"@id\":\"https:\/\/akropolis.lt\/klaipeda\/renginiai\/\",\"url\":\"https:\/\/akropolis.lt\/klaipeda\/renginiai\/\",\"name\":\"Renginiai - Akropolis Klaip\u0117da\",\"isPartOf\":{\"@id\":\"https:\/\/akropolis.lt\/klaipeda\/#website\"},\"datePublished\":\"2025-03-19T14:10:43+00:00\",\"dateModified\":\"2026-02-11T09:47:30+00:00\",\"breadcrumb\":{\"@id\":\"https:\/\/akropolis.lt\/klaipeda\/renginiai\/#breadcrumb\"},\"inLanguage\":\"lt-LT\",\"potentialAction\":[{\"@type\":\"ReadAction\",\"target\":[\"https:\/\/akropolis.lt\/klaipeda\/renginiai\/\"]}]},{\"@type\":\"BreadcrumbList\",\"@id\":\"https:\/\/akropolis.lt\/klaipeda\/renginiai\/#breadcrumb\",\"itemListElement\":[{\"@type\":\"ListItem\",\"position\":1,\"name\":\"Home\",\"item\":\"https:\/\/akropolis.lt\/klaipeda\/\"},{\"@type\":\"ListItem\",\"position\":2,\"name\":\"Renginiai\"}]},{\"@type\":\"WebSite\",\"@id\":\"https:\/\/akropolis.lt\/klaipeda\/#website\",\"url\":\"https:\/\/akropolis.lt\/klaipeda\/\",\"name\":\"Akropolis Klaip\u0117da\",\"description\":\"\",\"publisher\":{\"@id\":\"https:\/\/akropolis.lt\/klaipeda\/#organization\"},\"potentialAction\":[{\"@type\":\"SearchAction\",\"target\":{\"@type\":\"EntryPoint\",\"urlTemplate\":\"https:\/\/akropolis.lt\/klaipeda\/?s={search_term_string}\"},\"query-input\":{\"@type\":\"PropertyValueSpecification\",\"valueRequired\":true,\"valueName\":\"search_term_string\"}}],\"inLanguage\":\"lt-LT\"},{\"@type\":\"Organization\",\"@id\":\"https:\/\/akropolis.lt\/klaipeda\/#organization\",\"name\":\"Akropolis Klaip\u0117da\",\"url\":\"https:\/\/akropolis.lt\/klaipeda\/\",\"logo\":{\"@type\":\"ImageObject\",\"inLanguage\":\"lt-LT\",\"@id\":\"https:\/\/akropolis.lt\/klaipeda\/#\/schema\/logo\/image\/\",\"url\":\"https:\/\/akropolis.lt\/klaipeda\/wp-content\/uploads\/sites\/2\/2025\/06\/image.png\",\"contentUrl\":\"https:\/\/akropolis.lt\/klaipeda\/wp-content\/uploads\/sites\/2\/2025\/06\/image.png\",\"width\":650,\"height\":650,\"caption\":\"Akropolis Klaip\u0117da\"},\"image\":{\"@id\":\"https:\/\/akropolis.lt\/klaipeda\/#\/schema\/logo\/image\/\"}}]}<\/script>\n<!-- \/ Yoast SEO plugin. -->","yoast_head_json":{"title":"Renginiai - Akropolis Klaip\u0117da","robots":{"index":"index","follow":"follow","max-snippet":"max-snippet:-1","max-image-preview":"max-image-preview:large","max-video-preview":"max-video-preview:-1"},"canonical":"https:\/\/akropolis.lt\/klaipeda\/renginiai\/","og_locale":"lt_LT","og_type":"article","og_title":"Renginiai - Akropolis Klaip\u0117da","og_url":"https:\/\/akropolis.lt\/klaipeda\/renginiai\/","og_site_name":"Akropolis Klaip\u0117da","article_modified_time":"2026-02-11T09:47:30+00:00","og_image":[{"width":1200,"height":630,"url":"https:\/\/akropolis.lt\/klaipeda\/wp-content\/uploads\/sites\/2\/2025\/12\/OG-image.png","type":"image\/png"}],"twitter_card":"summary_large_image","schema":{"@context":"https:\/\/schema.org","@graph":[{"@type":"WebPage","@id":"https:\/\/akropolis.lt\/klaipeda\/renginiai\/","url":"https:\/\/akropolis.lt\/klaipeda\/renginiai\/","name":"Renginiai - Akropolis Klaip\u0117da","isPartOf":{"@id":"https:\/\/akropolis.lt\/klaipeda\/#website"},"datePublished":"2025-03-19T14:10:43+00:00","dateModified":"2026-02-11T09:47:30+00:00","breadcrumb":{"@id":"https:\/\/akropolis.lt\/klaipeda\/renginiai\/#breadcrumb"},"inLanguage":"lt-LT","potentialAction":[{"@type":"ReadAction","target":["https:\/\/akropolis.lt\/klaipeda\/renginiai\/"]}]},{"@type":"BreadcrumbList","@id":"https:\/\/akropolis.lt\/klaipeda\/renginiai\/#breadcrumb","itemListElement":[{"@type":"ListItem","position":1,"name":"Home","item":"https:\/\/akropolis.lt\/klaipeda\/"},{"@type":"ListItem","position":2,"name":"Renginiai"}]},{"@type":"WebSite","@id":"https:\/\/akropolis.lt\/klaipeda\/#website","url":"https:\/\/akropolis.lt\/klaipeda\/","name":"Akropolis Klaip\u0117da","description":"","publisher":{"@id":"https:\/\/akropolis.lt\/klaipeda\/#organization"},"potentialAction":[{"@type":"SearchAction","target":{"@type":"EntryPoint","urlTemplate":"https:\/\/akropolis.lt\/klaipeda\/?s={search_term_string}"},"query-input":{"@type":"PropertyValueSpecification","valueRequired":true,"valueName":"search_term_string"}}],"inLanguage":"lt-LT"},{"@type":"Organization","@id":"https:\/\/akropolis.lt\/klaipeda\/#organization","name":"Akropolis Klaip\u0117da","url":"https:\/\/akropolis.lt\/klaipeda\/","logo":{"@type":"ImageObject","inLanguage":"lt-LT","@id":"https:\/\/akropolis.lt\/klaipeda\/#\/schema\/logo\/image\/","url":"https:\/\/akropolis.lt\/klaipeda\/wp-content\/uploads\/sites\/2\/2025\/06\/image.png","contentUrl":"https:\/\/akropolis.lt\/klaipeda\/wp-content\/uploads\/sites\/2\/2025\/06\/image.png","width":650,"height":650,"caption":"Akropolis Klaip\u0117da"},"image":{"@id":"https:\/\/akropolis.lt\/klaipeda\/#\/schema\/logo\/image\/"}}]}},"_links":{"self":[{"href":"https:\/\/akropolis.lt\/klaipeda\/wp-json\/wp\/v2\/pages\/2908","targetHints":{"allow":["GET"]}}],"collection":[{"href":"https:\/\/akropolis.lt\/klaipeda\/wp-json\/wp\/v2\/pages"}],"about":[{"href":"https:\/\/akropolis.lt\/klaipeda\/wp-json\/wp\/v2\/types\/page"}],"author":[{"embeddable":true,"href":"https:\/\/akropolis.lt\/klaipeda\/wp-json\/wp\/v2\/users\/1"}],"replies":[{"embeddable":true,"href":"https:\/\/akropolis.lt\/klaipeda\/wp-json\/wp\/v2\/comments?post=2908"}],"version-history":[{"count":3,"href":"https:\/\/akropolis.lt\/klaipeda\/wp-json\/wp\/v2\/pages\/2908\/revisions"}],"predecessor-version":[{"id":9697,"href":"https:\/\/akropolis.lt\/klaipeda\/wp-json\/wp\/v2\/pages\/2908\/revisions\/9697"}],"wp:attachment":[{"href":"https:\/\/akropolis.lt\/klaipeda\/wp-json\/wp\/v2\/media?parent=2908"}],"curies":[{"name":"wp","href":"https:\/\/api.w.org\/{rel}","templated":true}]}}