{"id":7760,"date":"2025-09-10T12:46:00","date_gmt":"2025-09-10T12:46:00","guid":{"rendered":"https:\/\/akropolis.lt\/klaipeda\/?page_id=7760"},"modified":"2025-09-16T14:36:28","modified_gmt":"2025-09-16T14:36:28","slug":"savitarnos-drabuzine-ir-daiktu-saugojimo-spinta","status":"publish","type":"page","link":"https:\/\/akropolis.lt\/klaipeda\/nemokami-patogumai\/savitarnos-drabuzine-ir-daiktu-saugojimo-spinta\/","title":{"rendered":"Savitarnos drabu\u017ein\u0117s ir daikt\u0173 saugojimo spintos"},"content":{"rendered":"\n    <section id=\"post-cards-list-block-68c1730840f6b\" class=\"post-cards-list\">\n        <div class=\"container\">\n\n                                                <h1 class=\"h4 title\">Savitarnos drabu\u017ein\u0117s ir daikt\u0173 saugojimo spintos<\/h1>\n                \n                            \n            \n                                    <div class=\"cards-list\">\n                        \n<a href=\"https:\/\/akropolis.lt\/klaipeda\/parduotuve\/savitarnos-drabuzine-ir-daiktu-saugojimo-spinta-i\/\" class=\"service-card card-item sm-col-span-12 md-col-span-6 col-span-4\">\n    <div class=\"content-wrapper\">\n        \n                                            <img\n                        class=\"service-icon force-no-contrast\"\n                        src=\"https:\/\/akropolis.lt\/klaipeda\/wp-content\/uploads\/sites\/2\/2025\/06\/67038f5d17412.jpg\"\n                        srcset=\"https:\/\/akropolis.lt\/klaipeda\/wp-content\/uploads\/sites\/2\/2025\/06\/67038f5d17412-300x300.jpg 300w, https:\/\/akropolis.lt\/klaipeda\/wp-content\/uploads\/sites\/2\/2025\/06\/67038f5d17412-150x150.jpg 150w, https:\/\/akropolis.lt\/klaipeda\/wp-content\/uploads\/sites\/2\/2025\/06\/67038f5d17412.jpg 431w\"\n                        alt=\"\"\/>\n\n            \n        \n                    <h2 class=\"h7 service-title\">\n                SAVITARNOS DRABU\u017dIN\u0116 IR DAIKT\u0172 SAUGOJIMO SPINTA I            <\/h2>\n        \n                    <div class=\"service-description wysiwyg\">\n                <p>J\u016bs\u0173 patogumui yra \u012frengtos savitarnos spinteles, kur gal\u0117site susid\u0117ti daiktus ar vir&scaron;utinius drabu\u017eius. Paslauga nemokama.<\/p>\n            <\/div>\n        \n        <div class=\"link service-cta\">\n            <span>Su\u017einoti daugiau<\/span>\n        <\/div>\n    <\/div>\n<\/a>\n\n<a href=\"https:\/\/akropolis.lt\/klaipeda\/parduotuve\/savitarnos-drabuzine-ir-daiktu-saugojimo-spinta-ii\/\" class=\"service-card card-item sm-col-span-12 md-col-span-6 col-span-4\">\n    <div class=\"content-wrapper\">\n        \n                                            <img\n                        class=\"service-icon force-no-contrast\"\n                        src=\"https:\/\/akropolis.lt\/klaipeda\/wp-content\/uploads\/sites\/2\/2025\/06\/17031621111251.jpg\"\n                        srcset=\"https:\/\/akropolis.lt\/klaipeda\/wp-content\/uploads\/sites\/2\/2025\/06\/17031621111251-300x300.jpg 300w, https:\/\/akropolis.lt\/klaipeda\/wp-content\/uploads\/sites\/2\/2025\/06\/17031621111251-150x150.jpg 150w, https:\/\/akropolis.lt\/klaipeda\/wp-content\/uploads\/sites\/2\/2025\/06\/17031621111251.jpg 431w\"\n                        alt=\"\"\/>\n\n            \n        \n                    <h2 class=\"h7 service-title\">\n                SAVITARNOS DRABU\u017dIN\u0116 IR DAIKT\u0172 SAUGOJIMO SPINTA II            <\/h2>\n        \n                    <div class=\"service-description wysiwyg\">\n                <p>J\u016bs\u0173 patogumui yra \u012frengtos savitarnos spinteles, kur gal\u0117site susid\u0117ti daiktus ar vir&scaron;utinius drabu\u017eius. Paslauga nemokama.<\/p>\n            <\/div>\n        \n        <div class=\"link service-cta\">\n            <span>Su\u017einoti daugiau<\/span>\n        <\/div>\n    <\/div>\n<\/a>\n                    <\/div>\n                \n            \n        <\/div>\n    <\/section>\n\n<script>window.dispatchEvent( new Event('acf\/loaded\/post-cards-list'));<\/script>","protected":false},"excerpt":{"rendered":"","protected":false},"author":1,"featured_media":0,"parent":2887,"menu_order":0,"comment_status":"closed","ping_status":"closed","template":"","meta":{"_acf_changed":false,"footnotes":""},"class_list":["post-7760","page","type-page","status-publish","hentry"],"acf":[],"yoast_head":"<!-- This site is optimized with the Yoast SEO plugin v27.2 - https:\/\/yoast.com\/product\/yoast-seo-wordpress\/ -->\n<title>Savitarnos drabu\u017ein\u0117s ir daikt\u0173 saugojimo spintos - Akropolis Klaip\u0117da<\/title>\n<meta name=\"robots\" content=\"index, follow, max-snippet:-1, max-image-preview:large, max-video-preview:-1\" \/>\n<link rel=\"canonical\" href=\"https:\/\/akropolis.lt\/klaipeda\/nemokami-patogumai\/savitarnos-drabuzine-ir-daiktu-saugojimo-spinta\/\" \/>\n<meta property=\"og:locale\" content=\"lt_LT\" \/>\n<meta property=\"og:type\" content=\"article\" \/>\n<meta property=\"og:title\" content=\"Savitarnos drabu\u017ein\u0117s ir daikt\u0173 saugojimo spintos - Akropolis Klaip\u0117da\" \/>\n<meta property=\"og:url\" content=\"https:\/\/akropolis.lt\/klaipeda\/nemokami-patogumai\/savitarnos-drabuzine-ir-daiktu-saugojimo-spinta\/\" \/>\n<meta property=\"og:site_name\" content=\"Akropolis Klaip\u0117da\" \/>\n<meta property=\"article:modified_time\" content=\"2025-09-16T14:36:28+00:00\" \/>\n<meta property=\"og:image\" content=\"https:\/\/akropolis.lt\/klaipeda\/wp-content\/uploads\/sites\/2\/2025\/12\/OG-image.png\" \/>\n\t<meta property=\"og:image:width\" content=\"1200\" \/>\n\t<meta property=\"og:image:height\" content=\"630\" \/>\n\t<meta property=\"og:image:type\" content=\"image\/png\" \/>\n<meta name=\"twitter:card\" content=\"summary_large_image\" \/>\n<script type=\"application\/ld+json\" class=\"yoast-schema-graph\">{\"@context\":\"https:\/\/schema.org\",\"@graph\":[{\"@type\":\"WebPage\",\"@id\":\"https:\/\/akropolis.lt\/klaipeda\/nemokami-patogumai\/savitarnos-drabuzine-ir-daiktu-saugojimo-spinta\/\",\"url\":\"https:\/\/akropolis.lt\/klaipeda\/nemokami-patogumai\/savitarnos-drabuzine-ir-daiktu-saugojimo-spinta\/\",\"name\":\"Savitarnos drabu\u017ein\u0117s ir daikt\u0173 saugojimo spintos - Akropolis Klaip\u0117da\",\"isPartOf\":{\"@id\":\"https:\/\/akropolis.lt\/klaipeda\/#website\"},\"datePublished\":\"2025-09-10T12:46:00+00:00\",\"dateModified\":\"2025-09-16T14:36:28+00:00\",\"breadcrumb\":{\"@id\":\"https:\/\/akropolis.lt\/klaipeda\/nemokami-patogumai\/savitarnos-drabuzine-ir-daiktu-saugojimo-spinta\/#breadcrumb\"},\"inLanguage\":\"lt-LT\",\"potentialAction\":[{\"@type\":\"ReadAction\",\"target\":[\"https:\/\/akropolis.lt\/klaipeda\/nemokami-patogumai\/savitarnos-drabuzine-ir-daiktu-saugojimo-spinta\/\"]}]},{\"@type\":\"BreadcrumbList\",\"@id\":\"https:\/\/akropolis.lt\/klaipeda\/nemokami-patogumai\/savitarnos-drabuzine-ir-daiktu-saugojimo-spinta\/#breadcrumb\",\"itemListElement\":[{\"@type\":\"ListItem\",\"position\":1,\"name\":\"Home\",\"item\":\"https:\/\/akropolis.lt\/klaipeda\/\"},{\"@type\":\"ListItem\",\"position\":2,\"name\":\"Nemokami patogumai\",\"item\":\"https:\/\/akropolis.lt\/klaipeda\/nemokami-patogumai\/\"},{\"@type\":\"ListItem\",\"position\":3,\"name\":\"Savitarnos drabu\u017ein\u0117s ir daikt\u0173 saugojimo spintos\"}]},{\"@type\":\"WebSite\",\"@id\":\"https:\/\/akropolis.lt\/klaipeda\/#website\",\"url\":\"https:\/\/akropolis.lt\/klaipeda\/\",\"name\":\"Akropolis Klaip\u0117da\",\"description\":\"\",\"publisher\":{\"@id\":\"https:\/\/akropolis.lt\/klaipeda\/#organization\"},\"potentialAction\":[{\"@type\":\"SearchAction\",\"target\":{\"@type\":\"EntryPoint\",\"urlTemplate\":\"https:\/\/akropolis.lt\/klaipeda\/?s={search_term_string}\"},\"query-input\":{\"@type\":\"PropertyValueSpecification\",\"valueRequired\":true,\"valueName\":\"search_term_string\"}}],\"inLanguage\":\"lt-LT\"},{\"@type\":\"Organization\",\"@id\":\"https:\/\/akropolis.lt\/klaipeda\/#organization\",\"name\":\"Akropolis Klaip\u0117da\",\"url\":\"https:\/\/akropolis.lt\/klaipeda\/\",\"logo\":{\"@type\":\"ImageObject\",\"inLanguage\":\"lt-LT\",\"@id\":\"https:\/\/akropolis.lt\/klaipeda\/#\/schema\/logo\/image\/\",\"url\":\"https:\/\/akropolis.lt\/klaipeda\/wp-content\/uploads\/sites\/2\/2025\/06\/image.png\",\"contentUrl\":\"https:\/\/akropolis.lt\/klaipeda\/wp-content\/uploads\/sites\/2\/2025\/06\/image.png\",\"width\":650,\"height\":650,\"caption\":\"Akropolis Klaip\u0117da\"},\"image\":{\"@id\":\"https:\/\/akropolis.lt\/klaipeda\/#\/schema\/logo\/image\/\"}}]}<\/script>\n<!-- \/ Yoast SEO plugin. -->","yoast_head_json":{"title":"Savitarnos drabu\u017ein\u0117s ir daikt\u0173 saugojimo spintos - Akropolis Klaip\u0117da","robots":{"index":"index","follow":"follow","max-snippet":"max-snippet:-1","max-image-preview":"max-image-preview:large","max-video-preview":"max-video-preview:-1"},"canonical":"https:\/\/akropolis.lt\/klaipeda\/nemokami-patogumai\/savitarnos-drabuzine-ir-daiktu-saugojimo-spinta\/","og_locale":"lt_LT","og_type":"article","og_title":"Savitarnos drabu\u017ein\u0117s ir daikt\u0173 saugojimo spintos - Akropolis Klaip\u0117da","og_url":"https:\/\/akropolis.lt\/klaipeda\/nemokami-patogumai\/savitarnos-drabuzine-ir-daiktu-saugojimo-spinta\/","og_site_name":"Akropolis Klaip\u0117da","article_modified_time":"2025-09-16T14:36:28+00:00","og_image":[{"width":1200,"height":630,"url":"https:\/\/akropolis.lt\/klaipeda\/wp-content\/uploads\/sites\/2\/2025\/12\/OG-image.png","type":"image\/png"}],"twitter_card":"summary_large_image","schema":{"@context":"https:\/\/schema.org","@graph":[{"@type":"WebPage","@id":"https:\/\/akropolis.lt\/klaipeda\/nemokami-patogumai\/savitarnos-drabuzine-ir-daiktu-saugojimo-spinta\/","url":"https:\/\/akropolis.lt\/klaipeda\/nemokami-patogumai\/savitarnos-drabuzine-ir-daiktu-saugojimo-spinta\/","name":"Savitarnos drabu\u017ein\u0117s ir daikt\u0173 saugojimo spintos - Akropolis Klaip\u0117da","isPartOf":{"@id":"https:\/\/akropolis.lt\/klaipeda\/#website"},"datePublished":"2025-09-10T12:46:00+00:00","dateModified":"2025-09-16T14:36:28+00:00","breadcrumb":{"@id":"https:\/\/akropolis.lt\/klaipeda\/nemokami-patogumai\/savitarnos-drabuzine-ir-daiktu-saugojimo-spinta\/#breadcrumb"},"inLanguage":"lt-LT","potentialAction":[{"@type":"ReadAction","target":["https:\/\/akropolis.lt\/klaipeda\/nemokami-patogumai\/savitarnos-drabuzine-ir-daiktu-saugojimo-spinta\/"]}]},{"@type":"BreadcrumbList","@id":"https:\/\/akropolis.lt\/klaipeda\/nemokami-patogumai\/savitarnos-drabuzine-ir-daiktu-saugojimo-spinta\/#breadcrumb","itemListElement":[{"@type":"ListItem","position":1,"name":"Home","item":"https:\/\/akropolis.lt\/klaipeda\/"},{"@type":"ListItem","position":2,"name":"Nemokami patogumai","item":"https:\/\/akropolis.lt\/klaipeda\/nemokami-patogumai\/"},{"@type":"ListItem","position":3,"name":"Savitarnos drabu\u017ein\u0117s ir daikt\u0173 saugojimo spintos"}]},{"@type":"WebSite","@id":"https:\/\/akropolis.lt\/klaipeda\/#website","url":"https:\/\/akropolis.lt\/klaipeda\/","name":"Akropolis Klaip\u0117da","description":"","publisher":{"@id":"https:\/\/akropolis.lt\/klaipeda\/#organization"},"potentialAction":[{"@type":"SearchAction","target":{"@type":"EntryPoint","urlTemplate":"https:\/\/akropolis.lt\/klaipeda\/?s={search_term_string}"},"query-input":{"@type":"PropertyValueSpecification","valueRequired":true,"valueName":"search_term_string"}}],"inLanguage":"lt-LT"},{"@type":"Organization","@id":"https:\/\/akropolis.lt\/klaipeda\/#organization","name":"Akropolis Klaip\u0117da","url":"https:\/\/akropolis.lt\/klaipeda\/","logo":{"@type":"ImageObject","inLanguage":"lt-LT","@id":"https:\/\/akropolis.lt\/klaipeda\/#\/schema\/logo\/image\/","url":"https:\/\/akropolis.lt\/klaipeda\/wp-content\/uploads\/sites\/2\/2025\/06\/image.png","contentUrl":"https:\/\/akropolis.lt\/klaipeda\/wp-content\/uploads\/sites\/2\/2025\/06\/image.png","width":650,"height":650,"caption":"Akropolis Klaip\u0117da"},"image":{"@id":"https:\/\/akropolis.lt\/klaipeda\/#\/schema\/logo\/image\/"}}]}},"_links":{"self":[{"href":"https:\/\/akropolis.lt\/klaipeda\/wp-json\/wp\/v2\/pages\/7760","targetHints":{"allow":["GET"]}}],"collection":[{"href":"https:\/\/akropolis.lt\/klaipeda\/wp-json\/wp\/v2\/pages"}],"about":[{"href":"https:\/\/akropolis.lt\/klaipeda\/wp-json\/wp\/v2\/types\/page"}],"author":[{"embeddable":true,"href":"https:\/\/akropolis.lt\/klaipeda\/wp-json\/wp\/v2\/users\/1"}],"replies":[{"embeddable":true,"href":"https:\/\/akropolis.lt\/klaipeda\/wp-json\/wp\/v2\/comments?post=7760"}],"version-history":[{"count":7,"href":"https:\/\/akropolis.lt\/klaipeda\/wp-json\/wp\/v2\/pages\/7760\/revisions"}],"predecessor-version":[{"id":7869,"href":"https:\/\/akropolis.lt\/klaipeda\/wp-json\/wp\/v2\/pages\/7760\/revisions\/7869"}],"up":[{"embeddable":true,"href":"https:\/\/akropolis.lt\/klaipeda\/wp-json\/wp\/v2\/pages\/2887"}],"wp:attachment":[{"href":"https:\/\/akropolis.lt\/klaipeda\/wp-json\/wp\/v2\/media?parent=7760"}],"curies":[{"name":"wp","href":"https:\/\/api.w.org\/{rel}","templated":true}]}}