{"id":7776,"date":"2025-09-10T13:14:24","date_gmt":"2025-09-10T13:14:24","guid":{"rendered":"https:\/\/akropolis.lt\/klaipeda\/?page_id=7776"},"modified":"2025-09-16T14:36:27","modified_gmt":"2025-09-16T14:36:27","slug":"vaiku-zaidimo-aikstele","status":"publish","type":"page","link":"https:\/\/akropolis.lt\/klaipeda\/nemokami-patogumai\/vaiku-zaidimo-aikstele\/","title":{"rendered":"Vaik\u0173 \u017eaidim\u0173 aik\u0161tel\u0117s"},"content":{"rendered":"\n    <section id=\"post-cards-list-block-68c179b01e434\" class=\"post-cards-list\">\n        <div class=\"container\">\n\n                                                <h1 class=\"h4 title\">Vaik\u0173 \u017eaidimo aik\u0161tel\u0117s<\/h1>\n                \n                            \n            \n                                    <div class=\"cards-list\">\n                        \n<a href=\"https:\/\/akropolis.lt\/klaipeda\/parduotuve\/vaiku-zaidimu-aikstele-i\/\" class=\"service-card card-item sm-col-span-12 md-col-span-6 col-span-4\">\n    <div class=\"content-wrapper\">\n        \n                                            <img\n                        class=\"service-icon force-no-contrast\"\n                        src=\"https:\/\/akropolis.lt\/klaipeda\/wp-content\/uploads\/sites\/2\/2025\/06\/17132673769816.jpg\"\n                        srcset=\"https:\/\/akropolis.lt\/klaipeda\/wp-content\/uploads\/sites\/2\/2025\/06\/17132673769816-300x300.jpg 300w, https:\/\/akropolis.lt\/klaipeda\/wp-content\/uploads\/sites\/2\/2025\/06\/17132673769816-1024x1024.jpg 1024w, https:\/\/akropolis.lt\/klaipeda\/wp-content\/uploads\/sites\/2\/2025\/06\/17132673769816-150x150.jpg 150w, https:\/\/akropolis.lt\/klaipeda\/wp-content\/uploads\/sites\/2\/2025\/06\/17132673769816-768x768.jpg 768w, https:\/\/akropolis.lt\/klaipeda\/wp-content\/uploads\/sites\/2\/2025\/06\/17132673769816-1080x1080.jpg 1080w, https:\/\/akropolis.lt\/klaipeda\/wp-content\/uploads\/sites\/2\/2025\/06\/17132673769816.jpg 1202w\"\n                        alt=\"\"\/>\n\n            \n        \n                    <h2 class=\"h7 service-title\">\n                VAIK\u0172 \u017dAIDIM\u0172 AIK\u0160TEL\u0116 I            <\/h2>\n        \n                    <div class=\"service-description wysiwyg\">\n                <p>T\u0117vams su ma\u017eais vaikais apsilankymas Klaip\u0117dos &bdquo;Akropolyje&ldquo; patogesnis ir turiningesnis. Prekybos ir pramog\u0173 centro patalpose veikia dvi nemokamos \u017eaidim\u0173 aik&scaron;tel\u0117s, skirtos 1&ndash;8 met\u0173 am\u017eiaus vaikams.<\/p>\n<p>\u017daidim\u0173 aik&scaron;tel\u0117s, kuri\u0173 plotai yra 34,5 kv. metr\u0173 ir 44,8 kv. metr\u0173, \u012frengtos pasitelkiant skirting\u0173 pasaulio teritorij\u0173 gyv\u016bnijos tematik\u0105. Vienoje erdv\u0117je vaikai gal\u0117s pramogauti \u017eaismingai pavaizduot\u0173 vandenyno gyv\u016bn\u0173, o kitoje &ndash; Piet\u0173 Amerikos gyv\u016bn\u0173 fone.<\/p>\n<p>Aik&scaron;tel\u0117se sumontuoti modern\u016bs, saug\u016bs, spalvingi ir \u012fvairiais dizaino elementais pasirinktas temas atspindintys laipiojimo bei balansavimo \u012frenginiai, \u010diuo\u017eyklos, edukacin\u0117s \u017eaidim\u0173 lentos.<\/p>\n<p>Naujosios \u017eaidim\u0173 aik&scaron;tel\u0117s \u012frengtos Lietuvinink\u0173 aik&scaron;t\u0117je prie ,,Delano&lsquo;&lsquo; savitarnos restorano ir Pranc\u016bz\u0173 al\u0117joje prie &bdquo;Lindex&ldquo;&nbsp;parduotuv\u0117s. Jos veikia prekybos ir pramog\u0173 centro darbo metu &ndash; kasdien nuo 8 iki 22 val.<\/p>\n<p>Linkime m\u016bs\u0173 ma\u017eiesiems lankytojams smagaus laiko naujosiose \u017eaidim\u0173 erdv\u0117se! O juos atlyd\u0117jusiems artimiesiems primename, kad &scaron;iose nemokamose aik&scaron;tel\u0117se vaik\u0173 prie\u017ei\u016bros paslaugos n\u0117ra teikiamos, tad u\u017e vaik\u0173 saugum\u0105 ir tinkam\u0105 elges\u012f atsako j\u0173 t\u0117vai arba glob\u0117jai.<\/p>\n            <\/div>\n        \n        <div class=\"link service-cta\">\n            <span>Su\u017einoti daugiau<\/span>\n        <\/div>\n    <\/div>\n<\/a>\n\n<a href=\"https:\/\/akropolis.lt\/klaipeda\/parduotuve\/vaiku-zaidimu-aikstele-ii\/\" class=\"service-card card-item sm-col-span-12 md-col-span-6 col-span-4\">\n    <div class=\"content-wrapper\">\n        \n                                            <img\n                        class=\"service-icon force-no-contrast\"\n                        src=\"https:\/\/akropolis.lt\/klaipeda\/wp-content\/uploads\/sites\/2\/2025\/06\/17132673895306.jpg\"\n                        srcset=\"https:\/\/akropolis.lt\/klaipeda\/wp-content\/uploads\/sites\/2\/2025\/06\/17132673895306-300x300.jpg 300w, https:\/\/akropolis.lt\/klaipeda\/wp-content\/uploads\/sites\/2\/2025\/06\/17132673895306-1024x1024.jpg 1024w, https:\/\/akropolis.lt\/klaipeda\/wp-content\/uploads\/sites\/2\/2025\/06\/17132673895306-150x150.jpg 150w, https:\/\/akropolis.lt\/klaipeda\/wp-content\/uploads\/sites\/2\/2025\/06\/17132673895306-768x768.jpg 768w, https:\/\/akropolis.lt\/klaipeda\/wp-content\/uploads\/sites\/2\/2025\/06\/17132673895306-1080x1080.jpg 1080w, https:\/\/akropolis.lt\/klaipeda\/wp-content\/uploads\/sites\/2\/2025\/06\/17132673895306.jpg 1202w\"\n                        alt=\"\"\/>\n\n            \n        \n                    <h2 class=\"h7 service-title\">\n                VAIK\u0172 \u017dAIDIM\u0172 AIK\u0160TEL\u0116 II            <\/h2>\n        \n                    <div class=\"service-description wysiwyg\">\n                <p>T\u0117vams su ma\u017eais vaikais apsilankymas Klaip\u0117dos &bdquo;Akropolyje&ldquo; patogesnis ir turiningesnis. Prekybos ir pramog\u0173 centro patalpose veikia dvi nemokamos \u017eaidim\u0173 aik&scaron;tel\u0117s, skirtos 1&ndash;8 met\u0173 am\u017eiaus vaikams.<\/p>\n<p>\u017daidim\u0173 aik&scaron;tel\u0117s, kuri\u0173 plotai yra 34,5 kv. metr\u0173 ir 44,8 kv. metr\u0173, \u012frengtos pasitelkiant skirting\u0173 pasaulio teritorij\u0173 gyv\u016bnijos tematik\u0105. Vienoje erdv\u0117je vaikai gal\u0117s pramogauti \u017eaismingai pavaizduot\u0173 vandenyno gyv\u016bn\u0173, o kitoje &ndash; Piet\u0173 Amerikos gyv\u016bn\u0173 fone.<\/p>\n<p>Aik&scaron;tel\u0117se sumontuoti modern\u016bs, saug\u016bs, spalvingi ir \u012fvairiais dizaino elementais pasirinktas temas atspindintys laipiojimo bei balansavimo \u012frenginiai, \u010diuo\u017eyklos, edukacin\u0117s \u017eaidim\u0173 lentos.<\/p>\n<p>Naujosios \u017eaidim\u0173 aik&scaron;tel\u0117s \u012frengtos Lietuvinink\u0173 aik&scaron;t\u0117je prie ,,Delano&lsquo;&lsquo; savitarnos restorano ir Pranc\u016bz\u0173 al\u0117joje prie &bdquo;Lindex&ldquo;&nbsp;parduotuv\u0117s. Jos veikia prekybos ir pramog\u0173 centro darbo metu &ndash; kasdien nuo 8 iki 22 val.<\/p>\n<p>Linkime m\u016bs\u0173 ma\u017eiesiems lankytojams smagaus laiko naujosiose \u017eaidim\u0173 erdv\u0117se! O juos atlyd\u0117jusiems artimiesiems primename, kad &scaron;iose nemokamose aik&scaron;tel\u0117se vaik\u0173 prie\u017ei\u016bros paslaugos n\u0117ra teikiamos, tad u\u017e vaik\u0173 saugum\u0105 ir tinkam\u0105 elges\u012f atsako j\u0173 t\u0117vai arba glob\u0117jai.<\/p>\n            <\/div>\n        \n        <div class=\"link service-cta\">\n            <span>Su\u017einoti daugiau<\/span>\n        <\/div>\n    <\/div>\n<\/a>\n                    <\/div>\n                \n            \n        <\/div>\n    <\/section>\n\n<script>window.dispatchEvent( new Event('acf\/loaded\/post-cards-list'));<\/script>","protected":false},"excerpt":{"rendered":"","protected":false},"author":1,"featured_media":0,"parent":2887,"menu_order":0,"comment_status":"closed","ping_status":"closed","template":"","meta":{"_acf_changed":false,"footnotes":""},"class_list":["post-7776","page","type-page","status-publish","hentry"],"acf":[],"yoast_head":"<!-- This site is optimized with the Yoast SEO plugin v27.2 - https:\/\/yoast.com\/product\/yoast-seo-wordpress\/ -->\n<title>Vaik\u0173 \u017eaidim\u0173 aik\u0161tel\u0117s - Akropolis Klaip\u0117da<\/title>\n<meta name=\"robots\" content=\"index, follow, max-snippet:-1, max-image-preview:large, max-video-preview:-1\" \/>\n<link rel=\"canonical\" href=\"https:\/\/akropolis.lt\/klaipeda\/nemokami-patogumai\/vaiku-zaidimo-aikstele\/\" \/>\n<meta property=\"og:locale\" content=\"lt_LT\" \/>\n<meta property=\"og:type\" content=\"article\" \/>\n<meta property=\"og:title\" content=\"Vaik\u0173 \u017eaidim\u0173 aik\u0161tel\u0117s - Akropolis Klaip\u0117da\" \/>\n<meta property=\"og:url\" content=\"https:\/\/akropolis.lt\/klaipeda\/nemokami-patogumai\/vaiku-zaidimo-aikstele\/\" \/>\n<meta property=\"og:site_name\" content=\"Akropolis Klaip\u0117da\" \/>\n<meta property=\"article:modified_time\" content=\"2025-09-16T14:36:27+00:00\" \/>\n<meta property=\"og:image\" content=\"https:\/\/akropolis.lt\/klaipeda\/wp-content\/uploads\/sites\/2\/2025\/12\/OG-image.png\" \/>\n\t<meta property=\"og:image:width\" content=\"1200\" \/>\n\t<meta property=\"og:image:height\" content=\"630\" \/>\n\t<meta property=\"og:image:type\" content=\"image\/png\" \/>\n<meta name=\"twitter:card\" content=\"summary_large_image\" \/>\n<script type=\"application\/ld+json\" class=\"yoast-schema-graph\">{\"@context\":\"https:\/\/schema.org\",\"@graph\":[{\"@type\":\"WebPage\",\"@id\":\"https:\/\/akropolis.lt\/klaipeda\/nemokami-patogumai\/vaiku-zaidimo-aikstele\/\",\"url\":\"https:\/\/akropolis.lt\/klaipeda\/nemokami-patogumai\/vaiku-zaidimo-aikstele\/\",\"name\":\"Vaik\u0173 \u017eaidim\u0173 aik\u0161tel\u0117s - Akropolis Klaip\u0117da\",\"isPartOf\":{\"@id\":\"https:\/\/akropolis.lt\/klaipeda\/#website\"},\"datePublished\":\"2025-09-10T13:14:24+00:00\",\"dateModified\":\"2025-09-16T14:36:27+00:00\",\"breadcrumb\":{\"@id\":\"https:\/\/akropolis.lt\/klaipeda\/nemokami-patogumai\/vaiku-zaidimo-aikstele\/#breadcrumb\"},\"inLanguage\":\"lt-LT\",\"potentialAction\":[{\"@type\":\"ReadAction\",\"target\":[\"https:\/\/akropolis.lt\/klaipeda\/nemokami-patogumai\/vaiku-zaidimo-aikstele\/\"]}]},{\"@type\":\"BreadcrumbList\",\"@id\":\"https:\/\/akropolis.lt\/klaipeda\/nemokami-patogumai\/vaiku-zaidimo-aikstele\/#breadcrumb\",\"itemListElement\":[{\"@type\":\"ListItem\",\"position\":1,\"name\":\"Home\",\"item\":\"https:\/\/akropolis.lt\/klaipeda\/\"},{\"@type\":\"ListItem\",\"position\":2,\"name\":\"Nemokami patogumai\",\"item\":\"https:\/\/akropolis.lt\/klaipeda\/nemokami-patogumai\/\"},{\"@type\":\"ListItem\",\"position\":3,\"name\":\"Vaik\u0173 \u017eaidim\u0173 aik\u0161tel\u0117s\"}]},{\"@type\":\"WebSite\",\"@id\":\"https:\/\/akropolis.lt\/klaipeda\/#website\",\"url\":\"https:\/\/akropolis.lt\/klaipeda\/\",\"name\":\"Akropolis Klaip\u0117da\",\"description\":\"\",\"publisher\":{\"@id\":\"https:\/\/akropolis.lt\/klaipeda\/#organization\"},\"potentialAction\":[{\"@type\":\"SearchAction\",\"target\":{\"@type\":\"EntryPoint\",\"urlTemplate\":\"https:\/\/akropolis.lt\/klaipeda\/?s={search_term_string}\"},\"query-input\":{\"@type\":\"PropertyValueSpecification\",\"valueRequired\":true,\"valueName\":\"search_term_string\"}}],\"inLanguage\":\"lt-LT\"},{\"@type\":\"Organization\",\"@id\":\"https:\/\/akropolis.lt\/klaipeda\/#organization\",\"name\":\"Akropolis Klaip\u0117da\",\"url\":\"https:\/\/akropolis.lt\/klaipeda\/\",\"logo\":{\"@type\":\"ImageObject\",\"inLanguage\":\"lt-LT\",\"@id\":\"https:\/\/akropolis.lt\/klaipeda\/#\/schema\/logo\/image\/\",\"url\":\"https:\/\/akropolis.lt\/klaipeda\/wp-content\/uploads\/sites\/2\/2025\/06\/image.png\",\"contentUrl\":\"https:\/\/akropolis.lt\/klaipeda\/wp-content\/uploads\/sites\/2\/2025\/06\/image.png\",\"width\":650,\"height\":650,\"caption\":\"Akropolis Klaip\u0117da\"},\"image\":{\"@id\":\"https:\/\/akropolis.lt\/klaipeda\/#\/schema\/logo\/image\/\"}}]}<\/script>\n<!-- \/ Yoast SEO plugin. -->","yoast_head_json":{"title":"Vaik\u0173 \u017eaidim\u0173 aik\u0161tel\u0117s - Akropolis Klaip\u0117da","robots":{"index":"index","follow":"follow","max-snippet":"max-snippet:-1","max-image-preview":"max-image-preview:large","max-video-preview":"max-video-preview:-1"},"canonical":"https:\/\/akropolis.lt\/klaipeda\/nemokami-patogumai\/vaiku-zaidimo-aikstele\/","og_locale":"lt_LT","og_type":"article","og_title":"Vaik\u0173 \u017eaidim\u0173 aik\u0161tel\u0117s - Akropolis Klaip\u0117da","og_url":"https:\/\/akropolis.lt\/klaipeda\/nemokami-patogumai\/vaiku-zaidimo-aikstele\/","og_site_name":"Akropolis Klaip\u0117da","article_modified_time":"2025-09-16T14:36:27+00:00","og_image":[{"width":1200,"height":630,"url":"https:\/\/akropolis.lt\/klaipeda\/wp-content\/uploads\/sites\/2\/2025\/12\/OG-image.png","type":"image\/png"}],"twitter_card":"summary_large_image","schema":{"@context":"https:\/\/schema.org","@graph":[{"@type":"WebPage","@id":"https:\/\/akropolis.lt\/klaipeda\/nemokami-patogumai\/vaiku-zaidimo-aikstele\/","url":"https:\/\/akropolis.lt\/klaipeda\/nemokami-patogumai\/vaiku-zaidimo-aikstele\/","name":"Vaik\u0173 \u017eaidim\u0173 aik\u0161tel\u0117s - Akropolis Klaip\u0117da","isPartOf":{"@id":"https:\/\/akropolis.lt\/klaipeda\/#website"},"datePublished":"2025-09-10T13:14:24+00:00","dateModified":"2025-09-16T14:36:27+00:00","breadcrumb":{"@id":"https:\/\/akropolis.lt\/klaipeda\/nemokami-patogumai\/vaiku-zaidimo-aikstele\/#breadcrumb"},"inLanguage":"lt-LT","potentialAction":[{"@type":"ReadAction","target":["https:\/\/akropolis.lt\/klaipeda\/nemokami-patogumai\/vaiku-zaidimo-aikstele\/"]}]},{"@type":"BreadcrumbList","@id":"https:\/\/akropolis.lt\/klaipeda\/nemokami-patogumai\/vaiku-zaidimo-aikstele\/#breadcrumb","itemListElement":[{"@type":"ListItem","position":1,"name":"Home","item":"https:\/\/akropolis.lt\/klaipeda\/"},{"@type":"ListItem","position":2,"name":"Nemokami patogumai","item":"https:\/\/akropolis.lt\/klaipeda\/nemokami-patogumai\/"},{"@type":"ListItem","position":3,"name":"Vaik\u0173 \u017eaidim\u0173 aik\u0161tel\u0117s"}]},{"@type":"WebSite","@id":"https:\/\/akropolis.lt\/klaipeda\/#website","url":"https:\/\/akropolis.lt\/klaipeda\/","name":"Akropolis Klaip\u0117da","description":"","publisher":{"@id":"https:\/\/akropolis.lt\/klaipeda\/#organization"},"potentialAction":[{"@type":"SearchAction","target":{"@type":"EntryPoint","urlTemplate":"https:\/\/akropolis.lt\/klaipeda\/?s={search_term_string}"},"query-input":{"@type":"PropertyValueSpecification","valueRequired":true,"valueName":"search_term_string"}}],"inLanguage":"lt-LT"},{"@type":"Organization","@id":"https:\/\/akropolis.lt\/klaipeda\/#organization","name":"Akropolis Klaip\u0117da","url":"https:\/\/akropolis.lt\/klaipeda\/","logo":{"@type":"ImageObject","inLanguage":"lt-LT","@id":"https:\/\/akropolis.lt\/klaipeda\/#\/schema\/logo\/image\/","url":"https:\/\/akropolis.lt\/klaipeda\/wp-content\/uploads\/sites\/2\/2025\/06\/image.png","contentUrl":"https:\/\/akropolis.lt\/klaipeda\/wp-content\/uploads\/sites\/2\/2025\/06\/image.png","width":650,"height":650,"caption":"Akropolis Klaip\u0117da"},"image":{"@id":"https:\/\/akropolis.lt\/klaipeda\/#\/schema\/logo\/image\/"}}]}},"_links":{"self":[{"href":"https:\/\/akropolis.lt\/klaipeda\/wp-json\/wp\/v2\/pages\/7776","targetHints":{"allow":["GET"]}}],"collection":[{"href":"https:\/\/akropolis.lt\/klaipeda\/wp-json\/wp\/v2\/pages"}],"about":[{"href":"https:\/\/akropolis.lt\/klaipeda\/wp-json\/wp\/v2\/types\/page"}],"author":[{"embeddable":true,"href":"https:\/\/akropolis.lt\/klaipeda\/wp-json\/wp\/v2\/users\/1"}],"replies":[{"embeddable":true,"href":"https:\/\/akropolis.lt\/klaipeda\/wp-json\/wp\/v2\/comments?post=7776"}],"version-history":[{"count":3,"href":"https:\/\/akropolis.lt\/klaipeda\/wp-json\/wp\/v2\/pages\/7776\/revisions"}],"predecessor-version":[{"id":7866,"href":"https:\/\/akropolis.lt\/klaipeda\/wp-json\/wp\/v2\/pages\/7776\/revisions\/7866"}],"up":[{"embeddable":true,"href":"https:\/\/akropolis.lt\/klaipeda\/wp-json\/wp\/v2\/pages\/2887"}],"wp:attachment":[{"href":"https:\/\/akropolis.lt\/klaipeda\/wp-json\/wp\/v2\/media?parent=7776"}],"curies":[{"name":"wp","href":"https:\/\/api.w.org\/{rel}","templated":true}]}}