{"id":2518,"date":"2025-04-07T10:14:15","date_gmt":"2025-04-07T10:14:15","guid":{"rendered":"https:\/\/akropolis.lt\/vilnius\/nemokami-patogumai\/"},"modified":"2026-01-12T13:43:59","modified_gmt":"2026-01-12T13:43:59","slug":"free-amenities","status":"publish","type":"page","link":"https:\/\/akropolis.lt\/siauliai\/en\/free-amenities\/","title":{"rendered":"Free amenities"},"content":{"rendered":"\n    <section id=\"post-cards-list-block-68c90d1d7d507\" class=\"post-cards-list\">\n        <div class=\"container\">\n\n                                                <h1 class=\"h4 title\">Free Amenities<\/h1>\n                \n                                    <div class=\"grid-section\">\n                        <div class=\"text wysiwyg md-col-span-12 col-span-8\">\n                            <p>Below is a filter of amenities in \u0160iauliai AKROPOLIS. To make your experience simpler and more comfortable.<\/p>\n                        <\/div>\n                    <\/div>\n                            \n                                                <div class=\"cards-list\">\n                        \n<a href=\"https:\/\/akropolis.lt\/siauliai\/en\/shop\/akropolio-informacija\/\" class=\"service-card card-item sm-col-span-12 md-col-span-6 col-span-4\">\n    <div class=\"content-wrapper\">\n        \n                                            <img\n                        class=\"service-icon force-no-contrast\"\n                        src=\"https:\/\/akropolis.lt\/siauliai\/wp-content\/uploads\/sites\/5\/2025\/06\/17031611852445.jpg\"\n                        srcset=\"https:\/\/akropolis.lt\/siauliai\/wp-content\/uploads\/sites\/5\/2025\/06\/17031611852445-300x300.jpg 300w, https:\/\/akropolis.lt\/siauliai\/wp-content\/uploads\/sites\/5\/2025\/06\/17031611852445-150x150.jpg 150w, https:\/\/akropolis.lt\/siauliai\/wp-content\/uploads\/sites\/5\/2025\/06\/17031611852445.jpg 431w\"\n                        alt=\"\"\/>\n\n            \n        \n                    <h2 class=\"h7 service-title\">\n                AKROPOLIS INFORMATION DESKS            <\/h2>\n        \n        \n        <div class=\"link service-cta\">\n            <span>Learn more<\/span>\n        <\/div>\n    <\/div>\n<\/a>\n\n<a href=\"https:\/\/akropolis.lt\/siauliai\/en\/automatic-heart-defibrillators\/\" class=\"service-card card-item sm-col-span-12 md-col-span-6 col-span-4\">\n    <div class=\"content-wrapper\">\n        \n                                            <img\n                        class=\"service-icon force-no-contrast\"\n                        src=\"https:\/\/akropolis.lt\/siauliai\/wp-content\/uploads\/sites\/5\/2025\/06\/660e4c8e7084d.jpg\"\n                        srcset=\"https:\/\/akropolis.lt\/siauliai\/wp-content\/uploads\/sites\/5\/2025\/06\/660e4c8e7084d-300x300.jpg 300w, https:\/\/akropolis.lt\/siauliai\/wp-content\/uploads\/sites\/5\/2025\/06\/660e4c8e7084d-1024x1024.jpg 1024w, https:\/\/akropolis.lt\/siauliai\/wp-content\/uploads\/sites\/5\/2025\/06\/660e4c8e7084d-150x150.jpg 150w, https:\/\/akropolis.lt\/siauliai\/wp-content\/uploads\/sites\/5\/2025\/06\/660e4c8e7084d-768x768.jpg 768w, https:\/\/akropolis.lt\/siauliai\/wp-content\/uploads\/sites\/5\/2025\/06\/660e4c8e7084d-1080x1080.jpg 1080w, https:\/\/akropolis.lt\/siauliai\/wp-content\/uploads\/sites\/5\/2025\/06\/660e4c8e7084d.jpg 1202w\"\n                        alt=\"\"\/>\n\n            \n        \n                    <h2 class=\"h7 service-title\">\n                AUTOMATIC HEART DEFIBRILIATORS            <\/h2>\n        \n                    <div class=\"service-description wysiwyg\">\n                <p>In case of heart failure, it is especially important to find the nearest cardiac defibrillator as quickly as possible.<\/p>\n<p>These signs clearly indicate where automated cardiac defibrillators (AEDs) are positioned.<\/p>\n            <\/div>\n        \n        <div class=\"link service-cta\">\n            <span>Learn more<\/span>\n        <\/div>\n    <\/div>\n<\/a>\n\n<a href=\"https:\/\/akropolis.lt\/siauliai\/en\/child-care-rooms\/\" class=\"service-card card-item sm-col-span-12 md-col-span-6 col-span-4\">\n    <div class=\"content-wrapper\">\n        \n                                            <img\n                        class=\"service-icon force-no-contrast\"\n                        src=\"https:\/\/akropolis.lt\/siauliai\/wp-content\/uploads\/sites\/5\/2025\/06\/17383228094321.jpg\"\n                        srcset=\"https:\/\/akropolis.lt\/siauliai\/wp-content\/uploads\/sites\/5\/2025\/06\/17383228094321-300x300.jpg 300w, https:\/\/akropolis.lt\/siauliai\/wp-content\/uploads\/sites\/5\/2025\/06\/17383228094321-150x150.jpg 150w, https:\/\/akropolis.lt\/siauliai\/wp-content\/uploads\/sites\/5\/2025\/06\/17383228094321.jpg 431w\"\n                        alt=\"\"\/>\n\n            \n        \n                    <h2 class=\"h7 service-title\">\n                CHILDCARE ROOMS            <\/h2>\n        \n                    <div class=\"service-description wysiwyg\">\n                <p>The childcare room is equipped with what parents with babies need most \u2013 a changing\u00a0board, an armchair, a microwave oven.<\/p>\n            <\/div>\n        \n        <div class=\"link service-cta\">\n            <span>Learn more<\/span>\n        <\/div>\n    <\/div>\n<\/a>\n\n<a href=\"https:\/\/akropolis.lt\/siauliai\/en\/water-filling-stations\/\" class=\"service-card card-item sm-col-span-12 md-col-span-6 col-span-4\">\n    <div class=\"content-wrapper\">\n        \n                                            <img\n                        class=\"service-icon force-no-contrast\"\n                        src=\"https:\/\/akropolis.lt\/siauliai\/wp-content\/uploads\/sites\/5\/2025\/06\/67a37ae10df0c.jpg\"\n                        srcset=\"https:\/\/akropolis.lt\/siauliai\/wp-content\/uploads\/sites\/5\/2025\/06\/67a37ae10df0c-300x300.jpg 300w, https:\/\/akropolis.lt\/siauliai\/wp-content\/uploads\/sites\/5\/2025\/06\/67a37ae10df0c-150x150.jpg 150w, https:\/\/akropolis.lt\/siauliai\/wp-content\/uploads\/sites\/5\/2025\/06\/67a37ae10df0c.jpg 431w\"\n                        alt=\"\"\/>\n\n            \n        \n                    <h2 class=\"h7 service-title\">\n                WATER FILLING STATIONS            <\/h2>\n        \n                    <div class=\"service-description wysiwyg\">\n                <p>Free water refill stations.<\/p>\n            <\/div>\n        \n        <div class=\"link service-cta\">\n            <span>Learn more<\/span>\n        <\/div>\n    <\/div>\n<\/a>\n\n<a href=\"https:\/\/akropolis.lt\/siauliai\/en\/wheelchair-stops\/\" class=\"service-card card-item sm-col-span-12 md-col-span-6 col-span-4\">\n    <div class=\"content-wrapper\">\n        \n                                            <img\n                        class=\"service-icon force-no-contrast\"\n                        src=\"https:\/\/akropolis.lt\/siauliai\/wp-content\/uploads\/sites\/5\/2025\/06\/6597f54189576.jpg\"\n                        srcset=\"https:\/\/akropolis.lt\/siauliai\/wp-content\/uploads\/sites\/5\/2025\/06\/6597f54189576-300x300.jpg 300w, https:\/\/akropolis.lt\/siauliai\/wp-content\/uploads\/sites\/5\/2025\/06\/6597f54189576-150x150.jpg 150w, https:\/\/akropolis.lt\/siauliai\/wp-content\/uploads\/sites\/5\/2025\/06\/6597f54189576.jpg 431w\"\n                        alt=\"\"\/>\n\n            \n        \n                    <h2 class=\"h7 service-title\">\n                WHEELCHAIR POINTS            <\/h2>\n        \n                    <div class=\"service-description wysiwyg\">\n                <p>At AKROPOLIS, you will find wheelchairs for people with disabilities, seniors, those who have suffered trauma, or those who have difficulty moving around.<\/p>\n<p>We hope that from now on, your visit to Akropolis will be more comfortable.<\/p>\n            <\/div>\n        \n        <div class=\"link service-cta\">\n            <span>Learn more<\/span>\n        <\/div>\n    <\/div>\n<\/a>\n\n<a href=\"https:\/\/akropolis.lt\/siauliai\/en\/shop\/smoking-areas\/\" class=\"service-card card-item sm-col-span-12 md-col-span-6 col-span-4\">\n    <div class=\"content-wrapper\">\n        \n                                            <img\n                        class=\"service-icon force-no-contrast\"\n                        src=\"https:\/\/akropolis.lt\/siauliai\/wp-content\/uploads\/sites\/5\/2025\/06\/6622170b6dacd.jpg\"\n                        srcset=\"https:\/\/akropolis.lt\/siauliai\/wp-content\/uploads\/sites\/5\/2025\/06\/6622170b6dacd-300x300.jpg 300w, https:\/\/akropolis.lt\/siauliai\/wp-content\/uploads\/sites\/5\/2025\/06\/6622170b6dacd-150x150.jpg 150w, https:\/\/akropolis.lt\/siauliai\/wp-content\/uploads\/sites\/5\/2025\/06\/6622170b6dacd.jpg 430w\"\n                        alt=\"\"\/>\n\n            \n        \n                    <h2 class=\"h7 service-title\">\n                SMOKING AREAS            <\/h2>\n        \n                    <div class=\"service-description wysiwyg\">\n                <p>Smoking Zones<\/p>\n            <\/div>\n        \n        <div class=\"link service-cta\">\n            <span>Learn more<\/span>\n        <\/div>\n    <\/div>\n<\/a>\n\n<a href=\"https:\/\/akropolis.lt\/siauliai\/en\/shop\/savitarnos-drabuzine-ir-daiktu-saugojimo-spinta\/\" class=\"service-card card-item sm-col-span-12 md-col-span-6 col-span-4\">\n    <div class=\"content-wrapper\">\n        \n                                            <img\n                        class=\"service-icon force-no-contrast\"\n                        src=\"https:\/\/akropolis.lt\/siauliai\/wp-content\/uploads\/sites\/5\/2025\/06\/17031621314823.jpg\"\n                        srcset=\"https:\/\/akropolis.lt\/siauliai\/wp-content\/uploads\/sites\/5\/2025\/06\/17031621314823-300x300.jpg 300w, https:\/\/akropolis.lt\/siauliai\/wp-content\/uploads\/sites\/5\/2025\/06\/17031621314823-150x150.jpg 150w, https:\/\/akropolis.lt\/siauliai\/wp-content\/uploads\/sites\/5\/2025\/06\/17031621314823.jpg 431w\"\n                        alt=\"\"\/>\n\n            \n        \n                    <h2 class=\"h7 service-title\">\n                SAVITARNOS DRABU\u017dIN\u0116 IR DAIKT\u0172 SAUGOJIMO SPINTA            <\/h2>\n        \n                    <div class=\"service-description wysiwyg\">\n                <p>For your convenience, self-service storage rooms are provided where you can put things or outerwear. The service is free.<\/p>\n            <\/div>\n        \n        <div class=\"link service-cta\">\n            <span>Learn more<\/span>\n        <\/div>\n    <\/div>\n<\/a>\n\n<a href=\"https:\/\/akropolis.lt\/siauliai\/en\/shop\/taros-surinkimas\/\" class=\"service-card card-item sm-col-span-12 md-col-span-6 col-span-4\">\n    <div class=\"content-wrapper\">\n        \n                                            <img\n                        class=\"service-icon force-no-contrast\"\n                        src=\"https:\/\/akropolis.lt\/siauliai\/wp-content\/uploads\/sites\/5\/2025\/06\/17031624022565.jpg\"\n                        srcset=\"https:\/\/akropolis.lt\/siauliai\/wp-content\/uploads\/sites\/5\/2025\/06\/17031624022565-300x300.jpg 300w, https:\/\/akropolis.lt\/siauliai\/wp-content\/uploads\/sites\/5\/2025\/06\/17031624022565-150x150.jpg 150w, https:\/\/akropolis.lt\/siauliai\/wp-content\/uploads\/sites\/5\/2025\/06\/17031624022565.jpg 431w\"\n                        alt=\"\"\/>\n\n            \n        \n                    <h2 class=\"h7 service-title\">\n                TAROS SURINKIMAS            <\/h2>\n        \n        \n        <div class=\"link service-cta\">\n            <span>Learn more<\/span>\n        <\/div>\n    <\/div>\n<\/a>\n\n<a href=\"https:\/\/akropolis.lt\/siauliai\/en\/shop\/tekstiles-surinkimo-konteineris\/\" class=\"service-card card-item sm-col-span-12 md-col-span-6 col-span-4\">\n    <div class=\"content-wrapper\">\n        \n                                            <img\n                        class=\"service-icon force-no-contrast\"\n                        src=\"https:\/\/akropolis.lt\/siauliai\/wp-content\/uploads\/sites\/5\/2025\/06\/17031625617385.jpg\"\n                        srcset=\"https:\/\/akropolis.lt\/siauliai\/wp-content\/uploads\/sites\/5\/2025\/06\/17031625617385-300x300.jpg 300w, https:\/\/akropolis.lt\/siauliai\/wp-content\/uploads\/sites\/5\/2025\/06\/17031625617385-150x150.jpg 150w, https:\/\/akropolis.lt\/siauliai\/wp-content\/uploads\/sites\/5\/2025\/06\/17031625617385.jpg 431w\"\n                        alt=\"\"\/>\n\n            \n        \n                    <h2 class=\"h7 service-title\">\n                TEKSTIL\u0116S SURINKIMO KONTEINERIS            <\/h2>\n        \n        \n        <div class=\"link service-cta\">\n            <span>Learn more<\/span>\n        <\/div>\n    <\/div>\n<\/a>\n\n<a href=\"https:\/\/akropolis.lt\/siauliai\/en\/free-amenities\/massage-chairs\/\" class=\"service-card card-item sm-col-span-12 md-col-span-6 col-span-4\">\n    <div class=\"content-wrapper\">\n        \n                                            <img\n                        class=\"service-icon force-no-contrast\"\n                        src=\"https:\/\/akropolis.lt\/siauliai\/wp-content\/uploads\/sites\/5\/2026\/01\/masazine-kede-ikona-1.png\"\n                        srcset=\"https:\/\/akropolis.lt\/siauliai\/wp-content\/uploads\/sites\/5\/2026\/01\/masazine-kede-ikona-1-300x300.png 300w, https:\/\/akropolis.lt\/siauliai\/wp-content\/uploads\/sites\/5\/2026\/01\/masazine-kede-ikona-1-150x150.png 150w, https:\/\/akropolis.lt\/siauliai\/wp-content\/uploads\/sites\/5\/2026\/01\/masazine-kede-ikona-1.png 430w\"\n                        alt=\"\"\/>\n\n            \n        \n                    <h2 class=\"h7 service-title\">\n                MASSAGE CHAIRS            <\/h2>\n        \n        \n        <div class=\"link service-cta\">\n            <span>Learn more<\/span>\n        <\/div>\n    <\/div>\n<\/a>\n                    <\/div>\n                \n            \n        <\/div>\n    <\/section>\n\n<script>window.dispatchEvent( new Event('acf\/loaded\/post-cards-list'));<\/script>","protected":false},"excerpt":{"rendered":"","protected":false},"author":1,"featured_media":0,"parent":0,"menu_order":0,"comment_status":"closed","ping_status":"closed","template":"","meta":{"_acf_changed":false,"footnotes":""},"class_list":["post-2518","page","type-page","status-publish","hentry"],"acf":[],"yoast_head":"<!-- This site is optimized with the Yoast SEO plugin v27.2 - https:\/\/yoast.com\/product\/yoast-seo-wordpress\/ -->\n<title>Free amenities - Akropolis \u0160iauliai<\/title>\n<meta name=\"robots\" content=\"index, follow, max-snippet:-1, max-image-preview:large, max-video-preview:-1\" \/>\n<link rel=\"canonical\" href=\"https:\/\/akropolis.lt\/siauliai\/en\/free-amenities\/\" \/>\n<meta property=\"og:locale\" content=\"en_US\" \/>\n<meta property=\"og:type\" content=\"article\" \/>\n<meta property=\"og:title\" content=\"Free amenities - Akropolis \u0160iauliai\" \/>\n<meta property=\"og:url\" content=\"https:\/\/akropolis.lt\/siauliai\/en\/free-amenities\/\" \/>\n<meta property=\"og:site_name\" content=\"Akropolis \u0160iauliai\" \/>\n<meta property=\"article:modified_time\" content=\"2026-01-12T13:43:59+00:00\" \/>\n<meta property=\"og:image\" content=\"https:\/\/akropolis.lt\/siauliai\/wp-content\/uploads\/sites\/5\/2025\/12\/OG-image.png\" \/>\n\t<meta property=\"og:image:width\" content=\"1200\" \/>\n\t<meta property=\"og:image:height\" content=\"630\" \/>\n\t<meta property=\"og:image:type\" content=\"image\/png\" \/>\n<meta name=\"twitter:card\" content=\"summary_large_image\" \/>\n<script type=\"application\/ld+json\" class=\"yoast-schema-graph\">{\"@context\":\"https:\/\/schema.org\",\"@graph\":[{\"@type\":\"WebPage\",\"@id\":\"https:\/\/akropolis.lt\/siauliai\/en\/free-amenities\/\",\"url\":\"https:\/\/akropolis.lt\/siauliai\/en\/free-amenities\/\",\"name\":\"Free amenities - Akropolis \u0160iauliai\",\"isPartOf\":{\"@id\":\"https:\/\/akropolis.lt\/siauliai\/en\/#website\"},\"datePublished\":\"2025-04-07T10:14:15+00:00\",\"dateModified\":\"2026-01-12T13:43:59+00:00\",\"breadcrumb\":{\"@id\":\"https:\/\/akropolis.lt\/siauliai\/en\/free-amenities\/#breadcrumb\"},\"inLanguage\":\"en-US\",\"potentialAction\":[{\"@type\":\"ReadAction\",\"target\":[\"https:\/\/akropolis.lt\/siauliai\/en\/free-amenities\/\"]}]},{\"@type\":\"BreadcrumbList\",\"@id\":\"https:\/\/akropolis.lt\/siauliai\/en\/free-amenities\/#breadcrumb\",\"itemListElement\":[{\"@type\":\"ListItem\",\"position\":1,\"name\":\"Home\",\"item\":\"https:\/\/akropolis.lt\/siauliai\/en\/\"},{\"@type\":\"ListItem\",\"position\":2,\"name\":\"Free amenities\"}]},{\"@type\":\"WebSite\",\"@id\":\"https:\/\/akropolis.lt\/siauliai\/en\/#website\",\"url\":\"https:\/\/akropolis.lt\/siauliai\/en\/\",\"name\":\"Akropolis \u0160iauliai\",\"description\":\"\",\"potentialAction\":[{\"@type\":\"SearchAction\",\"target\":{\"@type\":\"EntryPoint\",\"urlTemplate\":\"https:\/\/akropolis.lt\/siauliai\/en\/?s={search_term_string}\"},\"query-input\":{\"@type\":\"PropertyValueSpecification\",\"valueRequired\":true,\"valueName\":\"search_term_string\"}}],\"inLanguage\":\"en-US\"}]}<\/script>\n<!-- \/ Yoast SEO plugin. -->","yoast_head_json":{"title":"Free amenities - Akropolis \u0160iauliai","robots":{"index":"index","follow":"follow","max-snippet":"max-snippet:-1","max-image-preview":"max-image-preview:large","max-video-preview":"max-video-preview:-1"},"canonical":"https:\/\/akropolis.lt\/siauliai\/en\/free-amenities\/","og_locale":"en_US","og_type":"article","og_title":"Free amenities - Akropolis \u0160iauliai","og_url":"https:\/\/akropolis.lt\/siauliai\/en\/free-amenities\/","og_site_name":"Akropolis \u0160iauliai","article_modified_time":"2026-01-12T13:43:59+00:00","og_image":[{"width":1200,"height":630,"url":"https:\/\/akropolis.lt\/siauliai\/wp-content\/uploads\/sites\/5\/2025\/12\/OG-image.png","type":"image\/png"}],"twitter_card":"summary_large_image","schema":{"@context":"https:\/\/schema.org","@graph":[{"@type":"WebPage","@id":"https:\/\/akropolis.lt\/siauliai\/en\/free-amenities\/","url":"https:\/\/akropolis.lt\/siauliai\/en\/free-amenities\/","name":"Free amenities - Akropolis \u0160iauliai","isPartOf":{"@id":"https:\/\/akropolis.lt\/siauliai\/en\/#website"},"datePublished":"2025-04-07T10:14:15+00:00","dateModified":"2026-01-12T13:43:59+00:00","breadcrumb":{"@id":"https:\/\/akropolis.lt\/siauliai\/en\/free-amenities\/#breadcrumb"},"inLanguage":"en-US","potentialAction":[{"@type":"ReadAction","target":["https:\/\/akropolis.lt\/siauliai\/en\/free-amenities\/"]}]},{"@type":"BreadcrumbList","@id":"https:\/\/akropolis.lt\/siauliai\/en\/free-amenities\/#breadcrumb","itemListElement":[{"@type":"ListItem","position":1,"name":"Home","item":"https:\/\/akropolis.lt\/siauliai\/en\/"},{"@type":"ListItem","position":2,"name":"Free amenities"}]},{"@type":"WebSite","@id":"https:\/\/akropolis.lt\/siauliai\/en\/#website","url":"https:\/\/akropolis.lt\/siauliai\/en\/","name":"Akropolis \u0160iauliai","description":"","potentialAction":[{"@type":"SearchAction","target":{"@type":"EntryPoint","urlTemplate":"https:\/\/akropolis.lt\/siauliai\/en\/?s={search_term_string}"},"query-input":{"@type":"PropertyValueSpecification","valueRequired":true,"valueName":"search_term_string"}}],"inLanguage":"en-US"}]}},"_links":{"self":[{"href":"https:\/\/akropolis.lt\/siauliai\/en\/wp-json\/wp\/v2\/pages\/2518","targetHints":{"allow":["GET"]}}],"collection":[{"href":"https:\/\/akropolis.lt\/siauliai\/en\/wp-json\/wp\/v2\/pages"}],"about":[{"href":"https:\/\/akropolis.lt\/siauliai\/en\/wp-json\/wp\/v2\/types\/page"}],"author":[{"embeddable":true,"href":"https:\/\/akropolis.lt\/siauliai\/en\/wp-json\/wp\/v2\/users\/1"}],"replies":[{"embeddable":true,"href":"https:\/\/akropolis.lt\/siauliai\/en\/wp-json\/wp\/v2\/comments?post=2518"}],"version-history":[{"count":9,"href":"https:\/\/akropolis.lt\/siauliai\/en\/wp-json\/wp\/v2\/pages\/2518\/revisions"}],"predecessor-version":[{"id":5649,"href":"https:\/\/akropolis.lt\/siauliai\/en\/wp-json\/wp\/v2\/pages\/2518\/revisions\/5649"}],"wp:attachment":[{"href":"https:\/\/akropolis.lt\/siauliai\/en\/wp-json\/wp\/v2\/media?parent=2518"}],"curies":[{"name":"wp","href":"https:\/\/api.w.org\/{rel}","templated":true}]}}