{"id":2521,"date":"2025-04-28T15:44:05","date_gmt":"2025-04-28T15:44:05","guid":{"rendered":"https:\/\/akropolis.lt\/vilnius\/dovanu-korteles-bendrosios-taisykles\/"},"modified":"2026-03-24T08:53:07","modified_gmt":"2026-03-24T08:53:07","slug":"gift-card-rules","status":"publish","type":"page","link":"https:\/\/akropolis.lt\/siauliai\/en\/gift-card-rules\/","title":{"rendered":"Gift Card rules"},"content":{"rendered":"\n    <section id=\"text-sidebar-block-68397cf6d8a49\" class=\"text-sidebar\">\n        <div class=\"container\">\n            <div class=\"wrap \">\n                                    <div class=\"navigation-side\">\n                        <p><\/p>\n                                                    <ul>\n                                                                    <li><a class=\"js-policy-nav\" data-target=\"item-0\"\n                                           href=\"#item-0\">General rules for the akropolis gift card<\/a><\/li>\n                                                                    <li><a class=\"js-policy-nav\" data-target=\"item-1\"\n                                           href=\"#item-1\">Gift card points of sale, denominations and expiry date<\/a><\/li>\n                                                                    <li><a class=\"js-policy-nav\" data-target=\"item-2\"\n                                           href=\"#item-2\">Payment by a gift card<\/a><\/li>\n                                                                    <li><a class=\"js-policy-nav\" data-target=\"item-3\"\n                                           href=\"#item-3\">More information<\/a><\/li>\n                                                            <\/ul>\n                                            <\/div>\n                                <div class=\"content-title-side\">\n                                            <h1 class=\"h4\">Gift Card rules<\/h1>\n                                                                                    <div class=\"content-side \">\n                                                        <div class=\"step-holder \">\n                                                                                            <div class=\"item js-policy-block\" data-target=\"item-0\"\n                                         id=\"item-0\">\n                                                                                        <div class=\"content-wrap\">\n                                                    <p><strong>GENERAL RULES FOR THE AKROPOLIS GIFT CARD<\/strong><\/p>\n<ol>\n<li>\u00a0AKROPOLIS Gift Card (the Card) shall be valid in shops, service and entertainment venues located in all shopping and entertainment centres AKROPOLIS (Vilnius, Kaunas, Klaip\u0117da and \u0160iauliai) which display information that it is possible to pay with a Gift Card here.<\/li>\n<li>The Card is not refundable or exchangeable for money. When returning goods that have been fully or partially paid for by the Card, the trading place has the right to return the corresponding amount with a new Gift Card, a card of its own trading unit (network) or another method chosen by the trading place.<\/li>\n<li>No VAT invoice shall be issued when purchasing Gift Cards. At the request of the Buyer, an invoice in the form established by the company \u201cGera dovana\u201d may be issued at the point of sale of Gift Cards, which shall formalise the transfer of Gift Cards. Such invoice may be submitted to the Buyer only electronically by sending it to the email address indicated by the Buyer.<\/li>\n<li>The Gift Card is protected by its unique barcode and other security measures.<\/li>\n<li>Upon the expiry of the Card, the Card\u2019s validity may be extended for an additional period of 6 (six) months but not longer than 12 (twelve) months from the date of sale of the Card, at the points of sale of Gift Cards for a one-time fee of EUR 1.45. Only unused Card balance shall be renewed. 12 (twelve) months after the purchase of the Card, it shall no longer be possible to use the unused Card balance, the Card shall be cancelled and may not be used any longer.<\/li>\n<\/ol>\n<p>Detailed Rules for the AKROPOLIS Gift Card can be found\u00a0<a href=\"https:\/\/www.akropolis.lt\/view-file\/12706_Prekybos%20centr%C5%B3%20%E2%80%9EAkropolis%E2%80%9D%20dovan%C5%B3%20korteli%C5%B3%20platinimo%20s%C4%85lygos%20ir%20taisykl%C4%97s_11.25_ENG.pdf\" target=\"_blank\" rel=\"noopener\">here.<\/a><\/p>\n                                                <\/div>\n                                                                                                                                                                    <\/div>\n                                                            <\/div>\n                                                        <div class=\"step-holder \">\n                                                                                            <div class=\"item js-policy-block\" data-target=\"item-1\"\n                                         id=\"item-1\">\n                                                                                        <div class=\"content-wrap\">\n                                                    <p><strong>GIFT CARD POINTS OF SALE, DENOMINATIONS AND EXPIRY DATE<\/strong><\/p>\n<p><strong>1. You can buy the AKROPOLIS Gift Card at:<\/strong><\/p>\n<p><strong>AKROPOLIS Vilnius, Ozo g. 25:<\/strong><\/p>\n<ul>\n<li>AKROPOLIS Information Centre (at the 3rd entrance of &#8220;D\u017eiaugsmas&#8221;);<\/li>\n<li>Point of sale of &#8220;Gera dovana&#8221;.<\/li>\n<\/ul>\n<p><strong>AKROPOLIS Kaunas, Karaliaus Mindaugo pr. 49:<\/strong><\/p>\n<ul>\n<li>AKROPOLIS Information Centre (1st floor);<\/li>\n<li>Point of sale of &#8220;Gera dovana&#8221;.<\/li>\n<\/ul>\n<p><strong>AKROPOLIS Klaip\u0117da, Taikos pr. 61:<\/strong><\/p>\n<ul>\n<li>AKROPOLIS Information Centre;<\/li>\n<li>Points of sale of &#8220;Gera dovana&#8221;.<\/li>\n<\/ul>\n<p><strong>AKROPOLIS \u0160iauliai, Aido g. 8:<\/strong><\/p>\n<ul>\n<li>AKROPOLIS Information Centre;<\/li>\n<li>Point of sale of &#8220;Gera dovana&#8221;.<\/li>\n<\/ul>\n<p>You can also buy an AKROPOLIS Gift Card\u00a0<strong>online<\/strong>\u00a0at\u00a0<a href=\"https:\/\/www.geradovana.lt\/dovanu-kortele--akropolis-akropolis\" target=\"_blank\" rel=\"noopener\">www.geradovana.lt<\/a><\/p>\n<p>2. Gift Cards can be paid for in cash or by a bank card at all AKROPOLIS Information Centres and points of sale of \u201cGera dovana\u201d.<\/p>\n<p><strong>3. AKROPOLIS Gift Card shall be available in optional denomination values<\/strong>, the Buyer can choose the denomination in the amount from a minimum EUR 10 to a maximum EUR 500, to the nearest of EUR 0.01.<\/p>\n<p>4.\u00a0<strong>The Gift Card shall be valid for 6 (six) months from the date of purchase.<\/strong>\u00a0The start and end dates of the Card\u2019s validity can be checked on the website\u00a0<a href=\"https:\/\/www.akropolis.lt\/en\/vilnius\/validity-and-balance-checking\" target=\"_blank\" rel=\"noopener\">www.akropolis.lt<\/a>\u00a0or in all AKROPOLIS Information Centres.<\/p>\n<p>5. Upon the expiry of the validity period, the\u00a0<strong>Gift Card can be renewed<\/strong>\u00a0for an additional period of 6 (six) months at the points of sales of the Gift Cards for a one-time fee of EUR 1.45. The Gift Card renewal shall be possible only within a period of one year from the date of purchase of the Gift Card.<\/p>\n<p>6. The AKROPOLIS Gift Card shall not be refundable or exchangeable for cash.<\/p>\n                                                <\/div>\n                                                                                                                                                                    <\/div>\n                                                            <\/div>\n                                                        <div class=\"step-holder \">\n                                                                                            <div class=\"item js-policy-block\" data-target=\"item-2\"\n                                         id=\"item-2\">\n                                                                                        <div class=\"content-wrap\">\n                                                    <p><strong>PAYMENT BY A GIFT CARD<\/strong><\/p>\n<ol>\n<li>The AKROPOLIS Gift Card can be used for payment at most shops and service outlets at all <strong>AKROPOLIS Centres in Vilnius, Kaunas, Klaip\u0117da and \u0160iauliai<\/strong>.<\/li>\n<li>We are sorry but the AKROPOLIS Card cannot be used for payment at the following shops and service outlets:<\/li>\n<\/ol>\n<p><strong>At\u00a0VILNIUS\u00a0AKROPOLIS, the Gift Card\u00a0shall not be accepted for payment\u00a0at the following outlets:<\/strong><\/p>\n<ul>\n<li><strong>shops:<\/strong>\u00a0\u201cH&amp;M\u201d, \u201cBottlery\u201d, \u201cAurea Verum\u201d,\u201cEurovaistin\u0117\u201d (for reimbursable medicines and infant formulas), \u201cMaxima XXXX\u201d (for tobacco, alcohol, utility services and lottery tickets), IQOS, \u201cEcodumas\u201d, \u201cRoyal Smoke\u201d, \u201cPloom\u201d, \u201cSkonis ir kvapas. Tabakas\u201d (for tobacco products ), \u201cEvelatus\u201d, \u201cMnogoknig\u201d, \u201cTopTel\u201d;\u00a0\u201ePremier\u2018\u2018;\u00a0\u201eAlkava\u2018\u2018;\u00a0\u201eFlexi skins\u2018\u2018.<\/li>\n<li><strong>service outlets:<\/strong>\u00a0\u201cLietuvos pa\u0161tas\u201d, clothing repair shop \u201cLinos artel\u0117\u201d, \u201cLietuvos draudimas\u201d, \u201cRaktai ir spynos\u201d, \u201cGjensidige\u201d, clock repair shop \u201cAukso invest\u201d, clothing cleaning shop \u201cPaulini\u201d, \u201cAvalyn\u0117s taisykla\u201d, beauty salon \u201cBur\u017eua\u201d;<\/li>\n<li><strong>cafes and restaurants:<\/strong>\u00a0\u201cMcDonald\u2019s\u201d and \u201cMcCafe\u201d;<\/li>\n<li>as well as at all banks, currency exchange, credit institutions; ticket purchase points.<\/li>\n<li>for payments at Christmas market trading points.<\/li>\n<\/ul>\n                                                <\/div>\n                                                                                                                                                                                <div class=\"content-wrap notice-text\">\n                                                    <p><strong>NOTE<\/strong>:<\/p>\n<ul>\n<li>to use AKROPOLIS Gift card in shop \u201cH&amp;M\u201d, please exchange AKROPOLIS Gift into \u201cH&amp;M\u201d Gift card for free in sales point \u201cGera Dovana\u201d. More information\u00a0<a href=\"http:\/\/www.geradovana.lt\/\" target=\"_blank\" rel=\"noopener\">www.geradovana.lt<\/a>;<\/li>\n<li>In the &#8220;Pepco&#8221; store, AKROPOLIS gift cards are accepted ONLY with an additional condition: the amount is deducted from the card in increments of 1 euro, i.e., rounded to the cent.<\/li>\n<li>To pay with gift cards at self-service or Scan&amp;Go checkouts in the &#8220;MAXIMA XXXX&#8221; store, you first need to exchange it for a MAXIMA gift card.<\/li>\n<\/ul>\n                                                <\/div>\n                                                                                                                                                                                <div class=\"content-wrap\">\n                                                    <p><strong>At\u00a0KAUNAS\u00a0AKROPOLIS, the Gift Card\u00a0shall not be accepted for payment\u00a0at the following outlets<\/strong>:<\/p>\n<ul>\n<li><strong>shops:<\/strong>\u00a0\u201cBottlery\u201d, \u201cVynoteka\u201d, \u201cEurovaistin\u0117\u201d (for reimbursable medicines and infant formulas), \u201cMaxima XXX\u201d (for tobacco, alcohol, utility services and lottery tickets),\u201cIQOS\u201d, \u201cRoyal Smoke\u201d, \u201eSauliaus ir Vido atelj\u0117\u201c, \u201cVidur\u017eemio delikatesai\u201d, \u201cSkonis ir kvapas. Tabakas\u201d (for tobacco products) , \u201eM\u0117sos stotel\u0117\u201c.<\/li>\n<li><strong>service outlets:<\/strong>\u00a0\u201cCentrin\u0117 rakt\u0173 dirbtuv\u0117\u201d, \u201cLietuvos draudimas\u201d, \u201cA. Sabonio \u0161varos centras \u201c, \u201cPaulini\u201d, \u201cLinos artel\u0117\u201d, beauty salon \u201cBur\u017eua\u201d, &#8220;Svarstykl\u0117s&#8221;, &#8220;Orchid\u0117&#8221; flower shop, \u201eLietuvos pa\u0161tas\u201c.<\/li>\n<li><strong>cafes and restaurants:<\/strong>\u00a0\u201cHesburger\u201d.<\/li>\n<li>as well as at all banks, credit institutions, betting outlets, casinos and gambling salons.<\/li>\n<\/ul>\n<div id=\"lt-accessibility-devtools\" aria-hidden=\"true\"><\/div>\n                                                <\/div>\n                                                                                                                                                                                <div class=\"content-wrap notice-text\">\n                                                    <p><strong>NOTE<\/strong>:<\/p>\n<ul>\n<li>To pay with gift cards at self-service or Scan&amp;Go checkouts in the &#8220;MAXIMA XXXX&#8221; store, you first need to exchange it for a MAXIMA gift card.<\/li>\n<\/ul>\n<div id=\"lt-accessibility-devtools\" aria-hidden=\"true\"><\/div>\n                                                <\/div>\n                                                                                                                                                                                <div class=\"content-wrap\">\n                                                    <p><strong>At\u00a0KLAIP\u0116DA\u00a0AKROPOLIS, the Gift Card\u00a0shall not be accepted for payment\u00a0at the following outlets<\/strong>:<\/p>\n<ul>\n<li><strong>shops:<\/strong>\u00a0\u201cRoyal Smoke\u201d, \u201cEvelatus\u201d,\u00a0\u201cH&amp;M\u201d, \u201cSkonis ir kvapas. Tabakas\u201d (for tobacco products), \u201cEurovaistin\u0117\u201d (for reimbursable medicines and infant formulas), \u201cMaxima XXX\u201d (for tobacco, alcohol, utility services and lottery tickets), \u201cIQOS\u201d, \u201cEcodumas\u201d, \u201cVynoteka\u201d, \u201cToptel\u201c, \u201cMnogoknig\u201d;<\/li>\n<li><strong>service outlets:<\/strong>\u00a0\u201cBTA draudimas\u201d, \u201cLietuvos draudimas\u201d, \u201cBalticum\u201d, \u201cLietuvos pa\u0161tas\u201d, \u201cRakt\u0173 imperija\u201d, clock repair shop, tailor shop, ticket sales points;<\/li>\n<li><strong>cafes and restaurants<\/strong>: \u201cHesburger\u201d;<\/li>\n<li>as well as at all banks, currency exchange, credit institutions.<\/li>\n<\/ul>\n                                                <\/div>\n                                                                                                                                                                                <div class=\"content-wrap notice-text\">\n                                                    <p><strong>NOTE<\/strong>:<\/p>\n<ul>\n<li>to use AKROPOLIS Gift card in shop \u201cH&amp;M\u201d, please exchange AKROPOLIS Gift into \u201cH&amp;M\u201d Gift card for free in sales point \u201cGera Dovana\u201d. More information\u00a0<a href=\"http:\/\/www.geradovana.lt\/\" target=\"_blank\" rel=\"noopener\">www.geradovana.lt<\/a>;<\/li>\n<li>In the &#8220;Pepco&#8221; store, AKROPOLIS gift cards are accepted ONLY with an additional condition: the amount is deducted from the card in increments of 1 euro, i.e., rounded to the cent.<\/li>\n<li>To pay with gift cards at self-service or Scan&amp;Go checkouts in the &#8220;MAXIMA XXXX&#8221; store, you first need to exchange it for a MAXIMA gift card.<\/li>\n<\/ul>\n                                                <\/div>\n                                                                                                                                                                                <div class=\"content-wrap\">\n                                                    <p><strong>At\u00a0\u0160IAULIAI\u00a0AKROPOLIS, the Gift Card\u00a0shall not be accepted for payment\u00a0at the following outlets<\/strong>:<\/p>\n<ul>\n<li><strong>shops:<\/strong>\u00a0\u201cH&amp;M\u201d,\u00a0 \u201cSkonis ir kvapas. Tabakas\u201d (for tobacco products),, \u201cRoyal Smoke\u201d, \u201cVynoteka\u201d, \u201cEcodumas\u201d, \u201cIQOS\u201d, \u201cMaximaXXX\u201d (for tobacco, alcohol, utility services and lottery tickets), \u201cEurovaistin\u0117\u201d (for reimbursable medicines and infant formulas), \u201cEvelatus; \u201eAromatic 89\u201c.<\/li>\n<li><strong>service outlets:<\/strong>\u00a0clothing cleaning shop \u201cPaulini\u201d, \u201cLinos artel\u0117\u201d, \u201cLietuvos draudimas\u201d, \u201cLietuvos pa\u0161tas\u201d, \u201cSplius\u201d, \u201cMTTC\u201d, \u201cSimrakt\u201d, \u201cPerlas\u201d, ticket sale points, beauty salon \u201cBur\u017eua\u201d;\u00a0\u201e\u0160var\u016bn\u0117\u201c.<\/li>\n<li>as well as at all banks, credit institutions, betting outlets and casinos;<\/li>\n<li>for payments at Christmas market trading points.<\/li>\n<\/ul>\n                                                <\/div>\n                                                                                                                                                                                <div class=\"content-wrap notice-text\">\n                                                    <p><strong>NOTE<\/strong>:<\/p>\n<ul>\n<li>to use AKROPOLIS Gift card in shop \u201cH&amp;M\u201d, please exchange AKROPOLIS Gift into \u201cH&amp;M\u201d Gift card for free in sales point \u201cGera Dovana\u201d. More information\u00a0<a href=\"http:\/\/www.geradovana.lt\/\" target=\"_blank\" rel=\"noopener\">www.geradovana.lt<\/a>;<\/li>\n<li>In the &#8220;Pepco&#8221; store, AKROPOLIS gift cards are accepted ONLY with an additional condition: the amount is deducted from the card in increments of 1 euro, i.e., rounded to the cent.<\/li>\n<li>To pay with gift cards at self-service or Scan&amp;Go checkouts in the &#8220;MAXIMA XXXX&#8221; store, you first need to exchange it for a MAXIMA gift card.<\/li>\n<\/ul>\n                                                <\/div>\n                                                                                                                                                                    <\/div>\n                                                            <\/div>\n                                                        <div class=\"step-holder \">\n                                                                                            <div class=\"item js-policy-block\" data-target=\"item-3\"\n                                         id=\"item-3\">\n                                                                                        <div class=\"content-wrap\">\n                                                    <p><strong>More information can be found<\/strong>:<\/p>\n<ul>\n<li>By contacting Vilnius AKROPOLIS Information center by phone: +370 6592 3632 (working hours from 10 a.m. to 09 p.m.);<\/li>\n<li>By contacting Kaunas AKROPOLIS Information center by phone: +370 6593 8262 (working hours from 10 a.m. to 9 p.m.);<\/li>\n<li>By contacting Klaip\u0117da AKROPOLIS Information center by phone: +370 659 94510 (working hours from 9 a.m. to 9 p.m.);<\/li>\n<li>By contacting \u0160iauliai AKROPOLIS Information center by phone: +370 6594 6062 (working hours from 9 a.m. to 9 p.m.);<\/li>\n<li>By contacting the company &#8220;Gera dovana&#8221; by phone: +370 5 205 2099 (working hours from 8 a.m. to 5 p.m., Monday to Friday);<\/li>\n<li>Upon arrival at the Shopping and Entertainment Centre AKROPOLIS.<\/li>\n<\/ul>\n<p>Detailed Rules for the AKROPOLIS Gift Card can be found\u00a0<a href=\"https:\/\/www.akropolis.lt\/view-file\/12706_Prekybos%20centr%C5%B3%20%E2%80%9EAkropolis%E2%80%9D%20dovan%C5%B3%20korteli%C5%B3%20platinimo%20s%C4%85lygos%20ir%20taisykl%C4%97s_11.25_ENG.pdf\" target=\"_blank\" rel=\"noopener\">here.<\/a><\/p>\n                                                <\/div>\n                                                                                                                                                                    <\/div>\n                                                            <\/div>\n                                                    <\/div>\n                                    <\/div>\n            <\/div>\n        <\/div>\n    <\/section>\n\n<script>window.dispatchEvent( new Event('acf\/loaded\/text-sidebar'));<\/script>","protected":false},"excerpt":{"rendered":"","protected":false},"author":13,"featured_media":0,"parent":0,"menu_order":0,"comment_status":"closed","ping_status":"closed","template":"","meta":{"_acf_changed":false,"footnotes":""},"class_list":["post-2521","page","type-page","status-publish","hentry"],"acf":[],"yoast_head":"<!-- This site is optimized with the Yoast SEO plugin v27.2 - https:\/\/yoast.com\/product\/yoast-seo-wordpress\/ -->\n<title>Gift Card rules - Akropolis \u0160iauliai<\/title>\n<meta name=\"robots\" content=\"index, follow, max-snippet:-1, max-image-preview:large, max-video-preview:-1\" \/>\n<link rel=\"canonical\" href=\"https:\/\/akropolis.lt\/siauliai\/en\/gift-card-rules\/\" \/>\n<meta property=\"og:locale\" content=\"en_US\" \/>\n<meta property=\"og:type\" content=\"article\" \/>\n<meta property=\"og:title\" content=\"Gift Card rules - Akropolis \u0160iauliai\" \/>\n<meta property=\"og:url\" content=\"https:\/\/akropolis.lt\/siauliai\/en\/gift-card-rules\/\" \/>\n<meta property=\"og:site_name\" content=\"Akropolis \u0160iauliai\" \/>\n<meta property=\"article:modified_time\" content=\"2026-03-24T08:53:07+00:00\" \/>\n<meta property=\"og:image\" content=\"https:\/\/akropolis.lt\/siauliai\/wp-content\/uploads\/sites\/5\/2025\/12\/OG-image.png\" \/>\n\t<meta property=\"og:image:width\" content=\"1200\" \/>\n\t<meta property=\"og:image:height\" content=\"630\" \/>\n\t<meta property=\"og:image:type\" content=\"image\/png\" \/>\n<meta name=\"twitter:card\" content=\"summary_large_image\" \/>\n<script type=\"application\/ld+json\" class=\"yoast-schema-graph\">{\"@context\":\"https:\/\/schema.org\",\"@graph\":[{\"@type\":\"WebPage\",\"@id\":\"https:\/\/akropolis.lt\/siauliai\/en\/gift-card-rules\/\",\"url\":\"https:\/\/akropolis.lt\/siauliai\/en\/gift-card-rules\/\",\"name\":\"Gift Card rules - Akropolis \u0160iauliai\",\"isPartOf\":{\"@id\":\"https:\/\/akropolis.lt\/siauliai\/en\/#website\"},\"datePublished\":\"2025-04-28T15:44:05+00:00\",\"dateModified\":\"2026-03-24T08:53:07+00:00\",\"breadcrumb\":{\"@id\":\"https:\/\/akropolis.lt\/siauliai\/en\/gift-card-rules\/#breadcrumb\"},\"inLanguage\":\"en-US\",\"potentialAction\":[{\"@type\":\"ReadAction\",\"target\":[\"https:\/\/akropolis.lt\/siauliai\/en\/gift-card-rules\/\"]}]},{\"@type\":\"BreadcrumbList\",\"@id\":\"https:\/\/akropolis.lt\/siauliai\/en\/gift-card-rules\/#breadcrumb\",\"itemListElement\":[{\"@type\":\"ListItem\",\"position\":1,\"name\":\"Home\",\"item\":\"https:\/\/akropolis.lt\/siauliai\/en\/\"},{\"@type\":\"ListItem\",\"position\":2,\"name\":\"Gift Card rules\"}]},{\"@type\":\"WebSite\",\"@id\":\"https:\/\/akropolis.lt\/siauliai\/en\/#website\",\"url\":\"https:\/\/akropolis.lt\/siauliai\/en\/\",\"name\":\"Akropolis \u0160iauliai\",\"description\":\"\",\"potentialAction\":[{\"@type\":\"SearchAction\",\"target\":{\"@type\":\"EntryPoint\",\"urlTemplate\":\"https:\/\/akropolis.lt\/siauliai\/en\/?s={search_term_string}\"},\"query-input\":{\"@type\":\"PropertyValueSpecification\",\"valueRequired\":true,\"valueName\":\"search_term_string\"}}],\"inLanguage\":\"en-US\"}]}<\/script>\n<!-- \/ Yoast SEO plugin. -->","yoast_head_json":{"title":"Gift Card rules - Akropolis \u0160iauliai","robots":{"index":"index","follow":"follow","max-snippet":"max-snippet:-1","max-image-preview":"max-image-preview:large","max-video-preview":"max-video-preview:-1"},"canonical":"https:\/\/akropolis.lt\/siauliai\/en\/gift-card-rules\/","og_locale":"en_US","og_type":"article","og_title":"Gift Card rules - Akropolis \u0160iauliai","og_url":"https:\/\/akropolis.lt\/siauliai\/en\/gift-card-rules\/","og_site_name":"Akropolis \u0160iauliai","article_modified_time":"2026-03-24T08:53:07+00:00","og_image":[{"width":1200,"height":630,"url":"https:\/\/akropolis.lt\/siauliai\/wp-content\/uploads\/sites\/5\/2025\/12\/OG-image.png","type":"image\/png"}],"twitter_card":"summary_large_image","schema":{"@context":"https:\/\/schema.org","@graph":[{"@type":"WebPage","@id":"https:\/\/akropolis.lt\/siauliai\/en\/gift-card-rules\/","url":"https:\/\/akropolis.lt\/siauliai\/en\/gift-card-rules\/","name":"Gift Card rules - Akropolis \u0160iauliai","isPartOf":{"@id":"https:\/\/akropolis.lt\/siauliai\/en\/#website"},"datePublished":"2025-04-28T15:44:05+00:00","dateModified":"2026-03-24T08:53:07+00:00","breadcrumb":{"@id":"https:\/\/akropolis.lt\/siauliai\/en\/gift-card-rules\/#breadcrumb"},"inLanguage":"en-US","potentialAction":[{"@type":"ReadAction","target":["https:\/\/akropolis.lt\/siauliai\/en\/gift-card-rules\/"]}]},{"@type":"BreadcrumbList","@id":"https:\/\/akropolis.lt\/siauliai\/en\/gift-card-rules\/#breadcrumb","itemListElement":[{"@type":"ListItem","position":1,"name":"Home","item":"https:\/\/akropolis.lt\/siauliai\/en\/"},{"@type":"ListItem","position":2,"name":"Gift Card rules"}]},{"@type":"WebSite","@id":"https:\/\/akropolis.lt\/siauliai\/en\/#website","url":"https:\/\/akropolis.lt\/siauliai\/en\/","name":"Akropolis \u0160iauliai","description":"","potentialAction":[{"@type":"SearchAction","target":{"@type":"EntryPoint","urlTemplate":"https:\/\/akropolis.lt\/siauliai\/en\/?s={search_term_string}"},"query-input":{"@type":"PropertyValueSpecification","valueRequired":true,"valueName":"search_term_string"}}],"inLanguage":"en-US"}]}},"_links":{"self":[{"href":"https:\/\/akropolis.lt\/siauliai\/en\/wp-json\/wp\/v2\/pages\/2521","targetHints":{"allow":["GET"]}}],"collection":[{"href":"https:\/\/akropolis.lt\/siauliai\/en\/wp-json\/wp\/v2\/pages"}],"about":[{"href":"https:\/\/akropolis.lt\/siauliai\/en\/wp-json\/wp\/v2\/types\/page"}],"author":[{"embeddable":true,"href":"https:\/\/akropolis.lt\/siauliai\/en\/wp-json\/wp\/v2\/users\/13"}],"replies":[{"embeddable":true,"href":"https:\/\/akropolis.lt\/siauliai\/en\/wp-json\/wp\/v2\/comments?post=2521"}],"version-history":[{"count":3,"href":"https:\/\/akropolis.lt\/siauliai\/en\/wp-json\/wp\/v2\/pages\/2521\/revisions"}],"predecessor-version":[{"id":7333,"href":"https:\/\/akropolis.lt\/siauliai\/en\/wp-json\/wp\/v2\/pages\/2521\/revisions\/7333"}],"wp:attachment":[{"href":"https:\/\/akropolis.lt\/siauliai\/en\/wp-json\/wp\/v2\/media?parent=2521"}],"curies":[{"name":"wp","href":"https:\/\/api.w.org\/{rel}","templated":true}]}}