{"id":2554,"date":"2025-04-07T10:14:15","date_gmt":"2025-04-07T10:14:15","guid":{"rendered":"https:\/\/akropolis.lt\/vilnius\/nemokami-patogumai\/"},"modified":"2026-01-12T13:44:29","modified_gmt":"2026-01-12T13:44:29","slug":"besplatnye-udobstva","status":"publish","type":"page","link":"https:\/\/akropolis.lt\/siauliai\/ru\/besplatnye-udobstva\/","title":{"rendered":"\u0411\u0435\u0441\u043f\u043b\u0430\u0442\u043d\u044b\u0435 \u0443\u0434\u043e\u0431\u0441\u0442\u0432\u0430"},"content":{"rendered":"\n    <section id=\"post-cards-list-block-68c90cf13d8df\" class=\"post-cards-list\">\n        <div class=\"container\">\n\n                                                <h1 class=\"h4 title\">\u0411\u0435\u0441\u043f\u043b\u0430\u0442\u043d\u044b\u0435 \u0443\u0434\u043e\u0431\u0441\u0442\u0432\u0430<\/h1>\n                \n                                    <div class=\"grid-section\">\n                        <div class=\"text wysiwyg md-col-span-12 col-span-8\">\n                            <p>\u041d\u0438\u0436\u0435 \u043f\u0440\u0435\u0434\u0441\u0442\u0430\u0432\u043b\u0435\u043d \u0444\u0438\u043b\u044c\u0442\u0440 \u0443\u0434\u043e\u0431\u0441\u0442\u0432 \u0432 \u0428\u044f\u0443\u043b\u044f\u0439 AKROPOLIS. \u0427\u0442\u043e\u0431\u044b \u0441\u0434\u0435\u043b\u0430\u0442\u044c \u0432\u0430\u0448\u0435 \u043f\u0440\u0435\u0431\u044b\u0432\u0430\u043d\u0438\u0435 \u0431\u043e\u043b\u0435\u0435 \u043b\u0435\u0433\u043a\u0438\u043c \u0438 \u043a\u043e\u043c\u0444\u043e\u0440\u0442\u043d\u044b\u043c.<\/p>\n                        <\/div>\n                    <\/div>\n                            \n                                                <div class=\"cards-list\">\n                        \n<a href=\"https:\/\/akropolis.lt\/siauliai\/ru\/magazin\/akropolio-informacija\/\" class=\"service-card card-item sm-col-span-12 md-col-span-6 col-span-4\">\n    <div class=\"content-wrapper\">\n        \n                                            <img\n                        class=\"service-icon force-no-contrast\"\n                        src=\"https:\/\/akropolis.lt\/siauliai\/wp-content\/uploads\/sites\/5\/2025\/06\/17031611852445.jpg\"\n                        srcset=\"https:\/\/akropolis.lt\/siauliai\/wp-content\/uploads\/sites\/5\/2025\/06\/17031611852445-300x300.jpg 300w, https:\/\/akropolis.lt\/siauliai\/wp-content\/uploads\/sites\/5\/2025\/06\/17031611852445-150x150.jpg 150w, https:\/\/akropolis.lt\/siauliai\/wp-content\/uploads\/sites\/5\/2025\/06\/17031611852445.jpg 431w\"\n                        alt=\"\"\/>\n\n            \n        \n                    <h2 class=\"h7 service-title\">\n                \u0418\u041d\u0424\u041e\u0420\u041c\u0410\u0426\u0418\u041e\u041d\u041d\u042b\u0415 \u041f\u0423\u041d\u041a\u0422\u042b \u0410\u041a\u0420\u041e\u041f\u041e\u041b\u042f            <\/h2>\n        \n        \n        <div class=\"link service-cta\">\n            <span>\u0423\u0437\u043d\u0430\u0442\u044c \u0431\u043e\u043b\u044c\u0448\u0435<\/span>\n        <\/div>\n    <\/div>\n<\/a>\n\n<a href=\"https:\/\/akropolis.lt\/siauliai\/ru\/%d0%b0%d0%b2%d1%82%d0%be%d0%bc%d0%b0%d1%82%d0%b8%d1%87%d0%b5%d1%81%d0%ba%d0%b8%d0%b5-%d0%b4%d0%b5%d1%84%d0%b8%d0%b1%d1%80%d0%b8%d0%bb%d0%bb%d1%8f%d1%82%d0%be%d1%80%d1%8b-%d1%81%d0%b5%d1%80%d0%b4%d1%86\/\" class=\"service-card card-item sm-col-span-12 md-col-span-6 col-span-4\">\n    <div class=\"content-wrapper\">\n        \n                                            <img\n                        class=\"service-icon force-no-contrast\"\n                        src=\"https:\/\/akropolis.lt\/siauliai\/wp-content\/uploads\/sites\/5\/2025\/06\/660e4c8e7084d.jpg\"\n                        srcset=\"https:\/\/akropolis.lt\/siauliai\/wp-content\/uploads\/sites\/5\/2025\/06\/660e4c8e7084d-300x300.jpg 300w, https:\/\/akropolis.lt\/siauliai\/wp-content\/uploads\/sites\/5\/2025\/06\/660e4c8e7084d-1024x1024.jpg 1024w, https:\/\/akropolis.lt\/siauliai\/wp-content\/uploads\/sites\/5\/2025\/06\/660e4c8e7084d-150x150.jpg 150w, https:\/\/akropolis.lt\/siauliai\/wp-content\/uploads\/sites\/5\/2025\/06\/660e4c8e7084d-768x768.jpg 768w, https:\/\/akropolis.lt\/siauliai\/wp-content\/uploads\/sites\/5\/2025\/06\/660e4c8e7084d-1080x1080.jpg 1080w, https:\/\/akropolis.lt\/siauliai\/wp-content\/uploads\/sites\/5\/2025\/06\/660e4c8e7084d.jpg 1202w\"\n                        alt=\"\"\/>\n\n            \n        \n                    <h2 class=\"h7 service-title\">\n                \u0410\u0412\u0422\u041e\u041c\u0410\u0422\u0418\u0427\u0415\u0421\u041a\u0418\u0415 \u0414\u0415\u0424\u0418\u0411\u0420\u0418\u041b\u041b\u042f\u0422\u041e\u0420\u042b \u0421\u0415\u0420\u0414\u0426\u0410            <\/h2>\n        \n                    <div class=\"service-description wysiwyg\">\n                <p>\u0412 \u0441\u043b\u0443\u0447\u0430\u0435 \u0441\u0435\u0440\u0434\u0435\u0447\u043d\u043e\u0439 \u043d\u0435\u0434\u043e\u0441\u0442\u0430\u0442\u043e\u0447\u043d\u043e\u0441\u0442\u0438 \u043e\u0441\u043e\u0431\u0435\u043d\u043d\u043e \u0432\u0430\u0436\u043d\u043e \u043a\u0430\u043a \u043c\u043e\u0436\u043d\u043e \u0431\u044b\u0441\u0442\u0440\u0435\u0435 \u043d\u0430\u0439\u0442\u0438 \u0431\u043b\u0438\u0436\u0430\u0439\u0448\u0438\u0439 \u0430\u0432\u0442\u043e\u043c\u0430\u0442\u0438\u0447\u0435\u0441\u043a\u0438\u0439 \u0432\u043d\u0435\u0448\u043d\u0438\u0439 \u0434\u0435\u0444\u0438\u0431\u0440\u0438\u043b\u043b\u044f\u0442\u043e\u0440.<\/p>\n<p>\u042d\u0442\u043e\u0442 \u0437\u043d\u0430\u043a \u0443\u043a\u0430\u0437\u044b\u0432\u0430\u0435\u0442 \u043c\u0435\u0441\u0442\u043e\u043d\u0430\u0445\u043e\u0436\u0434\u0435\u043d\u0438\u0435 \u0430\u0432\u0442\u043e\u043c\u0430\u0442\u0438\u0447\u0435\u0441\u043a\u0438\u0445 \u0432\u043d\u0435\u0448\u043d\u0438\u0445 \u0434\u0435\u0444\u0438\u0431\u0440\u0438\u043b\u043b\u044f\u0442\u043e\u0440\u043e\u0432 (\u0410\u0412\u0414).<\/p>\n            <\/div>\n        \n        <div class=\"link service-cta\">\n            <span>\u0423\u0437\u043d\u0430\u0442\u044c \u0431\u043e\u043b\u044c\u0448\u0435<\/span>\n        <\/div>\n    <\/div>\n<\/a>\n\n<a href=\"https:\/\/akropolis.lt\/siauliai\/ru\/%d0%b4%d0%b5%d1%82%d1%81%d0%ba%d0%b8%d0%b5-%d0%ba%d0%be%d0%bc%d0%bd%d0%b0%d1%82%d1%8b\/\" class=\"service-card card-item sm-col-span-12 md-col-span-6 col-span-4\">\n    <div class=\"content-wrapper\">\n        \n                                            <img\n                        class=\"service-icon force-no-contrast\"\n                        src=\"https:\/\/akropolis.lt\/siauliai\/wp-content\/uploads\/sites\/5\/2025\/06\/17383228094321.jpg\"\n                        srcset=\"https:\/\/akropolis.lt\/siauliai\/wp-content\/uploads\/sites\/5\/2025\/06\/17383228094321-300x300.jpg 300w, https:\/\/akropolis.lt\/siauliai\/wp-content\/uploads\/sites\/5\/2025\/06\/17383228094321-150x150.jpg 150w, https:\/\/akropolis.lt\/siauliai\/wp-content\/uploads\/sites\/5\/2025\/06\/17383228094321.jpg 431w\"\n                        alt=\"\"\/>\n\n            \n        \n                    <h2 class=\"h7 service-title\">\n                \u0414\u0415\u0422\u0421\u041a\u0418\u0415 \u041a\u041e\u041c\u041d\u0410\u0422\u042b            <\/h2>\n        \n                    <div class=\"service-description wysiwyg\">\n                <p>\u0414\u0435\u0442\u0441\u043a\u0438\u0435 \u043a\u043e\u043c\u043d\u0430\u0442\u044b\u00a0\u0434\u043b\u044f \u0443\u0445\u043e\u0434\u0430 \u0437\u0430 \u0434\u0435\u0442\u044c\u043c\u0438 \u043e\u0431\u043e\u0440\u0443\u0434\u043e\u0432\u0430\u043d\u0430 \u0432\u0441\u0435\u043c \u043d\u0435\u043e\u0431\u0445\u043e\u0434\u0438\u043c\u044b\u043c \u0434\u043b\u044f \u0440\u043e\u0434\u0438\u0442\u0435\u043b\u0435\u0439 \u0441 \u043c\u043b\u0430\u0434\u0435\u043d\u0446\u0430\u043c\u0438 \u2013 \u043f\u0435\u043b\u0435\u043d\u0430\u043b\u044c\u043d\u044b\u043c \u0441\u0442\u043e\u043b\u0438\u043a\u043e\u043c, \u043a\u0440\u0435\u0441\u043b\u043e\u043c, \u043c\u0438\u043a\u0440\u043e\u0432\u043e\u043b\u043d\u043e\u0432\u043e\u0439 \u043f\u0435\u0447\u044c\u044e.<\/p>\n            <\/div>\n        \n        <div class=\"link service-cta\">\n            <span>\u0423\u0437\u043d\u0430\u0442\u044c \u0431\u043e\u043b\u044c\u0448\u0435<\/span>\n        <\/div>\n    <\/div>\n<\/a>\n\n<a href=\"https:\/\/akropolis.lt\/siauliai\/ru\/%d0%b2%d0%be%d0%b4%d0%be%d0%b7%d0%b0%d0%bf%d1%80%d0%b0%d0%b2%d0%be%d1%87%d0%bd%d1%8b%d0%b5-%d1%81%d1%82%d0%b0%d0%bd%d1%86%d0%b8%d0%b8\/\" class=\"service-card card-item sm-col-span-12 md-col-span-6 col-span-4\">\n    <div class=\"content-wrapper\">\n        \n                                            <img\n                        class=\"service-icon force-no-contrast\"\n                        src=\"https:\/\/akropolis.lt\/siauliai\/wp-content\/uploads\/sites\/5\/2025\/06\/67a37ae10df0c.jpg\"\n                        srcset=\"https:\/\/akropolis.lt\/siauliai\/wp-content\/uploads\/sites\/5\/2025\/06\/67a37ae10df0c-300x300.jpg 300w, https:\/\/akropolis.lt\/siauliai\/wp-content\/uploads\/sites\/5\/2025\/06\/67a37ae10df0c-150x150.jpg 150w, https:\/\/akropolis.lt\/siauliai\/wp-content\/uploads\/sites\/5\/2025\/06\/67a37ae10df0c.jpg 431w\"\n                        alt=\"\"\/>\n\n            \n        \n                    <h2 class=\"h7 service-title\">\n                \u0412\u043e\u0434\u043e\u0437\u0430\u043f\u0440\u0430\u0432\u043e\u0447\u043d\u044b\u0435 \u0441\u0442\u0430\u043d\u0446\u0438\u0438            <\/h2>\n        \n                    <div class=\"service-description wysiwyg\">\n                <p>\u0411\u0435\u0441\u043f\u043b\u0430\u0442\u043d\u044b\u0435 \u0441\u0442\u0430\u043d\u0446\u0438\u0438 \u0434\u043b\u044f \u043d\u0430\u043f\u043e\u043b\u043d\u0435\u043d\u0438\u044f \u0431\u0443\u0442\u044b\u043b\u043e\u043a \u0432\u043e\u0434\u043e\u0439.<\/p>\n            <\/div>\n        \n        <div class=\"link service-cta\">\n            <span>\u0423\u0437\u043d\u0430\u0442\u044c \u0431\u043e\u043b\u044c\u0448\u0435<\/span>\n        <\/div>\n    <\/div>\n<\/a>\n\n<a href=\"https:\/\/akropolis.lt\/siauliai\/ru\/%d0%be%d1%81%d1%82%d0%b0%d0%bd%d0%be%d0%b2%d0%ba%d0%b8-%d0%b4%d0%bb%d1%8f-%d0%b8%d0%bd%d0%b2%d0%b0%d0%bb%d0%b8%d0%b4%d0%bd%d1%8b%d1%85-%d0%ba%d0%be%d0%bb%d1%8f%d1%81%d0%be%d0%ba\/\" class=\"service-card card-item sm-col-span-12 md-col-span-6 col-span-4\">\n    <div class=\"content-wrapper\">\n        \n                                            <img\n                        class=\"service-icon force-no-contrast\"\n                        src=\"https:\/\/akropolis.lt\/siauliai\/wp-content\/uploads\/sites\/5\/2025\/06\/6597f54189576.jpg\"\n                        srcset=\"https:\/\/akropolis.lt\/siauliai\/wp-content\/uploads\/sites\/5\/2025\/06\/6597f54189576-300x300.jpg 300w, https:\/\/akropolis.lt\/siauliai\/wp-content\/uploads\/sites\/5\/2025\/06\/6597f54189576-150x150.jpg 150w, https:\/\/akropolis.lt\/siauliai\/wp-content\/uploads\/sites\/5\/2025\/06\/6597f54189576.jpg 431w\"\n                        alt=\"\"\/>\n\n            \n        \n                    <h2 class=\"h7 service-title\">\n                \u041e\u0421\u0422\u0410\u041d\u041e\u0412\u041a\u0418 \u0414\u041b\u042f \u0418\u041d\u0412\u0410\u041b\u0418\u0414\u041d\u042b\u0425 \u041a\u041e\u041b\u042f\u0421\u041e\u041a            <\/h2>\n        \n                    <div class=\"service-description wysiwyg\">\n                <p>At AKROPOLIS, you will find wheelchairs for people with disabilities, seniors, those who have suffered trauma, or those who have difficulty moving around.<\/p>\n<p>We hope that from now on, your visit to Akropolis will be more comfortable.<\/p>\n            <\/div>\n        \n        <div class=\"link service-cta\">\n            <span>\u0423\u0437\u043d\u0430\u0442\u044c \u0431\u043e\u043b\u044c\u0448\u0435<\/span>\n        <\/div>\n    <\/div>\n<\/a>\n\n<a href=\"https:\/\/akropolis.lt\/siauliai\/ru\/magazin\/%d0%bc%d0%b5%d1%81%d1%82%d0%b0-%d0%b4%d0%bb%d1%8f-%d0%ba%d1%83%d1%80%d0%b5%d0%bd%d0%b8%d1%8f\/\" class=\"service-card card-item sm-col-span-12 md-col-span-6 col-span-4\">\n    <div class=\"content-wrapper\">\n        \n                                            <img\n                        class=\"service-icon force-no-contrast\"\n                        src=\"https:\/\/akropolis.lt\/siauliai\/wp-content\/uploads\/sites\/5\/2025\/06\/6622170b6dacd.jpg\"\n                        srcset=\"https:\/\/akropolis.lt\/siauliai\/wp-content\/uploads\/sites\/5\/2025\/06\/6622170b6dacd-300x300.jpg 300w, https:\/\/akropolis.lt\/siauliai\/wp-content\/uploads\/sites\/5\/2025\/06\/6622170b6dacd-150x150.jpg 150w, https:\/\/akropolis.lt\/siauliai\/wp-content\/uploads\/sites\/5\/2025\/06\/6622170b6dacd.jpg 430w\"\n                        alt=\"\"\/>\n\n            \n        \n                    <h2 class=\"h7 service-title\">\n                \u041c\u0415\u0421\u0422\u0410 \u0414\u041b\u042f \u041a\u0423\u0420\u0415\u041d\u0418\u042f            <\/h2>\n        \n                    <div class=\"service-description wysiwyg\">\n                <p>\u0417\u043e\u043d\u044b \u0434\u043b\u044f \u043a\u0443\u0440\u0435\u043d\u0438\u044f&nbsp;<\/p>\n            <\/div>\n        \n        <div class=\"link service-cta\">\n            <span>\u0423\u0437\u043d\u0430\u0442\u044c \u0431\u043e\u043b\u044c\u0448\u0435<\/span>\n        <\/div>\n    <\/div>\n<\/a>\n\n<a href=\"https:\/\/akropolis.lt\/siauliai\/ru\/magazin\/savitarnos-drabuzine-ir-daiktu-saugojimo-spinta\/\" class=\"service-card card-item sm-col-span-12 md-col-span-6 col-span-4\">\n    <div class=\"content-wrapper\">\n        \n                                            <img\n                        class=\"service-icon force-no-contrast\"\n                        src=\"https:\/\/akropolis.lt\/siauliai\/wp-content\/uploads\/sites\/5\/2025\/06\/17031621314823.jpg\"\n                        srcset=\"https:\/\/akropolis.lt\/siauliai\/wp-content\/uploads\/sites\/5\/2025\/06\/17031621314823-300x300.jpg 300w, https:\/\/akropolis.lt\/siauliai\/wp-content\/uploads\/sites\/5\/2025\/06\/17031621314823-150x150.jpg 150w, https:\/\/akropolis.lt\/siauliai\/wp-content\/uploads\/sites\/5\/2025\/06\/17031621314823.jpg 431w\"\n                        alt=\"\"\/>\n\n            \n        \n                    <h2 class=\"h7 service-title\">\n                SAVITARNOS DRABU\u017dIN\u0116 IR DAIKT\u0172 SAUGOJIMO SPINTA            <\/h2>\n        \n                    <div class=\"service-description wysiwyg\">\n                <p>\u0414\u043b\u044f \u0432\u0430\u0448\u0435\u0433\u043e \u0443\u0434\u043e\u0431\u0441\u0442\u0432\u0430 \u043f\u0440\u0435\u0434\u0443\u0441\u043c\u043e\u0442\u0440\u0435\u043d\u044b \u0441\u0430\u043c\u043e\u043e\u0431\u0441\u043b\u0443\u0436\u0438\u0432\u0430\u0435\u043c\u044b\u0435 \u043a\u0430\u043c\u0435\u0440\u044b \u0445\u0440\u0430\u043d\u0435\u043d\u0438\u044f \u0432\u0435\u0449\u0435\u0439, \u043a\u0443\u0434\u0430 \u043c\u043e\u0436\u043d\u043e \u043f\u043e\u043b\u043e\u0436\u0438\u0442\u044c \u0432\u0435\u0449\u0438 \u0438\u043b\u0438 \u0432\u0435\u0440\u0445\u043d\u044e\u044e \u043e\u0434\u0435\u0436\u0434\u0443. \u0423\u0441\u043b\u0443\u0433\u0430 \u0431\u0435\u0441\u043f\u043b\u0430\u0442\u043d\u0430.<\/p>\n            <\/div>\n        \n        <div class=\"link service-cta\">\n            <span>\u0423\u0437\u043d\u0430\u0442\u044c \u0431\u043e\u043b\u044c\u0448\u0435<\/span>\n        <\/div>\n    <\/div>\n<\/a>\n\n<a href=\"https:\/\/akropolis.lt\/siauliai\/ru\/magazin\/taros-surinkimas\/\" class=\"service-card card-item sm-col-span-12 md-col-span-6 col-span-4\">\n    <div class=\"content-wrapper\">\n        \n                                            <img\n                        class=\"service-icon force-no-contrast\"\n                        src=\"https:\/\/akropolis.lt\/siauliai\/wp-content\/uploads\/sites\/5\/2025\/06\/17031624022565.jpg\"\n                        srcset=\"https:\/\/akropolis.lt\/siauliai\/wp-content\/uploads\/sites\/5\/2025\/06\/17031624022565-300x300.jpg 300w, https:\/\/akropolis.lt\/siauliai\/wp-content\/uploads\/sites\/5\/2025\/06\/17031624022565-150x150.jpg 150w, https:\/\/akropolis.lt\/siauliai\/wp-content\/uploads\/sites\/5\/2025\/06\/17031624022565.jpg 431w\"\n                        alt=\"\"\/>\n\n            \n        \n                    <h2 class=\"h7 service-title\">\n                TAROS SURINKIMAS            <\/h2>\n        \n        \n        <div class=\"link service-cta\">\n            <span>\u0423\u0437\u043d\u0430\u0442\u044c \u0431\u043e\u043b\u044c\u0448\u0435<\/span>\n        <\/div>\n    <\/div>\n<\/a>\n\n<a href=\"https:\/\/akropolis.lt\/siauliai\/ru\/magazin\/tekstiles-surinkimo-konteineris\/\" class=\"service-card card-item sm-col-span-12 md-col-span-6 col-span-4\">\n    <div class=\"content-wrapper\">\n        \n                                            <img\n                        class=\"service-icon force-no-contrast\"\n                        src=\"https:\/\/akropolis.lt\/siauliai\/wp-content\/uploads\/sites\/5\/2025\/06\/17031625617385.jpg\"\n                        srcset=\"https:\/\/akropolis.lt\/siauliai\/wp-content\/uploads\/sites\/5\/2025\/06\/17031625617385-300x300.jpg 300w, https:\/\/akropolis.lt\/siauliai\/wp-content\/uploads\/sites\/5\/2025\/06\/17031625617385-150x150.jpg 150w, https:\/\/akropolis.lt\/siauliai\/wp-content\/uploads\/sites\/5\/2025\/06\/17031625617385.jpg 431w\"\n                        alt=\"\"\/>\n\n            \n        \n                    <h2 class=\"h7 service-title\">\n                TEKSTIL\u0116S SURINKIMO KONTEINERIS            <\/h2>\n        \n        \n        <div class=\"link service-cta\">\n            <span>\u0423\u0437\u043d\u0430\u0442\u044c \u0431\u043e\u043b\u044c\u0448\u0435<\/span>\n        <\/div>\n    <\/div>\n<\/a>\n\n<a href=\"https:\/\/akropolis.lt\/siauliai\/ru\/besplatnye-udobstva\/massazhnye-kresla\/\" class=\"service-card card-item sm-col-span-12 md-col-span-6 col-span-4\">\n    <div class=\"content-wrapper\">\n        \n                                            <img\n                        class=\"service-icon force-no-contrast\"\n                        src=\"https:\/\/akropolis.lt\/siauliai\/wp-content\/uploads\/sites\/5\/2026\/01\/masazine-kede-ikona-1.png\"\n                        srcset=\"https:\/\/akropolis.lt\/siauliai\/wp-content\/uploads\/sites\/5\/2026\/01\/masazine-kede-ikona-1-300x300.png 300w, https:\/\/akropolis.lt\/siauliai\/wp-content\/uploads\/sites\/5\/2026\/01\/masazine-kede-ikona-1-150x150.png 150w, https:\/\/akropolis.lt\/siauliai\/wp-content\/uploads\/sites\/5\/2026\/01\/masazine-kede-ikona-1.png 430w\"\n                        alt=\"\"\/>\n\n            \n        \n                    <h2 class=\"h7 service-title\">\n                \u041c\u0410\u0421\u0421\u0410\u0416\u041d\u042b\u0415 \u0421\u0422\u0423\u041b\u042c\u042f            <\/h2>\n        \n        \n        <div class=\"link service-cta\">\n            <span>\u0423\u0437\u043d\u0430\u0442\u044c \u0431\u043e\u043b\u044c\u0448\u0435<\/span>\n        <\/div>\n    <\/div>\n<\/a>\n                    <\/div>\n                \n            \n        <\/div>\n    <\/section>\n\n<script>window.dispatchEvent( new Event('acf\/loaded\/post-cards-list'));<\/script>","protected":false},"excerpt":{"rendered":"","protected":false},"author":1,"featured_media":0,"parent":0,"menu_order":0,"comment_status":"closed","ping_status":"closed","template":"","meta":{"_acf_changed":false,"footnotes":""},"class_list":["post-2554","page","type-page","status-publish","hentry"],"acf":[],"yoast_head":"<!-- This site is optimized with the Yoast SEO plugin v27.2 - https:\/\/yoast.com\/product\/yoast-seo-wordpress\/ -->\n<title>\u0411\u0435\u0441\u043f\u043b\u0430\u0442\u043d\u044b\u0435 \u0443\u0434\u043e\u0431\u0441\u0442\u0432\u0430 - Akropolis \u0160iauliai<\/title>\n<meta name=\"robots\" content=\"index, follow, max-snippet:-1, max-image-preview:large, max-video-preview:-1\" \/>\n<link rel=\"canonical\" href=\"https:\/\/akropolis.lt\/siauliai\/ru\/besplatnye-udobstva\/\" \/>\n<meta property=\"og:locale\" content=\"ru_RU\" \/>\n<meta property=\"og:type\" content=\"article\" \/>\n<meta property=\"og:title\" content=\"\u0411\u0435\u0441\u043f\u043b\u0430\u0442\u043d\u044b\u0435 \u0443\u0434\u043e\u0431\u0441\u0442\u0432\u0430 - Akropolis \u0160iauliai\" \/>\n<meta property=\"og:url\" content=\"https:\/\/akropolis.lt\/siauliai\/ru\/besplatnye-udobstva\/\" \/>\n<meta property=\"og:site_name\" content=\"Akropolis \u0160iauliai\" \/>\n<meta property=\"article:modified_time\" content=\"2026-01-12T13:44:29+00:00\" \/>\n<meta property=\"og:image\" content=\"https:\/\/akropolis.lt\/siauliai\/wp-content\/uploads\/sites\/5\/2025\/12\/OG-image.png\" \/>\n\t<meta property=\"og:image:width\" content=\"1200\" \/>\n\t<meta property=\"og:image:height\" content=\"630\" \/>\n\t<meta property=\"og:image:type\" content=\"image\/png\" \/>\n<meta name=\"twitter:card\" content=\"summary_large_image\" \/>\n<script type=\"application\/ld+json\" class=\"yoast-schema-graph\">{\"@context\":\"https:\/\/schema.org\",\"@graph\":[{\"@type\":\"WebPage\",\"@id\":\"https:\/\/akropolis.lt\/siauliai\/ru\/besplatnye-udobstva\/\",\"url\":\"https:\/\/akropolis.lt\/siauliai\/ru\/besplatnye-udobstva\/\",\"name\":\"\u0411\u0435\u0441\u043f\u043b\u0430\u0442\u043d\u044b\u0435 \u0443\u0434\u043e\u0431\u0441\u0442\u0432\u0430 - Akropolis \u0160iauliai\",\"isPartOf\":{\"@id\":\"https:\/\/akropolis.lt\/siauliai\/ru\/#website\"},\"datePublished\":\"2025-04-07T10:14:15+00:00\",\"dateModified\":\"2026-01-12T13:44:29+00:00\",\"breadcrumb\":{\"@id\":\"https:\/\/akropolis.lt\/siauliai\/ru\/besplatnye-udobstva\/#breadcrumb\"},\"inLanguage\":\"ru-RU\",\"potentialAction\":[{\"@type\":\"ReadAction\",\"target\":[\"https:\/\/akropolis.lt\/siauliai\/ru\/besplatnye-udobstva\/\"]}]},{\"@type\":\"BreadcrumbList\",\"@id\":\"https:\/\/akropolis.lt\/siauliai\/ru\/besplatnye-udobstva\/#breadcrumb\",\"itemListElement\":[{\"@type\":\"ListItem\",\"position\":1,\"name\":\"Home\",\"item\":\"https:\/\/akropolis.lt\/siauliai\/ru\/\"},{\"@type\":\"ListItem\",\"position\":2,\"name\":\"\u0411\u0435\u0441\u043f\u043b\u0430\u0442\u043d\u044b\u0435 \u0443\u0434\u043e\u0431\u0441\u0442\u0432\u0430\"}]},{\"@type\":\"WebSite\",\"@id\":\"https:\/\/akropolis.lt\/siauliai\/ru\/#website\",\"url\":\"https:\/\/akropolis.lt\/siauliai\/ru\/\",\"name\":\"Akropolis \u0160iauliai\",\"description\":\"\",\"potentialAction\":[{\"@type\":\"SearchAction\",\"target\":{\"@type\":\"EntryPoint\",\"urlTemplate\":\"https:\/\/akropolis.lt\/siauliai\/ru\/?s={search_term_string}\"},\"query-input\":{\"@type\":\"PropertyValueSpecification\",\"valueRequired\":true,\"valueName\":\"search_term_string\"}}],\"inLanguage\":\"ru-RU\"}]}<\/script>\n<!-- \/ Yoast SEO plugin. -->","yoast_head_json":{"title":"\u0411\u0435\u0441\u043f\u043b\u0430\u0442\u043d\u044b\u0435 \u0443\u0434\u043e\u0431\u0441\u0442\u0432\u0430 - Akropolis \u0160iauliai","robots":{"index":"index","follow":"follow","max-snippet":"max-snippet:-1","max-image-preview":"max-image-preview:large","max-video-preview":"max-video-preview:-1"},"canonical":"https:\/\/akropolis.lt\/siauliai\/ru\/besplatnye-udobstva\/","og_locale":"ru_RU","og_type":"article","og_title":"\u0411\u0435\u0441\u043f\u043b\u0430\u0442\u043d\u044b\u0435 \u0443\u0434\u043e\u0431\u0441\u0442\u0432\u0430 - Akropolis \u0160iauliai","og_url":"https:\/\/akropolis.lt\/siauliai\/ru\/besplatnye-udobstva\/","og_site_name":"Akropolis \u0160iauliai","article_modified_time":"2026-01-12T13:44:29+00:00","og_image":[{"width":1200,"height":630,"url":"https:\/\/akropolis.lt\/siauliai\/wp-content\/uploads\/sites\/5\/2025\/12\/OG-image.png","type":"image\/png"}],"twitter_card":"summary_large_image","schema":{"@context":"https:\/\/schema.org","@graph":[{"@type":"WebPage","@id":"https:\/\/akropolis.lt\/siauliai\/ru\/besplatnye-udobstva\/","url":"https:\/\/akropolis.lt\/siauliai\/ru\/besplatnye-udobstva\/","name":"\u0411\u0435\u0441\u043f\u043b\u0430\u0442\u043d\u044b\u0435 \u0443\u0434\u043e\u0431\u0441\u0442\u0432\u0430 - Akropolis \u0160iauliai","isPartOf":{"@id":"https:\/\/akropolis.lt\/siauliai\/ru\/#website"},"datePublished":"2025-04-07T10:14:15+00:00","dateModified":"2026-01-12T13:44:29+00:00","breadcrumb":{"@id":"https:\/\/akropolis.lt\/siauliai\/ru\/besplatnye-udobstva\/#breadcrumb"},"inLanguage":"ru-RU","potentialAction":[{"@type":"ReadAction","target":["https:\/\/akropolis.lt\/siauliai\/ru\/besplatnye-udobstva\/"]}]},{"@type":"BreadcrumbList","@id":"https:\/\/akropolis.lt\/siauliai\/ru\/besplatnye-udobstva\/#breadcrumb","itemListElement":[{"@type":"ListItem","position":1,"name":"Home","item":"https:\/\/akropolis.lt\/siauliai\/ru\/"},{"@type":"ListItem","position":2,"name":"\u0411\u0435\u0441\u043f\u043b\u0430\u0442\u043d\u044b\u0435 \u0443\u0434\u043e\u0431\u0441\u0442\u0432\u0430"}]},{"@type":"WebSite","@id":"https:\/\/akropolis.lt\/siauliai\/ru\/#website","url":"https:\/\/akropolis.lt\/siauliai\/ru\/","name":"Akropolis \u0160iauliai","description":"","potentialAction":[{"@type":"SearchAction","target":{"@type":"EntryPoint","urlTemplate":"https:\/\/akropolis.lt\/siauliai\/ru\/?s={search_term_string}"},"query-input":{"@type":"PropertyValueSpecification","valueRequired":true,"valueName":"search_term_string"}}],"inLanguage":"ru-RU"}]}},"_links":{"self":[{"href":"https:\/\/akropolis.lt\/siauliai\/ru\/wp-json\/wp\/v2\/pages\/2554","targetHints":{"allow":["GET"]}}],"collection":[{"href":"https:\/\/akropolis.lt\/siauliai\/ru\/wp-json\/wp\/v2\/pages"}],"about":[{"href":"https:\/\/akropolis.lt\/siauliai\/ru\/wp-json\/wp\/v2\/types\/page"}],"author":[{"embeddable":true,"href":"https:\/\/akropolis.lt\/siauliai\/ru\/wp-json\/wp\/v2\/users\/1"}],"replies":[{"embeddable":true,"href":"https:\/\/akropolis.lt\/siauliai\/ru\/wp-json\/wp\/v2\/comments?post=2554"}],"version-history":[{"count":15,"href":"https:\/\/akropolis.lt\/siauliai\/ru\/wp-json\/wp\/v2\/pages\/2554\/revisions"}],"predecessor-version":[{"id":5650,"href":"https:\/\/akropolis.lt\/siauliai\/ru\/wp-json\/wp\/v2\/pages\/2554\/revisions\/5650"}],"wp:attachment":[{"href":"https:\/\/akropolis.lt\/siauliai\/ru\/wp-json\/wp\/v2\/media?parent=2554"}],"curies":[{"name":"wp","href":"https:\/\/api.w.org\/{rel}","templated":true}]}}