{"id":4230,"date":"2025-09-11T05:52:32","date_gmt":"2025-09-11T05:52:32","guid":{"rendered":"https:\/\/akropolis.lt\/siauliai\/?page_id=4230"},"modified":"2025-09-16T07:03:23","modified_gmt":"2025-09-16T07:03:23","slug":"%d0%b4%d0%b5%d1%82%d1%81%d0%ba%d0%b8%d0%b5-%d0%ba%d0%be%d0%bc%d0%bd%d0%b0%d1%82%d1%8b","status":"publish","type":"page","link":"https:\/\/akropolis.lt\/siauliai\/ru\/besplatnye-udobstva\/%d0%b4%d0%b5%d1%82%d1%81%d0%ba%d0%b8%d0%b5-%d0%ba%d0%be%d0%bc%d0%bd%d0%b0%d1%82%d1%8b\/","title":{"rendered":"\u0414\u0435\u0442\u0441\u043a\u0438\u0435 \u043a\u043e\u043c\u043d\u0430\u0442\u044b"},"content":{"rendered":"\n    <section id=\"post-cards-list-block-68c90bbaac4ba\" class=\"post-cards-list\">\n        <div class=\"container\">\n\n                                                <h1 class=\"h4 title\">\u0414\u0435\u0442\u0441\u043a\u0438\u0435 \u043a\u043e\u043c\u043d\u0430\u0442\u044b<\/h1>\n                \n                            \n            \n                                    <div class=\"cards-list\">\n                        \n<a href=\"https:\/\/akropolis.lt\/siauliai\/ru\/magazin\/vaiko-prieziuros-kambarys-prie-aido-iejimo\/\" class=\"service-card card-item sm-col-span-12 md-col-span-6 col-span-4\">\n    <div class=\"content-wrapper\">\n        \n                                            <img\n                        class=\"service-icon force-no-contrast\"\n                        src=\"https:\/\/akropolis.lt\/siauliai\/wp-content\/uploads\/sites\/5\/2025\/06\/17383228094321.jpg\"\n                        srcset=\"https:\/\/akropolis.lt\/siauliai\/wp-content\/uploads\/sites\/5\/2025\/06\/17383228094321-300x300.jpg 300w, https:\/\/akropolis.lt\/siauliai\/wp-content\/uploads\/sites\/5\/2025\/06\/17383228094321-150x150.jpg 150w, https:\/\/akropolis.lt\/siauliai\/wp-content\/uploads\/sites\/5\/2025\/06\/17383228094321.jpg 431w\"\n                        alt=\"\"\/>\n\n            \n        \n                    <h2 class=\"h7 service-title\">\n                Vaiko prie\u017ei\u016bros kambarys (prie AIDO \u012f\u0117jimo)            <\/h2>\n        \n                    <div class=\"service-description wysiwyg\">\n                <p>\u041a\u043e\u043c\u043d\u0430\u0442\u0430 \u0441\u0435\u043c\u044c\u0438<\/p>\n            <\/div>\n        \n        <div class=\"link service-cta\">\n            <span>\u0423\u0437\u043d\u0430\u0442\u044c \u0431\u043e\u043b\u044c\u0448\u0435<\/span>\n        <\/div>\n    <\/div>\n<\/a>\n\n<a href=\"https:\/\/akropolis.lt\/siauliai\/ru\/magazin\/vaiko-prieziuros-kambarys-tauro-al\/\" class=\"service-card card-item sm-col-span-12 md-col-span-6 col-span-4\">\n    <div class=\"content-wrapper\">\n        \n                                            <img\n                        class=\"service-icon force-no-contrast\"\n                        src=\"https:\/\/akropolis.lt\/siauliai\/wp-content\/uploads\/sites\/5\/2025\/06\/17383228155327.jpg\"\n                        srcset=\"https:\/\/akropolis.lt\/siauliai\/wp-content\/uploads\/sites\/5\/2025\/06\/17383228155327-300x300.jpg 300w, https:\/\/akropolis.lt\/siauliai\/wp-content\/uploads\/sites\/5\/2025\/06\/17383228155327-150x150.jpg 150w, https:\/\/akropolis.lt\/siauliai\/wp-content\/uploads\/sites\/5\/2025\/06\/17383228155327.jpg 431w\"\n                        alt=\"\"\/>\n\n            \n        \n                    <h2 class=\"h7 service-title\">\n                Vaiko prie\u017ei\u016bros kambarys (Tauro al.)            <\/h2>\n        \n                    <div class=\"service-description wysiwyg\">\n                <p>\u041a\u043e\u043c\u043d\u0430\u0442\u0430 \u0441\u0435\u043c\u044c\u0438<\/p>\n            <\/div>\n        \n        <div class=\"link service-cta\">\n            <span>\u0423\u0437\u043d\u0430\u0442\u044c \u0431\u043e\u043b\u044c\u0448\u0435<\/span>\n        <\/div>\n    <\/div>\n<\/a>\n                    <\/div>\n                \n            \n        <\/div>\n    <\/section>\n\n<script>window.dispatchEvent( new Event('acf\/loaded\/post-cards-list'));<\/script>","protected":false},"excerpt":{"rendered":"","protected":false},"author":1,"featured_media":0,"parent":2554,"menu_order":0,"comment_status":"closed","ping_status":"closed","template":"","meta":{"_acf_changed":false,"footnotes":""},"class_list":["post-4230","page","type-page","status-publish","hentry"],"acf":[],"yoast_head":"<!-- This site is optimized with the Yoast SEO plugin v27.2 - https:\/\/yoast.com\/product\/yoast-seo-wordpress\/ -->\n<title>\u0414\u0435\u0442\u0441\u043a\u0438\u0435 \u043a\u043e\u043c\u043d\u0430\u0442\u044b - Akropolis \u0160iauliai<\/title>\n<meta name=\"robots\" content=\"index, follow, max-snippet:-1, max-image-preview:large, max-video-preview:-1\" \/>\n<link rel=\"canonical\" href=\"https:\/\/akropolis.lt\/siauliai\/ru\/besplatnye-udobstva\/%d0%b4%d0%b5%d1%82%d1%81%d0%ba%d0%b8%d0%b5-%d0%ba%d0%be%d0%bc%d0%bd%d0%b0%d1%82%d1%8b\/\" \/>\n<meta property=\"og:locale\" content=\"ru_RU\" \/>\n<meta property=\"og:type\" content=\"article\" \/>\n<meta property=\"og:title\" content=\"\u0414\u0435\u0442\u0441\u043a\u0438\u0435 \u043a\u043e\u043c\u043d\u0430\u0442\u044b - Akropolis \u0160iauliai\" \/>\n<meta property=\"og:url\" content=\"https:\/\/akropolis.lt\/siauliai\/ru\/besplatnye-udobstva\/%d0%b4%d0%b5%d1%82%d1%81%d0%ba%d0%b8%d0%b5-%d0%ba%d0%be%d0%bc%d0%bd%d0%b0%d1%82%d1%8b\/\" \/>\n<meta property=\"og:site_name\" content=\"Akropolis \u0160iauliai\" \/>\n<meta property=\"article:modified_time\" content=\"2025-09-16T07:03:23+00:00\" \/>\n<meta property=\"og:image\" content=\"https:\/\/akropolis.lt\/siauliai\/wp-content\/uploads\/sites\/5\/2025\/12\/OG-image.png\" \/>\n\t<meta property=\"og:image:width\" content=\"1200\" \/>\n\t<meta property=\"og:image:height\" content=\"630\" \/>\n\t<meta property=\"og:image:type\" content=\"image\/png\" \/>\n<meta name=\"twitter:card\" content=\"summary_large_image\" \/>\n<script type=\"application\/ld+json\" class=\"yoast-schema-graph\">{\"@context\":\"https:\/\/schema.org\",\"@graph\":[{\"@type\":\"WebPage\",\"@id\":\"https:\/\/akropolis.lt\/siauliai\/ru\/besplatnye-udobstva\/%d0%b4%d0%b5%d1%82%d1%81%d0%ba%d0%b8%d0%b5-%d0%ba%d0%be%d0%bc%d0%bd%d0%b0%d1%82%d1%8b\/\",\"url\":\"https:\/\/akropolis.lt\/siauliai\/ru\/besplatnye-udobstva\/%d0%b4%d0%b5%d1%82%d1%81%d0%ba%d0%b8%d0%b5-%d0%ba%d0%be%d0%bc%d0%bd%d0%b0%d1%82%d1%8b\/\",\"name\":\"\u0414\u0435\u0442\u0441\u043a\u0438\u0435 \u043a\u043e\u043c\u043d\u0430\u0442\u044b - Akropolis \u0160iauliai\",\"isPartOf\":{\"@id\":\"https:\/\/akropolis.lt\/siauliai\/ru\/#website\"},\"datePublished\":\"2025-09-11T05:52:32+00:00\",\"dateModified\":\"2025-09-16T07:03:23+00:00\",\"breadcrumb\":{\"@id\":\"https:\/\/akropolis.lt\/siauliai\/ru\/besplatnye-udobstva\/%d0%b4%d0%b5%d1%82%d1%81%d0%ba%d0%b8%d0%b5-%d0%ba%d0%be%d0%bc%d0%bd%d0%b0%d1%82%d1%8b\/#breadcrumb\"},\"inLanguage\":\"ru-RU\",\"potentialAction\":[{\"@type\":\"ReadAction\",\"target\":[\"https:\/\/akropolis.lt\/siauliai\/ru\/besplatnye-udobstva\/%d0%b4%d0%b5%d1%82%d1%81%d0%ba%d0%b8%d0%b5-%d0%ba%d0%be%d0%bc%d0%bd%d0%b0%d1%82%d1%8b\/\"]}]},{\"@type\":\"BreadcrumbList\",\"@id\":\"https:\/\/akropolis.lt\/siauliai\/ru\/besplatnye-udobstva\/%d0%b4%d0%b5%d1%82%d1%81%d0%ba%d0%b8%d0%b5-%d0%ba%d0%be%d0%bc%d0%bd%d0%b0%d1%82%d1%8b\/#breadcrumb\",\"itemListElement\":[{\"@type\":\"ListItem\",\"position\":1,\"name\":\"Home\",\"item\":\"https:\/\/akropolis.lt\/siauliai\/ru\/\"},{\"@type\":\"ListItem\",\"position\":2,\"name\":\"\u0411\u0435\u0441\u043f\u043b\u0430\u0442\u043d\u044b\u0435 \u0443\u0434\u043e\u0431\u0441\u0442\u0432\u0430\",\"item\":\"https:\/\/akropolis.lt\/siauliai\/ru\/besplatnye-udobstva\/\"},{\"@type\":\"ListItem\",\"position\":3,\"name\":\"\u0414\u0435\u0442\u0441\u043a\u0438\u0435 \u043a\u043e\u043c\u043d\u0430\u0442\u044b\"}]},{\"@type\":\"WebSite\",\"@id\":\"https:\/\/akropolis.lt\/siauliai\/ru\/#website\",\"url\":\"https:\/\/akropolis.lt\/siauliai\/ru\/\",\"name\":\"Akropolis \u0160iauliai\",\"description\":\"\",\"potentialAction\":[{\"@type\":\"SearchAction\",\"target\":{\"@type\":\"EntryPoint\",\"urlTemplate\":\"https:\/\/akropolis.lt\/siauliai\/ru\/?s={search_term_string}\"},\"query-input\":{\"@type\":\"PropertyValueSpecification\",\"valueRequired\":true,\"valueName\":\"search_term_string\"}}],\"inLanguage\":\"ru-RU\"}]}<\/script>\n<!-- \/ Yoast SEO plugin. -->","yoast_head_json":{"title":"\u0414\u0435\u0442\u0441\u043a\u0438\u0435 \u043a\u043e\u043c\u043d\u0430\u0442\u044b - Akropolis \u0160iauliai","robots":{"index":"index","follow":"follow","max-snippet":"max-snippet:-1","max-image-preview":"max-image-preview:large","max-video-preview":"max-video-preview:-1"},"canonical":"https:\/\/akropolis.lt\/siauliai\/ru\/besplatnye-udobstva\/%d0%b4%d0%b5%d1%82%d1%81%d0%ba%d0%b8%d0%b5-%d0%ba%d0%be%d0%bc%d0%bd%d0%b0%d1%82%d1%8b\/","og_locale":"ru_RU","og_type":"article","og_title":"\u0414\u0435\u0442\u0441\u043a\u0438\u0435 \u043a\u043e\u043c\u043d\u0430\u0442\u044b - Akropolis \u0160iauliai","og_url":"https:\/\/akropolis.lt\/siauliai\/ru\/besplatnye-udobstva\/%d0%b4%d0%b5%d1%82%d1%81%d0%ba%d0%b8%d0%b5-%d0%ba%d0%be%d0%bc%d0%bd%d0%b0%d1%82%d1%8b\/","og_site_name":"Akropolis \u0160iauliai","article_modified_time":"2025-09-16T07:03:23+00:00","og_image":[{"width":1200,"height":630,"url":"https:\/\/akropolis.lt\/siauliai\/wp-content\/uploads\/sites\/5\/2025\/12\/OG-image.png","type":"image\/png"}],"twitter_card":"summary_large_image","schema":{"@context":"https:\/\/schema.org","@graph":[{"@type":"WebPage","@id":"https:\/\/akropolis.lt\/siauliai\/ru\/besplatnye-udobstva\/%d0%b4%d0%b5%d1%82%d1%81%d0%ba%d0%b8%d0%b5-%d0%ba%d0%be%d0%bc%d0%bd%d0%b0%d1%82%d1%8b\/","url":"https:\/\/akropolis.lt\/siauliai\/ru\/besplatnye-udobstva\/%d0%b4%d0%b5%d1%82%d1%81%d0%ba%d0%b8%d0%b5-%d0%ba%d0%be%d0%bc%d0%bd%d0%b0%d1%82%d1%8b\/","name":"\u0414\u0435\u0442\u0441\u043a\u0438\u0435 \u043a\u043e\u043c\u043d\u0430\u0442\u044b - Akropolis \u0160iauliai","isPartOf":{"@id":"https:\/\/akropolis.lt\/siauliai\/ru\/#website"},"datePublished":"2025-09-11T05:52:32+00:00","dateModified":"2025-09-16T07:03:23+00:00","breadcrumb":{"@id":"https:\/\/akropolis.lt\/siauliai\/ru\/besplatnye-udobstva\/%d0%b4%d0%b5%d1%82%d1%81%d0%ba%d0%b8%d0%b5-%d0%ba%d0%be%d0%bc%d0%bd%d0%b0%d1%82%d1%8b\/#breadcrumb"},"inLanguage":"ru-RU","potentialAction":[{"@type":"ReadAction","target":["https:\/\/akropolis.lt\/siauliai\/ru\/besplatnye-udobstva\/%d0%b4%d0%b5%d1%82%d1%81%d0%ba%d0%b8%d0%b5-%d0%ba%d0%be%d0%bc%d0%bd%d0%b0%d1%82%d1%8b\/"]}]},{"@type":"BreadcrumbList","@id":"https:\/\/akropolis.lt\/siauliai\/ru\/besplatnye-udobstva\/%d0%b4%d0%b5%d1%82%d1%81%d0%ba%d0%b8%d0%b5-%d0%ba%d0%be%d0%bc%d0%bd%d0%b0%d1%82%d1%8b\/#breadcrumb","itemListElement":[{"@type":"ListItem","position":1,"name":"Home","item":"https:\/\/akropolis.lt\/siauliai\/ru\/"},{"@type":"ListItem","position":2,"name":"\u0411\u0435\u0441\u043f\u043b\u0430\u0442\u043d\u044b\u0435 \u0443\u0434\u043e\u0431\u0441\u0442\u0432\u0430","item":"https:\/\/akropolis.lt\/siauliai\/ru\/besplatnye-udobstva\/"},{"@type":"ListItem","position":3,"name":"\u0414\u0435\u0442\u0441\u043a\u0438\u0435 \u043a\u043e\u043c\u043d\u0430\u0442\u044b"}]},{"@type":"WebSite","@id":"https:\/\/akropolis.lt\/siauliai\/ru\/#website","url":"https:\/\/akropolis.lt\/siauliai\/ru\/","name":"Akropolis \u0160iauliai","description":"","potentialAction":[{"@type":"SearchAction","target":{"@type":"EntryPoint","urlTemplate":"https:\/\/akropolis.lt\/siauliai\/ru\/?s={search_term_string}"},"query-input":{"@type":"PropertyValueSpecification","valueRequired":true,"valueName":"search_term_string"}}],"inLanguage":"ru-RU"}]}},"_links":{"self":[{"href":"https:\/\/akropolis.lt\/siauliai\/ru\/wp-json\/wp\/v2\/pages\/4230","targetHints":{"allow":["GET"]}}],"collection":[{"href":"https:\/\/akropolis.lt\/siauliai\/ru\/wp-json\/wp\/v2\/pages"}],"about":[{"href":"https:\/\/akropolis.lt\/siauliai\/ru\/wp-json\/wp\/v2\/types\/page"}],"author":[{"embeddable":true,"href":"https:\/\/akropolis.lt\/siauliai\/ru\/wp-json\/wp\/v2\/users\/1"}],"replies":[{"embeddable":true,"href":"https:\/\/akropolis.lt\/siauliai\/ru\/wp-json\/wp\/v2\/comments?post=4230"}],"version-history":[{"count":1,"href":"https:\/\/akropolis.lt\/siauliai\/ru\/wp-json\/wp\/v2\/pages\/4230\/revisions"}],"predecessor-version":[{"id":4232,"href":"https:\/\/akropolis.lt\/siauliai\/ru\/wp-json\/wp\/v2\/pages\/4230\/revisions\/4232"}],"up":[{"embeddable":true,"href":"https:\/\/akropolis.lt\/siauliai\/ru\/wp-json\/wp\/v2\/pages\/2554"}],"wp:attachment":[{"href":"https:\/\/akropolis.lt\/siauliai\/ru\/wp-json\/wp\/v2\/media?parent=4230"}],"curies":[{"name":"wp","href":"https:\/\/api.w.org\/{rel}","templated":true}]}}