{"id":2381,"date":"2025-04-28T13:20:06","date_gmt":"2025-04-28T10:20:06","guid":{"rendered":"https:\/\/akropolis.lt\/vilnius\/?page_id=4783"},"modified":"2025-12-18T16:34:24","modified_gmt":"2025-12-18T16:34:24","slug":"atsiliepimai","status":"publish","type":"page","link":"https:\/\/akropolis.lt\/siauliai\/atsiliepimai\/","title":{"rendered":"Atsiliepimai"},"content":{"rendered":"\n<section id=\"reviews-block-6819f9ece5422\" class=\"reviews\" data-lang=\"lt\" data-post-id=\"2381\">\n    <div class=\"container\">\n                    <div class=\"title-block\">\n                <h3 class=\"h4\">Atsiliepimai<\/h3>            <\/div>\n                <div class=\"reviews-holder\">\n            <div class=\"reviews-comments-block\">\n                <div class=\"reviews-comments-block-inner\">\n                    <h5>Komentar\u0173 dar n\u0117ra. Komentuokite pirmieji!<\/h5>                <\/div>\n            <\/div>\n            <div class=\"reviews-form-block\">\n                <form action=\"\" class=\"reviews-form\" novalidate>\n    <input type=\"hidden\" name=\"comment-ip\" id=\"comment-ip\" value=\"216.73.216.104\">\n    <input type=\"hidden\" name=\"comment-post-ID\" value=\"2381\">\n            <h6 class=\"reviews-form-title h6\">Naujas atsiliepimas<\/h6>\n        <div class=\"form-set\">\n        <div class=\"form-field text\">\n            <label for=\"comment-name\">\n                <span>Vardas<\/span>\n                <input type=\"text\" id=\"comment-name\" name=\"comment-name\" class=\"inputBlock--input\" required placeholder=\"Vardas\">\n            <\/label>\n            <div class=\"msg js-msg\" data-error-name=\"comment-name\">Vardas privalomas<\/div>\n        <\/div>\n        <div class=\"form-field email\">\n            <label for=\"comment-email\" class=\"inputBlock--label\">\n                <span>El. pa\u0161to adresas<\/span>\n                <input type=\"email\" id=\"comment-email\" name=\"comment-email\" class=\"inputBlock--input\" required placeholder=\"El. pa\u0161to adresas\">\n            <\/label>\n            <div class=\"msg js-msg\" data-error-empty=\"El. pa\u0161to adresas privalomas\" data-error-email=\"El. pa\u0161to adresas negalioja\">El. pa\u0161to adresas privalomas<\/div>\n        <\/div>\n        <div class=\"form-field text\">\n            <label for=\"comment-shop-name\" class=\"inputBlock--label\">\n                <span>Parduotuv\u0117s pavadinimas<\/span>\n                <input type=\"text\" id=\"comment-shop-name\" name=\"comment-shop-name\" class=\"inputBlock--input\" placeholder=\"Parduotuv\u0117s pavadinimas\">\n            <\/label>\n        <\/div>\n        <div class=\"form-field text\">\n            <label for=\"comment-city\" class=\"inputBlock--label\">\n                <span>Miestas<\/span>\n                                <select name=\"comment-city\" id=\"comment-city\" required>\n                    <option value=\"\">Miestas<\/option>\n                                                                                                                                                                    <option value=\"2\">Akropolis Klaip\u0117da<\/option>\n                                                                                                                            <option value=\"3\">Akropolis Kaunas<\/option>\n                                                                                                                            <option value=\"4\">Akropolis Vilnius<\/option>\n                                                                                                                            <option value=\"5\">Akropolis \u0160iauliai<\/option>\n                                                            <\/select>\n            <\/label>\n            <div class=\"msg js-msg\" data-error-name=\"comment-city\">Miestas privalomas<\/div>\n        <\/div>\n        <div class=\"form-field text-area\">\n            <label for=\"comment-textarea\" class=\"inputBlock--label\">\n                <span>Atsiliepimas<\/span>\n                <textarea name=\"comment-textarea\" id=\"comment-textarea\" class=\"inputBlock--textarea\" required placeholder=\"Atsiliepimas\"><\/textarea>\n            <\/label>\n            <div class=\"msg js-msg\" data-error-name=\"comment-textarea\">Atsiliepimas privalomas<\/div>\n        <\/div>\n    <\/div>\n            <div class=\"form-text-block\">\n            <p style=\"font-weight: 400;\">D\u0117kojame, kad dalinat\u0117s savo atsiliepimais. Siekdami u\u017etikrinti pagarbi\u0105 ir maloni\u0105 aplink\u0105, teikiant atsiliepimus pra\u0161ome laikytis \u0161i\u0173 princip\u0173.<\/p>\n<ul>\n<li style=\"font-weight: 400;\">Atsiliepimuose negali b\u016bti keiksma\u017eod\u017ei\u0173, \u012f\u017eeidin\u0117jim\u0173, \u0161mei\u017eto ar kito neteis\u0117to turinio;<\/li>\n<li>Atsiliepimai negali skatinti neapykantos, diskriminacijos bet kokiais pagrindais ar kito neeti\u0161ko elgesio;<\/li>\n<li>Atsiliepimai negali b\u016bti melagingi ar klaidinantys.<\/li>\n<\/ul>\n<p style=\"font-weight: 400;\">Pasiliekame teis\u0119 pa\u0161alinti bet kokius atsiliepimus, kurie neatitinka \u0161i\u0173 princip\u0173, be i\u0161ankstinio \u012fsp\u0117jimo.<\/p>\n        <\/div>\n        <div class=\"submitBlock right\">\n        <button type=\"submit\" class=\"btn dot bg-red w-full\"><span>Si\u0173sti atsiliepim\u0105<\/span><\/button>\n    <\/div>\n<\/form>            <\/div>\n        <\/div>\n    <\/div>\n    <div class=\"popup popup-reviews popup-hide\">\n    <div class=\"popup-wrapper\">\n        <div class=\"popup-holder\">\n            <div class=\"popup-block\">\n                <div class=\"popup-icon\">\n                    <svg xmlns=\"http:\/\/www.w3.org\/2000\/svg\" width=\"40\" height=\"40\" viewBox=\"0 0 40 40\" fill=\"none\">\n                        <path d=\"M34.2858 18.694V20.0082C34.284 23.0888 33.2865 26.0864 31.442 28.5537C29.5974 31.0211 27.0048 32.8261 24.0506 33.6995C21.0964 34.573 17.939 34.4681 15.0493 33.4005C12.1596 32.3329 9.69243 30.3598 8.01573 27.7755C6.33902 25.1912 5.54263 22.1341 5.74532 19.0601C5.94802 15.9862 7.13894 13.0601 9.14047 10.7184C11.142 8.37656 13.8469 6.74451 16.8518 6.0656C19.8566 5.38669 23.0005 5.6973 25.8144 6.9511M34.2858 8.57969L20.0001 22.8797L15.7144 18.594\" stroke=\"#FF0000\" stroke-width=\"1.5\" stroke-linecap=\"square\"\/>\n                    <\/svg>\n                <\/div>\n                                    <h6 class=\"popup-title h6\">D\u0117kojame!<\/h6>\n                                                    <div class=\"popup-text paragraph\">J\u016bs\u0173 atsiliepimas s\u0117kmingai i\u0161si\u0173stas.<\/div>\n                                <div class=\"popup-btn-wrapper\">\n                    <a href=\"#\" class=\"popup-btn popup-reviews-btn btn dot bg-red\"><span>T\u0119sti<\/span><\/a>\n                <\/div>\n            <\/div>\n        <\/div>\n    <\/div>\n<\/div><\/section>\n\n<script>window.dispatchEvent( new Event('acf\/loaded\/reviews'));<\/script>","protected":false},"excerpt":{"rendered":"","protected":false},"author":13,"featured_media":0,"parent":0,"menu_order":0,"comment_status":"closed","ping_status":"closed","template":"","meta":{"_acf_changed":false,"footnotes":""},"class_list":["post-2381","page","type-page","status-publish","hentry"],"acf":[],"yoast_head":"<!-- This site is optimized with the Yoast SEO plugin v27.2 - https:\/\/yoast.com\/product\/yoast-seo-wordpress\/ -->\n<title>Atsiliepimai - Akropolis \u0160iauliai<\/title>\n<meta name=\"robots\" content=\"index, follow, max-snippet:-1, max-image-preview:large, max-video-preview:-1\" \/>\n<link rel=\"canonical\" href=\"https:\/\/akropolis.lt\/siauliai\/atsiliepimai\/\" \/>\n<meta property=\"og:locale\" content=\"lt_LT\" \/>\n<meta property=\"og:type\" content=\"article\" \/>\n<meta property=\"og:title\" content=\"Atsiliepimai - Akropolis \u0160iauliai\" \/>\n<meta property=\"og:url\" content=\"https:\/\/akropolis.lt\/siauliai\/atsiliepimai\/\" \/>\n<meta property=\"og:site_name\" content=\"Akropolis \u0160iauliai\" \/>\n<meta property=\"article:modified_time\" content=\"2025-12-18T16:34:24+00:00\" \/>\n<meta property=\"og:image\" content=\"https:\/\/akropolis.lt\/siauliai\/wp-content\/uploads\/sites\/5\/2025\/12\/OG-image.png\" \/>\n\t<meta property=\"og:image:width\" content=\"1200\" \/>\n\t<meta property=\"og:image:height\" content=\"630\" \/>\n\t<meta property=\"og:image:type\" content=\"image\/png\" \/>\n<meta name=\"twitter:card\" content=\"summary_large_image\" \/>\n<script type=\"application\/ld+json\" class=\"yoast-schema-graph\">{\"@context\":\"https:\/\/schema.org\",\"@graph\":[{\"@type\":\"WebPage\",\"@id\":\"https:\/\/akropolis.lt\/siauliai\/atsiliepimai\/\",\"url\":\"https:\/\/akropolis.lt\/siauliai\/atsiliepimai\/\",\"name\":\"Atsiliepimai - Akropolis \u0160iauliai\",\"isPartOf\":{\"@id\":\"https:\/\/akropolis.lt\/siauliai\/#website\"},\"datePublished\":\"2025-04-28T10:20:06+00:00\",\"dateModified\":\"2025-12-18T16:34:24+00:00\",\"breadcrumb\":{\"@id\":\"https:\/\/akropolis.lt\/siauliai\/atsiliepimai\/#breadcrumb\"},\"inLanguage\":\"lt-LT\",\"potentialAction\":[{\"@type\":\"ReadAction\",\"target\":[\"https:\/\/akropolis.lt\/siauliai\/atsiliepimai\/\"]}]},{\"@type\":\"BreadcrumbList\",\"@id\":\"https:\/\/akropolis.lt\/siauliai\/atsiliepimai\/#breadcrumb\",\"itemListElement\":[{\"@type\":\"ListItem\",\"position\":1,\"name\":\"Home\",\"item\":\"https:\/\/akropolis.lt\/siauliai\/\"},{\"@type\":\"ListItem\",\"position\":2,\"name\":\"Atsiliepimai\"}]},{\"@type\":\"WebSite\",\"@id\":\"https:\/\/akropolis.lt\/siauliai\/#website\",\"url\":\"https:\/\/akropolis.lt\/siauliai\/\",\"name\":\"Akropolis \u0160iauliai\",\"description\":\"\",\"potentialAction\":[{\"@type\":\"SearchAction\",\"target\":{\"@type\":\"EntryPoint\",\"urlTemplate\":\"https:\/\/akropolis.lt\/siauliai\/?s={search_term_string}\"},\"query-input\":{\"@type\":\"PropertyValueSpecification\",\"valueRequired\":true,\"valueName\":\"search_term_string\"}}],\"inLanguage\":\"lt-LT\"}]}<\/script>\n<!-- \/ Yoast SEO plugin. -->","yoast_head_json":{"title":"Atsiliepimai - Akropolis \u0160iauliai","robots":{"index":"index","follow":"follow","max-snippet":"max-snippet:-1","max-image-preview":"max-image-preview:large","max-video-preview":"max-video-preview:-1"},"canonical":"https:\/\/akropolis.lt\/siauliai\/atsiliepimai\/","og_locale":"lt_LT","og_type":"article","og_title":"Atsiliepimai - Akropolis \u0160iauliai","og_url":"https:\/\/akropolis.lt\/siauliai\/atsiliepimai\/","og_site_name":"Akropolis \u0160iauliai","article_modified_time":"2025-12-18T16:34:24+00:00","og_image":[{"width":1200,"height":630,"url":"https:\/\/akropolis.lt\/siauliai\/wp-content\/uploads\/sites\/5\/2025\/12\/OG-image.png","type":"image\/png"}],"twitter_card":"summary_large_image","schema":{"@context":"https:\/\/schema.org","@graph":[{"@type":"WebPage","@id":"https:\/\/akropolis.lt\/siauliai\/atsiliepimai\/","url":"https:\/\/akropolis.lt\/siauliai\/atsiliepimai\/","name":"Atsiliepimai - Akropolis \u0160iauliai","isPartOf":{"@id":"https:\/\/akropolis.lt\/siauliai\/#website"},"datePublished":"2025-04-28T10:20:06+00:00","dateModified":"2025-12-18T16:34:24+00:00","breadcrumb":{"@id":"https:\/\/akropolis.lt\/siauliai\/atsiliepimai\/#breadcrumb"},"inLanguage":"lt-LT","potentialAction":[{"@type":"ReadAction","target":["https:\/\/akropolis.lt\/siauliai\/atsiliepimai\/"]}]},{"@type":"BreadcrumbList","@id":"https:\/\/akropolis.lt\/siauliai\/atsiliepimai\/#breadcrumb","itemListElement":[{"@type":"ListItem","position":1,"name":"Home","item":"https:\/\/akropolis.lt\/siauliai\/"},{"@type":"ListItem","position":2,"name":"Atsiliepimai"}]},{"@type":"WebSite","@id":"https:\/\/akropolis.lt\/siauliai\/#website","url":"https:\/\/akropolis.lt\/siauliai\/","name":"Akropolis \u0160iauliai","description":"","potentialAction":[{"@type":"SearchAction","target":{"@type":"EntryPoint","urlTemplate":"https:\/\/akropolis.lt\/siauliai\/?s={search_term_string}"},"query-input":{"@type":"PropertyValueSpecification","valueRequired":true,"valueName":"search_term_string"}}],"inLanguage":"lt-LT"}]}},"_links":{"self":[{"href":"https:\/\/akropolis.lt\/siauliai\/wp-json\/wp\/v2\/pages\/2381","targetHints":{"allow":["GET"]}}],"collection":[{"href":"https:\/\/akropolis.lt\/siauliai\/wp-json\/wp\/v2\/pages"}],"about":[{"href":"https:\/\/akropolis.lt\/siauliai\/wp-json\/wp\/v2\/types\/page"}],"author":[{"embeddable":true,"href":"https:\/\/akropolis.lt\/siauliai\/wp-json\/wp\/v2\/users\/13"}],"replies":[{"embeddable":true,"href":"https:\/\/akropolis.lt\/siauliai\/wp-json\/wp\/v2\/comments?post=2381"}],"version-history":[{"count":2,"href":"https:\/\/akropolis.lt\/siauliai\/wp-json\/wp\/v2\/pages\/2381\/revisions"}],"predecessor-version":[{"id":5195,"href":"https:\/\/akropolis.lt\/siauliai\/wp-json\/wp\/v2\/pages\/2381\/revisions\/5195"}],"wp:attachment":[{"href":"https:\/\/akropolis.lt\/siauliai\/wp-json\/wp\/v2\/media?parent=2381"}],"curies":[{"name":"wp","href":"https:\/\/api.w.org\/{rel}","templated":true}]}}