{"id":2418,"date":"2025-04-07T10:14:15","date_gmt":"2025-04-07T10:14:15","guid":{"rendered":"https:\/\/akropolis.lt\/vilnius\/?page_id=2986"},"modified":"2026-01-12T13:43:27","modified_gmt":"2026-01-12T13:43:27","slug":"nemokami-patogumai","status":"publish","type":"page","link":"https:\/\/akropolis.lt\/siauliai\/nemokami-patogumai\/","title":{"rendered":"Nemokami patogumai"},"content":{"rendered":"\n    <section id=\"post-cards-list-block-68c16782dfd02\" class=\"post-cards-list\">\n        <div class=\"container\">\n\n                                                <h1 class=\"h4 title\">Nemokami patogumai<\/h1>\n                \n                                    <div class=\"grid-section\">\n                        <div class=\"text wysiwyg md-col-span-12 col-span-8\">\n                            <p>Nemokami patogumai \u0160iauli\u0173 AKROPOLYJE. Kad j\u016bs\u0173 patirtis b\u016bt\u0173 paprastesn\u0117 ir jaukesn\u0117.<\/p>\n                        <\/div>\n                    <\/div>\n                            \n                                                <div class=\"cards-list\">\n                        \n<a href=\"https:\/\/akropolis.lt\/siauliai\/shop\/akropolio-informacija\/\" class=\"service-card card-item sm-col-span-12 md-col-span-6 col-span-4\">\n    <div class=\"content-wrapper\">\n        \n                                            <img\n                        class=\"service-icon force-no-contrast\"\n                        src=\"https:\/\/akropolis.lt\/siauliai\/wp-content\/uploads\/sites\/5\/2025\/06\/17031611852445.jpg\"\n                        srcset=\"https:\/\/akropolis.lt\/siauliai\/wp-content\/uploads\/sites\/5\/2025\/06\/17031611852445-300x300.jpg 300w, https:\/\/akropolis.lt\/siauliai\/wp-content\/uploads\/sites\/5\/2025\/06\/17031611852445-150x150.jpg 150w, https:\/\/akropolis.lt\/siauliai\/wp-content\/uploads\/sites\/5\/2025\/06\/17031611852445.jpg 431w\"\n                        alt=\"\"\/>\n\n            \n        \n                    <h2 class=\"h7 service-title\">\n                AKROPOLIO INFORMACIJOS PUNKTAI            <\/h2>\n        \n                    <div class=\"service-description wysiwyg\">\n                <p>Visa aktuali informacija apie parduotuves, paslaugas ir AKROPOLIO erdves.<\/p>\n            <\/div>\n        \n        <div class=\"link service-cta\">\n            <span>Su\u017einoti daugiau<\/span>\n        <\/div>\n    <\/div>\n<\/a>\n\n<a href=\"https:\/\/akropolis.lt\/siauliai\/automatinis-sirdies-defibriliatorius\/\" class=\"service-card card-item sm-col-span-12 md-col-span-6 col-span-4\">\n    <div class=\"content-wrapper\">\n        \n                                            <img\n                        class=\"service-icon force-no-contrast\"\n                        src=\"https:\/\/akropolis.lt\/siauliai\/wp-content\/uploads\/sites\/5\/2025\/06\/660577db78570.jpg\"\n                        srcset=\"https:\/\/akropolis.lt\/siauliai\/wp-content\/uploads\/sites\/5\/2025\/06\/660577db78570-300x300.jpg 300w, https:\/\/akropolis.lt\/siauliai\/wp-content\/uploads\/sites\/5\/2025\/06\/660577db78570-1024x1024.jpg 1024w, https:\/\/akropolis.lt\/siauliai\/wp-content\/uploads\/sites\/5\/2025\/06\/660577db78570-150x150.jpg 150w, https:\/\/akropolis.lt\/siauliai\/wp-content\/uploads\/sites\/5\/2025\/06\/660577db78570-768x768.jpg 768w, https:\/\/akropolis.lt\/siauliai\/wp-content\/uploads\/sites\/5\/2025\/06\/660577db78570-1080x1080.jpg 1080w, https:\/\/akropolis.lt\/siauliai\/wp-content\/uploads\/sites\/5\/2025\/06\/660577db78570.jpg 1202w\"\n                        alt=\"\"\/>\n\n            \n        \n                    <h2 class=\"h7 service-title\">\n                AUTOMATINIAI \u0160IRDIES DEFIBRILIATORIAI            <\/h2>\n        \n                    <div class=\"service-description wysiwyg\">\n                <p>Sutrikus \u0161irdies veiklai, ypatingai svarbu maksimaliai greitai surasti artimiausi\u0105 \u0161irdies defibriliatori\u0173.<\/p>\n<p>\u0160ie \u017eenklai ai\u0161kiai nurodo viet\u0105 kurioje yra pozicionuojami automatizuoti \u0161irdies defibriliatoriai (AED).<\/p>\n            <\/div>\n        \n        <div class=\"link service-cta\">\n            <span>Su\u017einoti daugiau<\/span>\n        <\/div>\n    <\/div>\n<\/a>\n\n<a href=\"https:\/\/akropolis.lt\/siauliai\/parduotuve\/rukymo-zonos\/\" class=\"service-card card-item sm-col-span-12 md-col-span-6 col-span-4\">\n    <div class=\"content-wrapper\">\n        \n                                            <img\n                        class=\"service-icon force-no-contrast\"\n                        src=\"https:\/\/akropolis.lt\/siauliai\/wp-content\/uploads\/sites\/5\/2025\/06\/6622170b6dacd.jpg\"\n                        srcset=\"https:\/\/akropolis.lt\/siauliai\/wp-content\/uploads\/sites\/5\/2025\/06\/6622170b6dacd-300x300.jpg 300w, https:\/\/akropolis.lt\/siauliai\/wp-content\/uploads\/sites\/5\/2025\/06\/6622170b6dacd-150x150.jpg 150w, https:\/\/akropolis.lt\/siauliai\/wp-content\/uploads\/sites\/5\/2025\/06\/6622170b6dacd.jpg 430w\"\n                        alt=\"\"\/>\n\n            \n        \n                    <h2 class=\"h7 service-title\">\n                R\u016aKYMO ZONOS            <\/h2>\n        \n                    <div class=\"service-description wysiwyg\">\n                <p>Specialiai pa\u017eym\u0117tos vietos r\u016bkantiems, laikantis nustatyt\u0173 taisykli\u0173.<\/p>\n            <\/div>\n        \n        <div class=\"link service-cta\">\n            <span>Su\u017einoti daugiau<\/span>\n        <\/div>\n    <\/div>\n<\/a>\n\n<a href=\"https:\/\/akropolis.lt\/siauliai\/parduotuve\/savitarnos-drabuzine-ir-daiktu-saugojimo-spinta\/\" class=\"service-card card-item sm-col-span-12 md-col-span-6 col-span-4\">\n    <div class=\"content-wrapper\">\n        \n                                            <img\n                        class=\"service-icon force-no-contrast\"\n                        src=\"https:\/\/akropolis.lt\/siauliai\/wp-content\/uploads\/sites\/5\/2025\/06\/17031621314823.jpg\"\n                        srcset=\"https:\/\/akropolis.lt\/siauliai\/wp-content\/uploads\/sites\/5\/2025\/06\/17031621314823-300x300.jpg 300w, https:\/\/akropolis.lt\/siauliai\/wp-content\/uploads\/sites\/5\/2025\/06\/17031621314823-150x150.jpg 150w, https:\/\/akropolis.lt\/siauliai\/wp-content\/uploads\/sites\/5\/2025\/06\/17031621314823.jpg 431w\"\n                        alt=\"\"\/>\n\n            \n        \n                    <h2 class=\"h7 service-title\">\n                SAVITARNOS DRABU\u017dIN\u0116 IR DAIKT\u0172 SAUGOJIMO SPINTA            <\/h2>\n        \n                    <div class=\"service-description wysiwyg\">\n                <p>J\u016bs\u0173 patogumui yra \u012frengtos savitarnos spinteles, kur gal\u0117site susid\u0117ti daiktus ar vir&scaron;utinius drabu\u017eius. Paslauga nemokama.<\/p>\n            <\/div>\n        \n        <div class=\"link service-cta\">\n            <span>Su\u017einoti daugiau<\/span>\n        <\/div>\n    <\/div>\n<\/a>\n\n<a href=\"https:\/\/akropolis.lt\/siauliai\/parduotuve\/taros-surinkimas\/\" class=\"service-card card-item sm-col-span-12 md-col-span-6 col-span-4\">\n    <div class=\"content-wrapper\">\n        \n                                            <img\n                        class=\"service-icon force-no-contrast\"\n                        src=\"https:\/\/akropolis.lt\/siauliai\/wp-content\/uploads\/sites\/5\/2025\/06\/17031624022565.jpg\"\n                        srcset=\"https:\/\/akropolis.lt\/siauliai\/wp-content\/uploads\/sites\/5\/2025\/06\/17031624022565-300x300.jpg 300w, https:\/\/akropolis.lt\/siauliai\/wp-content\/uploads\/sites\/5\/2025\/06\/17031624022565-150x150.jpg 150w, https:\/\/akropolis.lt\/siauliai\/wp-content\/uploads\/sites\/5\/2025\/06\/17031624022565.jpg 431w\"\n                        alt=\"\"\/>\n\n            \n        \n                    <h2 class=\"h7 service-title\">\n                TAROS SURINKIMAS            <\/h2>\n        \n                    <div class=\"service-description wysiwyg\">\n                <p>Taros surinkimo punktas.<\/p>\n            <\/div>\n        \n        <div class=\"link service-cta\">\n            <span>Su\u017einoti daugiau<\/span>\n        <\/div>\n    <\/div>\n<\/a>\n\n<a href=\"https:\/\/akropolis.lt\/siauliai\/parduotuve\/tekstiles-surinkimo-konteineris\/\" class=\"service-card card-item sm-col-span-12 md-col-span-6 col-span-4\">\n    <div class=\"content-wrapper\">\n        \n                                            <img\n                        class=\"service-icon force-no-contrast\"\n                        src=\"https:\/\/akropolis.lt\/siauliai\/wp-content\/uploads\/sites\/5\/2025\/06\/17031625617385.jpg\"\n                        srcset=\"https:\/\/akropolis.lt\/siauliai\/wp-content\/uploads\/sites\/5\/2025\/06\/17031625617385-300x300.jpg 300w, https:\/\/akropolis.lt\/siauliai\/wp-content\/uploads\/sites\/5\/2025\/06\/17031625617385-150x150.jpg 150w, https:\/\/akropolis.lt\/siauliai\/wp-content\/uploads\/sites\/5\/2025\/06\/17031625617385.jpg 431w\"\n                        alt=\"\"\/>\n\n            \n        \n                    <h2 class=\"h7 service-title\">\n                TEKSTIL\u0116S SURINKIMO KONTEINERIS            <\/h2>\n        \n                    <div class=\"service-description wysiwyg\">\n                <p>Tekstil\u0117s surinkimo konteineris.<\/p>\n            <\/div>\n        \n        <div class=\"link service-cta\">\n            <span>Su\u017einoti daugiau<\/span>\n        <\/div>\n    <\/div>\n<\/a>\n\n<a href=\"https:\/\/akropolis.lt\/siauliai\/vaiko-prieziuros-kambarys\/\" class=\"service-card card-item sm-col-span-12 md-col-span-6 col-span-4\">\n    <div class=\"content-wrapper\">\n        \n                                            <img\n                        class=\"service-icon force-no-contrast\"\n                        src=\"https:\/\/akropolis.lt\/siauliai\/wp-content\/uploads\/sites\/5\/2025\/06\/17383228094321.jpg\"\n                        srcset=\"https:\/\/akropolis.lt\/siauliai\/wp-content\/uploads\/sites\/5\/2025\/06\/17383228094321-300x300.jpg 300w, https:\/\/akropolis.lt\/siauliai\/wp-content\/uploads\/sites\/5\/2025\/06\/17383228094321-150x150.jpg 150w, https:\/\/akropolis.lt\/siauliai\/wp-content\/uploads\/sites\/5\/2025\/06\/17383228094321.jpg 431w\"\n                        alt=\"\"\/>\n\n            \n        \n                    <h2 class=\"h7 service-title\">\n                VAIK\u0172 PRIE\u017dI\u016aROS KAMBARIAI            <\/h2>\n        \n                    <div class=\"service-description wysiwyg\">\n                <p>Vaik\u0173 prie\u017ei\u016bros kambaryje \u012frengta tai ko labiausiai reikia t\u0117vams su k\u016bdikiais \u2013 vystymo lenta, mink\u0161tasuolis, mikrobang\u0173 krosnel\u0117.<\/p>\n            <\/div>\n        \n        <div class=\"link service-cta\">\n            <span>Su\u017einoti daugiau<\/span>\n        <\/div>\n    <\/div>\n<\/a>\n\n<a href=\"https:\/\/akropolis.lt\/siauliai\/vandens-pildymo-stotele\/\" class=\"service-card card-item sm-col-span-12 md-col-span-6 col-span-4\">\n    <div class=\"content-wrapper\">\n        \n                                            <img\n                        class=\"service-icon force-no-contrast\"\n                        src=\"https:\/\/akropolis.lt\/siauliai\/wp-content\/uploads\/sites\/5\/2025\/06\/67a37b048c92c.jpg\"\n                        srcset=\"https:\/\/akropolis.lt\/siauliai\/wp-content\/uploads\/sites\/5\/2025\/06\/67a37b048c92c-300x300.jpg 300w, https:\/\/akropolis.lt\/siauliai\/wp-content\/uploads\/sites\/5\/2025\/06\/67a37b048c92c-150x150.jpg 150w, https:\/\/akropolis.lt\/siauliai\/wp-content\/uploads\/sites\/5\/2025\/06\/67a37b048c92c.jpg 431w\"\n                        alt=\"\"\/>\n\n            \n        \n                    <h2 class=\"h7 service-title\">\n                VANDENS PAPILDYMO STOTEL\u0116S            <\/h2>\n        \n                    <div class=\"service-description wysiwyg\">\n                <p>Nemokamos vandens gertuvi\u0173 papildymo stotel\u0117s.<\/p>\n            <\/div>\n        \n        <div class=\"link service-cta\">\n            <span>Su\u017einoti daugiau<\/span>\n        <\/div>\n    <\/div>\n<\/a>\n\n<a href=\"https:\/\/akropolis.lt\/siauliai\/vezimeliu-stotele-zmonems-su-negalia\/\" class=\"service-card card-item sm-col-span-12 md-col-span-6 col-span-4\">\n    <div class=\"content-wrapper\">\n        \n                                            <img\n                        class=\"service-icon force-no-contrast\"\n                        src=\"https:\/\/akropolis.lt\/siauliai\/wp-content\/uploads\/sites\/5\/2025\/06\/6597f8bbe2ee5.jpg\"\n                        srcset=\"https:\/\/akropolis.lt\/siauliai\/wp-content\/uploads\/sites\/5\/2025\/06\/6597f8bbe2ee5-300x300.jpg 300w, https:\/\/akropolis.lt\/siauliai\/wp-content\/uploads\/sites\/5\/2025\/06\/6597f8bbe2ee5-150x150.jpg 150w, https:\/\/akropolis.lt\/siauliai\/wp-content\/uploads\/sites\/5\/2025\/06\/6597f8bbe2ee5.jpg 431w\"\n                        alt=\"\"\/>\n\n            \n        \n                    <h2 class=\"h7 service-title\">\n                VE\u017dIM\u0116LI\u0172 STOTEL\u0116S            <\/h2>\n        \n                    <div class=\"service-description wysiwyg\">\n                <p>AKROPOLYJE rasite ve\u017eim\u0117lius, kurie skirti\u00a0\u017emon\u0117ms su negalia, senjorams, patyrusiems traum\u0105 ar susiduriantiems su jud\u0117jimo sunkumais.<\/p>\n<p>Tikim\u0117s, kad nuo \u0161iol tavo apsilankymas \u201eAkropolyje\u201c bus patogesnis.<\/p>\n            <\/div>\n        \n        <div class=\"link service-cta\">\n            <span>Su\u017einoti daugiau<\/span>\n        <\/div>\n    <\/div>\n<\/a>\n\n<a href=\"https:\/\/akropolis.lt\/siauliai\/nemokami-patogumai\/masazines-kedes\/\" class=\"service-card card-item sm-col-span-12 md-col-span-6 col-span-4\">\n    <div class=\"content-wrapper\">\n        \n                                            <img\n                        class=\"service-icon force-no-contrast\"\n                        src=\"https:\/\/akropolis.lt\/siauliai\/wp-content\/uploads\/sites\/5\/2026\/01\/masazine-kede-ikona-1.png\"\n                        srcset=\"https:\/\/akropolis.lt\/siauliai\/wp-content\/uploads\/sites\/5\/2026\/01\/masazine-kede-ikona-1-300x300.png 300w, https:\/\/akropolis.lt\/siauliai\/wp-content\/uploads\/sites\/5\/2026\/01\/masazine-kede-ikona-1-150x150.png 150w, https:\/\/akropolis.lt\/siauliai\/wp-content\/uploads\/sites\/5\/2026\/01\/masazine-kede-ikona-1.png 430w\"\n                        alt=\"\"\/>\n\n            \n        \n                    <h2 class=\"h7 service-title\">\n                MASA\u017dIN\u0116S K\u0116D\u0116S            <\/h2>\n        \n        \n        <div class=\"link service-cta\">\n            <span>Su\u017einoti daugiau<\/span>\n        <\/div>\n    <\/div>\n<\/a>\n                    <\/div>\n                \n            \n        <\/div>\n    <\/section>\n\n<script>window.dispatchEvent( new Event('acf\/loaded\/post-cards-list'));<\/script>","protected":false},"excerpt":{"rendered":"","protected":false},"author":1,"featured_media":0,"parent":0,"menu_order":0,"comment_status":"closed","ping_status":"closed","template":"","meta":{"_acf_changed":false,"footnotes":""},"class_list":["post-2418","page","type-page","status-publish","hentry"],"acf":[],"yoast_head":"<!-- This site is optimized with the Yoast SEO plugin v27.2 - https:\/\/yoast.com\/product\/yoast-seo-wordpress\/ -->\n<title>Nemokami patogumai - Akropolis \u0160iauliai<\/title>\n<meta name=\"robots\" content=\"index, follow, max-snippet:-1, max-image-preview:large, max-video-preview:-1\" \/>\n<link rel=\"canonical\" href=\"https:\/\/akropolis.lt\/siauliai\/nemokami-patogumai\/\" \/>\n<meta property=\"og:locale\" content=\"lt_LT\" \/>\n<meta property=\"og:type\" content=\"article\" \/>\n<meta property=\"og:title\" content=\"Nemokami patogumai - Akropolis \u0160iauliai\" \/>\n<meta property=\"og:url\" content=\"https:\/\/akropolis.lt\/siauliai\/nemokami-patogumai\/\" \/>\n<meta property=\"og:site_name\" content=\"Akropolis \u0160iauliai\" \/>\n<meta property=\"article:modified_time\" content=\"2026-01-12T13:43:27+00:00\" \/>\n<meta property=\"og:image\" content=\"https:\/\/akropolis.lt\/siauliai\/wp-content\/uploads\/sites\/5\/2025\/12\/OG-image.png\" \/>\n\t<meta property=\"og:image:width\" content=\"1200\" \/>\n\t<meta property=\"og:image:height\" content=\"630\" \/>\n\t<meta property=\"og:image:type\" content=\"image\/png\" \/>\n<meta name=\"twitter:card\" content=\"summary_large_image\" \/>\n<script type=\"application\/ld+json\" class=\"yoast-schema-graph\">{\"@context\":\"https:\/\/schema.org\",\"@graph\":[{\"@type\":\"WebPage\",\"@id\":\"https:\/\/akropolis.lt\/siauliai\/nemokami-patogumai\/\",\"url\":\"https:\/\/akropolis.lt\/siauliai\/nemokami-patogumai\/\",\"name\":\"Nemokami patogumai - Akropolis \u0160iauliai\",\"isPartOf\":{\"@id\":\"https:\/\/akropolis.lt\/siauliai\/#website\"},\"datePublished\":\"2025-04-07T10:14:15+00:00\",\"dateModified\":\"2026-01-12T13:43:27+00:00\",\"breadcrumb\":{\"@id\":\"https:\/\/akropolis.lt\/siauliai\/nemokami-patogumai\/#breadcrumb\"},\"inLanguage\":\"lt-LT\",\"potentialAction\":[{\"@type\":\"ReadAction\",\"target\":[\"https:\/\/akropolis.lt\/siauliai\/nemokami-patogumai\/\"]}]},{\"@type\":\"BreadcrumbList\",\"@id\":\"https:\/\/akropolis.lt\/siauliai\/nemokami-patogumai\/#breadcrumb\",\"itemListElement\":[{\"@type\":\"ListItem\",\"position\":1,\"name\":\"Home\",\"item\":\"https:\/\/akropolis.lt\/siauliai\/\"},{\"@type\":\"ListItem\",\"position\":2,\"name\":\"Nemokami patogumai\"}]},{\"@type\":\"WebSite\",\"@id\":\"https:\/\/akropolis.lt\/siauliai\/#website\",\"url\":\"https:\/\/akropolis.lt\/siauliai\/\",\"name\":\"Akropolis \u0160iauliai\",\"description\":\"\",\"potentialAction\":[{\"@type\":\"SearchAction\",\"target\":{\"@type\":\"EntryPoint\",\"urlTemplate\":\"https:\/\/akropolis.lt\/siauliai\/?s={search_term_string}\"},\"query-input\":{\"@type\":\"PropertyValueSpecification\",\"valueRequired\":true,\"valueName\":\"search_term_string\"}}],\"inLanguage\":\"lt-LT\"}]}<\/script>\n<!-- \/ Yoast SEO plugin. -->","yoast_head_json":{"title":"Nemokami patogumai - Akropolis \u0160iauliai","robots":{"index":"index","follow":"follow","max-snippet":"max-snippet:-1","max-image-preview":"max-image-preview:large","max-video-preview":"max-video-preview:-1"},"canonical":"https:\/\/akropolis.lt\/siauliai\/nemokami-patogumai\/","og_locale":"lt_LT","og_type":"article","og_title":"Nemokami patogumai - Akropolis \u0160iauliai","og_url":"https:\/\/akropolis.lt\/siauliai\/nemokami-patogumai\/","og_site_name":"Akropolis \u0160iauliai","article_modified_time":"2026-01-12T13:43:27+00:00","og_image":[{"width":1200,"height":630,"url":"https:\/\/akropolis.lt\/siauliai\/wp-content\/uploads\/sites\/5\/2025\/12\/OG-image.png","type":"image\/png"}],"twitter_card":"summary_large_image","schema":{"@context":"https:\/\/schema.org","@graph":[{"@type":"WebPage","@id":"https:\/\/akropolis.lt\/siauliai\/nemokami-patogumai\/","url":"https:\/\/akropolis.lt\/siauliai\/nemokami-patogumai\/","name":"Nemokami patogumai - Akropolis \u0160iauliai","isPartOf":{"@id":"https:\/\/akropolis.lt\/siauliai\/#website"},"datePublished":"2025-04-07T10:14:15+00:00","dateModified":"2026-01-12T13:43:27+00:00","breadcrumb":{"@id":"https:\/\/akropolis.lt\/siauliai\/nemokami-patogumai\/#breadcrumb"},"inLanguage":"lt-LT","potentialAction":[{"@type":"ReadAction","target":["https:\/\/akropolis.lt\/siauliai\/nemokami-patogumai\/"]}]},{"@type":"BreadcrumbList","@id":"https:\/\/akropolis.lt\/siauliai\/nemokami-patogumai\/#breadcrumb","itemListElement":[{"@type":"ListItem","position":1,"name":"Home","item":"https:\/\/akropolis.lt\/siauliai\/"},{"@type":"ListItem","position":2,"name":"Nemokami patogumai"}]},{"@type":"WebSite","@id":"https:\/\/akropolis.lt\/siauliai\/#website","url":"https:\/\/akropolis.lt\/siauliai\/","name":"Akropolis \u0160iauliai","description":"","potentialAction":[{"@type":"SearchAction","target":{"@type":"EntryPoint","urlTemplate":"https:\/\/akropolis.lt\/siauliai\/?s={search_term_string}"},"query-input":{"@type":"PropertyValueSpecification","valueRequired":true,"valueName":"search_term_string"}}],"inLanguage":"lt-LT"}]}},"_links":{"self":[{"href":"https:\/\/akropolis.lt\/siauliai\/wp-json\/wp\/v2\/pages\/2418","targetHints":{"allow":["GET"]}}],"collection":[{"href":"https:\/\/akropolis.lt\/siauliai\/wp-json\/wp\/v2\/pages"}],"about":[{"href":"https:\/\/akropolis.lt\/siauliai\/wp-json\/wp\/v2\/types\/page"}],"author":[{"embeddable":true,"href":"https:\/\/akropolis.lt\/siauliai\/wp-json\/wp\/v2\/users\/1"}],"replies":[{"embeddable":true,"href":"https:\/\/akropolis.lt\/siauliai\/wp-json\/wp\/v2\/comments?post=2418"}],"version-history":[{"count":11,"href":"https:\/\/akropolis.lt\/siauliai\/wp-json\/wp\/v2\/pages\/2418\/revisions"}],"predecessor-version":[{"id":5648,"href":"https:\/\/akropolis.lt\/siauliai\/wp-json\/wp\/v2\/pages\/2418\/revisions\/5648"}],"wp:attachment":[{"href":"https:\/\/akropolis.lt\/siauliai\/wp-json\/wp\/v2\/media?parent=2418"}],"curies":[{"name":"wp","href":"https:\/\/api.w.org\/{rel}","templated":true}]}}