{"id":2425,"date":"2025-04-28T16:00:58","date_gmt":"2025-04-28T13:00:58","guid":{"rendered":"https:\/\/akropolis.lt\/vilnius\/?page_id=4864"},"modified":"2025-06-04T11:26:09","modified_gmt":"2025-06-04T11:26:09","slug":"praneseju-apsauga","status":"publish","type":"page","link":"https:\/\/akropolis.lt\/siauliai\/praneseju-apsauga\/","title":{"rendered":"Prane\u0161\u0117j\u0173 apsauga"},"content":{"rendered":"    <section id=\"text-block-68397e271da6b\" class=\"text\">\n        <div class=\"container medium\">\n            <div class=\"content-wrap\">\n                <h3>Prane\u0161\u0117j\u0173 apsauga<\/h3>\n<p><strong>PRANE\u0160IM\u0172 TEIKIMAS PAGAL LR PRANE\u0160\u0116J\u0172 APSAUGOS \u012eSTATYM\u0104<\/p>\n<p><\/strong><\/p>\n<div class=\"container text-page\">\n<div class=\"row\">\n<div class=\"offset-xl-1 col-xl-10\">\n<p>Informacij\u0105 apie pa\u017eeidim\u0105 AKROPOLIS GROUP, UAB (toliau \u2013 Bendrov\u0117) pagal LR Prane\u0161\u0117j\u0173 apsaugos \u012fstatym\u0105 gali pateikti fizinis asmuo, kur\u012f su Bendrove sieja ar siejo darbo, sutartiniai santykiai (konsultavimo, rangos, subrangos, sta\u017euot\u0117s, praktikos, savanori\u0161kos veiklos ir pan.) arba \u012fdarbinimo ar kiti ikisutartiniai santykiai, taip pat gali teikti savaranki\u0161kai dirban\u010dio asmens status\u0105 turintis asmuo, akcininkas ar asmuo, priklausantis Bendrov\u0117s administraciniam, valdymo ar prie\u017ei\u016bros organui, arba bet kuris fizinis asmuo, dirbantis pri\u017ei\u016brint ir vadovaujant rangovams, subrangovams ir (ar) tiek\u0117jams.<\/p>\n<p><u>Prane\u0161imai teikiami siekiant apsaugoti vie\u0161\u0105j\u012f interes\u0105. Informacija, pateikta siekiant apginti i\u0161skirtinai asmeninius interesus nebus laikoma prane\u0161imu pagal LR Prane\u0161\u0117j\u0173 apsaugos \u012fstatym\u0105.<\/u><\/p>\n<p>Prane\u0161im\u0173 pateikimo ir nagrin\u0117jimo tvark\u0105 detaliau reglamentuoja:<\/p>\n<ul>\n<li><em><a href=\"https:\/\/e-seimas.lrs.lt\/portal\/legalAct\/lt\/TAD\/3832a702d8ea11e782d4fd2c44cc67af\/asr\" target=\"_blank\" rel=\"noopener\">Lietuvos Respublikos prane\u0161\u0117j\u0173 apsaugos \u012fstatymas<\/a>;\u00a0<\/em><\/li>\n<li><em><a href=\"https:\/\/e-seimas.lrs.lt\/portal\/legalAct\/lt\/TAD\/b146ff50ed8a11e89d4ad92e8434e309\/asr\" target=\"_blank\" rel=\"noopener\">Lietuvos Respublikos Vyriausyb\u0117s 2018 m. lapkri\u010dio 14 d. nutarimas Nr. 1133 \u201eD\u0117l Lietuvos Respublikos prane\u0161\u0117j\u0173 apsaugos \u012fstatymo \u012fgyvendinimo\u201c<\/a>;\u00a0<\/em><\/li>\n<li><em><a href=\"https:\/\/www.akropolis.lt\/view-file\/8035_AKROPOLIS%20GROUP,%20UAB%20tvarka%20d%C4%97l%20praneseju%20apsaugos%20istatymo.2022-12-23.pdf\" target=\"_blank\" rel=\"noopener\">Bendrov\u0117s informacijos apie pa\u017eeidimus teikimo ir nagrin\u0117jimo tvarka (toliau \u2013 Tvarka)<\/a>.<\/em><\/li>\n<\/ul>\n<p>Informacija apie pa\u017eeidimus teikiama d\u0117l (s\u0105ra\u0161as pavyzdinis):<\/p>\n<ol>\n<li>Pavojaus visuomen\u0117s saugumui ar sveikatai, asmens gyvybei ar sveikatai;<\/li>\n<li>Pavojaus aplinkai;<\/li>\n<li>Kliudymo arba neteis\u0117to poveikio teis\u0117saugos institucij\u0173 atliekamiems tyrimams ar teismams vykdant teisingum\u0105;<\/li>\n<li>Neteis\u0117tos veiklos finansavimo;<\/li>\n<li>Neteis\u0117to ar neskaidraus vie\u0161\u0173j\u0173 l\u0117\u0161\u0173 ar turto naudojimo;<\/li>\n<li>Neteis\u0117tu b\u016bdu \u012fgyto turto;<\/li>\n<li>Padaryto pa\u017eeidimo padarini\u0173 sl\u0117pimo, trukdymo nustatyti padarini\u0173 mast\u0105;<\/li>\n<li>Kit\u0173 pa\u017eeidim\u0173, pa\u017eeid\u017eian\u010di\u0173 vie\u0161\u0105j\u012f interes\u0105.<\/li>\n<\/ol>\n<p>Siekdama \u012fgyvendinti LR Prane\u0161\u0117j\u0173 apsaugos \u012fstatym\u0105, Bendrov\u0117 suk\u016br\u0117 special\u0173 prane\u0161im\u0173 pateikimo vidin\u012f kanal\u0105, t. y. prane\u0161imus galima pateikti el. pa\u0161tu\u00a0<a href=\"mailto:pranesk@akropolis.lt\">pranesk@akropolis.lt<\/a>\u00a0arba kitais Tvarkoje nurodytais ir Jums priimtinais b\u016bdais, u\u017epildant Tvarkoje nurodyt\u0105\u00a0<em><a href=\"https:\/\/www.akropolis.lt\/view-file\/8034_Tvarka%20d%C4%97l%20praneseju%20apsaugos%20istatymo.v2.2022-12-23%20Priedas%20Nr.%201.docx\" target=\"_blank\" rel=\"noopener\">form\u0105<\/a><\/em>. Bendrov\u0117s Teis\u0117s padalinys administruoja prane\u0161im\u0173 apie pa\u017eeidimus teikimo kanal\u0105, nagrin\u0117ja juo gaut\u0105 informacij\u0105 bei atlieka jos vertinim\u0105 u\u017etikrindamas asmens ir jo pateiktos informacijos konfidencialum\u0105.<\/p>\n<\/div>\n<\/div>\n<\/div>\n<div class=\"working-hours d-print-none\">\n<div class=\"is-rel\">\n<div class=\"container is-rel-xl\"><\/div>\n<\/div>\n<\/div>\n            <\/div>\n                    <\/div>\n    <\/section>\n\n<script>window.dispatchEvent( new Event('acf\/loaded\/text'));<\/script>\n\n","protected":false},"excerpt":{"rendered":"","protected":false},"author":13,"featured_media":0,"parent":0,"menu_order":0,"comment_status":"closed","ping_status":"closed","template":"","meta":{"_acf_changed":false,"footnotes":""},"class_list":["post-2425","page","type-page","status-publish","hentry"],"acf":[],"yoast_head":"<!-- This site is optimized with the Yoast SEO plugin v27.2 - https:\/\/yoast.com\/product\/yoast-seo-wordpress\/ -->\n<title>Prane\u0161\u0117j\u0173 apsauga - Akropolis \u0160iauliai<\/title>\n<meta name=\"robots\" content=\"index, follow, max-snippet:-1, max-image-preview:large, max-video-preview:-1\" \/>\n<link rel=\"canonical\" href=\"https:\/\/akropolis.lt\/siauliai\/praneseju-apsauga\/\" \/>\n<meta property=\"og:locale\" content=\"lt_LT\" \/>\n<meta property=\"og:type\" content=\"article\" \/>\n<meta property=\"og:title\" content=\"Prane\u0161\u0117j\u0173 apsauga - Akropolis \u0160iauliai\" \/>\n<meta property=\"og:url\" content=\"https:\/\/akropolis.lt\/siauliai\/praneseju-apsauga\/\" \/>\n<meta property=\"og:site_name\" content=\"Akropolis \u0160iauliai\" \/>\n<meta property=\"article:modified_time\" content=\"2025-06-04T11:26:09+00:00\" \/>\n<meta property=\"og:image\" content=\"https:\/\/akropolis.lt\/siauliai\/wp-content\/uploads\/sites\/5\/2025\/12\/OG-image.png\" \/>\n\t<meta property=\"og:image:width\" content=\"1200\" \/>\n\t<meta property=\"og:image:height\" content=\"630\" \/>\n\t<meta property=\"og:image:type\" content=\"image\/png\" \/>\n<meta name=\"twitter:card\" content=\"summary_large_image\" \/>\n<script type=\"application\/ld+json\" class=\"yoast-schema-graph\">{\"@context\":\"https:\/\/schema.org\",\"@graph\":[{\"@type\":\"WebPage\",\"@id\":\"https:\/\/akropolis.lt\/siauliai\/praneseju-apsauga\/\",\"url\":\"https:\/\/akropolis.lt\/siauliai\/praneseju-apsauga\/\",\"name\":\"Prane\u0161\u0117j\u0173 apsauga - Akropolis \u0160iauliai\",\"isPartOf\":{\"@id\":\"https:\/\/akropolis.lt\/siauliai\/#website\"},\"datePublished\":\"2025-04-28T13:00:58+00:00\",\"dateModified\":\"2025-06-04T11:26:09+00:00\",\"breadcrumb\":{\"@id\":\"https:\/\/akropolis.lt\/siauliai\/praneseju-apsauga\/#breadcrumb\"},\"inLanguage\":\"lt-LT\",\"potentialAction\":[{\"@type\":\"ReadAction\",\"target\":[\"https:\/\/akropolis.lt\/siauliai\/praneseju-apsauga\/\"]}]},{\"@type\":\"BreadcrumbList\",\"@id\":\"https:\/\/akropolis.lt\/siauliai\/praneseju-apsauga\/#breadcrumb\",\"itemListElement\":[{\"@type\":\"ListItem\",\"position\":1,\"name\":\"Home\",\"item\":\"https:\/\/akropolis.lt\/siauliai\/\"},{\"@type\":\"ListItem\",\"position\":2,\"name\":\"Prane\u0161\u0117j\u0173 apsauga\"}]},{\"@type\":\"WebSite\",\"@id\":\"https:\/\/akropolis.lt\/siauliai\/#website\",\"url\":\"https:\/\/akropolis.lt\/siauliai\/\",\"name\":\"Akropolis \u0160iauliai\",\"description\":\"\",\"potentialAction\":[{\"@type\":\"SearchAction\",\"target\":{\"@type\":\"EntryPoint\",\"urlTemplate\":\"https:\/\/akropolis.lt\/siauliai\/?s={search_term_string}\"},\"query-input\":{\"@type\":\"PropertyValueSpecification\",\"valueRequired\":true,\"valueName\":\"search_term_string\"}}],\"inLanguage\":\"lt-LT\"}]}<\/script>\n<!-- \/ Yoast SEO plugin. -->","yoast_head_json":{"title":"Prane\u0161\u0117j\u0173 apsauga - Akropolis \u0160iauliai","robots":{"index":"index","follow":"follow","max-snippet":"max-snippet:-1","max-image-preview":"max-image-preview:large","max-video-preview":"max-video-preview:-1"},"canonical":"https:\/\/akropolis.lt\/siauliai\/praneseju-apsauga\/","og_locale":"lt_LT","og_type":"article","og_title":"Prane\u0161\u0117j\u0173 apsauga - Akropolis \u0160iauliai","og_url":"https:\/\/akropolis.lt\/siauliai\/praneseju-apsauga\/","og_site_name":"Akropolis \u0160iauliai","article_modified_time":"2025-06-04T11:26:09+00:00","og_image":[{"width":1200,"height":630,"url":"https:\/\/akropolis.lt\/siauliai\/wp-content\/uploads\/sites\/5\/2025\/12\/OG-image.png","type":"image\/png"}],"twitter_card":"summary_large_image","schema":{"@context":"https:\/\/schema.org","@graph":[{"@type":"WebPage","@id":"https:\/\/akropolis.lt\/siauliai\/praneseju-apsauga\/","url":"https:\/\/akropolis.lt\/siauliai\/praneseju-apsauga\/","name":"Prane\u0161\u0117j\u0173 apsauga - Akropolis \u0160iauliai","isPartOf":{"@id":"https:\/\/akropolis.lt\/siauliai\/#website"},"datePublished":"2025-04-28T13:00:58+00:00","dateModified":"2025-06-04T11:26:09+00:00","breadcrumb":{"@id":"https:\/\/akropolis.lt\/siauliai\/praneseju-apsauga\/#breadcrumb"},"inLanguage":"lt-LT","potentialAction":[{"@type":"ReadAction","target":["https:\/\/akropolis.lt\/siauliai\/praneseju-apsauga\/"]}]},{"@type":"BreadcrumbList","@id":"https:\/\/akropolis.lt\/siauliai\/praneseju-apsauga\/#breadcrumb","itemListElement":[{"@type":"ListItem","position":1,"name":"Home","item":"https:\/\/akropolis.lt\/siauliai\/"},{"@type":"ListItem","position":2,"name":"Prane\u0161\u0117j\u0173 apsauga"}]},{"@type":"WebSite","@id":"https:\/\/akropolis.lt\/siauliai\/#website","url":"https:\/\/akropolis.lt\/siauliai\/","name":"Akropolis \u0160iauliai","description":"","potentialAction":[{"@type":"SearchAction","target":{"@type":"EntryPoint","urlTemplate":"https:\/\/akropolis.lt\/siauliai\/?s={search_term_string}"},"query-input":{"@type":"PropertyValueSpecification","valueRequired":true,"valueName":"search_term_string"}}],"inLanguage":"lt-LT"}]}},"_links":{"self":[{"href":"https:\/\/akropolis.lt\/siauliai\/wp-json\/wp\/v2\/pages\/2425","targetHints":{"allow":["GET"]}}],"collection":[{"href":"https:\/\/akropolis.lt\/siauliai\/wp-json\/wp\/v2\/pages"}],"about":[{"href":"https:\/\/akropolis.lt\/siauliai\/wp-json\/wp\/v2\/types\/page"}],"author":[{"embeddable":true,"href":"https:\/\/akropolis.lt\/siauliai\/wp-json\/wp\/v2\/users\/13"}],"replies":[{"embeddable":true,"href":"https:\/\/akropolis.lt\/siauliai\/wp-json\/wp\/v2\/comments?post=2425"}],"version-history":[{"count":1,"href":"https:\/\/akropolis.lt\/siauliai\/wp-json\/wp\/v2\/pages\/2425\/revisions"}],"predecessor-version":[{"id":2627,"href":"https:\/\/akropolis.lt\/siauliai\/wp-json\/wp\/v2\/pages\/2425\/revisions\/2627"}],"wp:attachment":[{"href":"https:\/\/akropolis.lt\/siauliai\/wp-json\/wp\/v2\/media?parent=2425"}],"curies":[{"name":"wp","href":"https:\/\/api.w.org\/{rel}","templated":true}]}}