{"id":2439,"date":"2025-03-19T14:10:43","date_gmt":"2025-03-19T14:10:43","guid":{"rendered":"https:\/\/akropolis.lt\/vilnius\/?page_id=2767"},"modified":"2026-02-11T09:48:44","modified_gmt":"2026-02-11T09:48:44","slug":"renginiai","status":"publish","type":"page","link":"https:\/\/akropolis.lt\/siauliai\/renginiai\/","title":{"rendered":"Renginiai"},"content":{"rendered":"\n    <section id=\"event-promo-list-block-6830850727397\" class=\"event-promo-list js-event-promo-list\"\n             data-order=\"pdesc\">\n        <div class=\"container\">\n                            <h1 class=\"h4\">Renginiai<\/h1>\n                        <div class=\"form-section\">\n                <form method=\"get\" class=\"form-set js-filter-form\">\n                    <div class=\"controls-wrapper\">\n                        <div class=\"input-wrapper\">\n                            \n\n    <div class=\"form-field search group-btn\" data-name=\"Paie\u0161ka\">\n        <label>\n            <svg width=\"24\" class=\"icon\" height=\"24\" viewBox=\"0 0 24 24\" fill=\"none\" xmlns=\"http:\/\/www.w3.org\/2000\/svg\">\n                <g clip-path=\"url(#clip0_1483_628)\">\n                    <path d=\"M10.6665 17.3329C14.3482 17.3329 17.3329 14.3482 17.3329 10.6665C17.3329 6.98467 14.3482 4 10.6665 4C6.98467 4 4 6.98467 4 10.6665C4 14.3482 6.98467 17.3329 10.6665 17.3329Z\"\n                          stroke=\"black\" stroke-width=\"1.2\" stroke-linecap=\"round\" stroke-linejoin=\"round\"\/>\n                    <path d=\"M15.3806 15.3804L19.9996 19.9994\" stroke=\"black\" stroke-width=\"1.2\" stroke-linecap=\"square\"\n                          stroke-linejoin=\"round\"\/>\n                <\/g>\n                <defs>\n                    <clipPath id=\"clip0_1483_628\">\n                        <rect width=\"24\" height=\"24\" fill=\"white\"\/>\n                    <\/clipPath>\n                <\/defs>\n            <\/svg>\n            <input name=\"Paie\u0161ka\"\n                   id=\"Paie\u0161ka\"\n                   class=\"js-search-input\"\n                   type=\"search\"\n                                   placeholder=\"Paie\u0161ka\" checked>\n        <\/label>\n    <\/div>\n\n                        <\/div>\n                        <div class=\"filter-wrapper\">\n                            <button type=\"button\"\n                                    class=\"btn bg-light-gray with-icon stroke js-sort-button sort-button\">\n                                <span>R\u016b\u0161iuoti<\/span>\n                                <span class=\"icon\">\n                                    <svg width=\"18\" height=\"16\" viewBox=\"0 0 18 16\" fill=\"none\"\n                                         xmlns=\"http:\/\/www.w3.org\/2000\/svg\">\n                                        <path d=\"M1 8H13M1 4H17M1 12H9\" stroke=\"black\" stroke-width=\"1.2\"\n                                              stroke-miterlimit=\"10\" stroke-linecap=\"square\"\n                                              stroke-linejoin=\"round\"\/>\n                                        <\/svg>\n                                <\/span>\n                            <\/button>\n                            <div class=\"sort-modal js-sort-modal\">\n                                <div class=\"modal-wrapper\">\n                                    <div class=\"modal-section\">\n                                        <div class=\"inputs-wrapper\">\n                                            <div class=\"inputs-wrapper\">\n                                                <label class=\"sort-input input-control\">\n                                                    <input type=\"radio\" name=\"sort\" value=\"tasc\"\/>\n                                                    <span>Pavadinimas A-Z<\/span>\n                                                <\/label>\n                                                <label class=\"sort-input input-control\">\n                                                    <input type=\"radio\" name=\"sort\" value=\"tdesc\"\/>\n                                                    <span>Pavadinimas Z-A<\/span>\n                                                <\/label>\n                                                <label class=\"sort-input input-control\">\n                                                    <input type=\"radio\" name=\"sort\" value=\"dasc\"\/>\n                                                    <span>Galiojimo prad\u017eia ar\u010diausiai<\/span>\n                                                <\/label>\n                                                                                                    <label class=\"sort-input input-control\">\n                                                        <input type=\"radio\" name=\"sort\" value=\"ddesc\"\/>\n                                                        <span>Galiojimo prad\u017eia toliausiai<\/span>\n                                                    <\/label>\n                                                    <label class=\"sort-input input-control\">\n                                                        <input type=\"radio\" name=\"sort\" value=\"pdesc\" checked=\"checked\"\/>\n                                                        <span>Naujausios<\/span>\n                                                    <\/label>\n                                                                                            <\/div>\n                                        <\/div>\n                                    <\/div>\n                                <\/div>\n                            <\/div>\n                        <\/div>\n                    <\/div>\n                                            <div class=\"groups-wrapper js-groups-wrapper\">\n                            <button class=\"mobile-groups-toggle js-groups-modal-toggle\" type=\"button\">\n                                <input readonly type=\"text\" class=\"js-groups-selected-input\"\n                                       value=\"Visos kategorijos\">\n                            <\/button>\n                            <div class=\"inner js-groups-modal\">\n                                <div class=\"wrapper\">\n                                    <div class=\"form-field group-btn\" data-name=\"all\">\n                                        <div class=\"input-control\">\n                                            <input name=\"all\"\n                                                   data-name=\"Visos kategorijos\"\n                                                   id=\"all\" value=\"\" class=\"js-shop-group\"\n                                                   type=\"checkbox\" checked>\n                                            <label for=\"all\">Visos kategorijos<\/label>\n                                        <\/div>\n                                    <\/div>\n                                                                            <div class=\"form-field group-btn\" data-name=\"nkc-kraujo-donoryste\">\n                                            <div class=\"input-control\">\n                                                <input name=\"nkc-kraujo-donoryste\"\n                                                       data-name=\"Kraujo donoryst\u0117\"\n                                                       id=\"nkc-kraujo-donoryste\"\n                                                       value=\"339\"\n                                                       class=\"js-shop-group\"\n                                                       type=\"checkbox\">\n                                                <label for=\"nkc-kraujo-donoryste\">\n                                                    Kraujo donoryst\u0117                                                <\/label>\n                                            <\/div>\n                                        <\/div>\n                                                                    <\/div>\n\n                                <div class=\"cta-section\">\n                                    <div class=\"btn-wrapper\">\n                                        <button class=\"btn bg-light-gray dot js-group-clear-btn w-full\">\n                                            <span>I\u0161valyti<\/span>\n                                        <\/button>\n                                    <\/div>\n\n                                    <div class=\"btn-wrapper\">\n                                        <button class=\"btn bg-red dot js-group-apply-filter-btn w-full\">\n                                            <span>Apply categories<\/span>\n                                        <\/button>\n                                    <\/div>\n                                <\/div>\n                            <\/div>\n                        <\/div>\n                                    <\/form>\n            <\/div>\n            <div class=\"list-content-wrapper \">\n                                                    <div class=\"posts-grid-wrapper\">\n                        <div class=\"posts-grid js-posts-grid grid-section\">\n                                                                                                \n<a href=\"https:\/\/akropolis.lt\/siauliai\/renginys\/didzioji-sodinuku-muge\/\" class=\"event-card col-span-6 sm-col-span-12 post-card js-post-card \"\n   data-title=\"Did\u017eioji sodinuk\u0173 mug\u0117\"\n   data-start=\"2026.04.11\" data-end=\"2026.04.11\"\n   data-time-start=\"\" data-time-end=\"\"\n   data-published=\"2026.04.01\"\n   data-groups=\" \"\n   data-id=\"7478\"\n   data-post-type=\"event\">\n    <div class=\"content-wrapper\">\n        <div class=\"image-wrapper\">\n                            <img class=\"force-no-contrast\" src=\"https:\/\/akropolis.lt\/siauliai\/wp-content\/uploads\/sites\/5\/2026\/04\/1125x656-3.png\"\n                     srcset=\"https:\/\/akropolis.lt\/siauliai\/wp-content\/uploads\/sites\/5\/2026\/04\/1125x656-3-300x175.png 300w, https:\/\/akropolis.lt\/siauliai\/wp-content\/uploads\/sites\/5\/2026\/04\/1125x656-3-1024x597.png 1024w, https:\/\/akropolis.lt\/siauliai\/wp-content\/uploads\/sites\/5\/2026\/04\/1125x656-3-768x448.png 768w, https:\/\/akropolis.lt\/siauliai\/wp-content\/uploads\/sites\/5\/2026\/04\/1125x656-3.png 1125w\"\n                     alt=\"Did\u017eioji sodinuk\u0173 mug\u0117\">\n                    <\/div>\n        <div class=\"overlay\">\n            <p class=\"overlay-title\">Su\u017einoti daugiau<\/p>\n        <\/div>\n    <\/div>\n                <h2 class=\"h7 event-title\">\n            Did\u017eioji sodinuk\u0173 mug\u0117        <\/h2>\n    \n            <div class=\"date-wrapper\">\n                                                <p> 2026.04.11 &#8211; 2026.04.11<\/p>\n                                    <\/div>\n    <\/a>\n                                                                    \n<a href=\"https:\/\/akropolis.lt\/siauliai\/renginys\/nkc-kraujo-donorystes-akcija-2\/\" class=\"event-card col-span-6 sm-col-span-12 post-card js-post-card \"\n   data-title=\"NKC kraujo donoryst\u0117s akcija\"\n   data-start=\"2026.04.11\" data-end=\"2026.04.11\"\n   data-time-start=\"\" data-time-end=\"\"\n   data-published=\"2026.04.03\"\n   data-groups=\"339\"\n   data-id=\"7605\"\n   data-post-type=\"event\">\n    <div class=\"content-wrapper\">\n        <div class=\"image-wrapper\">\n                            <img class=\"force-no-contrast\" src=\"https:\/\/akropolis.lt\/siauliai\/wp-content\/uploads\/sites\/5\/2026\/04\/1125x656-Kraujo-donoryste-1024x597-1.webp\"\n                     srcset=\"https:\/\/akropolis.lt\/siauliai\/wp-content\/uploads\/sites\/5\/2026\/04\/1125x656-Kraujo-donoryste-1024x597-1-300x175.webp 300w, https:\/\/akropolis.lt\/siauliai\/wp-content\/uploads\/sites\/5\/2026\/04\/1125x656-Kraujo-donoryste-1024x597-1-768x448.webp 768w, https:\/\/akropolis.lt\/siauliai\/wp-content\/uploads\/sites\/5\/2026\/04\/1125x656-Kraujo-donoryste-1024x597-1.webp 1024w\"\n                     alt=\"NKC kraujo donoryst\u0117s akcija\">\n                    <\/div>\n        <div class=\"overlay\">\n            <p class=\"overlay-title\">Su\u017einoti daugiau<\/p>\n        <\/div>\n    <\/div>\n            \n                <h2 class=\"h7 event-title\">\n            NKC kraujo donoryst\u0117s akcija        <\/h2>\n    \n            <div class=\"date-wrapper\">\n                                                <p> 2026.04.11 &#8211; 2026.04.11<\/p>\n                                    <\/div>\n    <\/a>\n                                                                    \n<a href=\"https:\/\/akropolis.lt\/siauliai\/renginys\/mario-galaktikos-pramogas\/\" class=\"event-card col-span-6 sm-col-span-12 post-card js-post-card \"\n   data-title=\"\u00a0MARIO galaktikos pramogos\"\n   data-start=\"2026.04.11\" data-end=\"2026.04.12\"\n   data-time-start=\"\" data-time-end=\"\"\n   data-published=\"2026.03.30\"\n   data-groups=\" \"\n   data-id=\"7386\"\n   data-post-type=\"event\">\n    <div class=\"content-wrapper\">\n        <div class=\"image-wrapper\">\n                            <img class=\"force-no-contrast\" src=\"https:\/\/akropolis.lt\/siauliai\/wp-content\/uploads\/sites\/5\/2026\/03\/1125x656-Super-Mario.jpg\"\n                     srcset=\"https:\/\/akropolis.lt\/siauliai\/wp-content\/uploads\/sites\/5\/2026\/03\/1125x656-Super-Mario-300x175.jpg 300w, https:\/\/akropolis.lt\/siauliai\/wp-content\/uploads\/sites\/5\/2026\/03\/1125x656-Super-Mario-1024x597.jpg 1024w, https:\/\/akropolis.lt\/siauliai\/wp-content\/uploads\/sites\/5\/2026\/03\/1125x656-Super-Mario-768x448.jpg 768w, https:\/\/akropolis.lt\/siauliai\/wp-content\/uploads\/sites\/5\/2026\/03\/1125x656-Super-Mario.jpg 1125w\"\n                     alt=\"\u00a0MARIO galaktikos pramogos\">\n                    <\/div>\n        <div class=\"overlay\">\n            <p class=\"overlay-title\">Su\u017einoti daugiau<\/p>\n        <\/div>\n    <\/div>\n                <h2 class=\"h7 event-title\">\n            \u00a0MARIO galaktikos pramogos        <\/h2>\n    \n            <div class=\"date-wrapper\">\n                                                <p> 2026.04.11 &#8211; 2026.04.12<\/p>\n                                    <\/div>\n    <\/a>\n                                                                    \n<a href=\"https:\/\/akropolis.lt\/siauliai\/renginys\/nkc-kraujo-donorystes-akcija-3\/\" class=\"event-card col-span-6 sm-col-span-12 post-card js-post-card \"\n   data-title=\"NKC kraujo donoryst\u0117s akcija\"\n   data-start=\"2026.04.18\" data-end=\"2026.04.18\"\n   data-time-start=\"\" data-time-end=\"\"\n   data-published=\"2026.04.03\"\n   data-groups=\"339\"\n   data-id=\"7609\"\n   data-post-type=\"event\">\n    <div class=\"content-wrapper\">\n        <div class=\"image-wrapper\">\n                            <img class=\"force-no-contrast\" src=\"https:\/\/akropolis.lt\/siauliai\/wp-content\/uploads\/sites\/5\/2026\/04\/1125x656-Kraujo-donoryste-1024x597-1.webp\"\n                     srcset=\"https:\/\/akropolis.lt\/siauliai\/wp-content\/uploads\/sites\/5\/2026\/04\/1125x656-Kraujo-donoryste-1024x597-1-300x175.webp 300w, https:\/\/akropolis.lt\/siauliai\/wp-content\/uploads\/sites\/5\/2026\/04\/1125x656-Kraujo-donoryste-1024x597-1-768x448.webp 768w, https:\/\/akropolis.lt\/siauliai\/wp-content\/uploads\/sites\/5\/2026\/04\/1125x656-Kraujo-donoryste-1024x597-1.webp 1024w\"\n                     alt=\"NKC kraujo donoryst\u0117s akcija\">\n                    <\/div>\n        <div class=\"overlay\">\n            <p class=\"overlay-title\">Su\u017einoti daugiau<\/p>\n        <\/div>\n    <\/div>\n            \n                <h2 class=\"h7 event-title\">\n            NKC kraujo donoryst\u0117s akcija        <\/h2>\n    \n            <div class=\"date-wrapper\">\n                                                <p> 2026.04.18 &#8211; 2026.04.18<\/p>\n                                    <\/div>\n    <\/a>\n                                                                    \n<a href=\"https:\/\/akropolis.lt\/siauliai\/renginys\/nkc-kraujo-donorystes-akcija-4\/\" class=\"event-card col-span-6 sm-col-span-12 post-card js-post-card \"\n   data-title=\"NKC kraujo donoryst\u0117s akcija\"\n   data-start=\"2026.04.25\" data-end=\"2026.04.25\"\n   data-time-start=\"\" data-time-end=\"\"\n   data-published=\"2026.04.03\"\n   data-groups=\"339\"\n   data-id=\"7610\"\n   data-post-type=\"event\">\n    <div class=\"content-wrapper\">\n        <div class=\"image-wrapper\">\n                            <img class=\"force-no-contrast\" src=\"https:\/\/akropolis.lt\/siauliai\/wp-content\/uploads\/sites\/5\/2026\/04\/1125x656-Kraujo-donoryste-1024x597-1.webp\"\n                     srcset=\"https:\/\/akropolis.lt\/siauliai\/wp-content\/uploads\/sites\/5\/2026\/04\/1125x656-Kraujo-donoryste-1024x597-1-300x175.webp 300w, https:\/\/akropolis.lt\/siauliai\/wp-content\/uploads\/sites\/5\/2026\/04\/1125x656-Kraujo-donoryste-1024x597-1-768x448.webp 768w, https:\/\/akropolis.lt\/siauliai\/wp-content\/uploads\/sites\/5\/2026\/04\/1125x656-Kraujo-donoryste-1024x597-1.webp 1024w\"\n                     alt=\"NKC kraujo donoryst\u0117s akcija\">\n                    <\/div>\n        <div class=\"overlay\">\n            <p class=\"overlay-title\">Su\u017einoti daugiau<\/p>\n        <\/div>\n    <\/div>\n            \n                <h2 class=\"h7 event-title\">\n            NKC kraujo donoryst\u0117s akcija        <\/h2>\n    \n            <div class=\"date-wrapper\">\n                                                <p> 2026.04.25 &#8211; 2026.04.25<\/p>\n                                    <\/div>\n    <\/a>\n                                                                    \n<a href=\"https:\/\/akropolis.lt\/siauliai\/renginys\/ukininku-turgus-ieskantiems-naturaliu-ir-sveiku-maisto-produktu\/\" class=\"event-card col-span-6 sm-col-span-12 post-card js-post-card \"\n   data-title=\"\u016akinink\u0173 turgelis\"\n   data-start=\"2025.01.01\" data-end=\"2026.12.31\"\n   data-time-start=\"\" data-time-end=\"\"\n   data-published=\"2025.06.04\"\n   data-groups=\" \"\n   data-id=\"2359\"\n   data-post-type=\"event\">\n    <div class=\"content-wrapper\">\n        <div class=\"image-wrapper\">\n                            <img class=\"force-no-contrast\" src=\"https:\/\/akropolis.lt\/siauliai\/wp-content\/uploads\/sites\/5\/2025\/06\/1125x656-Ukininku-turgelis.jpg\"\n                     srcset=\"https:\/\/akropolis.lt\/siauliai\/wp-content\/uploads\/sites\/5\/2025\/06\/1125x656-Ukininku-turgelis-300x175.jpg 300w, https:\/\/akropolis.lt\/siauliai\/wp-content\/uploads\/sites\/5\/2025\/06\/1125x656-Ukininku-turgelis-1024x597.jpg 1024w, https:\/\/akropolis.lt\/siauliai\/wp-content\/uploads\/sites\/5\/2025\/06\/1125x656-Ukininku-turgelis-768x448.jpg 768w, https:\/\/akropolis.lt\/siauliai\/wp-content\/uploads\/sites\/5\/2025\/06\/1125x656-Ukininku-turgelis.jpg 1125w\"\n                     alt=\"\u016akinink\u0173 turgelis\">\n                    <\/div>\n        <div class=\"overlay\">\n            <p class=\"overlay-title\">Su\u017einoti daugiau<\/p>\n        <\/div>\n    <\/div>\n                <h2 class=\"h7 event-title\">\n            \u016akinink\u0173 turgelis        <\/h2>\n    \n            <div class=\"date-wrapper\">\n                                                <p> 2025.01.01 &#8211; 2026.12.31<\/p>\n                                    <\/div>\n    <\/a>\n                                                                                    <\/div>\n                        <div class=\"js-no-results no-results-message\">\n                            <p>Rezultat\u0173 nerasta.<\/p>\n                        <\/div>\n                    <\/div>\n\n                            <\/div>\n        <\/div>\n    <\/section>\n\n<script>window.dispatchEvent( new Event('acf\/loaded\/event-promo-list'));<\/script>","protected":false},"excerpt":{"rendered":"","protected":false},"author":1,"featured_media":0,"parent":0,"menu_order":0,"comment_status":"closed","ping_status":"closed","template":"","meta":{"_acf_changed":false,"footnotes":""},"class_list":["post-2439","page","type-page","status-publish","hentry"],"acf":[],"yoast_head":"<!-- This site is optimized with the Yoast SEO plugin v27.2 - https:\/\/yoast.com\/product\/yoast-seo-wordpress\/ -->\n<title>Renginiai - Akropolis \u0160iauliai<\/title>\n<meta name=\"robots\" content=\"index, follow, max-snippet:-1, max-image-preview:large, max-video-preview:-1\" \/>\n<link rel=\"canonical\" href=\"https:\/\/akropolis.lt\/siauliai\/renginiai\/\" \/>\n<meta property=\"og:locale\" content=\"lt_LT\" \/>\n<meta property=\"og:type\" content=\"article\" \/>\n<meta property=\"og:title\" content=\"Renginiai - Akropolis \u0160iauliai\" \/>\n<meta property=\"og:url\" content=\"https:\/\/akropolis.lt\/siauliai\/renginiai\/\" \/>\n<meta property=\"og:site_name\" content=\"Akropolis \u0160iauliai\" \/>\n<meta property=\"article:modified_time\" content=\"2026-02-11T09:48:44+00:00\" \/>\n<meta property=\"og:image\" content=\"https:\/\/akropolis.lt\/siauliai\/wp-content\/uploads\/sites\/5\/2025\/12\/OG-image.png\" \/>\n\t<meta property=\"og:image:width\" content=\"1200\" \/>\n\t<meta property=\"og:image:height\" content=\"630\" \/>\n\t<meta property=\"og:image:type\" content=\"image\/png\" \/>\n<meta name=\"twitter:card\" content=\"summary_large_image\" \/>\n<script type=\"application\/ld+json\" class=\"yoast-schema-graph\">{\"@context\":\"https:\/\/schema.org\",\"@graph\":[{\"@type\":\"WebPage\",\"@id\":\"https:\/\/akropolis.lt\/siauliai\/renginiai\/\",\"url\":\"https:\/\/akropolis.lt\/siauliai\/renginiai\/\",\"name\":\"Renginiai - Akropolis \u0160iauliai\",\"isPartOf\":{\"@id\":\"https:\/\/akropolis.lt\/siauliai\/#website\"},\"datePublished\":\"2025-03-19T14:10:43+00:00\",\"dateModified\":\"2026-02-11T09:48:44+00:00\",\"breadcrumb\":{\"@id\":\"https:\/\/akropolis.lt\/siauliai\/renginiai\/#breadcrumb\"},\"inLanguage\":\"lt-LT\",\"potentialAction\":[{\"@type\":\"ReadAction\",\"target\":[\"https:\/\/akropolis.lt\/siauliai\/renginiai\/\"]}]},{\"@type\":\"BreadcrumbList\",\"@id\":\"https:\/\/akropolis.lt\/siauliai\/renginiai\/#breadcrumb\",\"itemListElement\":[{\"@type\":\"ListItem\",\"position\":1,\"name\":\"Home\",\"item\":\"https:\/\/akropolis.lt\/siauliai\/\"},{\"@type\":\"ListItem\",\"position\":2,\"name\":\"Renginiai\"}]},{\"@type\":\"WebSite\",\"@id\":\"https:\/\/akropolis.lt\/siauliai\/#website\",\"url\":\"https:\/\/akropolis.lt\/siauliai\/\",\"name\":\"Akropolis \u0160iauliai\",\"description\":\"\",\"potentialAction\":[{\"@type\":\"SearchAction\",\"target\":{\"@type\":\"EntryPoint\",\"urlTemplate\":\"https:\/\/akropolis.lt\/siauliai\/?s={search_term_string}\"},\"query-input\":{\"@type\":\"PropertyValueSpecification\",\"valueRequired\":true,\"valueName\":\"search_term_string\"}}],\"inLanguage\":\"lt-LT\"}]}<\/script>\n<!-- \/ Yoast SEO plugin. -->","yoast_head_json":{"title":"Renginiai - Akropolis \u0160iauliai","robots":{"index":"index","follow":"follow","max-snippet":"max-snippet:-1","max-image-preview":"max-image-preview:large","max-video-preview":"max-video-preview:-1"},"canonical":"https:\/\/akropolis.lt\/siauliai\/renginiai\/","og_locale":"lt_LT","og_type":"article","og_title":"Renginiai - Akropolis \u0160iauliai","og_url":"https:\/\/akropolis.lt\/siauliai\/renginiai\/","og_site_name":"Akropolis \u0160iauliai","article_modified_time":"2026-02-11T09:48:44+00:00","og_image":[{"width":1200,"height":630,"url":"https:\/\/akropolis.lt\/siauliai\/wp-content\/uploads\/sites\/5\/2025\/12\/OG-image.png","type":"image\/png"}],"twitter_card":"summary_large_image","schema":{"@context":"https:\/\/schema.org","@graph":[{"@type":"WebPage","@id":"https:\/\/akropolis.lt\/siauliai\/renginiai\/","url":"https:\/\/akropolis.lt\/siauliai\/renginiai\/","name":"Renginiai - Akropolis \u0160iauliai","isPartOf":{"@id":"https:\/\/akropolis.lt\/siauliai\/#website"},"datePublished":"2025-03-19T14:10:43+00:00","dateModified":"2026-02-11T09:48:44+00:00","breadcrumb":{"@id":"https:\/\/akropolis.lt\/siauliai\/renginiai\/#breadcrumb"},"inLanguage":"lt-LT","potentialAction":[{"@type":"ReadAction","target":["https:\/\/akropolis.lt\/siauliai\/renginiai\/"]}]},{"@type":"BreadcrumbList","@id":"https:\/\/akropolis.lt\/siauliai\/renginiai\/#breadcrumb","itemListElement":[{"@type":"ListItem","position":1,"name":"Home","item":"https:\/\/akropolis.lt\/siauliai\/"},{"@type":"ListItem","position":2,"name":"Renginiai"}]},{"@type":"WebSite","@id":"https:\/\/akropolis.lt\/siauliai\/#website","url":"https:\/\/akropolis.lt\/siauliai\/","name":"Akropolis \u0160iauliai","description":"","potentialAction":[{"@type":"SearchAction","target":{"@type":"EntryPoint","urlTemplate":"https:\/\/akropolis.lt\/siauliai\/?s={search_term_string}"},"query-input":{"@type":"PropertyValueSpecification","valueRequired":true,"valueName":"search_term_string"}}],"inLanguage":"lt-LT"}]}},"_links":{"self":[{"href":"https:\/\/akropolis.lt\/siauliai\/wp-json\/wp\/v2\/pages\/2439","targetHints":{"allow":["GET"]}}],"collection":[{"href":"https:\/\/akropolis.lt\/siauliai\/wp-json\/wp\/v2\/pages"}],"about":[{"href":"https:\/\/akropolis.lt\/siauliai\/wp-json\/wp\/v2\/types\/page"}],"author":[{"embeddable":true,"href":"https:\/\/akropolis.lt\/siauliai\/wp-json\/wp\/v2\/users\/1"}],"replies":[{"embeddable":true,"href":"https:\/\/akropolis.lt\/siauliai\/wp-json\/wp\/v2\/comments?post=2439"}],"version-history":[{"count":3,"href":"https:\/\/akropolis.lt\/siauliai\/wp-json\/wp\/v2\/pages\/2439\/revisions"}],"predecessor-version":[{"id":6160,"href":"https:\/\/akropolis.lt\/siauliai\/wp-json\/wp\/v2\/pages\/2439\/revisions\/6160"}],"wp:attachment":[{"href":"https:\/\/akropolis.lt\/siauliai\/wp-json\/wp\/v2\/media?parent=2439"}],"curies":[{"name":"wp","href":"https:\/\/api.w.org\/{rel}","templated":true}]}}