{"id":2510,"date":"2025-05-30T08:41:20","date_gmt":"2025-05-30T08:41:20","guid":{"rendered":"https:\/\/akropolis.lt\/vilnius\/?page_id=4873"},"modified":"2025-06-04T11:32:41","modified_gmt":"2025-06-04T11:32:41","slug":"tvarumo-ataskaita","status":"publish","type":"page","link":"https:\/\/akropolis.lt\/siauliai\/tvarumo-ataskaita\/","title":{"rendered":"Tvarumo ataskaita"},"content":{"rendered":"\n    <section id=\"text-files-block-68361369d1224\" class=\"text-files\">\n        <div class=\"container\">\n            <div class=\"content-btns-wrap\">\n                                    <div class=\"content-wrap\">\n                        <h3>Tvarumo ataskaita<\/h3>\n<p>AKROPOLIS GROUP, UAB siekiame kurti atsakingo bei darniai pl\u0117tojamo verslo kult\u016br\u0105. Esame savo srities lyderiai Baltijos \u0161alyse, o m\u016bs\u0173 siekis veikti tvariau ir \u012fgyvendinamos tvarumo iniciatyvos yra svarbios m\u016bs\u0173 lankytojams, verslo partneriams ir investuotojams.<\/p>\n                    <\/div>\n                                                    <div class=\"btns-wrap\">\n                                                        <a class=\"btn bg-red dot download download-pdf\" target=\"_blank\"\n                                   href=\"https:\/\/akropolis.lt\/siauliai\/wp-content\/uploads\/sites\/5\/2025\/06\/13276_LT_Tvarumo_ataskaita.pdf\">\n                                    <span>Akropolis Group Tvarumo ataskaita 2024<\/span>\n                                <\/a>\n                                                            <a class=\"btn bg-red dot download download-pdf\" target=\"_blank\"\n                                   href=\"https:\/\/akropolis.lt\/siauliai\/wp-content\/uploads\/sites\/5\/2025\/06\/11791_LT_Sustainability.pdf\">\n                                    <span>Akropolis Group Tvarumo ataskaita 2023<\/span>\n                                <\/a>\n                                                            <a class=\"btn bg-red dot download download-pdf\" target=\"_blank\"\n                                   href=\"https:\/\/akropolis.lt\/siauliai\/wp-content\/uploads\/sites\/5\/2025\/06\/11966_482_AKROPOLIS-GROUP-Tvarumo-ataskaita-2022.pdf\">\n                                    <span>Akropolis Group Tvarumo ataskaita 2022<\/span>\n                                <\/a>\n                                                <\/div>\n                            <\/div>\n        <\/div>\n    <\/section>\n\n<script>window.dispatchEvent( new Event('acf\/loaded\/text-files'));<\/script>\n\n","protected":false},"excerpt":{"rendered":"","protected":false},"author":13,"featured_media":0,"parent":0,"menu_order":0,"comment_status":"closed","ping_status":"closed","template":"","meta":{"_acf_changed":false,"footnotes":""},"class_list":["post-2510","page","type-page","status-publish","hentry"],"acf":[],"yoast_head":"<!-- This site is optimized with the Yoast SEO plugin v27.2 - https:\/\/yoast.com\/product\/yoast-seo-wordpress\/ -->\n<title>Tvarumo ataskaita - Akropolis \u0160iauliai<\/title>\n<meta name=\"robots\" content=\"index, follow, max-snippet:-1, max-image-preview:large, max-video-preview:-1\" \/>\n<link rel=\"canonical\" href=\"https:\/\/akropolis.lt\/siauliai\/tvarumo-ataskaita\/\" \/>\n<meta property=\"og:locale\" content=\"lt_LT\" \/>\n<meta property=\"og:type\" content=\"article\" \/>\n<meta property=\"og:title\" content=\"Tvarumo ataskaita - Akropolis \u0160iauliai\" \/>\n<meta property=\"og:url\" content=\"https:\/\/akropolis.lt\/siauliai\/tvarumo-ataskaita\/\" \/>\n<meta property=\"og:site_name\" content=\"Akropolis \u0160iauliai\" \/>\n<meta property=\"article:modified_time\" content=\"2025-06-04T11:32:41+00:00\" \/>\n<meta property=\"og:image\" content=\"https:\/\/akropolis.lt\/siauliai\/wp-content\/uploads\/sites\/5\/2025\/12\/OG-image.png\" \/>\n\t<meta property=\"og:image:width\" content=\"1200\" \/>\n\t<meta property=\"og:image:height\" content=\"630\" \/>\n\t<meta property=\"og:image:type\" content=\"image\/png\" \/>\n<meta name=\"twitter:card\" content=\"summary_large_image\" \/>\n<script type=\"application\/ld+json\" class=\"yoast-schema-graph\">{\"@context\":\"https:\/\/schema.org\",\"@graph\":[{\"@type\":\"WebPage\",\"@id\":\"https:\/\/akropolis.lt\/siauliai\/tvarumo-ataskaita\/\",\"url\":\"https:\/\/akropolis.lt\/siauliai\/tvarumo-ataskaita\/\",\"name\":\"Tvarumo ataskaita - Akropolis \u0160iauliai\",\"isPartOf\":{\"@id\":\"https:\/\/akropolis.lt\/siauliai\/#website\"},\"datePublished\":\"2025-05-30T08:41:20+00:00\",\"dateModified\":\"2025-06-04T11:32:41+00:00\",\"breadcrumb\":{\"@id\":\"https:\/\/akropolis.lt\/siauliai\/tvarumo-ataskaita\/#breadcrumb\"},\"inLanguage\":\"lt-LT\",\"potentialAction\":[{\"@type\":\"ReadAction\",\"target\":[\"https:\/\/akropolis.lt\/siauliai\/tvarumo-ataskaita\/\"]}]},{\"@type\":\"BreadcrumbList\",\"@id\":\"https:\/\/akropolis.lt\/siauliai\/tvarumo-ataskaita\/#breadcrumb\",\"itemListElement\":[{\"@type\":\"ListItem\",\"position\":1,\"name\":\"Home\",\"item\":\"https:\/\/akropolis.lt\/siauliai\/\"},{\"@type\":\"ListItem\",\"position\":2,\"name\":\"Tvarumo ataskaita\"}]},{\"@type\":\"WebSite\",\"@id\":\"https:\/\/akropolis.lt\/siauliai\/#website\",\"url\":\"https:\/\/akropolis.lt\/siauliai\/\",\"name\":\"Akropolis \u0160iauliai\",\"description\":\"\",\"potentialAction\":[{\"@type\":\"SearchAction\",\"target\":{\"@type\":\"EntryPoint\",\"urlTemplate\":\"https:\/\/akropolis.lt\/siauliai\/?s={search_term_string}\"},\"query-input\":{\"@type\":\"PropertyValueSpecification\",\"valueRequired\":true,\"valueName\":\"search_term_string\"}}],\"inLanguage\":\"lt-LT\"}]}<\/script>\n<!-- \/ Yoast SEO plugin. -->","yoast_head_json":{"title":"Tvarumo ataskaita - Akropolis \u0160iauliai","robots":{"index":"index","follow":"follow","max-snippet":"max-snippet:-1","max-image-preview":"max-image-preview:large","max-video-preview":"max-video-preview:-1"},"canonical":"https:\/\/akropolis.lt\/siauliai\/tvarumo-ataskaita\/","og_locale":"lt_LT","og_type":"article","og_title":"Tvarumo ataskaita - Akropolis \u0160iauliai","og_url":"https:\/\/akropolis.lt\/siauliai\/tvarumo-ataskaita\/","og_site_name":"Akropolis \u0160iauliai","article_modified_time":"2025-06-04T11:32:41+00:00","og_image":[{"width":1200,"height":630,"url":"https:\/\/akropolis.lt\/siauliai\/wp-content\/uploads\/sites\/5\/2025\/12\/OG-image.png","type":"image\/png"}],"twitter_card":"summary_large_image","schema":{"@context":"https:\/\/schema.org","@graph":[{"@type":"WebPage","@id":"https:\/\/akropolis.lt\/siauliai\/tvarumo-ataskaita\/","url":"https:\/\/akropolis.lt\/siauliai\/tvarumo-ataskaita\/","name":"Tvarumo ataskaita - Akropolis \u0160iauliai","isPartOf":{"@id":"https:\/\/akropolis.lt\/siauliai\/#website"},"datePublished":"2025-05-30T08:41:20+00:00","dateModified":"2025-06-04T11:32:41+00:00","breadcrumb":{"@id":"https:\/\/akropolis.lt\/siauliai\/tvarumo-ataskaita\/#breadcrumb"},"inLanguage":"lt-LT","potentialAction":[{"@type":"ReadAction","target":["https:\/\/akropolis.lt\/siauliai\/tvarumo-ataskaita\/"]}]},{"@type":"BreadcrumbList","@id":"https:\/\/akropolis.lt\/siauliai\/tvarumo-ataskaita\/#breadcrumb","itemListElement":[{"@type":"ListItem","position":1,"name":"Home","item":"https:\/\/akropolis.lt\/siauliai\/"},{"@type":"ListItem","position":2,"name":"Tvarumo ataskaita"}]},{"@type":"WebSite","@id":"https:\/\/akropolis.lt\/siauliai\/#website","url":"https:\/\/akropolis.lt\/siauliai\/","name":"Akropolis \u0160iauliai","description":"","potentialAction":[{"@type":"SearchAction","target":{"@type":"EntryPoint","urlTemplate":"https:\/\/akropolis.lt\/siauliai\/?s={search_term_string}"},"query-input":{"@type":"PropertyValueSpecification","valueRequired":true,"valueName":"search_term_string"}}],"inLanguage":"lt-LT"}]}},"_links":{"self":[{"href":"https:\/\/akropolis.lt\/siauliai\/wp-json\/wp\/v2\/pages\/2510","targetHints":{"allow":["GET"]}}],"collection":[{"href":"https:\/\/akropolis.lt\/siauliai\/wp-json\/wp\/v2\/pages"}],"about":[{"href":"https:\/\/akropolis.lt\/siauliai\/wp-json\/wp\/v2\/types\/page"}],"author":[{"embeddable":true,"href":"https:\/\/akropolis.lt\/siauliai\/wp-json\/wp\/v2\/users\/13"}],"replies":[{"embeddable":true,"href":"https:\/\/akropolis.lt\/siauliai\/wp-json\/wp\/v2\/comments?post=2510"}],"version-history":[{"count":1,"href":"https:\/\/akropolis.lt\/siauliai\/wp-json\/wp\/v2\/pages\/2510\/revisions"}],"predecessor-version":[{"id":2655,"href":"https:\/\/akropolis.lt\/siauliai\/wp-json\/wp\/v2\/pages\/2510\/revisions\/2655"}],"wp:attachment":[{"href":"https:\/\/akropolis.lt\/siauliai\/wp-json\/wp\/v2\/media?parent=2510"}],"curies":[{"name":"wp","href":"https:\/\/api.w.org\/{rel}","templated":true}]}}