{"id":3580,"date":"2025-07-15T12:24:15","date_gmt":"2025-07-15T12:24:15","guid":{"rendered":"https:\/\/akropolis.lt\/siauliai\/?page_id=3580"},"modified":"2025-07-15T13:05:22","modified_gmt":"2025-07-15T13:05:22","slug":"skambuciu-irasymas","status":"publish","type":"page","link":"https:\/\/akropolis.lt\/siauliai\/skambuciu-irasymas\/","title":{"rendered":"Skambu\u010di\u0173 \u012fra\u0161ymas"},"content":{"rendered":"\n<script>window.dispatchEvent( new Event('acf\/loaded\/text'));<\/script>\n\n\n    <section id=\"text-sidebar-block-68397e7c6f031\" class=\"text-sidebar\">\n        <div class=\"container\">\n            <div class=\"wrap \">\n                                    <div class=\"navigation-side\">\n                        <p><\/p>\n                                                    <ul>\n                                                                    <li><a class=\"js-policy-nav\" data-target=\"item-0\"\n                                           href=\"#item-0\">J\u016bs\u0173 asmens Duomen\u0173 valdytojas<\/a><\/li>\n                                                                    <li><a class=\"js-policy-nav\" data-target=\"item-1\"\n                                           href=\"#item-1\">Tikslai ir teis\u0117ta asmens duomen\u0173 tvarkymo s\u0105lyga, kuri\u0173 pagrindu bus tvarkomi J\u016bs\u0173 asmens duomenys<\/a><\/li>\n                                                                    <li><a class=\"js-policy-nav\" data-target=\"item-2\"\n                                           href=\"#item-2\">Tvarkomi asmens duomenys<\/a><\/li>\n                                                                    <li><a class=\"js-policy-nav\" data-target=\"item-3\"\n                                           href=\"#item-3\">J\u016bs\u0173 asmens duomen\u0173 teikimas<\/a><\/li>\n                                                                    <li><a class=\"js-policy-nav\" data-target=\"item-4\"\n                                           href=\"#item-4\">J\u016bs\u0173 asmens duomen\u0173 saugojimo terminas<\/a><\/li>\n                                                                    <li><a class=\"js-policy-nav\" data-target=\"item-5\"\n                                           href=\"#item-5\">J\u016bs\u0173 teis\u0117s ir kaip jas \u012fgyvendinti<\/a><\/li>\n                                                            <\/ul>\n                                            <\/div>\n                                <div class=\"content-title-side\">\n                                            <h1 class=\"h4\">Skambu\u010di\u0173 \u012fra\u0161ymas<\/h1>\n                                                                <div class=\"intro-text\"><p>PRIVATUMO PRANE\u0160IMAS<\/p>\n<p>D\u0116L POKALBI\u0172 \u012eRA\u0160YMO, SUINTERESUOTIEMS ASMENIMS SKAMBINANT PPC AKROPOLIS VILNIUS, KLAIP\u0116DA IR \u0160IAULIAI INFORMACIJOS CENTRO TELEFONO NUMERIAIS<\/p>\n<p>\u0160is privatumo prane\u0161imas taikomas asmenims, kurie skambindami vie\u0161ai skelbiamu PPC AKROPOLIS Vilnius, Klaip\u0117da ar \u0160iauliai informacijos centro telefono numeriu sutinka, kad j\u0173 pokalbis b\u016bt\u0173 \u012fra\u0161omas.<\/p>\n<\/div>\n                                                                <div class=\"content-side \">\n                                                        <div class=\"step-holder \">\n                                                                                            <div class=\"item js-policy-block\" data-target=\"item-0\"\n                                         id=\"item-0\">\n                                                                                        <div class=\"content-wrap\">\n                                                    <p>\u0160is privatumo prane\u0161imas taikomas asmenims, kurie skambindami vie\u0161ai skelbiamu PPC AKROPOLIS Vilnius, Klaip\u0117da ar \u0160iauliai informacijos centro telefono numeriu sutinka, kad j\u0173 pokalbis b\u016bt\u0173 \u012fra\u0161omas.<\/p>\n<p>Informuojame, jog skambindami PPC AKROPOLIS Vilnius, Klaip\u0117da ar \u0160iauliai informacijos centro telefono numeriu galite nesutikti, kad J\u016bs\u0173 pokalbis b\u016bt\u0173 \u012fra\u0161omas. Jeigu nesutinkate, skambutis iki pokalbio \u012fra\u0161ymo prad\u017eios bus nutrauktas. Tokiu atveju kvie\u010diame kreiptis \u012f atitinkamo PPC AKROPOLIS informacijos centr\u0105:<\/p>\n<ul>\n<li>Vilniuje adresu Ozo g. 25, Vilnius;<\/li>\n<li>Klaip\u0117doje adresu Taikos pr. 61, Klaip\u0117da;<\/li>\n<li>\u0160iauliuose adresu Aido g. 8, \u0160iauliai.<\/li>\n<\/ul>\n                                                <\/div>\n                                                                                                                                                                                <div class=\"content-wrap\">\n                                                    <p><strong>1. J\u016bs\u0173 asmens Duomen\u0173 valdytojas<\/strong><\/p>\n<p>AKROPOLIS GROUP, UAB.<\/p>\n<p>Adresas: Ozo g. 25, Vilnius<\/p>\n<p>Kodas: 302533135<\/p>\n<p>Tel. Nr.: +370 65923632<\/p>\n<p>El. pa\u0161tas: <a href=\"mailto:privatumas@akropolis.lt\">privatumas@akropolis.lt<\/a><\/p>\n<p><a href=\"https:\/\/www.akropolis.lt\/lt\">https:\/\/www.akropolis.lt\/lt<\/a><\/p>\n                                                <\/div>\n                                                                                                                                                                    <\/div>\n                                                            <\/div>\n                                                        <div class=\"step-holder \">\n                                                                                            <div class=\"item js-policy-block\" data-target=\"item-1\"\n                                         id=\"item-1\">\n                                                                                        <div class=\"content-wrap\">\n                                                    <p><strong>2. Tikslai ir teis\u0117ta asmens duomen\u0173 tvarkymo s\u0105lyga, kuri\u0173 pagrindu bus tvarkomi J\u016bs\u0173 asmens duomenys<\/strong><\/p>\n<p>Jums sutikus, kad pokalbis b\u016bt\u0173 \u012fra\u0161omas, garso \u012fra\u0161\u0105 prad\u0117sime fiksuoti tik atsiliepus PPC AKROPOLIS informacijos centro konsultantui, o pokalbio metu u\u017efiksuotus <strong>J\u016bs\u0173 asmens duomenis tvarkysime siekdami u\u017etikrinti efektyv\u0173 prane\u0161imo ar u\u017eklausos nagrin\u0117jim\u0105, taip pat, esant poreikiui, b\u016btin\u0173 atitinkamiems \u012fvykiams nustatyti ar tirti \u012frodym\u0173 i\u0161saugojim\u0105.<\/strong><\/p>\n<p>Informuojame, kad J\u016bs\u0173 asmens duomen\u0173 tvarkymas auk\u0161\u010diau nurodytais tikslais yra atliekamas J\u016bs\u0173, kaip duomen\u0173 subjekto, sutikimo pagrindu (Bendrojo duomen\u0173 apsaugos reglamento 6 straipsnio 1 dalies a punktas).<\/p>\n                                                <\/div>\n                                                                                                                                                                    <\/div>\n                                                            <\/div>\n                                                        <div class=\"step-holder \">\n                                                                                            <div class=\"item js-policy-block\" data-target=\"item-2\"\n                                         id=\"item-2\">\n                                                                                        <div class=\"content-wrap\">\n                                                    <p><strong>3. Tvarkomi asmens duomenys<\/strong><\/p>\n<p>2 punkte min\u0117tais tikslais tvarkysime pokalbio metu J\u016bs\u0173 atskleistus asmens duomenis:<\/p>\n<ul>\n<li>J\u016bs\u0173 bals\u0105 ir pokalbio turin\u012f;<\/li>\n<li>telefono numer\u012f,<\/li>\n<li>skambu\u010dio dat\u0105 ir laik\u0105, trukm\u0119;<\/li>\n<li>kit\u0105 J\u016bs\u0173 pasirinkimu potencialiai pateikiam\u0105 informacij\u0105, pvz., J\u016bs\u0173 vard\u0105, pavard\u0119.<\/li>\n<\/ul>\n<p>Atkreipiame J\u016bs\u0173 d\u0117mes\u012f, kad duomenis teikiantys asmenys visais atvejais \u012fsipareigoja pateikti tik teising\u0105, tikrov\u0119 atitinkan\u010di\u0105 informacij\u0105. Prie\u0161 pateikdamas kit\u0173 asmen\u0173 asmens duomenis, duomenis teikiantis asmuo yra atsakingas u\u017e to asmens informavim\u0105 apie jo asmens duomen\u0173 pateikim\u0105 Duomen\u0173 valdytojui auk\u0161\u010diau nurodytais tikslais ir j\u0173 duomen\u0173 tvarkym\u0105 \u0161iame prane\u0161ime nurodyta apimtimi, bei sutikimo gavim\u0105 d\u0117l tokio duomen\u0173 pateikimo ir j\u0173 vykdomo tvarkymo.<\/p>\n                                                <\/div>\n                                                                                                                                                                    <\/div>\n                                                            <\/div>\n                                                        <div class=\"step-holder \">\n                                                                                            <div class=\"item js-policy-block\" data-target=\"item-3\"\n                                         id=\"item-3\">\n                                                                                        <div class=\"content-wrap\">\n                                                    <p><strong>4. J\u016bs\u0173 asmens duomen\u0173 teikimas<\/strong><\/p>\n<p>Duomen\u0173 valdytojas J\u016bs\u0173 asmens duomenis gali perduoti tre\u010diosioms \u0161alims, ta\u010diau tik autorizuotiems asmenims, \u012fsipareigojusiems laikytis konfidencialumo:<\/p>\n<ul>\n<li>policijai, teis\u0117saugos institucijoms, kitoms valstyb\u0117s ar savivaldybi\u0173 institucijoms (jei tai numatyta atitinkamuose teis\u0117s aktuose arba b\u016btina \u0161i\u0173 institucij\u0173 priskirt\u0173 funkcij\u0173 vykdymui) arba kitiems asmenims, vykdantiems oficialius jiems priskirtus \u012fgaliojimus;<\/li>\n<li>kitiems tretiesiems suinteresuotiems asmenims \u2013 pagal j\u0173 pagr\u012fst\u0105 pra\u0161ym\u0105 ar bendrov\u0117s sprendimu, atsi\u017evelgiant \u012f teis\u0117t\u0105 pagrind\u0105 tokiam perdavimui, \u012fskaitant atitinkamo PPC AKROPOLIS savininkui, t. y. OZO TURTAS, UAB, kodas 301744866; TAIKOS TURTAS, UAB, kodas 301744873; ar AIDO TURTAS, UAB, kodas 301744834;<\/li>\n<li>PPC AKROPOLIS apsaugos paslaugas teikian\u010diai UAB \u201eEUROCASH1\u201c, kodas 225329030;<\/li>\n<li>Microsoft Corporation, kodas 600 413 485;<\/li>\n<li>teismams, arbitrams, tarpininkams, mediatoriams, prie\u0161ingoms \u0161alims ir \/ arba j\u0173 atstovams, \u012fskaitant advokatus (jei tai reikalinga teismo, arbitra\u017eo, mediacijos proceso tikslais);<\/li>\n<li>draudimo bendrov\u0117ms, kitiems profesiniams konsultantams, pvz., advokatams (jei to reikia Bendrov\u0117s ir \/ arba tre\u010di\u0173j\u0173 asmen\u0173 (\u012fskaitant nukent\u0117jusiuosius) teis\u0117ms ir teis\u0117tiems interesams apsaugoti);<\/li>\n<li>kitiems fiziniams ir \/ arba juridiniams asmenims, kai tai susij\u0119 su ir b\u016btina Bendrov\u0117s organizaciniams pakeitimams (pvz., Bendrov\u0117s susijungimo arba \u012fsigijimo atveju ir pan.);<\/li>\n<li>taip pat Bendrov\u0117s pasitelktiems duomen\u0173 tvarkytojams (tiek, kiek reikalinga atitinkamoms duomen\u0173 tvarkymo funkcijoms Bendrov\u0117s vardu atlikti).<\/li>\n<\/ul>\n<p>Informuojame, kad pokalbi\u0173 \u012fra\u0161\u0173 teikimas u\u017e Europos ekonomin\u0117s erdv\u0117s rib\u0173 i\u0161 esm\u0117s n\u0117ra numatytas ir \u012fprastai nebus taikomas, i\u0161skyrus kiek gali b\u016bti reikalinga perduoti asmens duomenis kai tai susij\u0119 su Microsoft program\u0173 paketo programin\u0117s \u012frangos, \u012fskaitant debes\u0173 kompiuterijos ir prieglobos paslaugas, naudojimu.<\/p>\n                                                <\/div>\n                                                                                                                                                                    <\/div>\n                                                            <\/div>\n                                                        <div class=\"step-holder \">\n                                                                                            <div class=\"item js-policy-block\" data-target=\"item-4\"\n                                         id=\"item-4\">\n                                                                                        <div class=\"content-wrap\">\n                                                    <p><strong>5. J\u016bs\u0173 asmens duomen\u0173 saugojimo terminas<\/strong><\/p>\n<p>Jums sutikus, kad pokalbis b\u016bt\u0173 \u012fra\u0161omas, pokalbio metu J\u016bs\u0173 atskleistus asmens duomenis Duomen\u0173 valdytojas tvarkys ir saugos ne ilgiau kaip 14 dien\u0173. Ilgesnis J\u016bs\u0173 asmens duomen\u0173 saugojimas gali b\u016bti taikomas tik, kai b\u016btina konkretaus incidento, pavyzd\u017eiui, nusikalstamos veikos, tyrimui. Tokiu atveju duomenys saugomi iki skundo ar atitinkamo tyrimo ar bylos nagrin\u0117jimo pabaigos.<\/p>\n                                                <\/div>\n                                                                                                                                                                    <\/div>\n                                                            <\/div>\n                                                        <div class=\"step-holder \">\n                                                                                            <div class=\"item js-policy-block\" data-target=\"item-5\"\n                                         id=\"item-5\">\n                                                                                        <div class=\"content-wrap\">\n                                                    <p><strong>6. J\u016bs\u0173 teis\u0117s ir kaip jas \u012fgyvendinti<\/strong><\/p>\n<p>J\u016bs, kaip duomen\u0173 subjektas, turite teis\u0119 kreiptis \u012f Duomen\u0173 valdytoj\u0105 d\u0117l bet koki\u0173 klausim\u0173, susijusi\u0173 su J\u016bs\u0173 asmens duomen\u0173 tvarkymu, \u012fskaitant:<\/p>\n<ul>\n<li>gauti informacij\u0105 apie J\u016bs\u0173 duomen\u0173 tvarkym\u0105;<\/li>\n<li>pra\u0161yti, kad leistume susipa\u017einti su garso \u012fra\u0161e u\u017efiksuotais J\u016bs\u0173 duomenimis;<\/li>\n<li>pra\u0161yti i\u0161trinti J\u016bs\u0173 garso \u012fra\u0161o duomenis ar apriboti j\u0173 tvarkym\u0105, kai asmens duomenys tvarkomi nesilaikant teis\u0117s akt\u0173 reikalavim\u0173 ar kai yra kitas teisinis pagrindas;<\/li>\n<li>reikalauti i\u0161taisyti neteisingus, netikslius arba nei\u0161samius duomenis;<\/li>\n<li>pateikti skund\u0105 prie\u017ei\u016bros institucijai \u2013 Valstybinei duomen\u0173 apsaugos inspekcijai, L. Sapiegos g. 17, 10312 Vilnius, tel. (8 5) 271 2804, 279 1445, faks. (8 5) 261 9494, el. pa\u0161tas ada@ada.lt;<\/li>\n<li>bet kuriuo metu at\u0161aukti duot\u0105 sutikim\u0105 nedarant poveikio sutikimu grind\u017eiamo duomen\u0173 tvarkymo iki jo at\u0161aukimo teis\u0117tumui;<\/li>\n<li>reikalauti perkelti asmens duomenis kitam duomen\u0173 valdytojui arba pateikti tiesiogiai Jums patvaria forma (taikoma tik tiems asmens duomenims, kuriuos pateik\u0117te J\u016bs ir kuriuos J\u016bs\u0173 sutikimo pagrindu tvarkome automatizuotomis priemon\u0117mis).<\/li>\n<\/ul>\n<p>Nor\u0117dami pasinaudoti savo teis\u0117mis ar tur\u0117dami kit\u0173 su garso \u012fra\u0161o duomen\u0173 tvarkymu susijusi\u0173 klausim\u0173, kreipkit\u0117s el. pa\u0161to adresu privatumas@akropolis.lt arba si\u0173skite registruot\u0105 lai\u0161k\u0105 Duomen\u0173 valdytojo registracijos adresu. Kreipiantis pra\u0161ome tinkamai identifikuoti u\u017eklausos teik\u0117j\u0105 bei klausimo esm\u0119 ir aplinkybes. \u012e J\u016bs\u0173 u\u017eklaus\u0105 atsakysime kaip \u012fmanoma grei\u010diau, bet ne v\u0117liau kaip per 1 m\u0117n., su galimybe prat\u0119sti termin\u0105 2 m\u0117n., atsi\u017evelgiant \u012f pra\u0161ym\u0173 sud\u0117tingum\u0105 ir skai\u010di\u0173.<\/p>\n<p>Jeigu manote, kad J\u016bs\u0173 asmens duomenys yra tvarkomi neteis\u0117tai ar yra pa\u017eeid\u017eiamos J\u016bs\u0173 teis\u0117s, turite teis\u0119 kreiptis \u012f Valstybin\u0119 duomen\u0173 apsaugos inspekcij\u0105 ir d\u0117l to pateikti skund\u0105 (daugiau informacijos www.ada.lt\/).<\/p>\n                                                <\/div>\n                                                                                                                                                                    <\/div>\n                                                            <\/div>\n                                                    <\/div>\n                                    <\/div>\n            <\/div>\n        <\/div>\n    <\/section>\n\n<script>window.dispatchEvent( new Event('acf\/loaded\/text-sidebar'));<\/script>","protected":false},"excerpt":{"rendered":"","protected":false},"author":11,"featured_media":0,"parent":0,"menu_order":0,"comment_status":"closed","ping_status":"closed","template":"","meta":{"_acf_changed":false,"footnotes":""},"class_list":["post-3580","page","type-page","status-publish","hentry"],"acf":[],"yoast_head":"<!-- This site is optimized with the Yoast SEO plugin v27.2 - https:\/\/yoast.com\/product\/yoast-seo-wordpress\/ -->\n<title>Skambu\u010di\u0173 \u012fra\u0161ymas - Akropolis \u0160iauliai<\/title>\n<meta name=\"robots\" content=\"index, follow, max-snippet:-1, max-image-preview:large, max-video-preview:-1\" \/>\n<link rel=\"canonical\" href=\"https:\/\/akropolis.lt\/siauliai\/skambuciu-irasymas\/\" \/>\n<meta property=\"og:locale\" content=\"lt_LT\" \/>\n<meta property=\"og:type\" content=\"article\" \/>\n<meta property=\"og:title\" content=\"Skambu\u010di\u0173 \u012fra\u0161ymas - Akropolis \u0160iauliai\" \/>\n<meta property=\"og:url\" content=\"https:\/\/akropolis.lt\/siauliai\/skambuciu-irasymas\/\" \/>\n<meta property=\"og:site_name\" content=\"Akropolis \u0160iauliai\" \/>\n<meta property=\"article:modified_time\" content=\"2025-07-15T13:05:22+00:00\" \/>\n<meta property=\"og:image\" content=\"https:\/\/akropolis.lt\/siauliai\/wp-content\/uploads\/sites\/5\/2025\/12\/OG-image.png\" \/>\n\t<meta property=\"og:image:width\" content=\"1200\" \/>\n\t<meta property=\"og:image:height\" content=\"630\" \/>\n\t<meta property=\"og:image:type\" content=\"image\/png\" \/>\n<meta name=\"twitter:card\" content=\"summary_large_image\" \/>\n<script type=\"application\/ld+json\" class=\"yoast-schema-graph\">{\"@context\":\"https:\/\/schema.org\",\"@graph\":[{\"@type\":\"WebPage\",\"@id\":\"https:\/\/akropolis.lt\/siauliai\/skambuciu-irasymas\/\",\"url\":\"https:\/\/akropolis.lt\/siauliai\/skambuciu-irasymas\/\",\"name\":\"Skambu\u010di\u0173 \u012fra\u0161ymas - Akropolis \u0160iauliai\",\"isPartOf\":{\"@id\":\"https:\/\/akropolis.lt\/siauliai\/#website\"},\"datePublished\":\"2025-07-15T12:24:15+00:00\",\"dateModified\":\"2025-07-15T13:05:22+00:00\",\"breadcrumb\":{\"@id\":\"https:\/\/akropolis.lt\/siauliai\/skambuciu-irasymas\/#breadcrumb\"},\"inLanguage\":\"lt-LT\",\"potentialAction\":[{\"@type\":\"ReadAction\",\"target\":[\"https:\/\/akropolis.lt\/siauliai\/skambuciu-irasymas\/\"]}]},{\"@type\":\"BreadcrumbList\",\"@id\":\"https:\/\/akropolis.lt\/siauliai\/skambuciu-irasymas\/#breadcrumb\",\"itemListElement\":[{\"@type\":\"ListItem\",\"position\":1,\"name\":\"Home\",\"item\":\"https:\/\/akropolis.lt\/siauliai\/\"},{\"@type\":\"ListItem\",\"position\":2,\"name\":\"Skambu\u010di\u0173 \u012fra\u0161ymas\"}]},{\"@type\":\"WebSite\",\"@id\":\"https:\/\/akropolis.lt\/siauliai\/#website\",\"url\":\"https:\/\/akropolis.lt\/siauliai\/\",\"name\":\"Akropolis \u0160iauliai\",\"description\":\"\",\"potentialAction\":[{\"@type\":\"SearchAction\",\"target\":{\"@type\":\"EntryPoint\",\"urlTemplate\":\"https:\/\/akropolis.lt\/siauliai\/?s={search_term_string}\"},\"query-input\":{\"@type\":\"PropertyValueSpecification\",\"valueRequired\":true,\"valueName\":\"search_term_string\"}}],\"inLanguage\":\"lt-LT\"}]}<\/script>\n<!-- \/ Yoast SEO plugin. -->","yoast_head_json":{"title":"Skambu\u010di\u0173 \u012fra\u0161ymas - Akropolis \u0160iauliai","robots":{"index":"index","follow":"follow","max-snippet":"max-snippet:-1","max-image-preview":"max-image-preview:large","max-video-preview":"max-video-preview:-1"},"canonical":"https:\/\/akropolis.lt\/siauliai\/skambuciu-irasymas\/","og_locale":"lt_LT","og_type":"article","og_title":"Skambu\u010di\u0173 \u012fra\u0161ymas - Akropolis \u0160iauliai","og_url":"https:\/\/akropolis.lt\/siauliai\/skambuciu-irasymas\/","og_site_name":"Akropolis \u0160iauliai","article_modified_time":"2025-07-15T13:05:22+00:00","og_image":[{"width":1200,"height":630,"url":"https:\/\/akropolis.lt\/siauliai\/wp-content\/uploads\/sites\/5\/2025\/12\/OG-image.png","type":"image\/png"}],"twitter_card":"summary_large_image","schema":{"@context":"https:\/\/schema.org","@graph":[{"@type":"WebPage","@id":"https:\/\/akropolis.lt\/siauliai\/skambuciu-irasymas\/","url":"https:\/\/akropolis.lt\/siauliai\/skambuciu-irasymas\/","name":"Skambu\u010di\u0173 \u012fra\u0161ymas - Akropolis \u0160iauliai","isPartOf":{"@id":"https:\/\/akropolis.lt\/siauliai\/#website"},"datePublished":"2025-07-15T12:24:15+00:00","dateModified":"2025-07-15T13:05:22+00:00","breadcrumb":{"@id":"https:\/\/akropolis.lt\/siauliai\/skambuciu-irasymas\/#breadcrumb"},"inLanguage":"lt-LT","potentialAction":[{"@type":"ReadAction","target":["https:\/\/akropolis.lt\/siauliai\/skambuciu-irasymas\/"]}]},{"@type":"BreadcrumbList","@id":"https:\/\/akropolis.lt\/siauliai\/skambuciu-irasymas\/#breadcrumb","itemListElement":[{"@type":"ListItem","position":1,"name":"Home","item":"https:\/\/akropolis.lt\/siauliai\/"},{"@type":"ListItem","position":2,"name":"Skambu\u010di\u0173 \u012fra\u0161ymas"}]},{"@type":"WebSite","@id":"https:\/\/akropolis.lt\/siauliai\/#website","url":"https:\/\/akropolis.lt\/siauliai\/","name":"Akropolis \u0160iauliai","description":"","potentialAction":[{"@type":"SearchAction","target":{"@type":"EntryPoint","urlTemplate":"https:\/\/akropolis.lt\/siauliai\/?s={search_term_string}"},"query-input":{"@type":"PropertyValueSpecification","valueRequired":true,"valueName":"search_term_string"}}],"inLanguage":"lt-LT"}]}},"_links":{"self":[{"href":"https:\/\/akropolis.lt\/siauliai\/wp-json\/wp\/v2\/pages\/3580","targetHints":{"allow":["GET"]}}],"collection":[{"href":"https:\/\/akropolis.lt\/siauliai\/wp-json\/wp\/v2\/pages"}],"about":[{"href":"https:\/\/akropolis.lt\/siauliai\/wp-json\/wp\/v2\/types\/page"}],"author":[{"embeddable":true,"href":"https:\/\/akropolis.lt\/siauliai\/wp-json\/wp\/v2\/users\/11"}],"replies":[{"embeddable":true,"href":"https:\/\/akropolis.lt\/siauliai\/wp-json\/wp\/v2\/comments?post=3580"}],"version-history":[{"count":11,"href":"https:\/\/akropolis.lt\/siauliai\/wp-json\/wp\/v2\/pages\/3580\/revisions"}],"predecessor-version":[{"id":3595,"href":"https:\/\/akropolis.lt\/siauliai\/wp-json\/wp\/v2\/pages\/3580\/revisions\/3595"}],"wp:attachment":[{"href":"https:\/\/akropolis.lt\/siauliai\/wp-json\/wp\/v2\/media?parent=3580"}],"curies":[{"name":"wp","href":"https:\/\/api.w.org\/{rel}","templated":true}]}}