{"id":4103,"date":"2025-09-11T05:59:16","date_gmt":"2025-09-11T05:59:16","guid":{"rendered":"https:\/\/akropolis.lt\/siauliai\/?page_id=4103"},"modified":"2025-09-16T14:34:46","modified_gmt":"2025-09-16T14:34:46","slug":"vezimeliu-stotele-zmonems-su-negalia","status":"publish","type":"page","link":"https:\/\/akropolis.lt\/siauliai\/nemokami-patogumai\/vezimeliu-stotele-zmonems-su-negalia\/","title":{"rendered":"Ve\u017eim\u0117li\u0173 stotel\u0117s"},"content":{"rendered":"\n    <section id=\"post-cards-list-block-68c26534dcfe0\" class=\"post-cards-list\">\n        <div class=\"container\">\n\n                                                <h1 class=\"h4 title\">Ve\u017eim\u0117li\u0173 stotel\u0117s<\/h1>\n                \n                            \n            \n                                    <div class=\"cards-list\">\n                        \n<a href=\"https:\/\/akropolis.lt\/siauliai\/parduotuve\/vezimeliu-stotele-zmonems-su-negalia-i\/\" class=\"service-card card-item sm-col-span-12 md-col-span-6 col-span-4\">\n    <div class=\"content-wrapper\">\n        \n                                            <img\n                        class=\"service-icon force-no-contrast\"\n                        src=\"https:\/\/akropolis.lt\/siauliai\/wp-content\/uploads\/sites\/5\/2025\/06\/6597f8bbe2ee5.jpg\"\n                        srcset=\"https:\/\/akropolis.lt\/siauliai\/wp-content\/uploads\/sites\/5\/2025\/06\/6597f8bbe2ee5-300x300.jpg 300w, https:\/\/akropolis.lt\/siauliai\/wp-content\/uploads\/sites\/5\/2025\/06\/6597f8bbe2ee5-150x150.jpg 150w, https:\/\/akropolis.lt\/siauliai\/wp-content\/uploads\/sites\/5\/2025\/06\/6597f8bbe2ee5.jpg 431w\"\n                        alt=\"\"\/>\n\n            \n        \n                    <h2 class=\"h7 service-title\">\n                VE\u017dIM\u0116LI\u0172 STOTEL\u0116 (\u017dMON\u0116MS SU NEGALIA) I            <\/h2>\n        \n                    <div class=\"service-description wysiwyg\">\n                <p>AKROPOLYJE rasite ve\u017eim\u0117lius, kurie skirti&nbsp;\u017emon\u0117ms su negalia, senjorams, patyrusiems traum\u0105 ar susiduriantiems su jud\u0117jimo sunkumais.&nbsp;<\/p>\n<p>Tikim\u0117s, kad nuo &scaron;iol tavo apsilankymas &bdquo;Akropolyje&ldquo; bus patogesnis.<\/p>\n            <\/div>\n        \n        <div class=\"link service-cta\">\n            <span>Su\u017einoti daugiau<\/span>\n        <\/div>\n    <\/div>\n<\/a>\n\n<a href=\"https:\/\/akropolis.lt\/siauliai\/parduotuve\/vezimeliu-stotele-zmonems-su-negalia-ii\/\" class=\"service-card card-item sm-col-span-12 md-col-span-6 col-span-4\">\n    <div class=\"content-wrapper\">\n        \n                                            <img\n                        class=\"service-icon force-no-contrast\"\n                        src=\"https:\/\/akropolis.lt\/siauliai\/wp-content\/uploads\/sites\/5\/2025\/06\/6597f54189576.jpg\"\n                        srcset=\"https:\/\/akropolis.lt\/siauliai\/wp-content\/uploads\/sites\/5\/2025\/06\/6597f54189576-300x300.jpg 300w, https:\/\/akropolis.lt\/siauliai\/wp-content\/uploads\/sites\/5\/2025\/06\/6597f54189576-150x150.jpg 150w, https:\/\/akropolis.lt\/siauliai\/wp-content\/uploads\/sites\/5\/2025\/06\/6597f54189576.jpg 431w\"\n                        alt=\"\"\/>\n\n            \n        \n                    <h2 class=\"h7 service-title\">\n                VE\u017dIM\u0116LI\u0172 STOTEL\u0116 (\u017dMON\u0116MS SU NEGALIA) II            <\/h2>\n        \n                    <div class=\"service-description wysiwyg\">\n                <p>AKROPOLYJE rasite ve\u017eim\u0117lius, kurie skirti&nbsp;\u017emon\u0117ms su negalia, senjorams, patyrusiems traum\u0105 ar susiduriantiems su jud\u0117jimo sunkumais.&nbsp;<\/p>\n<p>Tikim\u0117s, kad nuo &scaron;iol tavo apsilankymas &bdquo;Akropolyje&ldquo; bus patogesnis.<\/p>\n            <\/div>\n        \n        <div class=\"link service-cta\">\n            <span>Su\u017einoti daugiau<\/span>\n        <\/div>\n    <\/div>\n<\/a>\n                    <\/div>\n                \n            \n        <\/div>\n    <\/section>\n\n<script>window.dispatchEvent( new Event('acf\/loaded\/post-cards-list'));<\/script>","protected":false},"excerpt":{"rendered":"","protected":false},"author":1,"featured_media":0,"parent":2418,"menu_order":0,"comment_status":"closed","ping_status":"closed","template":"","meta":{"_acf_changed":false,"footnotes":""},"class_list":["post-4103","page","type-page","status-publish","hentry"],"acf":[],"yoast_head":"<!-- This site is optimized with the Yoast SEO plugin v27.2 - https:\/\/yoast.com\/product\/yoast-seo-wordpress\/ -->\n<title>Ve\u017eim\u0117li\u0173 stotel\u0117s - Akropolis \u0160iauliai<\/title>\n<meta name=\"robots\" content=\"index, follow, max-snippet:-1, max-image-preview:large, max-video-preview:-1\" \/>\n<link rel=\"canonical\" href=\"https:\/\/akropolis.lt\/siauliai\/nemokami-patogumai\/vezimeliu-stotele-zmonems-su-negalia\/\" \/>\n<meta property=\"og:locale\" content=\"lt_LT\" \/>\n<meta property=\"og:type\" content=\"article\" \/>\n<meta property=\"og:title\" content=\"Ve\u017eim\u0117li\u0173 stotel\u0117s - Akropolis \u0160iauliai\" \/>\n<meta property=\"og:url\" content=\"https:\/\/akropolis.lt\/siauliai\/nemokami-patogumai\/vezimeliu-stotele-zmonems-su-negalia\/\" \/>\n<meta property=\"og:site_name\" content=\"Akropolis \u0160iauliai\" \/>\n<meta property=\"article:modified_time\" content=\"2025-09-16T14:34:46+00:00\" \/>\n<meta property=\"og:image\" content=\"https:\/\/akropolis.lt\/siauliai\/wp-content\/uploads\/sites\/5\/2025\/12\/OG-image.png\" \/>\n\t<meta property=\"og:image:width\" content=\"1200\" \/>\n\t<meta property=\"og:image:height\" content=\"630\" \/>\n\t<meta property=\"og:image:type\" content=\"image\/png\" \/>\n<meta name=\"twitter:card\" content=\"summary_large_image\" \/>\n<script type=\"application\/ld+json\" class=\"yoast-schema-graph\">{\"@context\":\"https:\/\/schema.org\",\"@graph\":[{\"@type\":\"WebPage\",\"@id\":\"https:\/\/akropolis.lt\/siauliai\/nemokami-patogumai\/vezimeliu-stotele-zmonems-su-negalia\/\",\"url\":\"https:\/\/akropolis.lt\/siauliai\/nemokami-patogumai\/vezimeliu-stotele-zmonems-su-negalia\/\",\"name\":\"Ve\u017eim\u0117li\u0173 stotel\u0117s - Akropolis \u0160iauliai\",\"isPartOf\":{\"@id\":\"https:\/\/akropolis.lt\/siauliai\/#website\"},\"datePublished\":\"2025-09-11T05:59:16+00:00\",\"dateModified\":\"2025-09-16T14:34:46+00:00\",\"breadcrumb\":{\"@id\":\"https:\/\/akropolis.lt\/siauliai\/nemokami-patogumai\/vezimeliu-stotele-zmonems-su-negalia\/#breadcrumb\"},\"inLanguage\":\"lt-LT\",\"potentialAction\":[{\"@type\":\"ReadAction\",\"target\":[\"https:\/\/akropolis.lt\/siauliai\/nemokami-patogumai\/vezimeliu-stotele-zmonems-su-negalia\/\"]}]},{\"@type\":\"BreadcrumbList\",\"@id\":\"https:\/\/akropolis.lt\/siauliai\/nemokami-patogumai\/vezimeliu-stotele-zmonems-su-negalia\/#breadcrumb\",\"itemListElement\":[{\"@type\":\"ListItem\",\"position\":1,\"name\":\"Home\",\"item\":\"https:\/\/akropolis.lt\/siauliai\/\"},{\"@type\":\"ListItem\",\"position\":2,\"name\":\"Nemokami patogumai\",\"item\":\"https:\/\/akropolis.lt\/siauliai\/nemokami-patogumai\/\"},{\"@type\":\"ListItem\",\"position\":3,\"name\":\"Ve\u017eim\u0117li\u0173 stotel\u0117s\"}]},{\"@type\":\"WebSite\",\"@id\":\"https:\/\/akropolis.lt\/siauliai\/#website\",\"url\":\"https:\/\/akropolis.lt\/siauliai\/\",\"name\":\"Akropolis \u0160iauliai\",\"description\":\"\",\"potentialAction\":[{\"@type\":\"SearchAction\",\"target\":{\"@type\":\"EntryPoint\",\"urlTemplate\":\"https:\/\/akropolis.lt\/siauliai\/?s={search_term_string}\"},\"query-input\":{\"@type\":\"PropertyValueSpecification\",\"valueRequired\":true,\"valueName\":\"search_term_string\"}}],\"inLanguage\":\"lt-LT\"}]}<\/script>\n<!-- \/ Yoast SEO plugin. -->","yoast_head_json":{"title":"Ve\u017eim\u0117li\u0173 stotel\u0117s - Akropolis \u0160iauliai","robots":{"index":"index","follow":"follow","max-snippet":"max-snippet:-1","max-image-preview":"max-image-preview:large","max-video-preview":"max-video-preview:-1"},"canonical":"https:\/\/akropolis.lt\/siauliai\/nemokami-patogumai\/vezimeliu-stotele-zmonems-su-negalia\/","og_locale":"lt_LT","og_type":"article","og_title":"Ve\u017eim\u0117li\u0173 stotel\u0117s - Akropolis \u0160iauliai","og_url":"https:\/\/akropolis.lt\/siauliai\/nemokami-patogumai\/vezimeliu-stotele-zmonems-su-negalia\/","og_site_name":"Akropolis \u0160iauliai","article_modified_time":"2025-09-16T14:34:46+00:00","og_image":[{"width":1200,"height":630,"url":"https:\/\/akropolis.lt\/siauliai\/wp-content\/uploads\/sites\/5\/2025\/12\/OG-image.png","type":"image\/png"}],"twitter_card":"summary_large_image","schema":{"@context":"https:\/\/schema.org","@graph":[{"@type":"WebPage","@id":"https:\/\/akropolis.lt\/siauliai\/nemokami-patogumai\/vezimeliu-stotele-zmonems-su-negalia\/","url":"https:\/\/akropolis.lt\/siauliai\/nemokami-patogumai\/vezimeliu-stotele-zmonems-su-negalia\/","name":"Ve\u017eim\u0117li\u0173 stotel\u0117s - Akropolis \u0160iauliai","isPartOf":{"@id":"https:\/\/akropolis.lt\/siauliai\/#website"},"datePublished":"2025-09-11T05:59:16+00:00","dateModified":"2025-09-16T14:34:46+00:00","breadcrumb":{"@id":"https:\/\/akropolis.lt\/siauliai\/nemokami-patogumai\/vezimeliu-stotele-zmonems-su-negalia\/#breadcrumb"},"inLanguage":"lt-LT","potentialAction":[{"@type":"ReadAction","target":["https:\/\/akropolis.lt\/siauliai\/nemokami-patogumai\/vezimeliu-stotele-zmonems-su-negalia\/"]}]},{"@type":"BreadcrumbList","@id":"https:\/\/akropolis.lt\/siauliai\/nemokami-patogumai\/vezimeliu-stotele-zmonems-su-negalia\/#breadcrumb","itemListElement":[{"@type":"ListItem","position":1,"name":"Home","item":"https:\/\/akropolis.lt\/siauliai\/"},{"@type":"ListItem","position":2,"name":"Nemokami patogumai","item":"https:\/\/akropolis.lt\/siauliai\/nemokami-patogumai\/"},{"@type":"ListItem","position":3,"name":"Ve\u017eim\u0117li\u0173 stotel\u0117s"}]},{"@type":"WebSite","@id":"https:\/\/akropolis.lt\/siauliai\/#website","url":"https:\/\/akropolis.lt\/siauliai\/","name":"Akropolis \u0160iauliai","description":"","potentialAction":[{"@type":"SearchAction","target":{"@type":"EntryPoint","urlTemplate":"https:\/\/akropolis.lt\/siauliai\/?s={search_term_string}"},"query-input":{"@type":"PropertyValueSpecification","valueRequired":true,"valueName":"search_term_string"}}],"inLanguage":"lt-LT"}]}},"_links":{"self":[{"href":"https:\/\/akropolis.lt\/siauliai\/wp-json\/wp\/v2\/pages\/4103","targetHints":{"allow":["GET"]}}],"collection":[{"href":"https:\/\/akropolis.lt\/siauliai\/wp-json\/wp\/v2\/pages"}],"about":[{"href":"https:\/\/akropolis.lt\/siauliai\/wp-json\/wp\/v2\/types\/page"}],"author":[{"embeddable":true,"href":"https:\/\/akropolis.lt\/siauliai\/wp-json\/wp\/v2\/users\/1"}],"replies":[{"embeddable":true,"href":"https:\/\/akropolis.lt\/siauliai\/wp-json\/wp\/v2\/comments?post=4103"}],"version-history":[{"count":4,"href":"https:\/\/akropolis.lt\/siauliai\/wp-json\/wp\/v2\/pages\/4103\/revisions"}],"predecessor-version":[{"id":4214,"href":"https:\/\/akropolis.lt\/siauliai\/wp-json\/wp\/v2\/pages\/4103\/revisions\/4214"}],"up":[{"embeddable":true,"href":"https:\/\/akropolis.lt\/siauliai\/wp-json\/wp\/v2\/pages\/2418"}],"wp:attachment":[{"href":"https:\/\/akropolis.lt\/siauliai\/wp-json\/wp\/v2\/media?parent=4103"}],"curies":[{"name":"wp","href":"https:\/\/api.w.org\/{rel}","templated":true}]}}