{"id":9539,"date":"2025-09-10T13:35:30","date_gmt":"2025-09-10T10:35:30","guid":{"rendered":"https:\/\/akropolis.lt\/vilnius\/?page_id=9539"},"modified":"2025-09-15T15:10:27","modified_gmt":"2025-09-15T12:10:27","slug":"playground-for-children","status":"publish","type":"page","link":"https:\/\/akropolis.lt\/vilnius\/en\/free-amenities\/playground-for-children\/","title":{"rendered":"Children&#8217;s Playgrounds"},"content":{"rendered":"\n    <section id=\"post-cards-list-block-68c4074adde87\" class=\"post-cards-list\">\n        <div class=\"container\">\n\n                                                <h1 class=\"h4 title\">Children&#039;s Playgrounds<\/h1>\n                \n                            \n            \n                                    <div class=\"cards-list\">\n                        \n<a href=\"https:\/\/akropolis.lt\/vilnius\/en\/shop\/childrens-outdoor-playground\/\" class=\"service-card card-item sm-col-span-12 md-col-span-6 col-span-4\">\n    <div class=\"content-wrapper\">\n        \n                                            <img\n                        class=\"service-icon force-no-contrast\"\n                        src=\"https:\/\/akropolis.lt\/vilnius\/wp-content\/uploads\/sites\/4\/2025\/03\/17032344177982.jpg\"\n                        srcset=\"https:\/\/akropolis.lt\/vilnius\/wp-content\/uploads\/sites\/4\/2025\/03\/17032344177982-300x300.jpg 300w, https:\/\/akropolis.lt\/vilnius\/wp-content\/uploads\/sites\/4\/2025\/03\/17032344177982-150x150.jpg 150w, https:\/\/akropolis.lt\/vilnius\/wp-content\/uploads\/sites\/4\/2025\/03\/17032344177982.jpg 430w\"\n                        alt=\"\"\/>\n\n            \n        \n                    <h2 class=\"h7 service-title\">\n                CHILDREN&#8217;S OUTDOOR PLAYGROUND            <\/h2>\n        \n                    <div class=\"service-description wysiwyg\">\n                <p>We would like to invite you and your children to visit AKROPOLIS playground and to enjoy unforgettable moments in the fresh air. An active form of leisure spent outside will be useful, fun and full of smiles.<br \/>\nWe also kindly invite you to enjoy coffee, ice cream or delicious snacks and a relaxing moment while your children play. See you at the playground!<\/p>\n<p>DEAR PARENTS,<br \/>\nYou are responsible for the safety of your children on the playground:<br \/>\nno more than 10\u00a0children can play on the net, 7 \u2013 on the platform, only 1 on the obstacle course. Carousels can accommodate up to 4 children at one time.<\/p>\n<p>Play fun and friendly!<\/p>\n<p>The playground is designed for visitors from the age of\u00a03 years.<\/p>\n<p>Emergency telephone number 112<\/p>\n<p>Maintenance telephone number +370 620 95485<br \/>\nInformation desk AKROPOLIS +370 659 23632<\/p>\n<p>Playground address: Ozo str. 25, Vilnius, Lithuania<\/p>\n<p>The owner: OZO TURTAS, UAB<\/p>\n            <\/div>\n        \n        <div class=\"link service-cta\">\n            <span>Learn more<\/span>\n        <\/div>\n    <\/div>\n<\/a>\n\n<a href=\"https:\/\/akropolis.lt\/vilnius\/en\/shop\/vaiku-zaidimu-aikstele\/\" class=\"service-card card-item sm-col-span-12 md-col-span-6 col-span-4\">\n    <div class=\"content-wrapper\">\n        \n                                            <img\n                        class=\"service-icon force-no-contrast\"\n                        src=\"https:\/\/akropolis.lt\/vilnius\/wp-content\/uploads\/sites\/4\/2025\/03\/6780c5a699ed2.jpg\"\n                        srcset=\"https:\/\/akropolis.lt\/vilnius\/wp-content\/uploads\/sites\/4\/2025\/03\/6780c5a699ed2-300x300.jpg 300w, https:\/\/akropolis.lt\/vilnius\/wp-content\/uploads\/sites\/4\/2025\/03\/6780c5a699ed2-1024x1024.jpg 1024w, https:\/\/akropolis.lt\/vilnius\/wp-content\/uploads\/sites\/4\/2025\/03\/6780c5a699ed2-150x150.jpg 150w, https:\/\/akropolis.lt\/vilnius\/wp-content\/uploads\/sites\/4\/2025\/03\/6780c5a699ed2-768x768.jpg 768w, https:\/\/akropolis.lt\/vilnius\/wp-content\/uploads\/sites\/4\/2025\/03\/6780c5a699ed2.jpg 1202w\"\n                        alt=\"\"\/>\n\n            \n        \n                    <h2 class=\"h7 service-title\">\n                CHILDREN\u2019S PLAYGROUND            <\/h2>\n        \n                    <div class=\"service-description wysiwyg\">\n                <p>For parents with small children, a visit to AKROPOLIS is more convenient and meaningful. There are two free playgrounds on the premises of the shopping and entertainment center for children aged 1-8 years.<br \/>\nPlaygrounds with an area of 34.5 square meters. meters and 44.8 sq. meters, equipped with the theme of animals from different areas of the world. In one space, children will be entertained by playfully depicted ocean animals, and in another, South American animals in the background.<br \/>\nThe playgrounds are equipped with modern, safe, colorful climbing and balancing devices, slides, and educational game boards reflecting the selected themes with various design elements.<br \/>\nThe new playgrounds are located in Lietuvinink\u0173 sq. near the DELANO self-service restaurant and in Pranc\u016bz\u0173 sq. near the LINDEX store. They are open during the working hours of the shopping and entertainment center &#8211; daily from 8:00 a.m. to 10:00 p.m.<br \/>\nWe wish our little visitors a fun time in the new play areas! We remind the relatives accompanying them that childcare services are not provided at these free parking lots, so their parents or guardians are responsible for the children&#8217;s safety and proper behavior.<\/p>\n            <\/div>\n        \n        <div class=\"link service-cta\">\n            <span>Learn more<\/span>\n        <\/div>\n    <\/div>\n<\/a>\n                    <\/div>\n                \n            \n        <\/div>\n    <\/section>\n\n<script>window.dispatchEvent( new Event('acf\/loaded\/post-cards-list'));<\/script>","protected":false},"excerpt":{"rendered":"","protected":false},"author":1,"featured_media":0,"parent":9445,"menu_order":0,"comment_status":"closed","ping_status":"closed","template":"","meta":{"_acf_changed":false,"footnotes":""},"class_list":["post-9539","page","type-page","status-publish","hentry"],"acf":[],"yoast_head":"<!-- This site is optimized with the Yoast SEO plugin v27.2 - https:\/\/yoast.com\/product\/yoast-seo-wordpress\/ -->\n<title>Children&#039;s Playgrounds - Akropolis Vilnius<\/title>\n<meta name=\"robots\" content=\"index, follow, max-snippet:-1, max-image-preview:large, max-video-preview:-1\" \/>\n<link rel=\"canonical\" href=\"https:\/\/akropolis.lt\/vilnius\/en\/free-amenities\/playground-for-children\/\" \/>\n<meta property=\"og:locale\" content=\"en_US\" \/>\n<meta property=\"og:type\" content=\"article\" \/>\n<meta property=\"og:title\" content=\"Children&#039;s Playgrounds - Akropolis Vilnius\" \/>\n<meta property=\"og:url\" content=\"https:\/\/akropolis.lt\/vilnius\/en\/free-amenities\/playground-for-children\/\" \/>\n<meta property=\"og:site_name\" content=\"Akropolis Vilnius\" \/>\n<meta property=\"article:modified_time\" content=\"2025-09-15T12:10:27+00:00\" \/>\n<meta property=\"og:image\" content=\"https:\/\/akropolis.lt\/vilnius\/wp-content\/uploads\/sites\/4\/2025\/12\/OG-image.png\" \/>\n\t<meta property=\"og:image:width\" content=\"1200\" \/>\n\t<meta property=\"og:image:height\" content=\"630\" \/>\n\t<meta property=\"og:image:type\" content=\"image\/png\" \/>\n<meta name=\"twitter:card\" content=\"summary_large_image\" \/>\n<script type=\"application\/ld+json\" class=\"yoast-schema-graph\">{\"@context\":\"https:\/\/schema.org\",\"@graph\":[{\"@type\":\"WebPage\",\"@id\":\"https:\/\/akropolis.lt\/vilnius\/en\/free-amenities\/playground-for-children\/\",\"url\":\"https:\/\/akropolis.lt\/vilnius\/en\/free-amenities\/playground-for-children\/\",\"name\":\"Children's Playgrounds - Akropolis Vilnius\",\"isPartOf\":{\"@id\":\"https:\/\/akropolis.lt\/vilnius\/en\/#website\"},\"datePublished\":\"2025-09-10T10:35:30+00:00\",\"dateModified\":\"2025-09-15T12:10:27+00:00\",\"breadcrumb\":{\"@id\":\"https:\/\/akropolis.lt\/vilnius\/en\/free-amenities\/playground-for-children\/#breadcrumb\"},\"inLanguage\":\"en-US\",\"potentialAction\":[{\"@type\":\"ReadAction\",\"target\":[\"https:\/\/akropolis.lt\/vilnius\/en\/free-amenities\/playground-for-children\/\"]}]},{\"@type\":\"BreadcrumbList\",\"@id\":\"https:\/\/akropolis.lt\/vilnius\/en\/free-amenities\/playground-for-children\/#breadcrumb\",\"itemListElement\":[{\"@type\":\"ListItem\",\"position\":1,\"name\":\"Homepage\",\"item\":\"https:\/\/akropolis.lt\/vilnius\/en\/\"},{\"@type\":\"ListItem\",\"position\":2,\"name\":\"Free Amenities\",\"item\":\"https:\/\/akropolis.lt\/vilnius\/en\/free-amenities\/\"},{\"@type\":\"ListItem\",\"position\":3,\"name\":\"Children&#8217;s Playgrounds\"}]},{\"@type\":\"WebSite\",\"@id\":\"https:\/\/akropolis.lt\/vilnius\/en\/#website\",\"url\":\"https:\/\/akropolis.lt\/vilnius\/en\/\",\"name\":\"Akropolis Vilnius\",\"description\":\"\",\"potentialAction\":[{\"@type\":\"SearchAction\",\"target\":{\"@type\":\"EntryPoint\",\"urlTemplate\":\"https:\/\/akropolis.lt\/vilnius\/en\/?s={search_term_string}\"},\"query-input\":{\"@type\":\"PropertyValueSpecification\",\"valueRequired\":true,\"valueName\":\"search_term_string\"}}],\"inLanguage\":\"en-US\"}]}<\/script>\n<!-- \/ Yoast SEO plugin. -->","yoast_head_json":{"title":"Children's Playgrounds - Akropolis Vilnius","robots":{"index":"index","follow":"follow","max-snippet":"max-snippet:-1","max-image-preview":"max-image-preview:large","max-video-preview":"max-video-preview:-1"},"canonical":"https:\/\/akropolis.lt\/vilnius\/en\/free-amenities\/playground-for-children\/","og_locale":"en_US","og_type":"article","og_title":"Children's Playgrounds - Akropolis Vilnius","og_url":"https:\/\/akropolis.lt\/vilnius\/en\/free-amenities\/playground-for-children\/","og_site_name":"Akropolis Vilnius","article_modified_time":"2025-09-15T12:10:27+00:00","og_image":[{"width":1200,"height":630,"url":"https:\/\/akropolis.lt\/vilnius\/wp-content\/uploads\/sites\/4\/2025\/12\/OG-image.png","type":"image\/png"}],"twitter_card":"summary_large_image","schema":{"@context":"https:\/\/schema.org","@graph":[{"@type":"WebPage","@id":"https:\/\/akropolis.lt\/vilnius\/en\/free-amenities\/playground-for-children\/","url":"https:\/\/akropolis.lt\/vilnius\/en\/free-amenities\/playground-for-children\/","name":"Children's Playgrounds - Akropolis Vilnius","isPartOf":{"@id":"https:\/\/akropolis.lt\/vilnius\/en\/#website"},"datePublished":"2025-09-10T10:35:30+00:00","dateModified":"2025-09-15T12:10:27+00:00","breadcrumb":{"@id":"https:\/\/akropolis.lt\/vilnius\/en\/free-amenities\/playground-for-children\/#breadcrumb"},"inLanguage":"en-US","potentialAction":[{"@type":"ReadAction","target":["https:\/\/akropolis.lt\/vilnius\/en\/free-amenities\/playground-for-children\/"]}]},{"@type":"BreadcrumbList","@id":"https:\/\/akropolis.lt\/vilnius\/en\/free-amenities\/playground-for-children\/#breadcrumb","itemListElement":[{"@type":"ListItem","position":1,"name":"Homepage","item":"https:\/\/akropolis.lt\/vilnius\/en\/"},{"@type":"ListItem","position":2,"name":"Free Amenities","item":"https:\/\/akropolis.lt\/vilnius\/en\/free-amenities\/"},{"@type":"ListItem","position":3,"name":"Children&#8217;s Playgrounds"}]},{"@type":"WebSite","@id":"https:\/\/akropolis.lt\/vilnius\/en\/#website","url":"https:\/\/akropolis.lt\/vilnius\/en\/","name":"Akropolis Vilnius","description":"","potentialAction":[{"@type":"SearchAction","target":{"@type":"EntryPoint","urlTemplate":"https:\/\/akropolis.lt\/vilnius\/en\/?s={search_term_string}"},"query-input":{"@type":"PropertyValueSpecification","valueRequired":true,"valueName":"search_term_string"}}],"inLanguage":"en-US"}]}},"_links":{"self":[{"href":"https:\/\/akropolis.lt\/vilnius\/en\/wp-json\/wp\/v2\/pages\/9539","targetHints":{"allow":["GET"]}}],"collection":[{"href":"https:\/\/akropolis.lt\/vilnius\/en\/wp-json\/wp\/v2\/pages"}],"about":[{"href":"https:\/\/akropolis.lt\/vilnius\/en\/wp-json\/wp\/v2\/types\/page"}],"author":[{"embeddable":true,"href":"https:\/\/akropolis.lt\/vilnius\/en\/wp-json\/wp\/v2\/users\/1"}],"replies":[{"embeddable":true,"href":"https:\/\/akropolis.lt\/vilnius\/en\/wp-json\/wp\/v2\/comments?post=9539"}],"version-history":[{"count":4,"href":"https:\/\/akropolis.lt\/vilnius\/en\/wp-json\/wp\/v2\/pages\/9539\/revisions"}],"predecessor-version":[{"id":9605,"href":"https:\/\/akropolis.lt\/vilnius\/en\/wp-json\/wp\/v2\/pages\/9539\/revisions\/9605"}],"up":[{"embeddable":true,"href":"https:\/\/akropolis.lt\/vilnius\/en\/wp-json\/wp\/v2\/pages\/9445"}],"wp:attachment":[{"href":"https:\/\/akropolis.lt\/vilnius\/en\/wp-json\/wp\/v2\/media?parent=9539"}],"curies":[{"name":"wp","href":"https:\/\/api.w.org\/{rel}","templated":true}]}}