{"id":9544,"date":"2025-09-10T13:35:30","date_gmt":"2025-09-10T10:35:30","guid":{"rendered":"https:\/\/akropolis.lt\/vilnius\/?page_id=9544"},"modified":"2025-09-15T16:16:40","modified_gmt":"2025-09-15T13:16:40","slug":"%d0%b4%d0%b5%d1%82%d1%81%d0%ba%d0%b0%d1%8f-%d0%b8%d0%b3%d1%80%d0%be%d0%b2%d0%b0%d1%8f-%d0%bf%d0%bb%d0%be%d1%89%d0%b0%d0%b4%d0%ba%d0%b0","status":"publish","type":"page","link":"https:\/\/akropolis.lt\/vilnius\/ru\/%d0%b1%d0%b5%d1%81%d0%bf%d0%bb%d0%b0%d1%82%d0%bd%d1%8b%d0%b5-%d1%83%d0%b4%d0%be%d0%b1%d1%81%d1%82%d0%b2%d0%b0\/%d0%b4%d0%b5%d1%82%d1%81%d0%ba%d0%b0%d1%8f-%d0%b8%d0%b3%d1%80%d0%be%d0%b2%d0%b0%d1%8f-%d0%bf%d0%bb%d0%be%d1%89%d0%b0%d0%b4%d0%ba%d0%b0\/","title":{"rendered":"\u0414\u0435\u0442\u0441\u043a\u0438\u0435 \u0438\u0433\u0440\u043e\u0432\u044b\u0435 \u043f\u043b\u043e\u0449\u0430\u0434\u043a\u0438"},"content":{"rendered":"\n    <section id=\"post-cards-list-block-68c408b2408d4\" class=\"post-cards-list\">\n        <div class=\"container\">\n\n                                                <h1 class=\"h4 title\">\u0414\u0435\u0442\u0441\u043a\u0438\u0435 \u0438\u0433\u0440\u043e\u0432\u044b\u0435 \u043f\u043b\u043e\u0449\u0430\u0434\u043a\u0438<\/h1>\n                \n                            \n            \n                                    <div class=\"cards-list\">\n                        \n<a href=\"https:\/\/akropolis.lt\/vilnius\/ru\/magazin\/%d0%b4%d0%b5%d1%82%d1%81%d0%ba%d0%b0%d1%8f-%d0%be%d1%82%d0%ba%d1%80%d1%8b%d1%82%d0%b0%d1%8f-%d0%bf%d0%bb%d0%be%d1%89%d0%b0%d0%b4%d0%ba%d0%b0\/\" class=\"service-card card-item sm-col-span-12 md-col-span-6 col-span-4\">\n    <div class=\"content-wrapper\">\n        \n                                            <img\n                        class=\"service-icon force-no-contrast\"\n                        src=\"https:\/\/akropolis.lt\/vilnius\/wp-content\/uploads\/sites\/4\/2025\/03\/17032344177982.jpg\"\n                        srcset=\"https:\/\/akropolis.lt\/vilnius\/wp-content\/uploads\/sites\/4\/2025\/03\/17032344177982-300x300.jpg 300w, https:\/\/akropolis.lt\/vilnius\/wp-content\/uploads\/sites\/4\/2025\/03\/17032344177982-150x150.jpg 150w, https:\/\/akropolis.lt\/vilnius\/wp-content\/uploads\/sites\/4\/2025\/03\/17032344177982.jpg 430w\"\n                        alt=\"\"\/>\n\n            \n        \n                    <h2 class=\"h7 service-title\">\n                \u0414\u0415\u0422\u0421\u041a\u0410\u042f \u041e\u0422\u041a\u0420\u042b\u0422\u0410\u042f \u041f\u041b\u041e\u0429\u0410\u0414\u041a\u0410            <\/h2>\n        \n                    <div class=\"service-description wysiwyg\">\n                <p>\u0418\u0433\u0440\u043e\u0432\u0430\u044f \u043f\u043b\u043e\u0449\u0430\u0434\u043a\u0430 \u0432 AKROPOLIS \u043f\u0440\u0438\u0433\u043b\u0430\u0448\u0430\u0435\u0442 \u0432\u0430\u0441 \u0438 \u0432\u0430\u0448\u0438\u0445 \u0434\u0435\u0442\u0435\u0439, \u0447\u0442\u043e\u0431\u044b \u0438\u0441\u043f\u044b\u0442\u0430\u0442\u044c \u043d\u0435\u0437\u0430\u0431\u044b\u0432\u0430\u0435\u043c\u044b\u0435 \u043c\u0433\u043d\u043e\u0432\u0435\u043d\u0438\u044f \u043d\u0430 \u0441\u0432\u0435\u0436\u0435\u043c \u0432\u043e\u0437\u0434\u0443\u0445\u0435. \u0410\u043a\u0442\u0438\u0432\u043d\u044b\u0439 \u0434\u043e\u0441\u0443\u0433 \u043d\u0430 \u0443\u043b\u0438\u0446\u0435 \u0431\u0443\u0434\u0435\u0442 \u043f\u043e\u043b\u0435\u0437\u043d\u044b\u043c, \u0440\u0430\u0434\u043e\u0441\u0442\u043d\u044b\u043c \u0438 \u043d\u0430\u043f\u043e\u043b\u043d\u0435\u043d\u043d\u044b\u043c \u0443\u043b\u044b\u0431\u043a\u0430\u043c\u0438.<br \/>\n\u041f\u043e\u043a\u0430 \u0434\u0435\u0442\u0438\u0448\u043a\u0438 \u0431\u0443\u0434\u0443\u0442 \u0438\u0433\u0440\u0430\u0442\u044c, \u043f\u0440\u0435\u0434\u043b\u0430\u0433\u0430\u0435\u043c \u0432\u0430\u043c \u043f\u0440\u0438\u044f\u0442\u043d\u043e \u043f\u0440\u043e\u0432\u0435\u0441\u0442\u0438 \u0432\u0440\u0435\u043c\u044f \u0437\u0430 \u0447\u0430\u0448\u0435\u0447\u043a\u043e\u0439 \u043a\u043e\u0444\u0435, \u043c\u043e\u0440\u043e\u0436\u0435\u043d\u044b\u043c \u0438\u043b\u0438 \u043b\u0435\u0433\u043a\u0438\u043c\u0438 \u0437\u0430\u043a\u0443\u0441\u043a\u0430\u043c\u0438 \u0438 \u043d\u0430\u0441\u043b\u0430\u0434\u0438\u0442\u044c\u0441\u044f \u0441\u0432\u043e\u0431\u043e\u0434\u043d\u043e\u0439 \u043c\u0438\u043d\u0443\u0442\u043e\u0439. \u0414\u043e \u0432\u0441\u0442\u0440\u0435\u0447\u0438 \u043d\u0430 \u0438\u0433\u0440\u043e\u0432\u043e\u0439 \u043f\u043b\u043e\u0449\u0430\u0434\u043a\u0435!&nbsp;&nbsp;<\/p>\n<p>\u0423\u0412\u0410\u0416\u0410\u0415\u041c\u042b\u0415 \u0420\u041e\u0414\u0418\u0422\u0415\u041b\u0418,<br \/>\n\u0412\u044b \u043d\u0435\u0441\u0435\u0442\u0435 \u043e\u0442\u0432\u0435\u0442\u0441\u0442\u0432\u0435\u043d\u043d\u043e\u0441\u0442\u044c \u0437\u0430 \u0431\u0435\u0437\u043e\u043f\u0430\u0441\u043d\u043e\u0441\u0442\u044c \u0412\u0430\u0448\u0438\u0445 \u0434\u0435\u0442\u0435\u0439, \u0438\u0433\u0440\u0430\u044e\u0449\u0438\u0445 \u043d\u0430 \u043f\u043b\u043e\u0449\u0430\u0434\u043a\u0435:<br \/>\n\u0432 \u0441\u0435\u0442\u0438 \u043c\u043e\u0436\u0435\u0442 \u043d\u0430\u0445\u043e\u0434\u0438\u0442\u044c\u0441\u044f \u043d\u0435 \u0431\u043e\u043b\u0435\u0435 10 \u0434\u0435\u0442\u0435\u0439, \u043d\u0430 \u043f\u043b\u0430\u0442\u0444\u043e\u0440\u043c\u0435 &ndash; 7,<br \/>\n\u043d\u0430 \u043e\u0442\u0434\u0435\u043b\u044c\u043d\u044b\u0445 \u0438\u0433\u0440\u043e\u0432\u044b\u0445 \u044d\u043b\u0435\u043c\u0435\u043d\u0442\u0430\u0445 &ndash; \u0442\u043e\u043b\u044c\u043a\u043e 1.<br \/>\n\u0418\u0433\u0440\u0430\u0439\u0442\u0435 \u0432\u0435\u0441\u0435\u043b\u043e \u0438 \u0434\u0440\u0443\u0436\u043d\u043e!<\/p>\n<p>\u041f\u043b\u043e\u0449\u0430\u0434\u043a\u0430 \u043f\u0440\u0435\u0434\u043d\u0430\u0437\u043d\u0430\u0447\u0435\u043d\u0430 \u0434\u043b\u044f \u0434\u0435\u0442\u0435\u0439 \u043e\u0442 3 \u0434\u043e 10 \u043b\u0435\u0442.<\/p>\n<p>\u0415\u0434\u0438\u043d\u044b\u0439 \u0442\u0435\u043b\u0435\u0444\u043e\u043d \u043f\u043e\u043c\u043e\u0449\u0438 112<\/p>\n<p>\u0422\u0435\u0445\u043d\u0438\u0447\u0435\u0441\u043a\u043e\u0435 \u043e\u0431\u0441\u043b\u0443\u0436\u0438\u0432\u0430\u043d\u0438\u0435 +370 620 95485<br \/>\n\u0418\u043d\u0444\u043e\u0440\u043c\u0430\u0446\u0438\u043e\u043d\u043d\u044b\u0439 \u0446\u0435\u043d\u0442\u0440 AKROPOLIS +370 659 23632<\/p>\n<p>\u0410\u0434\u0440\u0435\u0441 \u043f\u043b\u043e\u0449\u0430\u0434\u043a\u0438: \u0443\u043b. \u041e\u0437\u043e, \u0434. 25, \u0412\u0438\u043b\u044c\u043d\u044e\u0441, \u041b\u0438\u0442\u0432\u0430<br \/>\n\u0412\u043b\u0430\u0434\u0435\u043b\u0435\u0446: OZO TURTAS, UAB<\/p>\n            <\/div>\n        \n        <div class=\"link service-cta\">\n            <span>\u0423\u0437\u043d\u0430\u0442\u044c \u0431\u043e\u043b\u044c\u0448\u0435<\/span>\n        <\/div>\n    <\/div>\n<\/a>\n\n<a href=\"https:\/\/akropolis.lt\/vilnius\/ru\/magazin\/vaiku-zaidimu-aikstele\/\" class=\"service-card card-item sm-col-span-12 md-col-span-6 col-span-4\">\n    <div class=\"content-wrapper\">\n        \n                                            <img\n                        class=\"service-icon force-no-contrast\"\n                        src=\"https:\/\/akropolis.lt\/vilnius\/wp-content\/uploads\/sites\/4\/2025\/03\/6780c5a699ed2.jpg\"\n                        srcset=\"https:\/\/akropolis.lt\/vilnius\/wp-content\/uploads\/sites\/4\/2025\/03\/6780c5a699ed2-300x300.jpg 300w, https:\/\/akropolis.lt\/vilnius\/wp-content\/uploads\/sites\/4\/2025\/03\/6780c5a699ed2-1024x1024.jpg 1024w, https:\/\/akropolis.lt\/vilnius\/wp-content\/uploads\/sites\/4\/2025\/03\/6780c5a699ed2-150x150.jpg 150w, https:\/\/akropolis.lt\/vilnius\/wp-content\/uploads\/sites\/4\/2025\/03\/6780c5a699ed2-768x768.jpg 768w, https:\/\/akropolis.lt\/vilnius\/wp-content\/uploads\/sites\/4\/2025\/03\/6780c5a699ed2.jpg 1202w\"\n                        alt=\"\"\/>\n\n            \n        \n                    <h2 class=\"h7 service-title\">\n                \u0414\u0415\u0422\u0421\u041a\u0410\u042f \u041f\u041b\u041e\u0429\u0410\u0414\u041a\u0410            <\/h2>\n        \n                    <div class=\"service-description wysiwyg\">\n                <p>\u0414\u043b\u044f \u0440\u043e\u0434\u0438\u0442\u0435\u043b\u0435\u0439 \u0441 \u043c\u0430\u043b\u0435\u043d\u044c\u043a\u0438\u043c\u0438 \u0434\u0435\u0442\u044c\u043c\u0438 \u043f\u043e\u0441\u0435\u0449\u0435\u043d\u0438\u0435 \u0422\u0426 \u00abAKROPOLIS\u00bb \u0441\u0442\u0430\u043b\u043e \u0431\u043e\u043b\u0435\u0435 \u0443\u0434\u043e\u0431\u043d\u044b\u043c. \u041d\u0430 \u0442\u0435\u0440\u0440\u0438\u0442\u043e\u0440\u0438\u0438 \u0422\u0426 \u043e\u0431\u043e\u0440\u0443\u0434\u043e\u0432\u0430\u043d\u044b \u0434\u0432\u0435 \u0431\u0435\u0441\u043f\u043b\u0430\u0442\u043d\u044b\u0435 \u0438\u0433\u0440\u043e\u0432\u044b\u0435 \u043f\u043b\u043e\u0449\u0430\u0434\u043a\u0438 \u0434\u043b\u044f \u0434\u0435\u0442\u0435\u0439 \u043e\u0442 1 \u0434\u043e 8 \u043b\u0435\u0442.<\/p>\n<p>\u0414\u0435\u0442\u0441\u043a\u0438\u0435 \u043f\u043b\u043e\u0449\u0430\u0434\u043a\u0438 \u043f\u043b\u043e\u0449\u0430\u0434\u044c\u044e 34,5 \u043a\u0432.\u043c. \u043c\u0435\u0442\u0440\u043e\u0432 \u0438 44,8 \u043a\u0432. \u043c\u0435\u0442\u0440\u043e\u0432 \u2013 \u0442\u0435\u043c\u0430\u0442\u0438\u0447\u0435\u0441\u043a\u0438\u0435, \u043f\u0440\u0438\u0433\u043b\u0430\u0448\u0430\u044e\u0442 \u0438\u0441\u0441\u043b\u0435\u0434\u043e\u0432\u0430\u0442\u044c \u0436\u0438\u0432\u043e\u0442\u043d\u044b\u0445 \u0438\u0437 \u0440\u0430\u0437\u043d\u044b\u0445 \u0443\u0433\u043e\u043b\u043a\u043e\u0432 \u043c\u0438\u0440\u0430. \u0412 \u043e\u0434\u043d\u043e\u043c \u043f\u0440\u043e\u0441\u0442\u0440\u0430\u043d\u0441\u0442\u0432\u0435 \u0434\u0435\u0442\u0435\u0439 \u0431\u0443\u0434\u0443\u0442 \u0440\u0430\u0437\u0432\u043b\u0435\u043a\u0430\u0442\u044c \u0438\u0433\u0440\u0438\u0432\u043e \u0438\u0437\u043e\u0431\u0440\u0430\u0436\u0435\u043d\u043d\u044b\u0435 \u043e\u043a\u0435\u0430\u043d\u0441\u043a\u0438\u0435 \u0436\u0438\u0432\u043e\u0442\u043d\u044b\u0435, \u0430 \u0432 \u0434\u0440\u0443\u0433\u043e\u043c \u2014 \u0436\u0438\u0432\u043e\u0442\u043d\u044b\u0435 \u042e\u0436\u043d\u043e\u0439 \u0410\u043c\u0435\u0440\u0438\u043a\u0438.<\/p>\n<p>\u0414\u0435\u0442\u0441\u043a\u0438\u0435 \u043f\u043b\u043e\u0449\u0430\u0434\u043a\u0438 \u043e\u0431\u043e\u0440\u0443\u0434\u043e\u0432\u0430\u043d\u044b \u0441\u043e\u0432\u0440\u0435\u043c\u0435\u043d\u043d\u044b\u043c\u0438, \u0431\u0435\u0437\u043e\u043f\u0430\u0441\u043d\u044b\u043c\u0438, \u043a\u0440\u0430\u0441\u043e\u0447\u043d\u044b\u043c\u0438 \u0443\u0441\u0442\u0440\u043e\u0439\u0441\u0442\u0432\u0430\u043c\u0438 \u0434\u043b\u044f \u043b\u0430\u0437\u0430\u043d\u0438\u044f \u0438 \u0431\u0430\u043b\u0430\u043d\u0441\u0438\u0440\u043e\u0432\u043a\u0438, \u0433\u043e\u0440\u043a\u0430\u043c\u0438 \u0438 \u043e\u0431\u0443\u0447\u0430\u044e\u0449\u0438\u043c\u0438 \u0438\u0433\u0440\u043e\u0432\u044b\u043c\u0438 \u0434\u043e\u0441\u043a\u0430\u043c\u0438, \u043e\u0442\u0440\u0430\u0436\u0430\u044e\u0449\u0438\u043c\u0438 \u0432\u044b\u0431\u0440\u0430\u043d\u043d\u0443\u044e \u0442\u0435\u043c\u0430\u0442\u0438\u043a\u0443 \u0441 \u0440\u0430\u0437\u043b\u0438\u0447\u043d\u044b\u043c\u0438 \u044d\u043b\u0435\u043c\u0435\u043d\u0442\u0430\u043c\u0438 \u0434\u0438\u0437\u0430\u0439\u043d\u0430.<\/p>\n<p>\u041d\u043e\u0432\u044b\u0435 \u0434\u0435\u0442\u0441\u043a\u0438\u0435 \u043f\u043b\u043e\u0449\u0430\u0434\u043a\u0438 \u0440\u0430\u0441\u043f\u043e\u043b\u043e\u0436\u0435\u043d\u044b \u043d\u0430 \u043f\u043b. Lietuvinink\u0173, \u0432\u043e\u0437\u043b\u0435 \u0440\u0435\u0441\u0442\u043e\u0440\u0430\u043d\u0430 \u0441\u0430\u043c\u043e\u043e\u0431\u0441\u043b\u0443\u0436\u0438\u0432\u0430\u043d\u0438\u044f \u00abDELANO\u00bb \u0438 \u043d\u0430 \u043f\u043b. Pran\u010d\u016bz\u0173 \u0432\u043e\u0437\u043b\u0435 \u043c\u0430\u0433\u0430\u0437\u0438\u043d\u0430 \u00abLINDEX\u00bb. \u041f\u043b\u043e\u0449\u0430\u0434\u043a\u0438 \u0431\u0435\u0437\u043f\u043b\u0430\u0442\u043d\u044b\u0435, \u043e\u0442\u043a\u0440\u044b\u0442\u044b \u0432 \u0440\u0430\u0431\u043e\u0447\u0435\u0435 \u0432\u0440\u0435\u043c\u044f \u0422\u0426 \u2013 \u0435\u0436\u0435\u0434\u043d\u0435\u0432\u043d\u043e \u0441 8:00. \u0447\u0442\u043e \u0432 22:00.<\/p>\n<p>\u0416\u0435\u043b\u0430\u0435\u043c \u043d\u0430\u0448\u0438\u043c \u043c\u0430\u043b\u0435\u043d\u044c\u043a\u0438\u043c \u043f\u043e\u0441\u0435\u0442\u0438\u0442\u0435\u043b\u044f\u043c \u0432\u0435\u0441\u0435\u043b\u043e \u043f\u0440\u043e\u0432\u0435\u0441\u0442\u0438 \u0432\u0440\u0435\u043c\u044f \u043d\u0430 \u043d\u043e\u0432\u044b\u0445 \u0438\u0433\u0440\u043e\u0432\u044b\u0445 \u043f\u043b\u043e\u0449\u0430\u0434\u043a\u0430\u0445! \u041d\u0430\u043f\u043e\u043c\u0438\u043d\u0430\u0435\u043c \u0441\u043e\u043f\u0440\u043e\u0432\u043e\u0436\u0434\u0430\u044e\u0449\u0438\u043c \u0438\u0445 \u0440\u043e\u0434\u0441\u0442\u0432\u0435\u043d\u043d\u0438\u043a\u0430\u043c, \u0447\u0442\u043e \u043d\u0430 \u043f\u043b\u043e\u0449\u0430\u0434\u043aa\u0445 \u0443\u0441\u043b\u0443\u0433\u0438 \u043f\u043e \u043f\u0440\u0438\u0441\u043c\u043e\u0442\u0440\u0443 \u0437\u0430 \u0434\u0435\u0442\u044c\u043c\u0438 \u043d\u0435 \u043f\u0440\u0435\u0434\u043e\u0441\u0442\u0430\u0432\u043b\u044f\u044e\u0442\u0441\u044f, \u043f\u043e\u044d\u0442\u043e\u043c\u0443 \u043e\u0442\u0432\u0435\u0442\u0441\u0442\u0432\u0435\u043d\u043d\u043e\u0441\u0442\u044c \u0437\u0430 \u0431\u0435\u0437\u043e\u043f\u0430\u0441\u043d\u043e\u0441\u0442\u044c \u0438 \u043f\u0440\u0430\u0432\u0438\u043b\u044c\u043d\u043e\u0435 \u043f\u043e\u0432\u0435\u0434\u0435\u043d\u0438\u0435 \u0434\u0435\u0442\u0435\u0439 \u043d\u0435\u0441\u0443\u0442 \u0440\u043e\u0434\u0438\u0442\u0435\u043b\u0438\u00a0\u0438\u043b\u0438\u00a0\u043e\u043f\u0435\u043a\u0443\u043d\u044b.<\/p>\n            <\/div>\n        \n        <div class=\"link service-cta\">\n            <span>\u0423\u0437\u043d\u0430\u0442\u044c \u0431\u043e\u043b\u044c\u0448\u0435<\/span>\n        <\/div>\n    <\/div>\n<\/a>\n                    <\/div>\n                \n            \n        <\/div>\n    <\/section>\n\n<script>window.dispatchEvent( new Event('acf\/loaded\/post-cards-list'));<\/script>","protected":false},"excerpt":{"rendered":"","protected":false},"author":1,"featured_media":0,"parent":9480,"menu_order":0,"comment_status":"closed","ping_status":"closed","template":"","meta":{"_acf_changed":false,"footnotes":""},"class_list":["post-9544","page","type-page","status-publish","hentry"],"acf":[],"yoast_head":"<!-- This site is optimized with the Yoast SEO plugin v27.2 - https:\/\/yoast.com\/product\/yoast-seo-wordpress\/ -->\n<title>\u0414\u0435\u0442\u0441\u043a\u0438\u0435 \u0438\u0433\u0440\u043e\u0432\u044b\u0435 \u043f\u043b\u043e\u0449\u0430\u0434\u043a\u0438 - Akropolis Vilnius<\/title>\n<meta name=\"robots\" content=\"index, follow, max-snippet:-1, max-image-preview:large, max-video-preview:-1\" \/>\n<link rel=\"canonical\" href=\"https:\/\/akropolis.lt\/vilnius\/ru\/%d0%b1%d0%b5%d1%81%d0%bf%d0%bb%d0%b0%d1%82%d0%bd%d1%8b%d0%b5-%d1%83%d0%b4%d0%be%d0%b1%d1%81%d1%82%d0%b2%d0%b0\/%d0%b4%d0%b5%d1%82%d1%81%d0%ba%d0%b0%d1%8f-%d0%b8%d0%b3%d1%80%d0%be%d0%b2%d0%b0%d1%8f-%d0%bf%d0%bb%d0%be%d1%89%d0%b0%d0%b4%d0%ba%d0%b0\/\" \/>\n<meta property=\"og:locale\" content=\"ru_RU\" \/>\n<meta property=\"og:type\" content=\"article\" \/>\n<meta property=\"og:title\" content=\"\u0414\u0435\u0442\u0441\u043a\u0438\u0435 \u0438\u0433\u0440\u043e\u0432\u044b\u0435 \u043f\u043b\u043e\u0449\u0430\u0434\u043a\u0438 - Akropolis Vilnius\" \/>\n<meta property=\"og:url\" content=\"https:\/\/akropolis.lt\/vilnius\/ru\/%d0%b1%d0%b5%d1%81%d0%bf%d0%bb%d0%b0%d1%82%d0%bd%d1%8b%d0%b5-%d1%83%d0%b4%d0%be%d0%b1%d1%81%d1%82%d0%b2%d0%b0\/%d0%b4%d0%b5%d1%82%d1%81%d0%ba%d0%b0%d1%8f-%d0%b8%d0%b3%d1%80%d0%be%d0%b2%d0%b0%d1%8f-%d0%bf%d0%bb%d0%be%d1%89%d0%b0%d0%b4%d0%ba%d0%b0\/\" \/>\n<meta property=\"og:site_name\" content=\"Akropolis Vilnius\" \/>\n<meta property=\"article:modified_time\" content=\"2025-09-15T13:16:40+00:00\" \/>\n<meta property=\"og:image\" content=\"https:\/\/akropolis.lt\/vilnius\/wp-content\/uploads\/sites\/4\/2025\/12\/OG-image.png\" \/>\n\t<meta property=\"og:image:width\" content=\"1200\" \/>\n\t<meta property=\"og:image:height\" content=\"630\" \/>\n\t<meta property=\"og:image:type\" content=\"image\/png\" \/>\n<meta name=\"twitter:card\" content=\"summary_large_image\" \/>\n<script type=\"application\/ld+json\" class=\"yoast-schema-graph\">{\"@context\":\"https:\/\/schema.org\",\"@graph\":[{\"@type\":\"WebPage\",\"@id\":\"https:\/\/akropolis.lt\/vilnius\/ru\/%d0%b1%d0%b5%d1%81%d0%bf%d0%bb%d0%b0%d1%82%d0%bd%d1%8b%d0%b5-%d1%83%d0%b4%d0%be%d0%b1%d1%81%d1%82%d0%b2%d0%b0\/%d0%b4%d0%b5%d1%82%d1%81%d0%ba%d0%b0%d1%8f-%d0%b8%d0%b3%d1%80%d0%be%d0%b2%d0%b0%d1%8f-%d0%bf%d0%bb%d0%be%d1%89%d0%b0%d0%b4%d0%ba%d0%b0\/\",\"url\":\"https:\/\/akropolis.lt\/vilnius\/ru\/%d0%b1%d0%b5%d1%81%d0%bf%d0%bb%d0%b0%d1%82%d0%bd%d1%8b%d0%b5-%d1%83%d0%b4%d0%be%d0%b1%d1%81%d1%82%d0%b2%d0%b0\/%d0%b4%d0%b5%d1%82%d1%81%d0%ba%d0%b0%d1%8f-%d0%b8%d0%b3%d1%80%d0%be%d0%b2%d0%b0%d1%8f-%d0%bf%d0%bb%d0%be%d1%89%d0%b0%d0%b4%d0%ba%d0%b0\/\",\"name\":\"\u0414\u0435\u0442\u0441\u043a\u0438\u0435 \u0438\u0433\u0440\u043e\u0432\u044b\u0435 \u043f\u043b\u043e\u0449\u0430\u0434\u043a\u0438 - Akropolis Vilnius\",\"isPartOf\":{\"@id\":\"https:\/\/akropolis.lt\/vilnius\/ru\/#website\"},\"datePublished\":\"2025-09-10T10:35:30+00:00\",\"dateModified\":\"2025-09-15T13:16:40+00:00\",\"breadcrumb\":{\"@id\":\"https:\/\/akropolis.lt\/vilnius\/ru\/%d0%b1%d0%b5%d1%81%d0%bf%d0%bb%d0%b0%d1%82%d0%bd%d1%8b%d0%b5-%d1%83%d0%b4%d0%be%d0%b1%d1%81%d1%82%d0%b2%d0%b0\/%d0%b4%d0%b5%d1%82%d1%81%d0%ba%d0%b0%d1%8f-%d0%b8%d0%b3%d1%80%d0%be%d0%b2%d0%b0%d1%8f-%d0%bf%d0%bb%d0%be%d1%89%d0%b0%d0%b4%d0%ba%d0%b0\/#breadcrumb\"},\"inLanguage\":\"ru-RU\",\"potentialAction\":[{\"@type\":\"ReadAction\",\"target\":[\"https:\/\/akropolis.lt\/vilnius\/ru\/%d0%b1%d0%b5%d1%81%d0%bf%d0%bb%d0%b0%d1%82%d0%bd%d1%8b%d0%b5-%d1%83%d0%b4%d0%be%d0%b1%d1%81%d1%82%d0%b2%d0%b0\/%d0%b4%d0%b5%d1%82%d1%81%d0%ba%d0%b0%d1%8f-%d0%b8%d0%b3%d1%80%d0%be%d0%b2%d0%b0%d1%8f-%d0%bf%d0%bb%d0%be%d1%89%d0%b0%d0%b4%d0%ba%d0%b0\/\"]}]},{\"@type\":\"BreadcrumbList\",\"@id\":\"https:\/\/akropolis.lt\/vilnius\/ru\/%d0%b1%d0%b5%d1%81%d0%bf%d0%bb%d0%b0%d1%82%d0%bd%d1%8b%d0%b5-%d1%83%d0%b4%d0%be%d0%b1%d1%81%d1%82%d0%b2%d0%b0\/%d0%b4%d0%b5%d1%82%d1%81%d0%ba%d0%b0%d1%8f-%d0%b8%d0%b3%d1%80%d0%be%d0%b2%d0%b0%d1%8f-%d0%bf%d0%bb%d0%be%d1%89%d0%b0%d0%b4%d0%ba%d0%b0\/#breadcrumb\",\"itemListElement\":[{\"@type\":\"ListItem\",\"position\":1,\"name\":\"Homepage\",\"item\":\"https:\/\/akropolis.lt\/vilnius\/ru\/\"},{\"@type\":\"ListItem\",\"position\":2,\"name\":\"\u0411\u0435\u0441\u043f\u043b\u0430\u0442\u043d\u044b\u0435 \u0443\u0434\u043e\u0431\u0441\u0442\u0432\u0430\",\"item\":\"https:\/\/akropolis.lt\/vilnius\/ru\/%d0%b1%d0%b5%d1%81%d0%bf%d0%bb%d0%b0%d1%82%d0%bd%d1%8b%d0%b5-%d1%83%d0%b4%d0%be%d0%b1%d1%81%d1%82%d0%b2%d0%b0\/\"},{\"@type\":\"ListItem\",\"position\":3,\"name\":\"\u0414\u0435\u0442\u0441\u043a\u0438\u0435 \u0438\u0433\u0440\u043e\u0432\u044b\u0435 \u043f\u043b\u043e\u0449\u0430\u0434\u043a\u0438\"}]},{\"@type\":\"WebSite\",\"@id\":\"https:\/\/akropolis.lt\/vilnius\/ru\/#website\",\"url\":\"https:\/\/akropolis.lt\/vilnius\/ru\/\",\"name\":\"Akropolis Vilnius\",\"description\":\"\",\"potentialAction\":[{\"@type\":\"SearchAction\",\"target\":{\"@type\":\"EntryPoint\",\"urlTemplate\":\"https:\/\/akropolis.lt\/vilnius\/ru\/?s={search_term_string}\"},\"query-input\":{\"@type\":\"PropertyValueSpecification\",\"valueRequired\":true,\"valueName\":\"search_term_string\"}}],\"inLanguage\":\"ru-RU\"}]}<\/script>\n<!-- \/ Yoast SEO plugin. -->","yoast_head_json":{"title":"\u0414\u0435\u0442\u0441\u043a\u0438\u0435 \u0438\u0433\u0440\u043e\u0432\u044b\u0435 \u043f\u043b\u043e\u0449\u0430\u0434\u043a\u0438 - Akropolis Vilnius","robots":{"index":"index","follow":"follow","max-snippet":"max-snippet:-1","max-image-preview":"max-image-preview:large","max-video-preview":"max-video-preview:-1"},"canonical":"https:\/\/akropolis.lt\/vilnius\/ru\/%d0%b1%d0%b5%d1%81%d0%bf%d0%bb%d0%b0%d1%82%d0%bd%d1%8b%d0%b5-%d1%83%d0%b4%d0%be%d0%b1%d1%81%d1%82%d0%b2%d0%b0\/%d0%b4%d0%b5%d1%82%d1%81%d0%ba%d0%b0%d1%8f-%d0%b8%d0%b3%d1%80%d0%be%d0%b2%d0%b0%d1%8f-%d0%bf%d0%bb%d0%be%d1%89%d0%b0%d0%b4%d0%ba%d0%b0\/","og_locale":"ru_RU","og_type":"article","og_title":"\u0414\u0435\u0442\u0441\u043a\u0438\u0435 \u0438\u0433\u0440\u043e\u0432\u044b\u0435 \u043f\u043b\u043e\u0449\u0430\u0434\u043a\u0438 - Akropolis Vilnius","og_url":"https:\/\/akropolis.lt\/vilnius\/ru\/%d0%b1%d0%b5%d1%81%d0%bf%d0%bb%d0%b0%d1%82%d0%bd%d1%8b%d0%b5-%d1%83%d0%b4%d0%be%d0%b1%d1%81%d1%82%d0%b2%d0%b0\/%d0%b4%d0%b5%d1%82%d1%81%d0%ba%d0%b0%d1%8f-%d0%b8%d0%b3%d1%80%d0%be%d0%b2%d0%b0%d1%8f-%d0%bf%d0%bb%d0%be%d1%89%d0%b0%d0%b4%d0%ba%d0%b0\/","og_site_name":"Akropolis Vilnius","article_modified_time":"2025-09-15T13:16:40+00:00","og_image":[{"width":1200,"height":630,"url":"https:\/\/akropolis.lt\/vilnius\/wp-content\/uploads\/sites\/4\/2025\/12\/OG-image.png","type":"image\/png"}],"twitter_card":"summary_large_image","schema":{"@context":"https:\/\/schema.org","@graph":[{"@type":"WebPage","@id":"https:\/\/akropolis.lt\/vilnius\/ru\/%d0%b1%d0%b5%d1%81%d0%bf%d0%bb%d0%b0%d1%82%d0%bd%d1%8b%d0%b5-%d1%83%d0%b4%d0%be%d0%b1%d1%81%d1%82%d0%b2%d0%b0\/%d0%b4%d0%b5%d1%82%d1%81%d0%ba%d0%b0%d1%8f-%d0%b8%d0%b3%d1%80%d0%be%d0%b2%d0%b0%d1%8f-%d0%bf%d0%bb%d0%be%d1%89%d0%b0%d0%b4%d0%ba%d0%b0\/","url":"https:\/\/akropolis.lt\/vilnius\/ru\/%d0%b1%d0%b5%d1%81%d0%bf%d0%bb%d0%b0%d1%82%d0%bd%d1%8b%d0%b5-%d1%83%d0%b4%d0%be%d0%b1%d1%81%d1%82%d0%b2%d0%b0\/%d0%b4%d0%b5%d1%82%d1%81%d0%ba%d0%b0%d1%8f-%d0%b8%d0%b3%d1%80%d0%be%d0%b2%d0%b0%d1%8f-%d0%bf%d0%bb%d0%be%d1%89%d0%b0%d0%b4%d0%ba%d0%b0\/","name":"\u0414\u0435\u0442\u0441\u043a\u0438\u0435 \u0438\u0433\u0440\u043e\u0432\u044b\u0435 \u043f\u043b\u043e\u0449\u0430\u0434\u043a\u0438 - Akropolis Vilnius","isPartOf":{"@id":"https:\/\/akropolis.lt\/vilnius\/ru\/#website"},"datePublished":"2025-09-10T10:35:30+00:00","dateModified":"2025-09-15T13:16:40+00:00","breadcrumb":{"@id":"https:\/\/akropolis.lt\/vilnius\/ru\/%d0%b1%d0%b5%d1%81%d0%bf%d0%bb%d0%b0%d1%82%d0%bd%d1%8b%d0%b5-%d1%83%d0%b4%d0%be%d0%b1%d1%81%d1%82%d0%b2%d0%b0\/%d0%b4%d0%b5%d1%82%d1%81%d0%ba%d0%b0%d1%8f-%d0%b8%d0%b3%d1%80%d0%be%d0%b2%d0%b0%d1%8f-%d0%bf%d0%bb%d0%be%d1%89%d0%b0%d0%b4%d0%ba%d0%b0\/#breadcrumb"},"inLanguage":"ru-RU","potentialAction":[{"@type":"ReadAction","target":["https:\/\/akropolis.lt\/vilnius\/ru\/%d0%b1%d0%b5%d1%81%d0%bf%d0%bb%d0%b0%d1%82%d0%bd%d1%8b%d0%b5-%d1%83%d0%b4%d0%be%d0%b1%d1%81%d1%82%d0%b2%d0%b0\/%d0%b4%d0%b5%d1%82%d1%81%d0%ba%d0%b0%d1%8f-%d0%b8%d0%b3%d1%80%d0%be%d0%b2%d0%b0%d1%8f-%d0%bf%d0%bb%d0%be%d1%89%d0%b0%d0%b4%d0%ba%d0%b0\/"]}]},{"@type":"BreadcrumbList","@id":"https:\/\/akropolis.lt\/vilnius\/ru\/%d0%b1%d0%b5%d1%81%d0%bf%d0%bb%d0%b0%d1%82%d0%bd%d1%8b%d0%b5-%d1%83%d0%b4%d0%be%d0%b1%d1%81%d1%82%d0%b2%d0%b0\/%d0%b4%d0%b5%d1%82%d1%81%d0%ba%d0%b0%d1%8f-%d0%b8%d0%b3%d1%80%d0%be%d0%b2%d0%b0%d1%8f-%d0%bf%d0%bb%d0%be%d1%89%d0%b0%d0%b4%d0%ba%d0%b0\/#breadcrumb","itemListElement":[{"@type":"ListItem","position":1,"name":"Homepage","item":"https:\/\/akropolis.lt\/vilnius\/ru\/"},{"@type":"ListItem","position":2,"name":"\u0411\u0435\u0441\u043f\u043b\u0430\u0442\u043d\u044b\u0435 \u0443\u0434\u043e\u0431\u0441\u0442\u0432\u0430","item":"https:\/\/akropolis.lt\/vilnius\/ru\/%d0%b1%d0%b5%d1%81%d0%bf%d0%bb%d0%b0%d1%82%d0%bd%d1%8b%d0%b5-%d1%83%d0%b4%d0%be%d0%b1%d1%81%d1%82%d0%b2%d0%b0\/"},{"@type":"ListItem","position":3,"name":"\u0414\u0435\u0442\u0441\u043a\u0438\u0435 \u0438\u0433\u0440\u043e\u0432\u044b\u0435 \u043f\u043b\u043e\u0449\u0430\u0434\u043a\u0438"}]},{"@type":"WebSite","@id":"https:\/\/akropolis.lt\/vilnius\/ru\/#website","url":"https:\/\/akropolis.lt\/vilnius\/ru\/","name":"Akropolis Vilnius","description":"","potentialAction":[{"@type":"SearchAction","target":{"@type":"EntryPoint","urlTemplate":"https:\/\/akropolis.lt\/vilnius\/ru\/?s={search_term_string}"},"query-input":{"@type":"PropertyValueSpecification","valueRequired":true,"valueName":"search_term_string"}}],"inLanguage":"ru-RU"}]}},"_links":{"self":[{"href":"https:\/\/akropolis.lt\/vilnius\/ru\/wp-json\/wp\/v2\/pages\/9544","targetHints":{"allow":["GET"]}}],"collection":[{"href":"https:\/\/akropolis.lt\/vilnius\/ru\/wp-json\/wp\/v2\/pages"}],"about":[{"href":"https:\/\/akropolis.lt\/vilnius\/ru\/wp-json\/wp\/v2\/types\/page"}],"author":[{"embeddable":true,"href":"https:\/\/akropolis.lt\/vilnius\/ru\/wp-json\/wp\/v2\/users\/1"}],"replies":[{"embeddable":true,"href":"https:\/\/akropolis.lt\/vilnius\/ru\/wp-json\/wp\/v2\/comments?post=9544"}],"version-history":[{"count":2,"href":"https:\/\/akropolis.lt\/vilnius\/ru\/wp-json\/wp\/v2\/pages\/9544\/revisions"}],"predecessor-version":[{"id":9619,"href":"https:\/\/akropolis.lt\/vilnius\/ru\/wp-json\/wp\/v2\/pages\/9544\/revisions\/9619"}],"up":[{"embeddable":true,"href":"https:\/\/akropolis.lt\/vilnius\/ru\/wp-json\/wp\/v2\/pages\/9480"}],"wp:attachment":[{"href":"https:\/\/akropolis.lt\/vilnius\/ru\/wp-json\/wp\/v2\/media?parent=9544"}],"curies":[{"name":"wp","href":"https:\/\/api.w.org\/{rel}","templated":true}]}}