{"id":12240,"date":"2026-02-10T12:05:07","date_gmt":"2026-02-10T10:05:07","guid":{"rendered":"https:\/\/akropolis.lt\/vilnius\/?page_id=12240"},"modified":"2026-02-20T12:45:06","modified_gmt":"2026-02-20T12:45:06","slug":"dovanojame-vitamina-c","status":"publish","type":"page","link":"https:\/\/akropolis.lt\/vilnius\/dovanojame-vitamina-c\/","title":{"rendered":"Dovanojame vitamin\u0105 C"},"content":{"rendered":"    <section id=\"hero-block-698b02f465dcd\" class=\"hero\">\n        <div class=\"swiper hero-carousel-swiper\">\n            <div class=\"swiper-wrapper\">\n                \n                                        <a href=\"#\" target=\"_self\"\n                       class=\"swiper-slide a11y-underline-link\">\n                                                    <picture>\n                                <source media=\"(min-width: 767px)\"\n                                        srcset=\"https:\/\/akropolis.lt\/vilnius\/wp-content\/uploads\/sites\/4\/2026\/02\/Akropolis_Vit_C_WEB_baneriai_260220_1920x420_KE-1.jpg\">\n                                <source media=\"(max-width: 767px)\"\n                                        srcset=\"https:\/\/akropolis.lt\/vilnius\/wp-content\/uploads\/sites\/4\/2026\/02\/Akropolis_Vit_C_WEB_baneriai_260220_1125x1200_KE-1.jpg\">\n                                <img width=\"1920\" height=\"420\" src=\"https:\/\/akropolis.lt\/vilnius\/wp-content\/uploads\/sites\/4\/2026\/02\/Akropolis_Vit_C_WEB_baneriai_260220_1920x420_KE-1.jpg\" class=\"img-cover no-lazy force-no-contrast\" alt=\"\" fetchpriority=\"high\" srcset=\"https:\/\/akropolis.lt\/vilnius\/wp-content\/uploads\/sites\/4\/2026\/02\/Akropolis_Vit_C_WEB_baneriai_260220_1920x420_KE-1.jpg 1920w, https:\/\/akropolis.lt\/vilnius\/wp-content\/uploads\/sites\/4\/2026\/02\/Akropolis_Vit_C_WEB_baneriai_260220_1920x420_KE-1-300x66.jpg 300w, https:\/\/akropolis.lt\/vilnius\/wp-content\/uploads\/sites\/4\/2026\/02\/Akropolis_Vit_C_WEB_baneriai_260220_1920x420_KE-1-1024x224.jpg 1024w, https:\/\/akropolis.lt\/vilnius\/wp-content\/uploads\/sites\/4\/2026\/02\/Akropolis_Vit_C_WEB_baneriai_260220_1920x420_KE-1-768x168.jpg 768w, https:\/\/akropolis.lt\/vilnius\/wp-content\/uploads\/sites\/4\/2026\/02\/Akropolis_Vit_C_WEB_baneriai_260220_1920x420_KE-1-1536x336.jpg 1536w\" sizes=\"(max-width: 1920px) 100vw, 1920px\" \/>                            <\/picture>\n                                                <\/a>\n                                            <\/div>\n                    <\/div>\n        <div class=\"video-modal\">\n            <div class=\"video-modal-wrap\">\n                <button class=\"close-button\" aria-label=\"Close video modal\">\n                    <svg width=\"14\" height=\"14\" viewBox=\"0 0 14 14\" fill=\"none\" xmlns=\"http:\/\/www.w3.org\/2000\/svg\">\n                        <path d=\"M2 2L12 12M2 12L12 2\" stroke=\"black\" stroke-width=\"1.5\" stroke-linecap=\"square\"\/>\n                    <\/svg>\n                <\/button>\n                <div class=\"video-content-wrap\"><\/div>\n            <\/div>\n        <\/div>\n    <\/section>\n\n<script>window.dispatchEvent( new Event('acf\/loaded\/hero'));<\/script>\n\n    <section id=\"text-block-698b02f46607d\" class=\"text\">\n        <div class=\"container medium\">\n            <div class=\"content-wrap\">\n                <p><strong>AKCIJOS \u201eDOVANOJAME VITAMIN\u0104 C\u201c TAISYKLE\u0307S<\/strong><\/p>\n<p>\u0160ios taisykl\u0117s (toliau \u2013 <strong>Taisykl\u0117s<\/strong>) nustato akcijos \u201eDOVANOJAME VITAMIN\u0104 C\u201c (toliau \u2013 <strong>Akcija<\/strong>) vykdymo tvark\u0105:<\/p>\n<p>Akcijos laikotarpiu Vilniaus, Klaip\u0117dos ar \u0160iauli\u0173 prekybos ir pramog\u0173 centro AKROPOLIS (toliau \u2013 <strong>PPC AKROPOLIS) klientai turi galimyb\u0119 nemokamai atsiimti 1 (vien\u0105) Vitamino C pakuot\u0119<\/strong> (toliau \u2013 <strong>Dovana<\/strong>), PPC AKROPOLIS esan\u010di\u0173 \u201eEUROVAISTIN\u0116\u201c vaistini\u0173 kasose (kasose, perkantiems ne vaistus) pasak\u0119 special\u0173 Akcijos Dovanos kod\u0105 <strong>\u201eVASARIS\u201c<\/strong> arba pateik\u0119 <strong>AKCIJOS QR kod\u0105<\/strong>.<\/p>\n<p><strong>PASTABA:<\/strong> Akcijoje dalyvauja ir PPC AKROPOLIS naujienlai\u0161kio prenumeratoriai, iki Akcijos Taisykli\u0173 naujos redakcijos \u012fsigaliojimo dienos gav\u0119 el. lai\u0161k\u0105 su specialiu Akcijos QR kodu.<\/p>\n<p>&nbsp;<\/p>\n<ol>\n<li><strong>AKCIJOS S\u0104LYGOS<\/strong><\/li>\n<\/ol>\n<p>1.1. <strong>Laikotarpis<\/strong> \u2013 nuo 2026 m. vasario 11 d. 00:00 val. iki 2026 m. vasario 27 d. 21:00 val., arba iki i\u0161dalinamos visos Dovanos.<\/p>\n<p><strong>Pastaba:<\/strong>\u00a0 kiekvien\u0105 Akcijos dien\u0105, \u012fskaitant paskutin\u0119, Akcija vyksta iki bus i\u0161dalintos visos tos dienos Dovanos.<\/p>\n<p>1.2. <strong>Organizatorius<\/strong>\u00a0 \u2013 AKROPOLIS GROUP, UAB, j. a. k. 302533135 (toliau \u2013\u00a0 <strong>Organizatorius<\/strong>).<\/p>\n<p>1.3. <strong>Partneris<\/strong>\u00a0 \u2013 PPC AKROPOLIS esan\u010dios \u201eEUROVAISTIN\u0116\u201c vaistin\u0117s (toliau \u2013\u00a0 <strong>Partneris<\/strong>).<\/p>\n<p>1.4 <strong>Akcijos dalyvis<\/strong>\u00a0 \u2013 su \u0161iomis Taisykl\u0117mis susipa\u017ein\u0119s, su jomis sutinkantis bei Akcijoje dalyvauti pageidaujantis ne jaunesnis kaip 16 met\u0173 am\u017eiaus asmuo, kuris Akcijos laikotarpiu \u017eino Akcijos Dovanos kod\u0105 \u201eVASARIS\u201c arba yra gav\u0119s Akcijos QR kod\u0105 su naujienlai\u0161kiu,.<\/p>\n<p><strong>Pastaba:<\/strong>\u00a0 Akcijoje negali dalyvauti Organizatoriaus ir jo dukterini\u0173 \u012fmoni\u0173 (OZO TURTAS, UAB, AIDO TURTAS, UAB ir TAIKOS TURTAS, UAB) darbuotojai bei j\u0173 \u0161eimos nariai.<\/p>\n<p>&nbsp;<\/p>\n<ol start=\"2\">\n<li><strong> AKCIJOS EIGA<\/strong><\/li>\n<\/ol>\n<p>2.1. Akcijos QR Dovanos kodas \u201eVASARIS\u201c arba Akcijos QR kodas suteiks teis\u0119 vien\u0105 kart\u0105 visu Akcijos laikotarpiu, PPC AKROPOLIS esan\u010dioje Partnerio vaistin\u0117je i\u0161keisti j\u012f \u012f 1 (vien\u0105) Dovan\u0105 (\u017dr. 3.13.1 p.).<\/p>\n<ol start=\"3\">\n<li><strong> DOVANA<\/strong><\/li>\n<\/ol>\n<p>3.1. <strong>Dovana<\/strong>\u00a0 \u2013 1 pakuot\u0117, OLVEL VITAMINAS C, citrin\u0173 skonio, 20 tirpi\u0173 table\u010di\u0173.<\/p>\n<p>3.2. Dovan\u0173 skai\u010dius ribotas \u2013 kiekvien\u0105 dien\u0105 Akcija vyksta tol, kol yra Dovan\u0173. Jeigu Akcijos dien\u0105 visos Dovanos i\u0161dalinamos anks\u010diau, tos dienos Akcija baigiasi, o jeigu paskutin\u0119 dien\u0105 \u2013 anks\u010diau baigiasi ir visas Akcijos laikotarpis.<\/p>\n<p>3.3. Kiekvien\u0105 Akcijos dien\u0105 PPC AKROPOLIS esan\u010diose Partnerio vaistin\u0117se \u012fsteigta ir i\u0161dalijama ne daugiau kaip 1 500 vnt. Dovanos pakuo\u010di\u0173, i\u0161 kuri\u0173:<\/p>\n<ul>\n<li>Vilniuje, Klaip\u0117doje ir \u0160iauliuose \u2013 po 500 pakuo\u010di\u0173.<\/li>\n<\/ul>\n<p>3.4. Pasiekus konkre\u010dios Akcijos dienos Dovan\u0173 limit\u0105, Dovanos t\u0105 dien\u0105 nebei\u0161duodamos,QR ta\u010diau Dovan\u0105 galima atsiimti vien\u0105 kart\u0105 per vis\u0105 Akcijos laikotarp\u012f, tol kol yra Dovan\u0173.<\/p>\n<p>3.5. Dovana n\u0117ra kei\u010diami \u012f kit\u0105 dovan\u0105, pinigus ar kitas prekes\/paslaugas, taip pat n\u0117ra gr\u0105\u017einama.<\/p>\n<p>3.6. PAPILDOMA INFORMACIJA APIE DOVAN\u0104:<\/p>\n<ul>\n<li>Informacija d\u0117l Dovanos (jos vartojimo b\u016bdo, sud\u0117ties ir pan.) teikiama PPC AKROPOLIS esan\u010diose Partnerio vaistin\u0117se.<\/li>\n<li>Maisto papildas netur\u0117t\u0173 b\u016bti vartojamas kaip maisto pakaitalas. Svarbu \u012fvairi ir subalansuota mityba bei sveikas gyvenimo b\u016bdas.<\/li>\n<\/ul>\n<p>&nbsp;<\/p>\n<ol start=\"4\">\n<li><strong> DOVANOS ATSI\u0116MIMAS<\/strong><\/li>\n<\/ol>\n<p>4.1. Su Akcijos QRDovanos kodu \u201eVASARIS\u201c arba Akcijos QR kodu Dovan\u0105 galima atsiimti:<\/p>\n<ul>\n<li>PPC AKROPOLIS esan\u010diose \u201eEUROVAISTIN\u0116\u201c vaistin\u0117se (i\u0161skyrus PPC AKROPOLIS \u0160iauliai esan\u010di\u0105 \u201eEUROVAISTIN\u0116 EXPRESS\u201c);<\/li>\n<li>Kasose perkantiems ne vaistus.<\/li>\n<\/ul>\n<p>4.2. Akcijos QRDovanos perdavimo-pri\u0117mimo aktas nebus sudaromas. Priimdamas Dovan\u0105, Akcijos QRDovanos kodo\/QR kodo tur\u0117tojas patvirtina, jog Dovana yra tinkamai jam perduota ir kad jis d\u0117l Dovanos perdavimo pretenzij\u0173 neturi.<\/p>\n<ol start=\"5\">\n<li><strong> BAIGIAMOSIOS NUOSTATOS<\/strong><\/li>\n<\/ol>\n<p>5.1. Akcijos dalyviai turi teis\u0119 iki 2026 m. kovo 10 d. teikti pagr\u012fstus skundus d\u0117l Akcijos eigos. Skundus galima pateikti Akcijos Organizatoriui ra\u0161tu, adresu Ozo g. 25, LT-07150 Vilnius, arba el. pa\u0161tu\u00a0 info@akropolis.lt. Visi pateikti skundai bus nagrin\u0117jami ir Akcijos dalyviams atsakymai pateikti per 30 kalendorini\u0173 dien\u0173, skai\u010diuojant nuo ra\u0161ti\u0161ko skundo (\u012fskaitant el. pa\u0161tu) gavimo dienos.<\/p>\n<p>5.2. Akcijoje dalyvaujantys asmenys \u012fsipareigoja tinkamai susipa\u017einti su \u0161iomis Taisykl\u0117mis ir sutinka j\u0173 laikytis.<\/p>\n<p>5.3. Organizatorius ir\/ar Partneris, i\u0328tare\u0328s Taisykli\u0173\u0328 pa\u017eeidim\u0105\u0328, turi teise\u0328 atide\u0307ti Dovanos atidavima\u0328 Akcijos dalyviui iki tyrimo pabaigos. Jeigu tyrimo metu paai\u0161ke\u0307ja, kad Taisykle\u0307s buvo pa\u017eeistos, Organizatorius turi teise\u0328 Dovanos ne\u012fteikti.<\/p>\n<p>5.4. Organizatorius pasilieka teise\u0328 keisti Taisykles ir Akcijos laikotarpi\u0328 apie tai i\u0161 anksto informuodamas interneto svetaine\u0307je www.akropolis.lt. Esant Taisykliu\u0328 neatitikim\u0173, galioja www.akropolis.lt paskelbtos Taisykle\u0307s.<\/p>\n<p>5.5. Informacija apie Akcija\u0328 skelbiama www.akropolis.lt www.akropolis.lt, PPC AKROPOLIS Vilnius, Klaip\u0117da ir \u0160iauliai informacijos centruose bei kitose reklamin\u0117se priemon\u0117se.<\/p>\n<p>5.6. Naujienlai\u0161ki\u0173 siuntimo ir\/ar Dovan\u0173 \u012fteikimo tikslu Organizatorius J\u016bs\u0173 asmens duomenis tvarko PPC AKROPOLIS Privatumo politikoje nustatyta tvarka bei s\u0105lygomis.\u00a0\u00a0 Pla\u010diau apie tai skaitykite Privatumo politikoje.: <a href=\"https:\/\/akropolis.lt\/vilnius\/privatumo-politika\/\">https:\/\/akropolis.lt\/vilnius\/privatumo-politika<\/a>.<\/p>\n            <\/div>\n                    <\/div>\n    <\/section>\n\n<script>window.dispatchEvent( new Event('acf\/loaded\/text'));<\/script>\n\n","protected":false},"excerpt":{"rendered":"","protected":false},"author":185,"featured_media":0,"parent":0,"menu_order":0,"comment_status":"closed","ping_status":"closed","template":"","meta":{"_acf_changed":false,"footnotes":""},"class_list":["post-12240","page","type-page","status-publish","hentry"],"acf":[],"yoast_head":"<!-- This site is optimized with the Yoast SEO plugin v27.2 - https:\/\/yoast.com\/product\/yoast-seo-wordpress\/ -->\n<title>Dovanojame vitamin\u0105 C - Akropolis Vilnius<\/title>\n<meta name=\"robots\" content=\"index, follow, max-snippet:-1, max-image-preview:large, max-video-preview:-1\" \/>\n<link rel=\"canonical\" href=\"https:\/\/akropolis.lt\/vilnius\/dovanojame-vitamina-c\/\" \/>\n<meta property=\"og:locale\" content=\"lt_LT\" \/>\n<meta property=\"og:type\" content=\"article\" \/>\n<meta property=\"og:title\" content=\"Dovanojame vitamin\u0105 C - Akropolis Vilnius\" \/>\n<meta property=\"og:url\" content=\"https:\/\/akropolis.lt\/vilnius\/dovanojame-vitamina-c\/\" \/>\n<meta property=\"og:site_name\" content=\"Akropolis Vilnius\" \/>\n<meta property=\"article:modified_time\" content=\"2026-02-20T12:45:06+00:00\" \/>\n<meta property=\"og:image\" content=\"https:\/\/akropolis.lt\/vilnius\/wp-content\/uploads\/sites\/4\/2025\/12\/OG-image.png\" \/>\n\t<meta property=\"og:image:width\" content=\"1200\" \/>\n\t<meta property=\"og:image:height\" content=\"630\" \/>\n\t<meta property=\"og:image:type\" content=\"image\/png\" \/>\n<meta name=\"twitter:card\" content=\"summary_large_image\" \/>\n<script type=\"application\/ld+json\" class=\"yoast-schema-graph\">{\"@context\":\"https:\/\/schema.org\",\"@graph\":[{\"@type\":\"WebPage\",\"@id\":\"https:\/\/akropolis.lt\/vilnius\/dovanojame-vitamina-c\/\",\"url\":\"https:\/\/akropolis.lt\/vilnius\/dovanojame-vitamina-c\/\",\"name\":\"Dovanojame vitamin\u0105 C - Akropolis Vilnius\",\"isPartOf\":{\"@id\":\"https:\/\/akropolis.lt\/vilnius\/#website\"},\"datePublished\":\"2026-02-10T10:05:07+00:00\",\"dateModified\":\"2026-02-20T12:45:06+00:00\",\"breadcrumb\":{\"@id\":\"https:\/\/akropolis.lt\/vilnius\/dovanojame-vitamina-c\/#breadcrumb\"},\"inLanguage\":\"lt-LT\",\"potentialAction\":[{\"@type\":\"ReadAction\",\"target\":[\"https:\/\/akropolis.lt\/vilnius\/dovanojame-vitamina-c\/\"]}]},{\"@type\":\"BreadcrumbList\",\"@id\":\"https:\/\/akropolis.lt\/vilnius\/dovanojame-vitamina-c\/#breadcrumb\",\"itemListElement\":[{\"@type\":\"ListItem\",\"position\":1,\"name\":\"Homepage\",\"item\":\"https:\/\/akropolis.lt\/vilnius\/\"},{\"@type\":\"ListItem\",\"position\":2,\"name\":\"Dovanojame vitamin\u0105 C\"}]},{\"@type\":\"WebSite\",\"@id\":\"https:\/\/akropolis.lt\/vilnius\/#website\",\"url\":\"https:\/\/akropolis.lt\/vilnius\/\",\"name\":\"Akropolis Vilnius\",\"description\":\"\",\"potentialAction\":[{\"@type\":\"SearchAction\",\"target\":{\"@type\":\"EntryPoint\",\"urlTemplate\":\"https:\/\/akropolis.lt\/vilnius\/?s={search_term_string}\"},\"query-input\":{\"@type\":\"PropertyValueSpecification\",\"valueRequired\":true,\"valueName\":\"search_term_string\"}}],\"inLanguage\":\"lt-LT\"}]}<\/script>\n<!-- \/ Yoast SEO plugin. -->","yoast_head_json":{"title":"Dovanojame vitamin\u0105 C - Akropolis Vilnius","robots":{"index":"index","follow":"follow","max-snippet":"max-snippet:-1","max-image-preview":"max-image-preview:large","max-video-preview":"max-video-preview:-1"},"canonical":"https:\/\/akropolis.lt\/vilnius\/dovanojame-vitamina-c\/","og_locale":"lt_LT","og_type":"article","og_title":"Dovanojame vitamin\u0105 C - Akropolis Vilnius","og_url":"https:\/\/akropolis.lt\/vilnius\/dovanojame-vitamina-c\/","og_site_name":"Akropolis Vilnius","article_modified_time":"2026-02-20T12:45:06+00:00","og_image":[{"width":1200,"height":630,"url":"https:\/\/akropolis.lt\/vilnius\/wp-content\/uploads\/sites\/4\/2025\/12\/OG-image.png","type":"image\/png"}],"twitter_card":"summary_large_image","schema":{"@context":"https:\/\/schema.org","@graph":[{"@type":"WebPage","@id":"https:\/\/akropolis.lt\/vilnius\/dovanojame-vitamina-c\/","url":"https:\/\/akropolis.lt\/vilnius\/dovanojame-vitamina-c\/","name":"Dovanojame vitamin\u0105 C - Akropolis Vilnius","isPartOf":{"@id":"https:\/\/akropolis.lt\/vilnius\/#website"},"datePublished":"2026-02-10T10:05:07+00:00","dateModified":"2026-02-20T12:45:06+00:00","breadcrumb":{"@id":"https:\/\/akropolis.lt\/vilnius\/dovanojame-vitamina-c\/#breadcrumb"},"inLanguage":"lt-LT","potentialAction":[{"@type":"ReadAction","target":["https:\/\/akropolis.lt\/vilnius\/dovanojame-vitamina-c\/"]}]},{"@type":"BreadcrumbList","@id":"https:\/\/akropolis.lt\/vilnius\/dovanojame-vitamina-c\/#breadcrumb","itemListElement":[{"@type":"ListItem","position":1,"name":"Homepage","item":"https:\/\/akropolis.lt\/vilnius\/"},{"@type":"ListItem","position":2,"name":"Dovanojame vitamin\u0105 C"}]},{"@type":"WebSite","@id":"https:\/\/akropolis.lt\/vilnius\/#website","url":"https:\/\/akropolis.lt\/vilnius\/","name":"Akropolis Vilnius","description":"","potentialAction":[{"@type":"SearchAction","target":{"@type":"EntryPoint","urlTemplate":"https:\/\/akropolis.lt\/vilnius\/?s={search_term_string}"},"query-input":{"@type":"PropertyValueSpecification","valueRequired":true,"valueName":"search_term_string"}}],"inLanguage":"lt-LT"}]}},"_links":{"self":[{"href":"https:\/\/akropolis.lt\/vilnius\/wp-json\/wp\/v2\/pages\/12240","targetHints":{"allow":["GET"]}}],"collection":[{"href":"https:\/\/akropolis.lt\/vilnius\/wp-json\/wp\/v2\/pages"}],"about":[{"href":"https:\/\/akropolis.lt\/vilnius\/wp-json\/wp\/v2\/types\/page"}],"author":[{"embeddable":true,"href":"https:\/\/akropolis.lt\/vilnius\/wp-json\/wp\/v2\/users\/185"}],"replies":[{"embeddable":true,"href":"https:\/\/akropolis.lt\/vilnius\/wp-json\/wp\/v2\/comments?post=12240"}],"version-history":[{"count":14,"href":"https:\/\/akropolis.lt\/vilnius\/wp-json\/wp\/v2\/pages\/12240\/revisions"}],"predecessor-version":[{"id":12514,"href":"https:\/\/akropolis.lt\/vilnius\/wp-json\/wp\/v2\/pages\/12240\/revisions\/12514"}],"wp:attachment":[{"href":"https:\/\/akropolis.lt\/vilnius\/wp-json\/wp\/v2\/media?parent=12240"}],"curies":[{"name":"wp","href":"https:\/\/api.w.org\/{rel}","templated":true}]}}