{"id":3359,"date":"2025-04-15T09:04:22","date_gmt":"2025-04-15T06:04:22","guid":{"rendered":"https:\/\/akras.local\/vilnius\/?page_id=3359"},"modified":"2026-03-30T15:19:32","modified_gmt":"2026-03-30T12:19:32","slug":"dovanu-kortele","status":"publish","type":"page","link":"https:\/\/akropolis.lt\/vilnius\/dovanu-kortele\/","title":{"rendered":"Dovan\u0173 kortel\u0117"},"content":{"rendered":"\n    <section id=\"post-hero-banner-block-6819f8b4d4ad2\"\n             class=\"post-hero-banner  \">\n        <div class=\"cover-img\">\n                                            <picture>\n                    <source media=\"(min-width: 901px)\" class=\"no-lazy\"\n                            srcset=\"https:\/\/akropolis.lt\/vilnius\/wp-content\/uploads\/sites\/4\/2026\/03\/Akropolis_E-wallet_kv_baneriai_1920x650_comp.jpg\">\n                    <source media=\"(max-width: 901px)\" class=\"no-lazy\"\n                            srcset=\"https:\/\/akropolis.lt\/vilnius\/wp-content\/uploads\/sites\/4\/2026\/03\/Akropolis_E-wallet_kv_baneriai_1125x1344_comp-904x1080.jpg\">\n\n                    <img src=\"https:\/\/akropolis.lt\/vilnius\/wp-content\/uploads\/sites\/4\/2026\/03\/Akropolis_E-wallet_kv_baneriai_1920x650_comp.jpg\"\n                         alt=\"\u010cia telpa visi norai\"\n                         class=\"no-lazy force-no-contrast\">\n                <\/picture>\n                    <\/div>\n        <div class=\"container\">\n            <div class=\"event-content\">\n                                <h1>\u010cia telpa visi norai<\/h1>\n                                <div class=\" app-download-bts\">\n                                                        <\/div>\n                                <div class=\"btn-wrap\">\n                                                                        <a class=\"btn bg-red dot\"\n                               target=\"_blank\"\n                               href=\"https:\/\/www.geradovana.lt\/dovanu-kortele--akropolis-akropolis\"><span>\u012esigyti<\/span><\/a>\n                                                            <\/div>\n            <\/div>\n        <\/div>\n    <\/section>\n\n<script>window.dispatchEvent( new Event('acf\/loaded\/post-hero-banner'));<\/script>\n\n\n    <section id=\"text-sidebar-block-6819f8b4de237\" class=\"text-sidebar\">\n        <div class=\"container\">\n            <div class=\"wrap \">\n                                    <div class=\"navigation-side\">\n                        <p>Naviguoti puslapyje:<\/p>\n                                                    <ul>\n                                                                    <li><a class=\"js-policy-nav\" data-target=\"item-0\"\n                                           href=\"#item-0\">AKROPOLIS dovan\u0173 kortel\u0117s nominalai<\/a><\/li>\n                                                                    <li><a class=\"js-policy-nav\" data-target=\"item-1\"\n                                           href=\"#item-1\">Kaip atsiimti skaitmenin\u0119 AKROPOLIS dovan\u0173 kortel\u0119?<\/a><\/li>\n                                                                    <li><a class=\"js-policy-nav\" data-target=\"item-2\"\n                                           href=\"#item-2\">AKROPOLIS dovan\u0173 kortel\u0117s taisykl\u0117s ir informacija<\/a><\/li>\n                                                                    <li><a class=\"js-policy-nav\" data-target=\"item-3\"\n                                           href=\"#item-3\">Dovan\u0173 kortel\u0117s galiojimas<\/a><\/li>\n                                                            <\/ul>\n                                            <\/div>\n                                <div class=\"content-title-side\">\n                                            <h1 class=\"h4\">AKROPOLIO dovan\u0173 kortel\u0117<\/h1>\n                                                                <div class=\"intro-text\"><p>AKROPOLIO kortel\u0117 \u2013 dovana, kurioje telpa visi norai! Tai puikus b\u016bdas prad\u017eiuginti Jums artim\u0105 \u017emog\u0173, suteikiant did\u017eiausi\u0105 pasirinkim\u0105 i\u0161 keturi\u0173 prekybos centr\u0173 AKROPOLIS Lietuvoje teikiamo asortimento.<\/p>\n<p>AKROPOLIO dovan\u0173 kortel\u0117, pakeitusi AKROPOLIO dovan\u0173 \u010dek\u012f, tampa ne tik visus norus pildan\u010dia, bet ir itin prakti\u0161ka daugkartinio naudojimo dovana. Pasirink\u0119 kortel\u0117s sum\u0105 nuo 10 iki 500 Eur, gal\u0117site j\u0105 naudoti pagal poreikius, nustatydami tiksli\u0105 pinig\u0173 sum\u0105, kuri\u0105 norite panaudoti vienu metu. Be to, kortel\u0119 galima prid\u0117ti prie \u201eApple Wallet\u201c ar \u201eGoogle Wallet\u201c elektronini\u0173 pinigini\u0173 ir patogiai atsiskaityti mobiliuoju \u012frenginiu. Tai puiki dovana \u0161eimos nariams, draugams, kolegoms ir verslo partneriams, o j\u0105 \u012fsigyti galima AKROPOLYJE arba internetu. <\/p>\n<p>Kaip prisid\u0117ti Dovan\u0173 kortel\u0119 e-wallet:<\/p>\n<p>1. Nuskanuok QR kod\u0105 nuo dovan\u0173 kortel\u0117s<br \/>\n2. \u012evesk kortel\u0117s br\u016bk\u0161nin\u012f kod\u0105<br \/>\n3. \u012evesk nutrinam\u0105 kod\u0105 (el. kortel\u0117je &#8211; naudojimosi internetu kodas)<br \/>\n4. Prid\u0117k kortel\u0119 prie Apple Wallet arba Google Pay<\/p>\n<\/div>\n                                                                <div class=\"content-side \">\n                                                        <div class=\"step-holder \">\n                                                                                            <div class=\"item js-policy-block\" data-target=\"item-0\"\n                                         id=\"item-0\">\n                                                                                        <div class=\"content-wrap\">\n                                                    <h6>AKROPOLIS dovan\u0173 kortel\u0117s nominalai<\/h6>\n<p>Dovan\u0173 kortel\u0117s sum\u0105 galite pasirinkti 0,01 Eur tikslumu, nuo ma\u017eiausio 10 Eur iki did\u017eiausio 500 Eur nominalo.<\/p>\n<p>AKROPOLIO dovan\u0173 kortel\u0117 \u2013 tai daugkartinio naudojimo kortel\u0117, suteikianti jos tur\u0117tojui teis\u0119 kortel\u0117je esan\u010di\u0105 pinig\u0173 sum\u0105 panaudoti per kelis kartus pas skirtingus partnerius.<\/p>\n                                                <\/div>\n                                                                                                                                                                                                                                    <div class=\"btns-wrap\">\n                                                                                                                    <a rel=\"noopener noreferrer\" class=\"btn dot bg-light-gray\"\n                                                               target=\"_blank\"\n                                                               href=\"https:\/\/www.geradovana.lt\/dovanu-kortele--akropolis-akropolis\"><span>Pirk internetu<\/span><\/a>\n                                                                                                            <\/div>\n                                                                                                                                                                                                                    <\/div>\n                                                            <\/div>\n                                                        <div class=\"step-holder \">\n                                                                                            <div class=\"item js-policy-block\" data-target=\"item-1\"\n                                         id=\"item-1\">\n                                                                                        <div class=\"content-wrap\">\n                                                    <h6>Kaip atsiimti skaitmenin\u0119 AKROPOLIS dovan\u0173 kortel\u0119?<\/h6>\n<p>U\u017esisak\u0119 AKROPOLIS dovan\u0173 kortel\u0119 internetu, j\u0105 galite atsiimti:<\/p>\n<ul>\n<li>el. pa\u0161tu \u2013 elektronin\u0117 dovan\u0173 kortel\u0117 (PDF formatu).<\/li>\n<li>PPC AKROPOLIS, Vilnius, Informacijos centre I\u2013VII 10\u201320 val.;<\/li>\n<li>\u201eGeros dovanos\u201c biure adresu J. Jasinskio g. 16A, Vilnius (I\u2013IV 8\u201317 val., V 8\u201316 val.);<\/li>\n<li>Pa\u0161tomatuose ir per kurjerius. Daugiau informacijos <a href=\"https:\/\/www.geradovana.lt\/dovanu-kortele--akropolis-akropolis?gad_source=1&amp;gclid=CjwKCAiAmZGrBhAnEiwAo9qHic7XMUKe22AZfi6DIZmrw2sT0g-c7AGVzH2D5bz_iOlzGs1N7xlRNRoCvEIQAvD_BwE\" target=\"_blank\" rel=\"noopener\">\u010cIA<\/a>.<\/li>\n<\/ul>\n                                                <\/div>\n                                                                                                                                                                    <\/div>\n                                                            <\/div>\n                                                        <div class=\"step-holder \">\n                                                                                            <div class=\"item js-policy-block\" data-target=\"item-2\"\n                                         id=\"item-2\">\n                                                                                        <div class=\"content-wrap\">\n                                                    <h6>AKROPOLIS dovan\u0173 kortel\u0117s taisykl\u0117s ir informacija<\/h6>\n                                                <\/div>\n                                                                                                                                                                                <div class=\"content-wrap notice-text\">\n                                                    <p>Svarbu! \u012esigydami AKROPOLIO dovan\u0173 kortel\u0119, patvirtinate, kad susipa\u017einote su AKROPOLIO <a href=\"https:\/\/akropolis.lt\/vilnius\/dovanu-korteles-bendrosios-taisykles\/\">dovan\u0173 kortel\u0117s naudojimo\u00a0taisykl\u0117mis<\/a>.<\/p>\n                                                <\/div>\n                                                                                                                                                                                <div class=\"content-wrap\">\n                                                    <p>AKROPOLIO dovan\u0173 kortele galite atsiskaityti visose AKROPOLIO prekybos ir paslaug\u0173 teikimo vietose (taip pat AKROPOLIO MAXIMOJE), i\u0161skyrus AKROPOLIO dovan\u0173 kortel\u0117s naudojimo taisykl\u0117se nurodytas parduotuves ir paslaug\u0173 teik\u0117jus.<\/p>\n<p>J\u016bs\u0173 patogumui \u012f visus klausimus, susijusius su AKROPOLIO dovan\u0173 kortele, atsakys konsultantai tel. +370\u00a05 205 2099\u00a0arba el. pa\u0161tu\u00a0<a href=\"mailto:sales@geradovana.lt\">sales@geradovana.lt<\/a>.<\/p>\n<p>Konsultacijos telefonu teikiamos darbo dienomis 8\u201318 val., savaitgaliais bei \u0161ven\u010di\u0173 dienomis 10\u201318 val.<\/p>\n                                                <\/div>\n                                                                                                                                                                                                                                    <div class=\"btns-wrap\">\n                                                                                                                    <a rel=\"noopener noreferrer\" class=\"btn dot bg-light-gray\"\n                                                               target=\"_self\"\n                                                               href=\"https:\/\/akropolis.lt\/vilnius\/dovanu-kortele\/dovanu-kortele-juridiniams-asmenims\/\"><span>Dovan\u0173 kortel\u0117 juridiniams asmenims<\/span><\/a>\n                                                                                                                    <a rel=\"noopener noreferrer\" class=\"btn dot bg-light-gray\"\n                                                               target=\"_self\"\n                                                               href=\"https:\/\/akropolis.lt\/vilnius\/dovanu-korteles-bendrosios-taisykles\/\"><span>Dovan\u0173 kortel\u0117s taisykl\u0117s<\/span><\/a>\n                                                                                                            <\/div>\n                                                                                                                                                                                                                    <\/div>\n                                                            <\/div>\n                                                        <div class=\"step-holder \">\n                                                                                            <div class=\"item js-policy-block\" data-target=\"item-3\"\n                                         id=\"item-3\">\n                                                                                        <div class=\"content-wrap\">\n                                                    <h6>Dovan\u0173 kortel\u0117s galiojimas<\/h6>\n<p>Patikrinti dovan\u0173 kortel\u0117s likut\u012f ir galiojim\u0105 galima <a href=\"https:\/\/www.geradovana.lt\/dovanu-cekiu-savitarna\" target=\"_blank\" rel=\"noopener\">\u010dia<\/a>.<\/p>\n<p>AKROPOLIS dovan\u0173 kortel\u0117s galiojimo laikas gali b\u016bti prat\u0119stas naudojantis <a href=\"https:\/\/www.geradovana.lt\/dovanu-cekiu-savitarna\" target=\"_blank\" rel=\"noopener\">\u201eGera dovana\u201c savitarnos paslauga<\/a>.<\/p>\n                                                <\/div>\n                                                                                                                                                                    <\/div>\n                                                            <\/div>\n                                                    <\/div>\n                                    <\/div>\n            <\/div>\n        <\/div>\n    <\/section>\n\n<script>window.dispatchEvent( new Event('acf\/loaded\/text-sidebar'));<\/script>\n\n    <section id=\"split-screen-content-block-6819f8b4de2fc\" class=\"split-screen-content\">\n        <div class=\"container-fluid\">\n            <div class=\"split-screen-content-wrap\">\n                                    <div class=\"item-wrap\">\n                                                    <div class=\"bg-wrap\">\n\n                                <img loading=\"lazy\" width=\"2560\" height=\"1500\" src=\"https:\/\/akropolis.lt\/vilnius\/wp-content\/uploads\/sites\/4\/2025\/05\/2-desktop.jpg\" class=\"force-no-contrast has-mobile-img\" alt=\"\" srcset=\"https:\/\/akropolis.lt\/vilnius\/wp-content\/uploads\/sites\/4\/2025\/05\/2-desktop.jpg 2560w, https:\/\/akropolis.lt\/vilnius\/wp-content\/uploads\/sites\/4\/2025\/05\/2-desktop-300x176.jpg 300w, https:\/\/akropolis.lt\/vilnius\/wp-content\/uploads\/sites\/4\/2025\/05\/2-desktop-1024x600.jpg 1024w, https:\/\/akropolis.lt\/vilnius\/wp-content\/uploads\/sites\/4\/2025\/05\/2-desktop-768x450.jpg 768w, https:\/\/akropolis.lt\/vilnius\/wp-content\/uploads\/sites\/4\/2025\/05\/2-desktop-1536x900.jpg 1536w, https:\/\/akropolis.lt\/vilnius\/wp-content\/uploads\/sites\/4\/2025\/05\/2-desktop-2048x1200.jpg 2048w, https:\/\/akropolis.lt\/vilnius\/wp-content\/uploads\/sites\/4\/2025\/05\/2-desktop-1843x1080.jpg 1843w\" sizes=\"auto, (max-width: 2560px) 100vw, 2560px\" \/>\n                                                                    <img loading=\"lazy\" width=\"1125\" height=\"1344\" src=\"https:\/\/akropolis.lt\/vilnius\/wp-content\/uploads\/sites\/4\/2025\/05\/2-mobile.jpg\" class=\"force-no-contrast mobile-img\" alt=\"\" srcset=\"https:\/\/akropolis.lt\/vilnius\/wp-content\/uploads\/sites\/4\/2025\/05\/2-mobile.jpg 1125w, https:\/\/akropolis.lt\/vilnius\/wp-content\/uploads\/sites\/4\/2025\/05\/2-mobile-251x300.jpg 251w, https:\/\/akropolis.lt\/vilnius\/wp-content\/uploads\/sites\/4\/2025\/05\/2-mobile-857x1024.jpg 857w, https:\/\/akropolis.lt\/vilnius\/wp-content\/uploads\/sites\/4\/2025\/05\/2-mobile-768x918.jpg 768w, https:\/\/akropolis.lt\/vilnius\/wp-content\/uploads\/sites\/4\/2025\/05\/2-mobile-904x1080.jpg 904w\" sizes=\"auto, (max-width: 1125px) 100vw, 1125px\" \/>                                                            <\/div>\n                                                <div class=\"text-button-wrap\">\n                                                            <h2 class=\"h5 item-title\">\u010cia telpa visi norai<\/h2>\n                                                                                        <div class=\"text\">\n                                    <p>Dovan\u0173 kortel\u0117s sum\u0105 galite pasirinkti 0,01 Eur tikslumu, nuo ma\u017eiausio 10 Eur iki did\u017eiausio 500 Eur nominalo.<\/p>\n<p>AKROPOLIO kortel\u0117 \u2013 dovana, kurioje telpa visi norai! Tai puikus b\u016bdas prad\u017eiuginti Jums artim\u0105 \u017emog\u0173, suteikiant did\u017eiausi\u0105 pasirinkim\u0105 i\u0161 keturi\u0173 prekybos centr\u0173 AKROPOLIS Lietuvoje teikiamo asortimento.<\/p>\n                                <\/div>\n                                                        <div class=\"description\"><\/div>\n                                                            <a class=\"btn primary dot bg-white\" rel=\"noopener noreferrer\"\n                                   target=\"_blank\"\n                                   href=\"https:\/\/www.geradovana.lt\/dovanu-kortele--akropolis-akropolis\"><span>\u012esigyti<\/span><\/a>\n                                                    <\/div>\n                    <\/div>\n                            <\/div>\n        <\/div>\n    <\/section>\n\n<script>window.dispatchEvent( new Event('acf\/loaded\/split-screen-content'));<\/script>","protected":false},"excerpt":{"rendered":"","protected":false},"author":11,"featured_media":0,"parent":0,"menu_order":0,"comment_status":"closed","ping_status":"closed","template":"","meta":{"_acf_changed":false,"footnotes":""},"class_list":["post-3359","page","type-page","status-publish","hentry"],"acf":[],"yoast_head":"<!-- This site is optimized with the Yoast SEO plugin v27.2 - https:\/\/yoast.com\/product\/yoast-seo-wordpress\/ -->\n<title>Dovan\u0173 kortel\u0117 - Akropolis Vilnius<\/title>\n<meta name=\"robots\" content=\"index, follow, max-snippet:-1, max-image-preview:large, max-video-preview:-1\" \/>\n<link rel=\"canonical\" href=\"https:\/\/akropolis.lt\/vilnius\/dovanu-kortele\/\" \/>\n<meta property=\"og:locale\" content=\"lt_LT\" \/>\n<meta property=\"og:type\" content=\"article\" \/>\n<meta property=\"og:title\" content=\"Dovan\u0173 kortel\u0117 - Akropolis Vilnius\" \/>\n<meta property=\"og:url\" content=\"https:\/\/akropolis.lt\/vilnius\/dovanu-kortele\/\" \/>\n<meta property=\"og:site_name\" content=\"Akropolis Vilnius\" \/>\n<meta property=\"article:modified_time\" content=\"2026-03-30T12:19:32+00:00\" \/>\n<meta property=\"og:image\" content=\"https:\/\/akropolis.lt\/vilnius\/wp-content\/uploads\/sites\/4\/2025\/12\/OG-image.png\" \/>\n\t<meta property=\"og:image:width\" content=\"1200\" \/>\n\t<meta property=\"og:image:height\" content=\"630\" \/>\n\t<meta property=\"og:image:type\" content=\"image\/png\" \/>\n<meta name=\"twitter:card\" content=\"summary_large_image\" \/>\n<script type=\"application\/ld+json\" class=\"yoast-schema-graph\">{\"@context\":\"https:\/\/schema.org\",\"@graph\":[{\"@type\":\"WebPage\",\"@id\":\"https:\/\/akropolis.lt\/vilnius\/dovanu-kortele\/\",\"url\":\"https:\/\/akropolis.lt\/vilnius\/dovanu-kortele\/\",\"name\":\"Dovan\u0173 kortel\u0117 - Akropolis Vilnius\",\"isPartOf\":{\"@id\":\"https:\/\/akropolis.lt\/vilnius\/#website\"},\"datePublished\":\"2025-04-15T06:04:22+00:00\",\"dateModified\":\"2026-03-30T12:19:32+00:00\",\"breadcrumb\":{\"@id\":\"https:\/\/akropolis.lt\/vilnius\/dovanu-kortele\/#breadcrumb\"},\"inLanguage\":\"lt-LT\",\"potentialAction\":[{\"@type\":\"ReadAction\",\"target\":[\"https:\/\/akropolis.lt\/vilnius\/dovanu-kortele\/\"]}]},{\"@type\":\"BreadcrumbList\",\"@id\":\"https:\/\/akropolis.lt\/vilnius\/dovanu-kortele\/#breadcrumb\",\"itemListElement\":[{\"@type\":\"ListItem\",\"position\":1,\"name\":\"Homepage\",\"item\":\"https:\/\/akropolis.lt\/vilnius\/\"},{\"@type\":\"ListItem\",\"position\":2,\"name\":\"Dovan\u0173 kortel\u0117\"}]},{\"@type\":\"WebSite\",\"@id\":\"https:\/\/akropolis.lt\/vilnius\/#website\",\"url\":\"https:\/\/akropolis.lt\/vilnius\/\",\"name\":\"Akropolis Vilnius\",\"description\":\"\",\"potentialAction\":[{\"@type\":\"SearchAction\",\"target\":{\"@type\":\"EntryPoint\",\"urlTemplate\":\"https:\/\/akropolis.lt\/vilnius\/?s={search_term_string}\"},\"query-input\":{\"@type\":\"PropertyValueSpecification\",\"valueRequired\":true,\"valueName\":\"search_term_string\"}}],\"inLanguage\":\"lt-LT\"}]}<\/script>\n<!-- \/ Yoast SEO plugin. -->","yoast_head_json":{"title":"Dovan\u0173 kortel\u0117 - Akropolis Vilnius","robots":{"index":"index","follow":"follow","max-snippet":"max-snippet:-1","max-image-preview":"max-image-preview:large","max-video-preview":"max-video-preview:-1"},"canonical":"https:\/\/akropolis.lt\/vilnius\/dovanu-kortele\/","og_locale":"lt_LT","og_type":"article","og_title":"Dovan\u0173 kortel\u0117 - Akropolis Vilnius","og_url":"https:\/\/akropolis.lt\/vilnius\/dovanu-kortele\/","og_site_name":"Akropolis Vilnius","article_modified_time":"2026-03-30T12:19:32+00:00","og_image":[{"width":1200,"height":630,"url":"https:\/\/akropolis.lt\/vilnius\/wp-content\/uploads\/sites\/4\/2025\/12\/OG-image.png","type":"image\/png"}],"twitter_card":"summary_large_image","schema":{"@context":"https:\/\/schema.org","@graph":[{"@type":"WebPage","@id":"https:\/\/akropolis.lt\/vilnius\/dovanu-kortele\/","url":"https:\/\/akropolis.lt\/vilnius\/dovanu-kortele\/","name":"Dovan\u0173 kortel\u0117 - Akropolis Vilnius","isPartOf":{"@id":"https:\/\/akropolis.lt\/vilnius\/#website"},"datePublished":"2025-04-15T06:04:22+00:00","dateModified":"2026-03-30T12:19:32+00:00","breadcrumb":{"@id":"https:\/\/akropolis.lt\/vilnius\/dovanu-kortele\/#breadcrumb"},"inLanguage":"lt-LT","potentialAction":[{"@type":"ReadAction","target":["https:\/\/akropolis.lt\/vilnius\/dovanu-kortele\/"]}]},{"@type":"BreadcrumbList","@id":"https:\/\/akropolis.lt\/vilnius\/dovanu-kortele\/#breadcrumb","itemListElement":[{"@type":"ListItem","position":1,"name":"Homepage","item":"https:\/\/akropolis.lt\/vilnius\/"},{"@type":"ListItem","position":2,"name":"Dovan\u0173 kortel\u0117"}]},{"@type":"WebSite","@id":"https:\/\/akropolis.lt\/vilnius\/#website","url":"https:\/\/akropolis.lt\/vilnius\/","name":"Akropolis Vilnius","description":"","potentialAction":[{"@type":"SearchAction","target":{"@type":"EntryPoint","urlTemplate":"https:\/\/akropolis.lt\/vilnius\/?s={search_term_string}"},"query-input":{"@type":"PropertyValueSpecification","valueRequired":true,"valueName":"search_term_string"}}],"inLanguage":"lt-LT"}]}},"_links":{"self":[{"href":"https:\/\/akropolis.lt\/vilnius\/wp-json\/wp\/v2\/pages\/3359","targetHints":{"allow":["GET"]}}],"collection":[{"href":"https:\/\/akropolis.lt\/vilnius\/wp-json\/wp\/v2\/pages"}],"about":[{"href":"https:\/\/akropolis.lt\/vilnius\/wp-json\/wp\/v2\/types\/page"}],"author":[{"embeddable":true,"href":"https:\/\/akropolis.lt\/vilnius\/wp-json\/wp\/v2\/users\/11"}],"replies":[{"embeddable":true,"href":"https:\/\/akropolis.lt\/vilnius\/wp-json\/wp\/v2\/comments?post=3359"}],"version-history":[{"count":54,"href":"https:\/\/akropolis.lt\/vilnius\/wp-json\/wp\/v2\/pages\/3359\/revisions"}],"predecessor-version":[{"id":13491,"href":"https:\/\/akropolis.lt\/vilnius\/wp-json\/wp\/v2\/pages\/3359\/revisions\/13491"}],"wp:attachment":[{"href":"https:\/\/akropolis.lt\/vilnius\/wp-json\/wp\/v2\/media?parent=3359"}],"curies":[{"name":"wp","href":"https:\/\/api.w.org\/{rel}","templated":true}]}}