{"id":4787,"date":"2025-04-28T13:37:28","date_gmt":"2025-04-28T10:37:28","guid":{"rendered":"https:\/\/akropolis.lt\/vilnius\/?page_id=4787"},"modified":"2025-09-15T18:00:36","modified_gmt":"2025-09-15T15:00:36","slug":"dovanu-kortele-juridiniams-asmenims","status":"publish","type":"page","link":"https:\/\/akropolis.lt\/vilnius\/dovanu-kortele\/dovanu-kortele-juridiniams-asmenims\/","title":{"rendered":"Dovan\u0173 kortel\u0117 juridiniams asmenims"},"content":{"rendered":"\n    <section id=\"text-sidebar-block-6818afa8060e4\" class=\"text-sidebar\">\n        <div class=\"container\">\n            <div class=\"wrap hide-nav\">\n                                <div class=\"content-title-side\">\n                                            <h1 class=\"h4\">AKROPOLIO dovan\u0173 kortel\u0117s\u00a0\u012fsigyjimas juridiniams asmenims<\/h1>\n                                                                <div class=\"intro-text\"><p>AKROPOLIO dovan\u0173 kortel\u0117 \u2013 puikus b\u016bdas pad\u0117koti kolegai, paskatinti darbuotoj\u0105 ar prad\u017eiuginti verslo partner\u012f.<\/p>\n<p>\u012emon\u0117ms si\u016blome lanks\u010dias \u012fsigijimo, apmok\u0117jimo ir pristatymo s\u0105lygas.<\/p>\n<\/div>\n                                                                <div class=\"content-side \">\n                                                        <div class=\"step-holder \">\n                                                                                            <div class=\"item js-policy-block\" data-target=\"item-0\"\n                                         id=\"item-0\">\n                                                                                        <div class=\"content-wrap notice-text\">\n                                                    <p><strong>Svarbu!<\/strong> \u012esigydami AKROPOLIO dovan\u0173 kortel\u0119, patvirtinate, kad susipa\u017einote su AKROPOLIO dovan\u0173 kortel\u0117s naudojimo\u00a0<a href=\"https:\/\/akropolis.lt\/vilnius\/dovanu-korteles-bendrosios-taisykles\/\" target=\"_blank\" rel=\"noopener\">taisykl\u0117mis.<\/a><\/p>\n<p>J\u016bs\u0173 patogumui \u012f visus klausimus, susijusius su AKROPOLIO dovan\u0173 kortele, atsakys konsultantai tel. 8 5 205 2099\u00a0arba el. pa\u0161tu\u00a0<a href=\"mailto:sales@geradovana.lt\">sales@geradovana.lt<\/a>.<\/p>\n<p>Konsultacijos telefonu teikiamos darbo dienomis 8\u201318 val., savaitgaliais bei \u0161ven\u010di\u0173 dienomis 10\u201318 val.<\/p>\n                                                <\/div>\n                                                                                                                                                                                <div class=\"content-wrap\">\n                                                    <p><strong>U\u017esak\u0119 AKROPOLIO dovan\u0173 kortel\u0119 internetu, j\u0105 galite atsiimti:<\/strong><\/p>\n<ul>\n<li>el. pa\u0161tu \u2013 elektronin\u0117 dovan\u0173 kortel\u0117 (PDF formatu);<\/li>\n<li>PPC AKROPOLIS, Vilnius, Informacijos\u00a0centre I\u2013VII 10\u201321\u00a0val.;<\/li>\n<li>PPC AKROPOLIS, Klaip\u0117da, Informacijos\u00a0centre I\u2013VII 09\u201321\u00a0val.;<\/li>\n<li>PPC AKROPOLIS, \u0160iauliai, Informacijos\u00a0centre I\u2013VII 09\u201321 val.;<\/li>\n<li>\u201eGeros dovanos\u201c biure adresu J. Jasinskio g. 16A, Vilnius (I\u2013IV 8\u201317 val., V 8\u201316 val.);<\/li>\n<li>pa\u0161tomatuose ir per kurjerius. Daugiau informacijos rasite\u00a0<a href=\"https:\/\/www.geradovana.lt\/dovanu-kortele--akropolis-akropolis?gad_source=1&amp;gclid=CjwKCAiAmZGrBhAnEiwAo9qHic7XMUKe22AZfi6DIZmrw2sT0g-c7AGVzH2D5bz_iOlzGs1N7xlRNRoCvEIQAvD_BwE\" target=\"_blank\" rel=\"noopener\">\u010cIA<\/a>.<\/li>\n<\/ul>\n<p>AKROPOLIO dovan\u0173 kortel\u0117s galiojim\u0105 ir vert\u0119 arba pinig\u0173 likut\u012f galima patikrinti toliau esan\u010diame lauke, o galiojim\u0105 prat\u0119sti\u00a0<a href=\"https:\/\/www.geradovana.lt\/dovanu-cekiu-savitarna\" target=\"_blank\" rel=\"noopener\">\u201eGeros dovanos\u201c savitarnoje \u010cIA.<\/a><\/p>\n                                                <\/div>\n                                                                                                                                                                    <\/div>\n                                                            <\/div>\n                                                    <\/div>\n                                    <\/div>\n            <\/div>\n        <\/div>\n    <\/section>\n\n<script>window.dispatchEvent( new Event('acf\/loaded\/text-sidebar'));<\/script>","protected":false},"excerpt":{"rendered":"","protected":false},"author":13,"featured_media":0,"parent":3359,"menu_order":0,"comment_status":"closed","ping_status":"closed","template":"","meta":{"_acf_changed":false,"footnotes":""},"class_list":["post-4787","page","type-page","status-publish","hentry"],"acf":[],"yoast_head":"<!-- This site is optimized with the Yoast SEO plugin v27.2 - https:\/\/yoast.com\/product\/yoast-seo-wordpress\/ -->\n<title>Dovan\u0173 kortel\u0117 juridiniams asmenims - Akropolis Vilnius<\/title>\n<meta name=\"robots\" content=\"index, follow, max-snippet:-1, max-image-preview:large, max-video-preview:-1\" \/>\n<link rel=\"canonical\" href=\"https:\/\/akropolis.lt\/vilnius\/dovanu-kortele\/dovanu-kortele-juridiniams-asmenims\/\" \/>\n<meta property=\"og:locale\" content=\"lt_LT\" \/>\n<meta property=\"og:type\" content=\"article\" \/>\n<meta property=\"og:title\" content=\"Dovan\u0173 kortel\u0117 juridiniams asmenims - Akropolis Vilnius\" \/>\n<meta property=\"og:url\" content=\"https:\/\/akropolis.lt\/vilnius\/dovanu-kortele\/dovanu-kortele-juridiniams-asmenims\/\" \/>\n<meta property=\"og:site_name\" content=\"Akropolis Vilnius\" \/>\n<meta property=\"article:modified_time\" content=\"2025-09-15T15:00:36+00:00\" \/>\n<meta property=\"og:image\" content=\"https:\/\/akropolis.lt\/vilnius\/wp-content\/uploads\/sites\/4\/2025\/12\/OG-image.png\" \/>\n\t<meta property=\"og:image:width\" content=\"1200\" \/>\n\t<meta property=\"og:image:height\" content=\"630\" \/>\n\t<meta property=\"og:image:type\" content=\"image\/png\" \/>\n<meta name=\"twitter:card\" content=\"summary_large_image\" \/>\n<script type=\"application\/ld+json\" class=\"yoast-schema-graph\">{\"@context\":\"https:\/\/schema.org\",\"@graph\":[{\"@type\":\"WebPage\",\"@id\":\"https:\/\/akropolis.lt\/vilnius\/dovanu-kortele\/dovanu-kortele-juridiniams-asmenims\/\",\"url\":\"https:\/\/akropolis.lt\/vilnius\/dovanu-kortele\/dovanu-kortele-juridiniams-asmenims\/\",\"name\":\"Dovan\u0173 kortel\u0117 juridiniams asmenims - Akropolis Vilnius\",\"isPartOf\":{\"@id\":\"https:\/\/akropolis.lt\/vilnius\/#website\"},\"datePublished\":\"2025-04-28T10:37:28+00:00\",\"dateModified\":\"2025-09-15T15:00:36+00:00\",\"breadcrumb\":{\"@id\":\"https:\/\/akropolis.lt\/vilnius\/dovanu-kortele\/dovanu-kortele-juridiniams-asmenims\/#breadcrumb\"},\"inLanguage\":\"lt-LT\",\"potentialAction\":[{\"@type\":\"ReadAction\",\"target\":[\"https:\/\/akropolis.lt\/vilnius\/dovanu-kortele\/dovanu-kortele-juridiniams-asmenims\/\"]}]},{\"@type\":\"BreadcrumbList\",\"@id\":\"https:\/\/akropolis.lt\/vilnius\/dovanu-kortele\/dovanu-kortele-juridiniams-asmenims\/#breadcrumb\",\"itemListElement\":[{\"@type\":\"ListItem\",\"position\":1,\"name\":\"Homepage\",\"item\":\"https:\/\/akropolis.lt\/vilnius\/\"},{\"@type\":\"ListItem\",\"position\":2,\"name\":\"Dovan\u0173 kortel\u0117\",\"item\":\"https:\/\/akropolis.lt\/vilnius\/dovanu-kortele\/\"},{\"@type\":\"ListItem\",\"position\":3,\"name\":\"Dovan\u0173 kortel\u0117 juridiniams asmenims\"}]},{\"@type\":\"WebSite\",\"@id\":\"https:\/\/akropolis.lt\/vilnius\/#website\",\"url\":\"https:\/\/akropolis.lt\/vilnius\/\",\"name\":\"Akropolis Vilnius\",\"description\":\"\",\"potentialAction\":[{\"@type\":\"SearchAction\",\"target\":{\"@type\":\"EntryPoint\",\"urlTemplate\":\"https:\/\/akropolis.lt\/vilnius\/?s={search_term_string}\"},\"query-input\":{\"@type\":\"PropertyValueSpecification\",\"valueRequired\":true,\"valueName\":\"search_term_string\"}}],\"inLanguage\":\"lt-LT\"}]}<\/script>\n<!-- \/ Yoast SEO plugin. -->","yoast_head_json":{"title":"Dovan\u0173 kortel\u0117 juridiniams asmenims - Akropolis Vilnius","robots":{"index":"index","follow":"follow","max-snippet":"max-snippet:-1","max-image-preview":"max-image-preview:large","max-video-preview":"max-video-preview:-1"},"canonical":"https:\/\/akropolis.lt\/vilnius\/dovanu-kortele\/dovanu-kortele-juridiniams-asmenims\/","og_locale":"lt_LT","og_type":"article","og_title":"Dovan\u0173 kortel\u0117 juridiniams asmenims - Akropolis Vilnius","og_url":"https:\/\/akropolis.lt\/vilnius\/dovanu-kortele\/dovanu-kortele-juridiniams-asmenims\/","og_site_name":"Akropolis Vilnius","article_modified_time":"2025-09-15T15:00:36+00:00","og_image":[{"width":1200,"height":630,"url":"https:\/\/akropolis.lt\/vilnius\/wp-content\/uploads\/sites\/4\/2025\/12\/OG-image.png","type":"image\/png"}],"twitter_card":"summary_large_image","schema":{"@context":"https:\/\/schema.org","@graph":[{"@type":"WebPage","@id":"https:\/\/akropolis.lt\/vilnius\/dovanu-kortele\/dovanu-kortele-juridiniams-asmenims\/","url":"https:\/\/akropolis.lt\/vilnius\/dovanu-kortele\/dovanu-kortele-juridiniams-asmenims\/","name":"Dovan\u0173 kortel\u0117 juridiniams asmenims - Akropolis Vilnius","isPartOf":{"@id":"https:\/\/akropolis.lt\/vilnius\/#website"},"datePublished":"2025-04-28T10:37:28+00:00","dateModified":"2025-09-15T15:00:36+00:00","breadcrumb":{"@id":"https:\/\/akropolis.lt\/vilnius\/dovanu-kortele\/dovanu-kortele-juridiniams-asmenims\/#breadcrumb"},"inLanguage":"lt-LT","potentialAction":[{"@type":"ReadAction","target":["https:\/\/akropolis.lt\/vilnius\/dovanu-kortele\/dovanu-kortele-juridiniams-asmenims\/"]}]},{"@type":"BreadcrumbList","@id":"https:\/\/akropolis.lt\/vilnius\/dovanu-kortele\/dovanu-kortele-juridiniams-asmenims\/#breadcrumb","itemListElement":[{"@type":"ListItem","position":1,"name":"Homepage","item":"https:\/\/akropolis.lt\/vilnius\/"},{"@type":"ListItem","position":2,"name":"Dovan\u0173 kortel\u0117","item":"https:\/\/akropolis.lt\/vilnius\/dovanu-kortele\/"},{"@type":"ListItem","position":3,"name":"Dovan\u0173 kortel\u0117 juridiniams asmenims"}]},{"@type":"WebSite","@id":"https:\/\/akropolis.lt\/vilnius\/#website","url":"https:\/\/akropolis.lt\/vilnius\/","name":"Akropolis Vilnius","description":"","potentialAction":[{"@type":"SearchAction","target":{"@type":"EntryPoint","urlTemplate":"https:\/\/akropolis.lt\/vilnius\/?s={search_term_string}"},"query-input":{"@type":"PropertyValueSpecification","valueRequired":true,"valueName":"search_term_string"}}],"inLanguage":"lt-LT"}]}},"_links":{"self":[{"href":"https:\/\/akropolis.lt\/vilnius\/wp-json\/wp\/v2\/pages\/4787","targetHints":{"allow":["GET"]}}],"collection":[{"href":"https:\/\/akropolis.lt\/vilnius\/wp-json\/wp\/v2\/pages"}],"about":[{"href":"https:\/\/akropolis.lt\/vilnius\/wp-json\/wp\/v2\/types\/page"}],"author":[{"embeddable":true,"href":"https:\/\/akropolis.lt\/vilnius\/wp-json\/wp\/v2\/users\/13"}],"replies":[{"embeddable":true,"href":"https:\/\/akropolis.lt\/vilnius\/wp-json\/wp\/v2\/comments?post=4787"}],"version-history":[{"count":16,"href":"https:\/\/akropolis.lt\/vilnius\/wp-json\/wp\/v2\/pages\/4787\/revisions"}],"predecessor-version":[{"id":9635,"href":"https:\/\/akropolis.lt\/vilnius\/wp-json\/wp\/v2\/pages\/4787\/revisions\/9635"}],"up":[{"embeddable":true,"href":"https:\/\/akropolis.lt\/vilnius\/wp-json\/wp\/v2\/pages\/3359"}],"wp:attachment":[{"href":"https:\/\/akropolis.lt\/vilnius\/wp-json\/wp\/v2\/media?parent=4787"}],"curies":[{"name":"wp","href":"https:\/\/api.w.org\/{rel}","templated":true}]}}