{"id":9260,"date":"2025-09-09T14:06:59","date_gmt":"2025-09-09T11:06:59","guid":{"rendered":"https:\/\/akropolis.lt\/vilnius\/?page_id=9260"},"modified":"2025-09-16T17:37:35","modified_gmt":"2025-09-16T14:37:35","slug":"automatiniai-sirdies-defibriliatoriai","status":"publish","type":"page","link":"https:\/\/akropolis.lt\/vilnius\/nemokami-patogumai\/automatiniai-sirdies-defibriliatoriai\/","title":{"rendered":"Automatiniai \u0161irdies defibriliatoriai"},"content":{"rendered":"\n    <section id=\"post-cards-list-block-68c00a5395fa1\" class=\"post-cards-list\">\n        <div class=\"container\">\n\n                                                <h1 class=\"h4 title\">Automatiniai \u0161irdies defibriliatoriai<\/h1>\n                \n                            \n            \n                                    <div class=\"cards-list\">\n                        \n<a href=\"https:\/\/akropolis.lt\/vilnius\/parduotuve\/automatinis-sirdies-defibriliatorius-apsaugos-poste\/\" class=\"service-card card-item sm-col-span-12 md-col-span-6 col-span-4\">\n    <div class=\"content-wrapper\">\n        \n                                            <img\n                        class=\"service-icon force-no-contrast\"\n                        src=\"https:\/\/akropolis.lt\/vilnius\/wp-content\/uploads\/sites\/4\/2025\/03\/660576a0ade98.jpg\"\n                        srcset=\"https:\/\/akropolis.lt\/vilnius\/wp-content\/uploads\/sites\/4\/2025\/03\/660576a0ade98-300x300.jpg 300w, https:\/\/akropolis.lt\/vilnius\/wp-content\/uploads\/sites\/4\/2025\/03\/660576a0ade98-1024x1024.jpg 1024w, https:\/\/akropolis.lt\/vilnius\/wp-content\/uploads\/sites\/4\/2025\/03\/660576a0ade98-150x150.jpg 150w, https:\/\/akropolis.lt\/vilnius\/wp-content\/uploads\/sites\/4\/2025\/03\/660576a0ade98-768x768.jpg 768w, https:\/\/akropolis.lt\/vilnius\/wp-content\/uploads\/sites\/4\/2025\/03\/660576a0ade98.jpg 1202w\"\n                        alt=\"\"\/>\n\n            \n        \n                    <h2 class=\"h7 service-title\">\n                AUTOMATINIS \u0160IRDIES DEFIBRILIATORIUS (APSAUGOS POSTE)            <\/h2>\n        \n                    <div class=\"service-description wysiwyg\">\n                <p>Sutrikus \u0161irdies veiklai, ypatingai svarbu maksimaliai greitai surasti artimiausi\u0105 \u0161irdies defibriliatori\u0173.<\/p>\n<p>\u0160ie \u017eenklai ai\u0161kiai nurodo viet\u0105 kurioje yra pozicionuojami atimatizuoti \u0161irdies defibriliatoriai (AED).<\/p>\n            <\/div>\n        \n        <div class=\"link service-cta\">\n            <span>Su\u017einoti daugiau<\/span>\n        <\/div>\n    <\/div>\n<\/a>\n\n<a href=\"https:\/\/akropolis.lt\/vilnius\/parduotuve\/automatinis-sirdies-defibriliatorius-informacijos-centre\/\" class=\"service-card card-item sm-col-span-12 md-col-span-6 col-span-4\">\n    <div class=\"content-wrapper\">\n        \n                                            <img\n                        class=\"service-icon force-no-contrast\"\n                        src=\"https:\/\/akropolis.lt\/vilnius\/wp-content\/uploads\/sites\/4\/2025\/03\/17116340422451.jpg\"\n                        srcset=\"https:\/\/akropolis.lt\/vilnius\/wp-content\/uploads\/sites\/4\/2025\/03\/17116340422451-300x300.jpg 300w, https:\/\/akropolis.lt\/vilnius\/wp-content\/uploads\/sites\/4\/2025\/03\/17116340422451-1024x1024.jpg 1024w, https:\/\/akropolis.lt\/vilnius\/wp-content\/uploads\/sites\/4\/2025\/03\/17116340422451-150x150.jpg 150w, https:\/\/akropolis.lt\/vilnius\/wp-content\/uploads\/sites\/4\/2025\/03\/17116340422451-768x768.jpg 768w, https:\/\/akropolis.lt\/vilnius\/wp-content\/uploads\/sites\/4\/2025\/03\/17116340422451.jpg 1202w\"\n                        alt=\"\"\/>\n\n            \n        \n                    <h2 class=\"h7 service-title\">\n                AUTOMATINIS \u0160IRDIES DEFIBRILIATORIUS (INFORMACIJOS CENTRE)            <\/h2>\n        \n                    <div class=\"service-description wysiwyg\">\n                <p>Sutrikus \u0161irdies veiklai, ypatingai svarbu maksimaliai greitai surasti artimiausi\u0105 \u0161irdies defibriliatori\u0173.<\/p>\n<p>\u0160ie \u017eenklai ai\u0161kiai nurodo viet\u0105 kurioje yra pozicionuojami atimatizuoti \u0161irdies defibriliatoriai (AED).<\/p>\n            <\/div>\n        \n        <div class=\"link service-cta\">\n            <span>Su\u017einoti daugiau<\/span>\n        <\/div>\n    <\/div>\n<\/a>\n\n<a href=\"https:\/\/akropolis.lt\/vilnius\/parduotuve\/automatinis-sirdies-defibriliatorius-maximoje\/\" class=\"service-card card-item sm-col-span-12 md-col-span-6 col-span-4\">\n    <div class=\"content-wrapper\">\n        \n                                            <img\n                        class=\"service-icon force-no-contrast\"\n                        src=\"https:\/\/akropolis.lt\/vilnius\/wp-content\/uploads\/sites\/4\/2025\/03\/660bcb598a3bb.jpg\"\n                        srcset=\"https:\/\/akropolis.lt\/vilnius\/wp-content\/uploads\/sites\/4\/2025\/03\/660bcb598a3bb-300x300.jpg 300w, https:\/\/akropolis.lt\/vilnius\/wp-content\/uploads\/sites\/4\/2025\/03\/660bcb598a3bb-1024x1024.jpg 1024w, https:\/\/akropolis.lt\/vilnius\/wp-content\/uploads\/sites\/4\/2025\/03\/660bcb598a3bb-150x150.jpg 150w, https:\/\/akropolis.lt\/vilnius\/wp-content\/uploads\/sites\/4\/2025\/03\/660bcb598a3bb-768x768.jpg 768w, https:\/\/akropolis.lt\/vilnius\/wp-content\/uploads\/sites\/4\/2025\/03\/660bcb598a3bb.jpg 1202w\"\n                        alt=\"\"\/>\n\n            \n        \n                    <h2 class=\"h7 service-title\">\n                AUTOMATINIS \u0160IRDIES DEFIBRILIATORIUS (MAXIMOJE)            <\/h2>\n        \n                    <div class=\"service-description wysiwyg\">\n                <p>Sutrikus \u0161irdies veiklai, ypatingai svarbu maksimaliai greitai surasti artimiausi\u0105 \u0161irdies defibriliatori\u0173.<\/p>\n<p>\u0160ie \u017eenklai ai\u0161kiai nurodo viet\u0105 kurioje yra pozicionuojami atimatizuoti \u0161irdies defibriliatoriai (AED).<\/p>\n            <\/div>\n        \n        <div class=\"link service-cta\">\n            <span>Su\u017einoti daugiau<\/span>\n        <\/div>\n    <\/div>\n<\/a>\n\n<a href=\"https:\/\/akropolis.lt\/vilnius\/parduotuve\/automatinis-sirdies-defibriliatorius-verslo-centro-apsaugos-poste\/\" class=\"service-card card-item sm-col-span-12 md-col-span-6 col-span-4\">\n    <div class=\"content-wrapper\">\n        \n                                            <img\n                        class=\"service-icon force-no-contrast\"\n                        src=\"https:\/\/akropolis.lt\/vilnius\/wp-content\/uploads\/sites\/4\/2025\/03\/660576b447dc6.jpg\"\n                        srcset=\"https:\/\/akropolis.lt\/vilnius\/wp-content\/uploads\/sites\/4\/2025\/03\/660576b447dc6-300x300.jpg 300w, https:\/\/akropolis.lt\/vilnius\/wp-content\/uploads\/sites\/4\/2025\/03\/660576b447dc6-1024x1024.jpg 1024w, https:\/\/akropolis.lt\/vilnius\/wp-content\/uploads\/sites\/4\/2025\/03\/660576b447dc6-150x150.jpg 150w, https:\/\/akropolis.lt\/vilnius\/wp-content\/uploads\/sites\/4\/2025\/03\/660576b447dc6-768x768.jpg 768w, https:\/\/akropolis.lt\/vilnius\/wp-content\/uploads\/sites\/4\/2025\/03\/660576b447dc6.jpg 1202w\"\n                        alt=\"\"\/>\n\n            \n        \n                    <h2 class=\"h7 service-title\">\n                AUTOMATINIS \u0160IRDIES DEFIBRILIATORIUS (VERSLO CENTRO APSAUGOS POSTE)            <\/h2>\n        \n                    <div class=\"service-description wysiwyg\">\n                <p>Sutrikus \u0161irdies veiklai, ypatingai svarbu maksimaliai greitai surasti artimiausi\u0105 \u0161irdies defibriliatori\u0173.<\/p>\n<p>\u0160ie \u017eenklai ai\u0161kiai nurodo viet\u0105 kurioje yra pozicionuojami atimatizuoti \u0161irdies defibriliatoriai (AED).<\/p>\n            <\/div>\n        \n        <div class=\"link service-cta\">\n            <span>Su\u017einoti daugiau<\/span>\n        <\/div>\n    <\/div>\n<\/a>\n                    <\/div>\n                \n            \n        <\/div>\n    <\/section>\n\n<script>window.dispatchEvent( new Event('acf\/loaded\/post-cards-list'));<\/script>","protected":false},"excerpt":{"rendered":"","protected":false},"author":1,"featured_media":0,"parent":9246,"menu_order":0,"comment_status":"closed","ping_status":"closed","template":"","meta":{"_acf_changed":false,"footnotes":""},"class_list":["post-9260","page","type-page","status-publish","hentry"],"acf":[],"yoast_head":"<!-- This site is optimized with the Yoast SEO plugin v27.2 - https:\/\/yoast.com\/product\/yoast-seo-wordpress\/ -->\n<title>Automatiniai \u0161irdies defibriliatoriai - Akropolis Vilnius<\/title>\n<meta name=\"robots\" content=\"index, follow, max-snippet:-1, max-image-preview:large, max-video-preview:-1\" \/>\n<link rel=\"canonical\" href=\"https:\/\/akropolis.lt\/vilnius\/nemokami-patogumai\/automatiniai-sirdies-defibriliatoriai\/\" \/>\n<meta property=\"og:locale\" content=\"lt_LT\" \/>\n<meta property=\"og:type\" content=\"article\" \/>\n<meta property=\"og:title\" content=\"Automatiniai \u0161irdies defibriliatoriai - Akropolis Vilnius\" \/>\n<meta property=\"og:url\" content=\"https:\/\/akropolis.lt\/vilnius\/nemokami-patogumai\/automatiniai-sirdies-defibriliatoriai\/\" \/>\n<meta property=\"og:site_name\" content=\"Akropolis Vilnius\" \/>\n<meta property=\"article:modified_time\" content=\"2025-09-16T14:37:35+00:00\" \/>\n<meta property=\"og:image\" content=\"https:\/\/akropolis.lt\/vilnius\/wp-content\/uploads\/sites\/4\/2025\/12\/OG-image.png\" \/>\n\t<meta property=\"og:image:width\" content=\"1200\" \/>\n\t<meta property=\"og:image:height\" content=\"630\" \/>\n\t<meta property=\"og:image:type\" content=\"image\/png\" \/>\n<meta name=\"twitter:card\" content=\"summary_large_image\" \/>\n<script type=\"application\/ld+json\" class=\"yoast-schema-graph\">{\"@context\":\"https:\/\/schema.org\",\"@graph\":[{\"@type\":\"WebPage\",\"@id\":\"https:\/\/akropolis.lt\/vilnius\/nemokami-patogumai\/automatiniai-sirdies-defibriliatoriai\/\",\"url\":\"https:\/\/akropolis.lt\/vilnius\/nemokami-patogumai\/automatiniai-sirdies-defibriliatoriai\/\",\"name\":\"Automatiniai \u0161irdies defibriliatoriai - Akropolis Vilnius\",\"isPartOf\":{\"@id\":\"https:\/\/akropolis.lt\/vilnius\/#website\"},\"datePublished\":\"2025-09-09T11:06:59+00:00\",\"dateModified\":\"2025-09-16T14:37:35+00:00\",\"breadcrumb\":{\"@id\":\"https:\/\/akropolis.lt\/vilnius\/nemokami-patogumai\/automatiniai-sirdies-defibriliatoriai\/#breadcrumb\"},\"inLanguage\":\"lt-LT\",\"potentialAction\":[{\"@type\":\"ReadAction\",\"target\":[\"https:\/\/akropolis.lt\/vilnius\/nemokami-patogumai\/automatiniai-sirdies-defibriliatoriai\/\"]}]},{\"@type\":\"BreadcrumbList\",\"@id\":\"https:\/\/akropolis.lt\/vilnius\/nemokami-patogumai\/automatiniai-sirdies-defibriliatoriai\/#breadcrumb\",\"itemListElement\":[{\"@type\":\"ListItem\",\"position\":1,\"name\":\"Homepage\",\"item\":\"https:\/\/akropolis.lt\/vilnius\/\"},{\"@type\":\"ListItem\",\"position\":2,\"name\":\"Nemokami patogumai\",\"item\":\"https:\/\/akropolis.lt\/vilnius\/nemokami-patogumai\/\"},{\"@type\":\"ListItem\",\"position\":3,\"name\":\"Automatiniai \u0161irdies defibriliatoriai\"}]},{\"@type\":\"WebSite\",\"@id\":\"https:\/\/akropolis.lt\/vilnius\/#website\",\"url\":\"https:\/\/akropolis.lt\/vilnius\/\",\"name\":\"Akropolis Vilnius\",\"description\":\"\",\"potentialAction\":[{\"@type\":\"SearchAction\",\"target\":{\"@type\":\"EntryPoint\",\"urlTemplate\":\"https:\/\/akropolis.lt\/vilnius\/?s={search_term_string}\"},\"query-input\":{\"@type\":\"PropertyValueSpecification\",\"valueRequired\":true,\"valueName\":\"search_term_string\"}}],\"inLanguage\":\"lt-LT\"}]}<\/script>\n<!-- \/ Yoast SEO plugin. -->","yoast_head_json":{"title":"Automatiniai \u0161irdies defibriliatoriai - Akropolis Vilnius","robots":{"index":"index","follow":"follow","max-snippet":"max-snippet:-1","max-image-preview":"max-image-preview:large","max-video-preview":"max-video-preview:-1"},"canonical":"https:\/\/akropolis.lt\/vilnius\/nemokami-patogumai\/automatiniai-sirdies-defibriliatoriai\/","og_locale":"lt_LT","og_type":"article","og_title":"Automatiniai \u0161irdies defibriliatoriai - Akropolis Vilnius","og_url":"https:\/\/akropolis.lt\/vilnius\/nemokami-patogumai\/automatiniai-sirdies-defibriliatoriai\/","og_site_name":"Akropolis Vilnius","article_modified_time":"2025-09-16T14:37:35+00:00","og_image":[{"width":1200,"height":630,"url":"https:\/\/akropolis.lt\/vilnius\/wp-content\/uploads\/sites\/4\/2025\/12\/OG-image.png","type":"image\/png"}],"twitter_card":"summary_large_image","schema":{"@context":"https:\/\/schema.org","@graph":[{"@type":"WebPage","@id":"https:\/\/akropolis.lt\/vilnius\/nemokami-patogumai\/automatiniai-sirdies-defibriliatoriai\/","url":"https:\/\/akropolis.lt\/vilnius\/nemokami-patogumai\/automatiniai-sirdies-defibriliatoriai\/","name":"Automatiniai \u0161irdies defibriliatoriai - Akropolis Vilnius","isPartOf":{"@id":"https:\/\/akropolis.lt\/vilnius\/#website"},"datePublished":"2025-09-09T11:06:59+00:00","dateModified":"2025-09-16T14:37:35+00:00","breadcrumb":{"@id":"https:\/\/akropolis.lt\/vilnius\/nemokami-patogumai\/automatiniai-sirdies-defibriliatoriai\/#breadcrumb"},"inLanguage":"lt-LT","potentialAction":[{"@type":"ReadAction","target":["https:\/\/akropolis.lt\/vilnius\/nemokami-patogumai\/automatiniai-sirdies-defibriliatoriai\/"]}]},{"@type":"BreadcrumbList","@id":"https:\/\/akropolis.lt\/vilnius\/nemokami-patogumai\/automatiniai-sirdies-defibriliatoriai\/#breadcrumb","itemListElement":[{"@type":"ListItem","position":1,"name":"Homepage","item":"https:\/\/akropolis.lt\/vilnius\/"},{"@type":"ListItem","position":2,"name":"Nemokami patogumai","item":"https:\/\/akropolis.lt\/vilnius\/nemokami-patogumai\/"},{"@type":"ListItem","position":3,"name":"Automatiniai \u0161irdies defibriliatoriai"}]},{"@type":"WebSite","@id":"https:\/\/akropolis.lt\/vilnius\/#website","url":"https:\/\/akropolis.lt\/vilnius\/","name":"Akropolis Vilnius","description":"","potentialAction":[{"@type":"SearchAction","target":{"@type":"EntryPoint","urlTemplate":"https:\/\/akropolis.lt\/vilnius\/?s={search_term_string}"},"query-input":{"@type":"PropertyValueSpecification","valueRequired":true,"valueName":"search_term_string"}}],"inLanguage":"lt-LT"}]}},"_links":{"self":[{"href":"https:\/\/akropolis.lt\/vilnius\/wp-json\/wp\/v2\/pages\/9260","targetHints":{"allow":["GET"]}}],"collection":[{"href":"https:\/\/akropolis.lt\/vilnius\/wp-json\/wp\/v2\/pages"}],"about":[{"href":"https:\/\/akropolis.lt\/vilnius\/wp-json\/wp\/v2\/types\/page"}],"author":[{"embeddable":true,"href":"https:\/\/akropolis.lt\/vilnius\/wp-json\/wp\/v2\/users\/1"}],"replies":[{"embeddable":true,"href":"https:\/\/akropolis.lt\/vilnius\/wp-json\/wp\/v2\/comments?post=9260"}],"version-history":[{"count":3,"href":"https:\/\/akropolis.lt\/vilnius\/wp-json\/wp\/v2\/pages\/9260\/revisions"}],"predecessor-version":[{"id":9444,"href":"https:\/\/akropolis.lt\/vilnius\/wp-json\/wp\/v2\/pages\/9260\/revisions\/9444"}],"up":[{"embeddable":true,"href":"https:\/\/akropolis.lt\/vilnius\/wp-json\/wp\/v2\/pages\/9246"}],"wp:attachment":[{"href":"https:\/\/akropolis.lt\/vilnius\/wp-json\/wp\/v2\/media?parent=9260"}],"curies":[{"name":"wp","href":"https:\/\/api.w.org\/{rel}","templated":true}]}}