{"id":9301,"date":"2025-09-10T13:19:11","date_gmt":"2025-09-10T10:19:11","guid":{"rendered":"https:\/\/akropolis.lt\/vilnius\/?page_id=9301"},"modified":"2025-09-16T17:37:35","modified_gmt":"2025-09-16T14:37:35","slug":"vezimeliu-stotele","status":"publish","type":"page","link":"https:\/\/akropolis.lt\/vilnius\/nemokami-patogumai\/vezimeliu-stotele\/","title":{"rendered":"Ve\u017eim\u0117li\u0173 stotel\u0117s"},"content":{"rendered":"\n    <section id=\"post-cards-list-block-68c1509fbca19\" class=\"post-cards-list\">\n        <div class=\"container\">\n\n                                                <h1 class=\"h4 title\">Ve\u017eim\u0117li\u0173 stotel\u0117s<\/h1>\n                \n                            \n            \n                                    <div class=\"cards-list\">\n                        \n<a href=\"https:\/\/akropolis.lt\/vilnius\/parduotuve\/vezimeliu-stotele-i\/\" class=\"service-card card-item sm-col-span-12 md-col-span-6 col-span-4\">\n    <div class=\"content-wrapper\">\n        \n                                            <img\n                        class=\"service-icon force-no-contrast\"\n                        src=\"https:\/\/akropolis.lt\/vilnius\/wp-content\/uploads\/sites\/4\/2025\/03\/6597f7e63a615.jpg\"\n                        srcset=\"https:\/\/akropolis.lt\/vilnius\/wp-content\/uploads\/sites\/4\/2025\/03\/6597f7e63a615-300x300.jpg 300w, https:\/\/akropolis.lt\/vilnius\/wp-content\/uploads\/sites\/4\/2025\/03\/6597f7e63a615-150x150.jpg 150w, https:\/\/akropolis.lt\/vilnius\/wp-content\/uploads\/sites\/4\/2025\/03\/6597f7e63a615.jpg 431w\"\n                        alt=\"\"\/>\n\n            \n        \n                    <h2 class=\"h7 service-title\">\n                VE\u017dIM\u0116LI\u0172 STOTEL\u0116 (1 \u012e\u0116JIMAS MAXIMA XXXX)            <\/h2>\n        \n                    <div class=\"service-description wysiwyg\">\n                <p>AKROPOLYJE rasite ve\u017eim\u0117lius, kurie skirti\u00a0\u017emon\u0117ms su negalia, senjorams, patyrusiems traum\u0105 ar susiduriantiems su jud\u0117jimo sunkumais.<\/p>\n<p>Tikim\u0117s, kad nuo \u0161iol tavo apsilankymas AKROPOLYJE bus patogesnis.<\/p>\n            <\/div>\n        \n        <div class=\"link service-cta\">\n            <span>Su\u017einoti daugiau<\/span>\n        <\/div>\n    <\/div>\n<\/a>\n\n<a href=\"https:\/\/akropolis.lt\/vilnius\/parduotuve\/vezimeliu-stotele-ii\/\" class=\"service-card card-item sm-col-span-12 md-col-span-6 col-span-4\">\n    <div class=\"content-wrapper\">\n        \n                                            <img\n                        class=\"service-icon force-no-contrast\"\n                        src=\"https:\/\/akropolis.lt\/vilnius\/wp-content\/uploads\/sites\/4\/2025\/03\/6597f852ef162.jpg\"\n                        srcset=\"https:\/\/akropolis.lt\/vilnius\/wp-content\/uploads\/sites\/4\/2025\/03\/6597f852ef162-300x300.jpg 300w, https:\/\/akropolis.lt\/vilnius\/wp-content\/uploads\/sites\/4\/2025\/03\/6597f852ef162-150x150.jpg 150w, https:\/\/akropolis.lt\/vilnius\/wp-content\/uploads\/sites\/4\/2025\/03\/6597f852ef162.jpg 431w\"\n                        alt=\"\"\/>\n\n            \n        \n                    <h2 class=\"h7 service-title\">\n                VE\u017dIM\u0116LI\u0172 STOTEL\u0116 (3 \u012e\u0116JIMAS D\u017dIAUGSMO)            <\/h2>\n        \n                    <div class=\"service-description wysiwyg\">\n                <p>AKROPOLYJE rasite ve\u017eim\u0117lius, kurie skirti\u00a0\u017emon\u0117ms su negalia, senjorams, patyrusiems traum\u0105 ar susiduriantiems su jud\u0117jimo sunkumais.<\/p>\n<p>Tikim\u0117s, kad nuo \u0161iol tavo apsilankymas \u201eAkropolyje\u201c bus patogesnis.<\/p>\n            <\/div>\n        \n        <div class=\"link service-cta\">\n            <span>Su\u017einoti daugiau<\/span>\n        <\/div>\n    <\/div>\n<\/a>\n\n<a href=\"https:\/\/akropolis.lt\/vilnius\/parduotuve\/vezimeliu-stotele-iii\/\" class=\"service-card card-item sm-col-span-12 md-col-span-6 col-span-4\">\n    <div class=\"content-wrapper\">\n        \n                                            <img\n                        class=\"service-icon force-no-contrast\"\n                        src=\"https:\/\/akropolis.lt\/vilnius\/wp-content\/uploads\/sites\/4\/2025\/03\/6597f83844c81.jpg\"\n                        srcset=\"https:\/\/akropolis.lt\/vilnius\/wp-content\/uploads\/sites\/4\/2025\/03\/6597f83844c81-300x300.jpg 300w, https:\/\/akropolis.lt\/vilnius\/wp-content\/uploads\/sites\/4\/2025\/03\/6597f83844c81-150x150.jpg 150w, https:\/\/akropolis.lt\/vilnius\/wp-content\/uploads\/sites\/4\/2025\/03\/6597f83844c81.jpg 431w\"\n                        alt=\"\"\/>\n\n            \n        \n                    <h2 class=\"h7 service-title\">\n                VE\u017dIM\u0116LI\u0172 STOTEL\u0116 (4 \u012e\u0116JIMAS LEDO ARENA)            <\/h2>\n        \n                    <div class=\"service-description wysiwyg\">\n                <p>AKROPOLYJE rasite ve\u017eim\u0117lius, kurie skirti\u00a0\u017emon\u0117ms su negalia, senjorams, patyrusiems traum\u0105 ar susiduriantiems su jud\u0117jimo sunkumais.<\/p>\n<p>Tikim\u0117s, kad nuo \u0161iol tavo apsilankymas \u201eAkropolyje\u201c bus patogesnis.<\/p>\n            <\/div>\n        \n        <div class=\"link service-cta\">\n            <span>Su\u017einoti daugiau<\/span>\n        <\/div>\n    <\/div>\n<\/a>\n                    <\/div>\n                \n            \n        <\/div>\n    <\/section>\n\n<script>window.dispatchEvent( new Event('acf\/loaded\/post-cards-list'));<\/script>","protected":false},"excerpt":{"rendered":"","protected":false},"author":1,"featured_media":0,"parent":9246,"menu_order":0,"comment_status":"closed","ping_status":"closed","template":"","meta":{"_acf_changed":false,"footnotes":""},"class_list":["post-9301","page","type-page","status-publish","hentry"],"acf":[],"yoast_head":"<!-- This site is optimized with the Yoast SEO plugin v27.2 - https:\/\/yoast.com\/product\/yoast-seo-wordpress\/ -->\n<title>Ve\u017eim\u0117li\u0173 stotel\u0117s - Akropolis Vilnius<\/title>\n<meta name=\"robots\" content=\"index, follow, max-snippet:-1, max-image-preview:large, max-video-preview:-1\" \/>\n<link rel=\"canonical\" href=\"https:\/\/akropolis.lt\/vilnius\/nemokami-patogumai\/vezimeliu-stotele\/\" \/>\n<meta property=\"og:locale\" content=\"lt_LT\" \/>\n<meta property=\"og:type\" content=\"article\" \/>\n<meta property=\"og:title\" content=\"Ve\u017eim\u0117li\u0173 stotel\u0117s - Akropolis Vilnius\" \/>\n<meta property=\"og:url\" content=\"https:\/\/akropolis.lt\/vilnius\/nemokami-patogumai\/vezimeliu-stotele\/\" \/>\n<meta property=\"og:site_name\" content=\"Akropolis Vilnius\" \/>\n<meta property=\"article:modified_time\" content=\"2025-09-16T14:37:35+00:00\" \/>\n<meta property=\"og:image\" content=\"https:\/\/akropolis.lt\/vilnius\/wp-content\/uploads\/sites\/4\/2025\/12\/OG-image.png\" \/>\n\t<meta property=\"og:image:width\" content=\"1200\" \/>\n\t<meta property=\"og:image:height\" content=\"630\" \/>\n\t<meta property=\"og:image:type\" content=\"image\/png\" \/>\n<meta name=\"twitter:card\" content=\"summary_large_image\" \/>\n<script type=\"application\/ld+json\" class=\"yoast-schema-graph\">{\"@context\":\"https:\/\/schema.org\",\"@graph\":[{\"@type\":\"WebPage\",\"@id\":\"https:\/\/akropolis.lt\/vilnius\/nemokami-patogumai\/vezimeliu-stotele\/\",\"url\":\"https:\/\/akropolis.lt\/vilnius\/nemokami-patogumai\/vezimeliu-stotele\/\",\"name\":\"Ve\u017eim\u0117li\u0173 stotel\u0117s - Akropolis Vilnius\",\"isPartOf\":{\"@id\":\"https:\/\/akropolis.lt\/vilnius\/#website\"},\"datePublished\":\"2025-09-10T10:19:11+00:00\",\"dateModified\":\"2025-09-16T14:37:35+00:00\",\"breadcrumb\":{\"@id\":\"https:\/\/akropolis.lt\/vilnius\/nemokami-patogumai\/vezimeliu-stotele\/#breadcrumb\"},\"inLanguage\":\"lt-LT\",\"potentialAction\":[{\"@type\":\"ReadAction\",\"target\":[\"https:\/\/akropolis.lt\/vilnius\/nemokami-patogumai\/vezimeliu-stotele\/\"]}]},{\"@type\":\"BreadcrumbList\",\"@id\":\"https:\/\/akropolis.lt\/vilnius\/nemokami-patogumai\/vezimeliu-stotele\/#breadcrumb\",\"itemListElement\":[{\"@type\":\"ListItem\",\"position\":1,\"name\":\"Homepage\",\"item\":\"https:\/\/akropolis.lt\/vilnius\/\"},{\"@type\":\"ListItem\",\"position\":2,\"name\":\"Nemokami patogumai\",\"item\":\"https:\/\/akropolis.lt\/vilnius\/nemokami-patogumai\/\"},{\"@type\":\"ListItem\",\"position\":3,\"name\":\"Ve\u017eim\u0117li\u0173 stotel\u0117s\"}]},{\"@type\":\"WebSite\",\"@id\":\"https:\/\/akropolis.lt\/vilnius\/#website\",\"url\":\"https:\/\/akropolis.lt\/vilnius\/\",\"name\":\"Akropolis Vilnius\",\"description\":\"\",\"potentialAction\":[{\"@type\":\"SearchAction\",\"target\":{\"@type\":\"EntryPoint\",\"urlTemplate\":\"https:\/\/akropolis.lt\/vilnius\/?s={search_term_string}\"},\"query-input\":{\"@type\":\"PropertyValueSpecification\",\"valueRequired\":true,\"valueName\":\"search_term_string\"}}],\"inLanguage\":\"lt-LT\"}]}<\/script>\n<!-- \/ Yoast SEO plugin. -->","yoast_head_json":{"title":"Ve\u017eim\u0117li\u0173 stotel\u0117s - Akropolis Vilnius","robots":{"index":"index","follow":"follow","max-snippet":"max-snippet:-1","max-image-preview":"max-image-preview:large","max-video-preview":"max-video-preview:-1"},"canonical":"https:\/\/akropolis.lt\/vilnius\/nemokami-patogumai\/vezimeliu-stotele\/","og_locale":"lt_LT","og_type":"article","og_title":"Ve\u017eim\u0117li\u0173 stotel\u0117s - Akropolis Vilnius","og_url":"https:\/\/akropolis.lt\/vilnius\/nemokami-patogumai\/vezimeliu-stotele\/","og_site_name":"Akropolis Vilnius","article_modified_time":"2025-09-16T14:37:35+00:00","og_image":[{"width":1200,"height":630,"url":"https:\/\/akropolis.lt\/vilnius\/wp-content\/uploads\/sites\/4\/2025\/12\/OG-image.png","type":"image\/png"}],"twitter_card":"summary_large_image","schema":{"@context":"https:\/\/schema.org","@graph":[{"@type":"WebPage","@id":"https:\/\/akropolis.lt\/vilnius\/nemokami-patogumai\/vezimeliu-stotele\/","url":"https:\/\/akropolis.lt\/vilnius\/nemokami-patogumai\/vezimeliu-stotele\/","name":"Ve\u017eim\u0117li\u0173 stotel\u0117s - Akropolis Vilnius","isPartOf":{"@id":"https:\/\/akropolis.lt\/vilnius\/#website"},"datePublished":"2025-09-10T10:19:11+00:00","dateModified":"2025-09-16T14:37:35+00:00","breadcrumb":{"@id":"https:\/\/akropolis.lt\/vilnius\/nemokami-patogumai\/vezimeliu-stotele\/#breadcrumb"},"inLanguage":"lt-LT","potentialAction":[{"@type":"ReadAction","target":["https:\/\/akropolis.lt\/vilnius\/nemokami-patogumai\/vezimeliu-stotele\/"]}]},{"@type":"BreadcrumbList","@id":"https:\/\/akropolis.lt\/vilnius\/nemokami-patogumai\/vezimeliu-stotele\/#breadcrumb","itemListElement":[{"@type":"ListItem","position":1,"name":"Homepage","item":"https:\/\/akropolis.lt\/vilnius\/"},{"@type":"ListItem","position":2,"name":"Nemokami patogumai","item":"https:\/\/akropolis.lt\/vilnius\/nemokami-patogumai\/"},{"@type":"ListItem","position":3,"name":"Ve\u017eim\u0117li\u0173 stotel\u0117s"}]},{"@type":"WebSite","@id":"https:\/\/akropolis.lt\/vilnius\/#website","url":"https:\/\/akropolis.lt\/vilnius\/","name":"Akropolis Vilnius","description":"","potentialAction":[{"@type":"SearchAction","target":{"@type":"EntryPoint","urlTemplate":"https:\/\/akropolis.lt\/vilnius\/?s={search_term_string}"},"query-input":{"@type":"PropertyValueSpecification","valueRequired":true,"valueName":"search_term_string"}}],"inLanguage":"lt-LT"}]}},"_links":{"self":[{"href":"https:\/\/akropolis.lt\/vilnius\/wp-json\/wp\/v2\/pages\/9301","targetHints":{"allow":["GET"]}}],"collection":[{"href":"https:\/\/akropolis.lt\/vilnius\/wp-json\/wp\/v2\/pages"}],"about":[{"href":"https:\/\/akropolis.lt\/vilnius\/wp-json\/wp\/v2\/types\/page"}],"author":[{"embeddable":true,"href":"https:\/\/akropolis.lt\/vilnius\/wp-json\/wp\/v2\/users\/1"}],"replies":[{"embeddable":true,"href":"https:\/\/akropolis.lt\/vilnius\/wp-json\/wp\/v2\/comments?post=9301"}],"version-history":[{"count":6,"href":"https:\/\/akropolis.lt\/vilnius\/wp-json\/wp\/v2\/pages\/9301\/revisions"}],"predecessor-version":[{"id":9624,"href":"https:\/\/akropolis.lt\/vilnius\/wp-json\/wp\/v2\/pages\/9301\/revisions\/9624"}],"up":[{"embeddable":true,"href":"https:\/\/akropolis.lt\/vilnius\/wp-json\/wp\/v2\/pages\/9246"}],"wp:attachment":[{"href":"https:\/\/akropolis.lt\/vilnius\/wp-json\/wp\/v2\/media?parent=9301"}],"curies":[{"name":"wp","href":"https:\/\/api.w.org\/{rel}","templated":true}]}}