{"id":9974,"date":"2025-10-09T14:36:01","date_gmt":"2025-10-09T11:36:01","guid":{"rendered":"https:\/\/akropolis.lt\/vilnius\/?page_id=9974"},"modified":"2025-10-09T14:37:57","modified_gmt":"2025-10-09T11:37:57","slug":"klientu-aptarnavimo-standartas","status":"publish","type":"page","link":"https:\/\/akropolis.lt\/vilnius\/klientu-aptarnavimo-standartas\/","title":{"rendered":"Klient\u0173 aptarnavimo standartas"},"content":{"rendered":"    <section id=\"text-block-68e79e21b39a6\" class=\"text\">\n        <div class=\"container medium\">\n            <div class=\"content-wrap\">\n                <h3>Klient\u0173 aptarnavimo standartas<\/h3>\n<p>Bendradarbiaujant su \u201eEuropos pl\u0117tros ir rekonstrukcijos banku\u201c \u201eAkropolis Group\u201c inicijavo projekt\u0105 \u201eAkropolio akademija\u201c, kuriuo siekiame tobulinti ma\u017emenin\u0117je prekyboje dirban\u010di\u0173 darbuotoj\u0173 \u012fg\u016bd\u017eius, skatinti \u012ftrauki\u0105j\u0105 darbuotoj\u0173 atrank\u0105 ir u\u017etikrinti lygias \u012fdarbinimo galimybes.<\/p>\n<p>Projekto \u201eAkropolio akademija\u201c metu, 2023-2024 metais, visuose penkiuose grup\u0117s valdomuose prekybos ir pramog\u0173 centruose Lietuvoje ir Latvijoje organizavome mokym\u0173 sesijas, skirtas \u201eAkropoliuose\u201c veikian\u010di\u0173 parduotuvi\u0173 darbuotojams, klient\u0173 aptarnavimo specialistams. \u0160iuose gyvai \u201eAkropoliuose\u201c vykusiuose mokymuose sudalyvavo beveik 500 prekybos ir pramog\u0173 centruose dirban\u010di\u0173 klient\u0173 aptarnavimo specialist\u0173.<\/p>\n<p>Su \u201eAuk\u0161\u010diausio lygio klient\u0173 aptarnavimo standarto\u201c dokumentu galite susipa\u017einti <a href=\"https:\/\/akropolis.lt\/vilnius\/wp-content\/uploads\/sites\/4\/2025\/10\/12399_2024.10.30-Akropolis-Customer-Service-Excellence-Charter-LITH.pdf\">\u010cIA<\/a>.<\/p>\n            <\/div>\n                    <\/div>\n    <\/section>\n\n<script>window.dispatchEvent( new Event('acf\/loaded\/text'));<\/script>","protected":false},"excerpt":{"rendered":"","protected":false},"author":11,"featured_media":0,"parent":0,"menu_order":0,"comment_status":"closed","ping_status":"closed","template":"","meta":{"_acf_changed":false,"footnotes":""},"class_list":["post-9974","page","type-page","status-publish","hentry"],"acf":[],"yoast_head":"<!-- This site is optimized with the Yoast SEO plugin v27.2 - https:\/\/yoast.com\/product\/yoast-seo-wordpress\/ -->\n<title>Klient\u0173 aptarnavimo standartas - Akropolis Vilnius<\/title>\n<meta name=\"robots\" content=\"index, follow, max-snippet:-1, max-image-preview:large, max-video-preview:-1\" \/>\n<link rel=\"canonical\" href=\"https:\/\/akropolis.lt\/vilnius\/klientu-aptarnavimo-standartas\/\" \/>\n<meta property=\"og:locale\" content=\"lt_LT\" \/>\n<meta property=\"og:type\" content=\"article\" \/>\n<meta property=\"og:title\" content=\"Klient\u0173 aptarnavimo standartas - Akropolis Vilnius\" \/>\n<meta property=\"og:url\" content=\"https:\/\/akropolis.lt\/vilnius\/klientu-aptarnavimo-standartas\/\" \/>\n<meta property=\"og:site_name\" content=\"Akropolis Vilnius\" \/>\n<meta property=\"article:modified_time\" content=\"2025-10-09T11:37:57+00:00\" \/>\n<meta property=\"og:image\" content=\"https:\/\/akropolis.lt\/vilnius\/wp-content\/uploads\/sites\/4\/2025\/12\/OG-image.png\" \/>\n\t<meta property=\"og:image:width\" content=\"1200\" \/>\n\t<meta property=\"og:image:height\" content=\"630\" \/>\n\t<meta property=\"og:image:type\" content=\"image\/png\" \/>\n<meta name=\"twitter:card\" content=\"summary_large_image\" \/>\n<script type=\"application\/ld+json\" class=\"yoast-schema-graph\">{\"@context\":\"https:\/\/schema.org\",\"@graph\":[{\"@type\":\"WebPage\",\"@id\":\"https:\/\/akropolis.lt\/vilnius\/klientu-aptarnavimo-standartas\/\",\"url\":\"https:\/\/akropolis.lt\/vilnius\/klientu-aptarnavimo-standartas\/\",\"name\":\"Klient\u0173 aptarnavimo standartas - Akropolis Vilnius\",\"isPartOf\":{\"@id\":\"https:\/\/akropolis.lt\/vilnius\/#website\"},\"datePublished\":\"2025-10-09T11:36:01+00:00\",\"dateModified\":\"2025-10-09T11:37:57+00:00\",\"breadcrumb\":{\"@id\":\"https:\/\/akropolis.lt\/vilnius\/klientu-aptarnavimo-standartas\/#breadcrumb\"},\"inLanguage\":\"lt-LT\",\"potentialAction\":[{\"@type\":\"ReadAction\",\"target\":[\"https:\/\/akropolis.lt\/vilnius\/klientu-aptarnavimo-standartas\/\"]}]},{\"@type\":\"BreadcrumbList\",\"@id\":\"https:\/\/akropolis.lt\/vilnius\/klientu-aptarnavimo-standartas\/#breadcrumb\",\"itemListElement\":[{\"@type\":\"ListItem\",\"position\":1,\"name\":\"Homepage\",\"item\":\"https:\/\/akropolis.lt\/vilnius\/\"},{\"@type\":\"ListItem\",\"position\":2,\"name\":\"Klient\u0173 aptarnavimo standartas\"}]},{\"@type\":\"WebSite\",\"@id\":\"https:\/\/akropolis.lt\/vilnius\/#website\",\"url\":\"https:\/\/akropolis.lt\/vilnius\/\",\"name\":\"Akropolis Vilnius\",\"description\":\"\",\"potentialAction\":[{\"@type\":\"SearchAction\",\"target\":{\"@type\":\"EntryPoint\",\"urlTemplate\":\"https:\/\/akropolis.lt\/vilnius\/?s={search_term_string}\"},\"query-input\":{\"@type\":\"PropertyValueSpecification\",\"valueRequired\":true,\"valueName\":\"search_term_string\"}}],\"inLanguage\":\"lt-LT\"}]}<\/script>\n<!-- \/ Yoast SEO plugin. -->","yoast_head_json":{"title":"Klient\u0173 aptarnavimo standartas - Akropolis Vilnius","robots":{"index":"index","follow":"follow","max-snippet":"max-snippet:-1","max-image-preview":"max-image-preview:large","max-video-preview":"max-video-preview:-1"},"canonical":"https:\/\/akropolis.lt\/vilnius\/klientu-aptarnavimo-standartas\/","og_locale":"lt_LT","og_type":"article","og_title":"Klient\u0173 aptarnavimo standartas - Akropolis Vilnius","og_url":"https:\/\/akropolis.lt\/vilnius\/klientu-aptarnavimo-standartas\/","og_site_name":"Akropolis Vilnius","article_modified_time":"2025-10-09T11:37:57+00:00","og_image":[{"width":1200,"height":630,"url":"https:\/\/akropolis.lt\/vilnius\/wp-content\/uploads\/sites\/4\/2025\/12\/OG-image.png","type":"image\/png"}],"twitter_card":"summary_large_image","schema":{"@context":"https:\/\/schema.org","@graph":[{"@type":"WebPage","@id":"https:\/\/akropolis.lt\/vilnius\/klientu-aptarnavimo-standartas\/","url":"https:\/\/akropolis.lt\/vilnius\/klientu-aptarnavimo-standartas\/","name":"Klient\u0173 aptarnavimo standartas - Akropolis Vilnius","isPartOf":{"@id":"https:\/\/akropolis.lt\/vilnius\/#website"},"datePublished":"2025-10-09T11:36:01+00:00","dateModified":"2025-10-09T11:37:57+00:00","breadcrumb":{"@id":"https:\/\/akropolis.lt\/vilnius\/klientu-aptarnavimo-standartas\/#breadcrumb"},"inLanguage":"lt-LT","potentialAction":[{"@type":"ReadAction","target":["https:\/\/akropolis.lt\/vilnius\/klientu-aptarnavimo-standartas\/"]}]},{"@type":"BreadcrumbList","@id":"https:\/\/akropolis.lt\/vilnius\/klientu-aptarnavimo-standartas\/#breadcrumb","itemListElement":[{"@type":"ListItem","position":1,"name":"Homepage","item":"https:\/\/akropolis.lt\/vilnius\/"},{"@type":"ListItem","position":2,"name":"Klient\u0173 aptarnavimo standartas"}]},{"@type":"WebSite","@id":"https:\/\/akropolis.lt\/vilnius\/#website","url":"https:\/\/akropolis.lt\/vilnius\/","name":"Akropolis Vilnius","description":"","potentialAction":[{"@type":"SearchAction","target":{"@type":"EntryPoint","urlTemplate":"https:\/\/akropolis.lt\/vilnius\/?s={search_term_string}"},"query-input":{"@type":"PropertyValueSpecification","valueRequired":true,"valueName":"search_term_string"}}],"inLanguage":"lt-LT"}]}},"_links":{"self":[{"href":"https:\/\/akropolis.lt\/vilnius\/wp-json\/wp\/v2\/pages\/9974","targetHints":{"allow":["GET"]}}],"collection":[{"href":"https:\/\/akropolis.lt\/vilnius\/wp-json\/wp\/v2\/pages"}],"about":[{"href":"https:\/\/akropolis.lt\/vilnius\/wp-json\/wp\/v2\/types\/page"}],"author":[{"embeddable":true,"href":"https:\/\/akropolis.lt\/vilnius\/wp-json\/wp\/v2\/users\/11"}],"replies":[{"embeddable":true,"href":"https:\/\/akropolis.lt\/vilnius\/wp-json\/wp\/v2\/comments?post=9974"}],"version-history":[{"count":3,"href":"https:\/\/akropolis.lt\/vilnius\/wp-json\/wp\/v2\/pages\/9974\/revisions"}],"predecessor-version":[{"id":11257,"href":"https:\/\/akropolis.lt\/vilnius\/wp-json\/wp\/v2\/pages\/9974\/revisions\/11257"}],"wp:attachment":[{"href":"https:\/\/akropolis.lt\/vilnius\/wp-json\/wp\/v2\/media?parent=9974"}],"curies":[{"name":"wp","href":"https:\/\/api.w.org\/{rel}","templated":true}]}}